{"id":20197,"date":"2024-02-13T16:52:15","date_gmt":"2024-02-13T15:52:15","guid":{"rendered":"https:\/\/www.fightingfilms.shop\/produit\/albator-fight-pack\/"},"modified":"2024-02-16T15:07:58","modified_gmt":"2024-02-16T14:07:58","slug":"albator-fight-pack","status":"publish","type":"product","link":"https:\/\/fightingfilms.shop\/de\/produit\/albator-fight-pack\/","title":{"rendered":"Captain Harlock Fight Pack"},"content":{"rendered":"<p>Entdecke das Captain Harlock Fight Pack! Der ultimative Kimono sowie sein Rashguard zum Preis von 230\u20ac!<\/p>\n<p>Der Kimono ist in Wei\u00df oder Schwarz erh\u00e4ltlich und das Rashguard ist in Schwarz erh\u00e4ltlich.<\/p>\n<div>\n<div>DER <a href=\"https:\/\/www.fightingfilms.shop\/produit\/kimono-de-jjb-albator\/\">KIMONO VON JJB CAPTAIN HARLOCK<\/a><\/div>\n<div><\/div>\n<div>die Nostalgie der Kindheit und diese fesselnden Nachmittage vor den Abenteuern<\/div>\n<div>des Weltraumpiraten, der uns in ferne Galaxien brachte<\/div>\n<div><\/div>\n<div>das Ergebnis der exklusiven Zusammenarbeit zwischen Fighting Fims<\/div>\n<div>und die offizielle Lizenz in Japan<\/div>\n<div><\/div>\n<div>\n<div>Akribisch durchdachte Details, um den technischen Anforderungen gerecht zu werden<\/div>\n<div>die f\u00fcr die Aus\u00fcbung von JJB notwendig sind, die perfekte Balance zwischen Stil, Komfort und Leistung.<\/div>\n<\/div>\n<\/div>\n<div><\/div>\n<div>VERVOLLST\u00c4NDIGEN SIE IHR ARSENAL<\/div>\n<div>mit dem Captain Harlock-Rashguard!<\/div>\n<div><\/div>\n<div>KOMFORT: Haftband am Bund f\u00fcr einen bombensicheren Halt<\/div>\n<div>ST\u00c4RKE UND L\u00c4SSIGKEIT: Spandex | Verst\u00e4rkte N\u00e4hte | Schnell trocknend<\/div>\n<div><\/div>\n<div>\n<div>Mit seinem eng anliegenden Schnitt aus Elasthan, das wegen seiner Elastizit\u00e4t und Widerstandsf\u00e4higkeit besonders gesch\u00e4tzt wird, seinen verst\u00e4rkten N\u00e4hten, die speziell f\u00fcr die Phasen des Bodenkampfes entwickelt wurden, und seinem Haftstreifen aus Silikon am Bund garantiert Ihnen unser Rashguard v\u00f6llige Bewegungsfreiheit bei Ihrem Training, egal ob Sie Gelegenheitssportler oder erfahrener Wettk\u00e4mpfer sind.<\/div>\n<\/div>\n","protected":false},"excerpt":{"rendered":"<p>Entdecke das Albator Fight Pack! Werden Sie mit der kompletten Ausr\u00fcstung, Kimono + Rashguard, zu einem echten Tatami-Piraten.<\/p>\n<p>Diese beiden Produkte, die von Jiu Jitsukas f\u00fcr Jiu Jitsukas angefertigt wurden, sind Juwelen des Designs und der Leistung.<\/p>\n<h2><strong>Vorbestellbar, Lieferung ab dem 15. Mai<\/strong><\/h2>\n","protected":false},"featured_media":20048,"comment_status":"closed","ping_status":"closed","template":"","meta":[],"product_brand":[],"product_cat":[403,347],"product_tag":[],"giftcard-category":[],"class_list":{"0":"post-20197","1":"product","2":"type-product","3":"status-publish","4":"has-post-thumbnail","6":"product_cat-jiu-jitsu-de","7":"product_cat-kimonos-jiu-jitsu","8":"product_shipping_class-kimono-black-label-superstar-de","10":"first","11":"outofstock","12":"taxable","13":"shipping-taxable","14":"purchasable","15":"product-type-variable"},"exclude_global_add_ons":[],"addons":[],"_links":{"self":[{"href":"https:\/\/fightingfilms.shop\/de\/wp-json\/wp\/v2\/product\/20197","targetHints":{"allow":["GET"]}}],"collection":[{"href":"https:\/\/fightingfilms.shop\/de\/wp-json\/wp\/v2\/product"}],"about":[{"href":"https:\/\/fightingfilms.shop\/de\/wp-json\/wp\/v2\/types\/product"}],"replies":[{"embeddable":true,"href":"https:\/\/fightingfilms.shop\/de\/wp-json\/wp\/v2\/comments?post=20197"}],"wp:featuredmedia":[{"embeddable":true,"href":"https:\/\/fightingfilms.shop\/de\/wp-json\/wp\/v2\/media\/20048"}],"wp:attachment":[{"href":"https:\/\/fightingfilms.shop\/de\/wp-json\/wp\/v2\/media?parent=20197"}],"wp:term":[{"taxonomy":"product_brand","embeddable":true,"href":"https:\/\/fightingfilms.shop\/de\/wp-json\/wp\/v2\/product_brand?post=20197"},{"taxonomy":"product_cat","embeddable":true,"href":"https:\/\/fightingfilms.shop\/de\/wp-json\/wp\/v2\/product_cat?post=20197"},{"taxonomy":"product_tag","embeddable":true,"href":"https:\/\/fightingfilms.shop\/de\/wp-json\/wp\/v2\/product_tag?post=20197"},{"taxonomy":"giftcard-category","embeddable":true,"href":"https:\/\/fightingfilms.shop\/de\/wp-json\/wp\/v2\/giftcard-category?post=20197"}],"curies":[{"name":"wp","href":"https:\/\/api.w.org\/{rel}","templated":true}]}}