{"id":20501,"date":"2024-02-14T10:29:42","date_gmt":"2024-02-14T09:29:42","guid":{"rendered":"https:\/\/www.fightingfilms.shop\/produit\/full-pack-albator\/"},"modified":"2024-02-16T15:33:48","modified_gmt":"2024-02-16T14:33:48","slug":"full-pack-albator","status":"publish","type":"product","link":"https:\/\/fightingfilms.shop\/de\/produit\/full-pack-albator\/","title":{"rendered":"Full Pack Captain Harlock"},"content":{"rendered":"<p>Holen Sie sich das <strong>Captain Harlock Full Pack<\/strong>, die gesamte Kollektion in Partnerschaft zwischen Fighting Films und dem ber\u00fchmten japanischen Weltraumpiraten!<\/p>\n<p>Lass deine Erinnerungen sprechen und hol dir das Captain Harlock Full Pack, das ein <a href=\"https:\/\/www.fightingfilms.shop\/produit\/rashguard-la-jeunesse-dalbator\/\">Captain Harlock Jugend Rashguard<\/a> mit einzigartigem Design in Schwarz enth\u00e4lt, zusammen mit seinen roten N\u00e4hten und dem ewigen Cosmo Warrior Zero Logo auf dem Herzen. Au\u00dferdem befindet sich der unter vielen anderen erkennbare Totenkopf auf dem Handgelenk sowie gro\u00dffl\u00e4chig auf dem R\u00fccken. Er ist ideal, um eine No-Gi-Sitzung durchzuf\u00fchren oder ihn unter deinem Albator Gi zu tragen.<\/p>\n<p>Sie k\u00f6nnen sich nicht entscheiden, ob Sie den wei\u00dfen oder den schwarzen <a href=\"https:\/\/www.fightingfilms.shop\/produit\/kimono-de-jjb-albator\/\">JJB Captain Harlock-Kimono<\/a> tragen sollen? Kein Problem, mit diesem Full Pack kannst du beim Training zwischen wei\u00df und schwarz wechseln! Sein einzigartiges Design mit 6 hochwertigen Stickereien und die distinguierten roten Abschl\u00fcsse werden viele begeistern.<\/p>\n<p>Kimono 450 gsm , 100% Baumwolle. Hose aus Ripstop, einem fast unzerrei\u00dfbaren Gewebe. Taillierter Schnitt, der eng am K\u00f6rper anliegt und gleichzeitig viel Bewegungsfreiheit l\u00e4sst.<\/p>\n<p>M\u00fcssen Sie Ihr Full Pack mit einem <a href=\"https:\/\/www.fightingfilms.shop\/produit\/ceinture-de-jiu-jitsu-bresilien\/\">JJB-G\u00fcrtel<\/a> erg\u00e4nzen? Wir haben alles, was wir brauchen! Entdecken Sie unsere JJB-G\u00fcrtel mit einem von Brasilien inspirierten Design.<\/p>\n","protected":false},"excerpt":{"rendered":"<p>Entdecken Sie das Captain Harlock Full Pack! Sei der erfolgreichste und stilvollste Pirat der Tatami mit diesem Set, das ein Albator Rashguard sowie einen wei\u00dfen und einen schwarzen Albator JJB-Kimono enth\u00e4lt!<\/p>\n<p>Wenn Nostalgie auf Tatami trifft: Die Jugend von Captain Harlock eine japanische Serie, die die Kindheit vieler von uns gepr\u00e4gt hat, kommt auf die Tatami!<\/p>\n<h2>Vorbestellbar , Lieferung ab dem 15. Mai.<\/h2>\n","protected":false},"featured_media":20419,"comment_status":"closed","ping_status":"closed","template":"","meta":[],"product_brand":[],"product_cat":[403,347],"product_tag":[],"giftcard-category":[],"class_list":{"0":"post-20501","1":"product","2":"type-product","3":"status-publish","4":"has-post-thumbnail","6":"product_cat-jiu-jitsu-de","7":"product_cat-kimonos-jiu-jitsu","8":"product_shipping_class-kimono-black-label-superstar-de","10":"first","11":"outofstock","12":"taxable","13":"shipping-taxable","14":"purchasable","15":"product-type-variable"},"exclude_global_add_ons":[],"addons":[],"_links":{"self":[{"href":"https:\/\/fightingfilms.shop\/de\/wp-json\/wp\/v2\/product\/20501","targetHints":{"allow":["GET"]}}],"collection":[{"href":"https:\/\/fightingfilms.shop\/de\/wp-json\/wp\/v2\/product"}],"about":[{"href":"https:\/\/fightingfilms.shop\/de\/wp-json\/wp\/v2\/types\/product"}],"replies":[{"embeddable":true,"href":"https:\/\/fightingfilms.shop\/de\/wp-json\/wp\/v2\/comments?post=20501"}],"wp:featuredmedia":[{"embeddable":true,"href":"https:\/\/fightingfilms.shop\/de\/wp-json\/wp\/v2\/media\/20419"}],"wp:attachment":[{"href":"https:\/\/fightingfilms.shop\/de\/wp-json\/wp\/v2\/media?parent=20501"}],"wp:term":[{"taxonomy":"product_brand","embeddable":true,"href":"https:\/\/fightingfilms.shop\/de\/wp-json\/wp\/v2\/product_brand?post=20501"},{"taxonomy":"product_cat","embeddable":true,"href":"https:\/\/fightingfilms.shop\/de\/wp-json\/wp\/v2\/product_cat?post=20501"},{"taxonomy":"product_tag","embeddable":true,"href":"https:\/\/fightingfilms.shop\/de\/wp-json\/wp\/v2\/product_tag?post=20501"},{"taxonomy":"giftcard-category","embeddable":true,"href":"https:\/\/fightingfilms.shop\/de\/wp-json\/wp\/v2\/giftcard-category?post=20501"}],"curies":[{"name":"wp","href":"https:\/\/api.w.org\/{rel}","templated":true}]}}