{"id":20703,"date":"2024-02-20T12:13:15","date_gmt":"2024-02-20T11:13:15","guid":{"rendered":"https:\/\/www.fightingfilms.shop\/produit\/hintergrundbild-fighting-films\/"},"modified":"2024-02-20T12:13:15","modified_gmt":"2024-02-20T11:13:15","slug":"hintergrundbild-fighting-films","status":"publish","type":"product","link":"https:\/\/fightingfilms.shop\/de\/produit\/hintergrundbild-fighting-films\/","title":{"rendered":"Hintergrundbild Fighting Films"},"content":{"rendered":"<h2>W\u00e4hlen Sie Ihr Fighting Films Wallpaper aus 6 einzigartigen Designs:<\/h2>\n<p>Der rote Drache: Ein asiatisches Symbol, das h\u00e4ufig von Fighting Films verwendet wird. Dieser wundersch\u00f6ne rote Drache schwebt \u00fcber den Wolken und dem Fighting Films Logo.<\/p>\n<p>Gr\u00fcner Drache: Er \u00e4hnelt dem roten Drachen, hat aber eine andere Farbe, sodass du mehr Auswahlm\u00f6glichkeiten hast.<\/p>\n<p>Geisha: Tauchen Sie mit diesem sch\u00f6nen Hintergrundbild von Fighting Films in die japanische Welt ein. Entdecken Sie zwei Geisha-Figuren, eine in rosa und eine in blauen Farben. Ihr ganz besonderer Stil l\u00e4sst sie fast magisch erscheinen.<\/p>\n<p>Tiger: Der Tiger mit seiner aggressiven Seite und seinen leuchtenden Farben sieht auf Ihren Ger\u00e4ten besonders gut aus.<\/p>\n<p>FF 80&#8217;s: Tauchen Sie ein in ein von den 80er Jahren inspiriertes Design mit zwei Judokas, die einen Wettkampf bestreiten!<\/p>\n<p>Torii: Die legend\u00e4ren Torii, die Eingangstore zu den Tempeln in Japan und das Logo von Fighting Films<\/p>\n<p>&nbsp;<\/p>\n<p>W\u00e4hlen Sie den gew\u00fcnschten Hintergrund aus und wir schicken Ihnen das Design per E-Mail zu!<\/p>\n<p>Haben Sie Fragen? Z\u00f6gern Sie nicht, uns per E-Mail zu kontaktieren!<\/p>\n","protected":false},"excerpt":{"rendered":"<p>Verf\u00fcgbar als digitaler Download.<\/p>\n<p>Entdecken Sie unsere Fighting Films Wallpaper in der Welt des Judo und greifen Sie dabei unseren Stil auf! W\u00e4hlen Sie aus 6 verschiedenen Designs, um Ihre verschiedenen digitalen Ger\u00e4te in die Farben von Fighting Films zu tauchen!<\/p>\n<p>Die Designs f\u00fcr jedes Fighting Films Wallpaper wurden sorgf\u00e4ltig erstellt, um Ihnen eine au\u00dfergew\u00f6hnliche Darstellung zu bieten.<\/p>\n<p>Die Zeichnungen wurden speziell f\u00fcr die folgenden Ger\u00e4te formatiert:<\/p>\n<p>&#8211; Smartphone<\/p>\n<p>&#8211; Tablet<\/p>\n<p>&#8211; Intelligente Uhr<\/p>\n<p>&#8211; Desktop-Computer<\/p>\n","protected":false},"featured_media":20657,"comment_status":"","ping_status":"closed","template":"","meta":[],"product_brand":[],"product_cat":[340],"product_tag":[],"giftcard-category":[],"class_list":{"0":"post-20703","1":"product","2":"type-product","3":"status-publish","4":"has-post-thumbnail","6":"product_cat-judo-zubehor","8":"first","9":"instock","10":"taxable","11":"shipping-taxable","12":"purchasable","13":"product-type-variable"},"exclude_global_add_ons":[],"addons":[],"_links":{"self":[{"href":"https:\/\/fightingfilms.shop\/de\/wp-json\/wp\/v2\/product\/20703","targetHints":{"allow":["GET"]}}],"collection":[{"href":"https:\/\/fightingfilms.shop\/de\/wp-json\/wp\/v2\/product"}],"about":[{"href":"https:\/\/fightingfilms.shop\/de\/wp-json\/wp\/v2\/types\/product"}],"replies":[{"embeddable":true,"href":"https:\/\/fightingfilms.shop\/de\/wp-json\/wp\/v2\/comments?post=20703"}],"wp:featuredmedia":[{"embeddable":true,"href":"https:\/\/fightingfilms.shop\/de\/wp-json\/wp\/v2\/media\/20657"}],"wp:attachment":[{"href":"https:\/\/fightingfilms.shop\/de\/wp-json\/wp\/v2\/media?parent=20703"}],"wp:term":[{"taxonomy":"product_brand","embeddable":true,"href":"https:\/\/fightingfilms.shop\/de\/wp-json\/wp\/v2\/product_brand?post=20703"},{"taxonomy":"product_cat","embeddable":true,"href":"https:\/\/fightingfilms.shop\/de\/wp-json\/wp\/v2\/product_cat?post=20703"},{"taxonomy":"product_tag","embeddable":true,"href":"https:\/\/fightingfilms.shop\/de\/wp-json\/wp\/v2\/product_tag?post=20703"},{"taxonomy":"giftcard-category","embeddable":true,"href":"https:\/\/fightingfilms.shop\/de\/wp-json\/wp\/v2\/giftcard-category?post=20703"}],"curies":[{"name":"wp","href":"https:\/\/api.w.org\/{rel}","templated":true}]}}