{"id":22710,"date":"2024-04-10T15:56:48","date_gmt":"2024-04-10T13:56:48","guid":{"rendered":"https:\/\/www.fightingfilms.shop\/produit\/judo-diplom\/"},"modified":"2024-04-10T15:56:48","modified_gmt":"2024-04-10T13:56:48","slug":"judo-diplom","status":"publish","type":"product","link":"https:\/\/fightingfilms.shop\/de\/produit\/judo-diplom\/","title":{"rendered":"Judo-Diplom"},"content":{"rendered":"<h2>Das Judo-Diplom<\/h2>\n<p>Der Zeitpunkt der <strong>Graduierung<\/strong> ist ein wichtiger Moment in der Saison junger Judoka. Die J\u00fcngeren freuen sich \u00fcber diese Anerkennung und sehen, dass ihre Arbeit und die aufgewendete Energie Fr\u00fcchte tragen!<\/p>\n<p>Verschenken Sie bei der traditionellen <strong>Graduierungsfeier<\/strong> ein Judo-Diplom.<\/p>\n<p>Das Diplom wird den \u00dcbergang zum Judog\u00fcrtel Ihrer jungen Judokas voll und ganz begleiten und ihnen erm\u00f6glichen, eine schriftliche Aufzeichnung zu behalten, auf die sie stolz sein werden!<\/p>\n<p>Um die Ausr\u00fcstung f\u00fcr die Graduierung zu vervollst\u00e4ndigen, k\u00f6nnen Sie sich f\u00fcr unsere <a href=\"https:\/\/www.fightingfilms.shop\/produit\/rouleau-de-ceinture-de-judo-fighting-films\/\">G\u00fcrtelrollen<\/a> oder unsere steifen <a href=\"https:\/\/www.fightingfilms.shop\/produit\/ceinture-club-de-couleur\/\">Judog\u00fcrtel<\/a> entscheiden.<\/p>\n<p>Merkmale:<\/p>\n<ul>\n<li>Gr\u00f6\u00dfe: 21cm x 14,8cm ( A5-Format)<\/li>\n<li>Hartes Papier 300 g\/m2<\/li>\n<li>Einseitiger Druck<\/li>\n<li>Judo auf Japanisch<\/li>\n<li>Foto von Jigoro Kano<\/li>\n<\/ul>\n<p>Sind Sie f\u00fcr einen Verein zust\u00e4ndig? Entdecken Sie unsere exklusiven Sonderangebote f\u00fcr Clubs, indem Sie Ihren pers\u00f6nlichen Bereich einrichten. Profitieren Sie von Preisnachl\u00e4ssen f\u00fcr Kimonos, individueller Bestickung sowie von einem privilegierten Kontakt mit unseren Teams. Garantiert schnelle Lieferung.<\/p>\n<p>&nbsp;<\/p>\n","protected":false},"excerpt":{"rendered":"<p>Das Ende der Saison naht, und es ist an der Zeit, Ihren Lizenznehmern ein <strong>Judo-Diplom<\/strong> zu schenken.<\/p>\n<p>Feiern Sie diesen wichtigen Moment in den Augen der jungen Judokas mit dem Judo-Diplom! Er ist ein Symbol f\u00fcr den Fortschritt und das Engagement der Judoka.<\/p>\n<p>&nbsp;<\/p>\n","protected":false},"featured_media":22705,"comment_status":"","ping_status":"closed","template":"","meta":[],"product_brand":[],"product_cat":[386],"product_tag":[],"giftcard-category":[],"class_list":{"0":"post-22710","1":"product","2":"type-product","3":"status-publish","4":"has-post-thumbnail","6":"product_cat-judogurtel","7":"product_shipping_class-zubehor","9":"first","10":"instock","11":"taxable","12":"shipping-taxable","13":"purchasable","14":"product-type-simple"},"exclude_global_add_ons":[],"addons":[],"_links":{"self":[{"href":"https:\/\/fightingfilms.shop\/de\/wp-json\/wp\/v2\/product\/22710","targetHints":{"allow":["GET"]}}],"collection":[{"href":"https:\/\/fightingfilms.shop\/de\/wp-json\/wp\/v2\/product"}],"about":[{"href":"https:\/\/fightingfilms.shop\/de\/wp-json\/wp\/v2\/types\/product"}],"replies":[{"embeddable":true,"href":"https:\/\/fightingfilms.shop\/de\/wp-json\/wp\/v2\/comments?post=22710"}],"wp:featuredmedia":[{"embeddable":true,"href":"https:\/\/fightingfilms.shop\/de\/wp-json\/wp\/v2\/media\/22705"}],"wp:attachment":[{"href":"https:\/\/fightingfilms.shop\/de\/wp-json\/wp\/v2\/media?parent=22710"}],"wp:term":[{"taxonomy":"product_brand","embeddable":true,"href":"https:\/\/fightingfilms.shop\/de\/wp-json\/wp\/v2\/product_brand?post=22710"},{"taxonomy":"product_cat","embeddable":true,"href":"https:\/\/fightingfilms.shop\/de\/wp-json\/wp\/v2\/product_cat?post=22710"},{"taxonomy":"product_tag","embeddable":true,"href":"https:\/\/fightingfilms.shop\/de\/wp-json\/wp\/v2\/product_tag?post=22710"},{"taxonomy":"giftcard-category","embeddable":true,"href":"https:\/\/fightingfilms.shop\/de\/wp-json\/wp\/v2\/giftcard-category?post=22710"}],"curies":[{"name":"wp","href":"https:\/\/api.w.org\/{rel}","templated":true}]}}