{"id":22822,"date":"2024-04-12T14:23:44","date_gmt":"2024-04-12T12:23:44","guid":{"rendered":"https:\/\/www.fightingfilms.shop\/produit\/judokimono-nach-olympischen-normen\/"},"modified":"2025-03-15T13:34:13","modified_gmt":"2025-03-15T12:34:13","slug":"judokimono-nach-olympischen-normen","status":"publish","type":"product","link":"https:\/\/fightingfilms.shop\/de\/produit\/judokimono-nach-olympischen-normen\/","title":{"rendered":"Judokimono nach olympischen Normen"},"content":{"rendered":"<p><strong>Judo-Kimono nach Olympia-Norm<\/strong> jetzt bei Fighting Films! Werden Sie diesen Sommer in Paris k\u00e4mpfen? Sie m\u00f6chten einen Judogi mit den gleichen Anforderungen wie die gr\u00f6\u00dften Champions haben? Oder w\u00fcnschen Sie sich einfach einen schlichteren Judogi?<\/p>\n<p>Wir haben genau das Richtige f\u00fcr Sie!<\/p>\n<h2>Der Judo-Kimono nach olympischen Normen ( 750 Gr )<\/h2>\n<p>Der <strong>Judokimono nach olympischen Normen <\/strong>\u00e4hnelt dem<strong><a href=\"https:\/\/www.fightingfilms.shop\/produit\/kimono-de-judo-superstar-750-ijf\/\"> Superstar 750 IJF<\/a><\/strong>Fighting Films, der aus hochwertiger Baumwolle gefertigt ist.<\/p>\n<p>Es folgt n\u00e4mlich den Standards der <strong>IJF<\/strong> ( International Judo Federation ) f\u00fcr internationale Wettk\u00e4mpfe, wobei einige \u00c4nderungen integriert wurden, die hier aufgef\u00fchrt sind:<\/p>\n<ul>\n<li>Fighting Films-Logo nur auf dem rechten \u00c4rmel des Kimonos vorhanden<\/li>\n<li>Kleineres Logo als auf anderen Judogi-Modellen von Fighting Films<\/li>\n<li>Keine Schrift unter dem Logo<\/li>\n<\/ul>\n<p>Dieser Judogi ist in den beiden Farben erh\u00e4ltlich, die bei professionellen Wettk\u00e4mpfen verwendet werden, d. h. in Wei\u00df oder Blau.<\/p>\n<p>Es besteht zu 70% aus Baumwolle und zu 30% aus Polyester und schrumpft nur um wenige Zentimeter, bevor es sich wieder stabilisiert. Es ist sehr angenehm zu tragen und gleichzeitig strapazierf\u00e4hig. Die Reiskornjacke kommt mit verschiedenen N\u00e4hten an den R\u00fcckenteilen sowie sehr strapazierf\u00e4higen, gef\u00fctterten Revers, die perfekt sind, um auch den st\u00e4rksten Judokas standzuhalten.<\/p>\n<p>Die Breite des Halsausschnitts und seine Dicke sowie die L\u00e4nge der Jacke und die Breite der \u00c4rmel entsprechen den verschiedenen Vorschriften, die vom internationalen Verband eingef\u00fchrt wurden.<\/p>\n<p>Der <strong>Judokimono nach olympischen Normen ist ein gemischter Kimono<\/strong>, der sowohl f\u00fcr kleine als auch f\u00fcr au\u00dfergew\u00f6hnliche K\u00f6rpergr\u00f6\u00dfen geeignet ist.<\/p>\n<h4><strong>St\u00e4rken :<\/strong><\/h4>\n<ul>\n<li>750 Gr, was eine gute Zugfestigkeit f\u00fcr Training und Wettkampf erm\u00f6glicht<\/li>\n<li>Genehmigt neue IJF-Standards und f\u00fcr die Olympischen Spiele<\/li>\n<li>Robust und bequem, geeignet f\u00fcr regelm\u00e4\u00dfiges Judotraining<\/li>\n<li>Taillierter Schnitt erm\u00f6glicht optimierte Bewegungen<\/li>\n<li>3 % Schrumpfung beim Waschen<\/li>\n<li>Verkauft mit Tragetasche Fighting Films<\/li>\n<\/ul>\n<h4><strong>Pflegetipps f\u00fcr Ihren Judokimono :<\/strong><\/h4>\n<ul>\n<li>Maschinenw\u00e4sche &#8211; 30\u00b0 max &#8211; normal<\/li>\n<li>Kein Bleichen<\/li>\n<\/ul>\n<h4><strong>Wie w\u00e4hlt man die richtige Gr\u00f6\u00dfe f\u00fcr einen Judo-Kimono nach den Olympischen Normen Fighting Films? <\/strong><\/h4>\n<p>Wir empfehlen allen unseren Kundinnen und Kunden, einen Kimono <strong>5 cm kleiner als ihre K\u00f6rpergr\u00f6\u00dfe<\/strong> zu w\u00e4hlen. Wenn Sie <strong>1,70 m<\/strong> gro\u00df sind, sollten Sie sich eher f\u00fcr die <strong>165 cm<\/strong> entscheiden. Mit unserer Erfahrung und Kenntnis unserer Kimonos k\u00f6nnen wir Ihnen versichern, dass dies die richtige Methode ist, die Sie anwenden sollten.<\/p>\n<p>Wenn Sie sich nicht sicher sind, lesen Sie bitte den Artikel \u00fcber die Wahl der richtigen <a href=\"https:\/\/www.fightingfilms.shop\/comment-bien-choisir-la-taille-de-son-judogi\/\">Gr\u00f6\u00dfe f\u00fcr Ihren Judokimono<\/a> oder kontaktieren Sie uns direkt <a href=\"https:\/\/www.fightingfilms.shop\/contact\/\">hier<\/a>.<\/p>\n<h3>Die genauen Ma\u00dfe entnehmen Sie bitte dem Schnittmuster in der Galerie sowie unserem Gr\u00f6\u00dfenratgeber, den Sie \u00fcber <a href=\"https:\/\/issuu.com\/fightingfilmseu\/docs\/fighting_films_-_guide_de_taille_sp_2024_v2\" rel=\"nofollow noopener\" target=\"_blank\">diesen Link<\/a> abrufen k\u00f6nnen!<\/h3>\n<p>Sie k\u00f6nnen sich auch unsere <a href=\"https:\/\/www.fightingfilms.shop\/blog\/\">verschiedenen Artikel<\/a> zur Auswahl Ihres <a href=\"https:\/\/www.fightingfilms.shop\/categorie\/kimonos\/kimonos-de-judo\/\">Judokimonos<\/a> ansehen oder zu unseren <a href=\"https:\/\/www.fightingfilms.shop\/categorie\/ceintures-de-judo\/\">Judog\u00fcrteln<\/a> gehen, um Ihr Outfit zu vervollst\u00e4ndigen.<\/p>\n<p>&nbsp;<\/p>\n","protected":false},"excerpt":{"rendered":"<p>Entdecken Sie den Kimono nach olympischen Normen von Fighting Films. Ein 750-Gramm-Judogi, der nach IJF-Standards zugelassen ist, mit einigen \u00c4nderungen, um den olympischen Standards zu entsprechen.<\/p>\n<p>Mit einem Logo nur auf einer Schulter und kleiner kannst du an allen Wettbewerben deiner Wahl teilnehmen!<\/p>\n<p>Gemischter Judogi, der in Wei\u00df und Blau erh\u00e4ltlich ist.<\/p>\n","protected":false},"featured_media":23316,"comment_status":"closed","ping_status":"closed","template":"","meta":[],"product_brand":[],"product_cat":[993,365],"product_tag":[],"giftcard-category":[],"class_list":{"0":"post-22822","1":"product","2":"type-product","3":"status-publish","4":"has-post-thumbnail","6":"product_cat-ijf-judoanzug","7":"product_cat-judo-kimonos","9":"first","10":"instock","11":"taxable","12":"shipping-taxable","13":"purchasable","14":"product-type-variable"},"exclude_global_add_ons":[],"addons":[],"_links":{"self":[{"href":"https:\/\/fightingfilms.shop\/de\/wp-json\/wp\/v2\/product\/22822","targetHints":{"allow":["GET"]}}],"collection":[{"href":"https:\/\/fightingfilms.shop\/de\/wp-json\/wp\/v2\/product"}],"about":[{"href":"https:\/\/fightingfilms.shop\/de\/wp-json\/wp\/v2\/types\/product"}],"replies":[{"embeddable":true,"href":"https:\/\/fightingfilms.shop\/de\/wp-json\/wp\/v2\/comments?post=22822"}],"wp:featuredmedia":[{"embeddable":true,"href":"https:\/\/fightingfilms.shop\/de\/wp-json\/wp\/v2\/media\/23316"}],"wp:attachment":[{"href":"https:\/\/fightingfilms.shop\/de\/wp-json\/wp\/v2\/media?parent=22822"}],"wp:term":[{"taxonomy":"product_brand","embeddable":true,"href":"https:\/\/fightingfilms.shop\/de\/wp-json\/wp\/v2\/product_brand?post=22822"},{"taxonomy":"product_cat","embeddable":true,"href":"https:\/\/fightingfilms.shop\/de\/wp-json\/wp\/v2\/product_cat?post=22822"},{"taxonomy":"product_tag","embeddable":true,"href":"https:\/\/fightingfilms.shop\/de\/wp-json\/wp\/v2\/product_tag?post=22822"},{"taxonomy":"giftcard-category","embeddable":true,"href":"https:\/\/fightingfilms.shop\/de\/wp-json\/wp\/v2\/giftcard-category?post=22822"}],"curies":[{"name":"wp","href":"https:\/\/api.w.org\/{rel}","templated":true}]}}