{"id":23562,"date":"2024-06-04T15:01:31","date_gmt":"2024-06-04T13:01:31","guid":{"rendered":"https:\/\/www.fightingfilms.shop\/produit\/gelber-guertel-in-judo\/"},"modified":"2026-01-05T04:52:50","modified_gmt":"2026-01-05T03:52:50","slug":"gelber-guertel-in-judo","status":"publish","type":"product","link":"https:\/\/fightingfilms.shop\/de\/produit\/gelber-guertel-in-judo\/","title":{"rendered":"Gelber G\u00fcrtel in Judo"},"content":{"rendered":"<p>Nach einigen Monaten oder Jahren des Trainings haben Sie alle F\u00e4higkeiten erworben, die f\u00fcr den <a href=\"https:\/\/www.fightingfilms.shop\/produit\/ceinture-de-judo-blanche\/\">wei\u00dfen Judog\u00fcrtel<\/a> erforderlich sind, es ist Zeit, den gelben Judog\u00fcrtel zu erwerben. Sie k\u00f6nnen die grundlegenden Judotechniken anwenden, k\u00f6nnen salutieren und r\u00fcckw\u00e4rts fallen.<\/p>\n<p>Der gelbe Judog\u00fcrtel von Fighting Films wird von einem eleganten roten Fighting Films Logo begleitet, das an einem Ende des G\u00fcrtels angebracht ist. Die <a href=\"https:\/\/www.fightingfilms.shop\/categorie\/ceintures-de-judo\/\"><strong>Judog\u00fcrtel<\/strong><\/a> sind zusammen mit dem Kimono die grundlegenden Elemente der Judoka-Kleidung.<\/p>\n<p>Der gelbe G\u00fcrtel im Judo ist der zweite Schritt auf der langen Reise des Lernens. Judo ist mehr als nur eine Kampfkunst, es ist eine Schule des Lebens, die allen Teilnehmern grundlegende Werte und Prinzipien vermittelt.<\/p>\n<p>Der gelbe G\u00fcrtel steht f\u00fcr Licht und Weisheit und zeigt an, dass der Praktizierende Wissen und F\u00e4higkeiten erworben hat und in der Lage ist, diese anzuwenden.<\/p>\n<h2><em><strong>Die Merkmale des gelben Judog\u00fcrtels: <\/strong><\/em><\/h2>\n<ul>\n<li>Breite: 4cm<\/li>\n<li>L\u00e4nge: 220cm \/ 240cm \/ 260cm \/ 280cm \/ 300cm \/ 320cm<\/li>\n<li>8 Nahtlinien<\/li>\n<li>100% Baumwolle<\/li>\n<\/ul>\n<p>Sind Sie unsicher, welche Gr\u00f6\u00dfe Ihr gelber Judog\u00fcrtel haben sollte? Lesen Sie unseren Artikel \u00fcber die Wahl der richtigen <a href=\"https:\/\/www.fightingfilms.shop\/comment-choisir-la-taille-de-sa-ceinture-de-judo\/\">Gr\u00f6\u00dfe f\u00fcr Ihren Judog\u00fcrtel<\/a> oder kontaktieren Sie uns direkt per E-Mail.<\/p>\n<p>M\u00f6chten Sie Ihren Judog\u00fcrtel vor dem Kauf anprobieren? Kein Problem, wir begr\u00fc\u00dfen Sie gerne in unserem Pariser Gesch\u00e4ft in <a href=\"https:\/\/www.google.com\/maps\/place\/Fighting+Films+Europe+-+Judo+Shop\/@48.8761092,2.3481987,17z\/data=!3m1!4b1!4m6!3m5!1s0x47e66f3342322311:0xa604a392d0448936!8m2!3d48.8761057!4d2.3507736!16s%2Fg%2F11f7r5_h4m?entry=ttu\" rel=\"nofollow noopener\" target=\"_blank\"> 1 rue des Messageries, 75010 PARIS.<\/a><\/p>\n","protected":false},"excerpt":{"rendered":"<p>Mit Ihrem <strong>gelben Judog\u00fcrtel Fighting Films<\/strong> kann die zweite Phase des Judo-Lernens beginnen. Verbessern Sie Ihre Technik, Ihr Wissen und Ihre Selbstbeherrschung.<\/p>\n<p>Dieser starre G\u00fcrtel ist von Kinder- bis Erwachsenengr\u00f6\u00dfen erh\u00e4ltlich.<\/p>\n","protected":false},"featured_media":12358,"comment_status":"","ping_status":"closed","template":"","meta":[],"product_brand":[],"product_cat":[386],"product_tag":[],"giftcard-category":[],"class_list":{"0":"post-23562","1":"product","2":"type-product","3":"status-publish","4":"has-post-thumbnail","6":"product_cat-judogurtel","7":"product_shipping_class-zubehor","9":"first","10":"instock","11":"taxable","12":"shipping-taxable","13":"purchasable","14":"product-type-variable"},"exclude_global_add_ons":[],"addons":[],"_links":{"self":[{"href":"https:\/\/fightingfilms.shop\/de\/wp-json\/wp\/v2\/product\/23562","targetHints":{"allow":["GET"]}}],"collection":[{"href":"https:\/\/fightingfilms.shop\/de\/wp-json\/wp\/v2\/product"}],"about":[{"href":"https:\/\/fightingfilms.shop\/de\/wp-json\/wp\/v2\/types\/product"}],"replies":[{"embeddable":true,"href":"https:\/\/fightingfilms.shop\/de\/wp-json\/wp\/v2\/comments?post=23562"}],"wp:featuredmedia":[{"embeddable":true,"href":"https:\/\/fightingfilms.shop\/de\/wp-json\/wp\/v2\/media\/12358"}],"wp:attachment":[{"href":"https:\/\/fightingfilms.shop\/de\/wp-json\/wp\/v2\/media?parent=23562"}],"wp:term":[{"taxonomy":"product_brand","embeddable":true,"href":"https:\/\/fightingfilms.shop\/de\/wp-json\/wp\/v2\/product_brand?post=23562"},{"taxonomy":"product_cat","embeddable":true,"href":"https:\/\/fightingfilms.shop\/de\/wp-json\/wp\/v2\/product_cat?post=23562"},{"taxonomy":"product_tag","embeddable":true,"href":"https:\/\/fightingfilms.shop\/de\/wp-json\/wp\/v2\/product_tag?post=23562"},{"taxonomy":"giftcard-category","embeddable":true,"href":"https:\/\/fightingfilms.shop\/de\/wp-json\/wp\/v2\/giftcard-category?post=23562"}],"curies":[{"name":"wp","href":"https:\/\/api.w.org\/{rel}","templated":true}]}}