{"id":23886,"date":"2024-06-07T11:46:10","date_gmt":"2024-06-07T09:46:10","guid":{"rendered":"https:\/\/www.fightingfilms.shop\/produit\/brauner-guertel-von-jjb\/"},"modified":"2024-06-07T11:46:10","modified_gmt":"2024-06-07T09:46:10","slug":"brauner-guertel-von-jjb","status":"publish","type":"product","link":"https:\/\/fightingfilms.shop\/de\/produit\/brauner-guertel-von-jjb\/","title":{"rendered":"Brauner G\u00fcrtel von jjb"},"content":{"rendered":"<p>Vervollkommnen Sie weiterhin Ihre Techniken und F\u00e4higkeiten im brasilianischen Jiu-Jitsu mit dem braunen G\u00fcrtel des JJB. Vervollst\u00e4ndigen Sie Ihr JJB-Outfit mit Ihrem braunen G\u00fcrtel von jjb Fighting Films.<\/p>\n<p>Die <a href=\"https:\/\/www.fightingfilms.shop\/categorie\/jiu-jitsu\/ceintures-de-jjb\/\"><strong>JJB-G\u00fcrtel<\/strong><\/a> sind zusammen mit dem Kimono die grundlegenden Elemente der Jiu Jitsuka-Kleidung.<\/p>\n<p>Der braune G\u00fcrtel des JJB markiert die Kontinuit\u00e4t und den \u00dcbergang von der Mittelstufe zur Expertenstufe in der Meisterschaft des brasilianischen Jiu-Jitsu. JJB ist mehr als nur eine Kampfkunst, es ist eine Schule des Lebens, die allen Teilnehmern grundlegende Werte und Prinzipien vermittelt.<\/p>\n<p>Die grundlegenden und mittleren Techniken und Konzepte des JJB werden f\u00fcr Sie kein Geheimnis mehr sein. Mit Ihrem braunen JJB-G\u00fcrtel verfeinern Sie Ihre F\u00e4higkeiten, perfektionieren Ihre Techniken und bereiten sich auf den \u00dcbergang zum schwarzen G\u00fcrtel vor.<\/p>\n<h2>Das Design des braunen G\u00fcrtels von jjb Fighting Films<\/h2>\n<p>Das Design des brasilianischen Jiu-Jitsu-G\u00fcrtels wurde ma\u00dfgefertigt, um die Verbindung zwischen Japan und Brasilien, dem Land des Jiu-Jitsu, aufrechtzuerhalten. Der braune G\u00fcrtel von jjb hat an einem Ende einen schwarzen Aufn\u00e4her, auf den Sie Ihre verschiedenen Dienstgrade sticken lassen k\u00f6nnen. Um Ihren G\u00fcrtel zu besticken, besuchen Sie bitte unser <a href=\"https:\/\/www.fightingfilms.shop\/la-meilleure-boutique-darts-martiaux-a-paris\/\">Pariser Kampfsportgesch\u00e4ft<\/a>.<\/p>\n<p>Auf der anderen Seite des G\u00fcrtels finden Sie einen Aufn\u00e4her in den Farben der Marke. Eine brasilianische Flagge mit der Aufschrift &#8222;Brasilianisches Jiu-Jitsu&#8220; in japanischer Sprache. In dieser neu gestalteten Flagge Brasiliens finden Sie das Logo von <a href=\"https:\/\/fightingfilms.com\/\" target=\"_blank\" rel=\"nofollow noopener\">Fighting Films<\/a> sowie das Datum der Gr\u00fcndung der Marke und den Schriftzug &#8222;Brazilian jiu-jitsu&#8220;.<\/p>\n<p>Mit diesem schlichten und einzigartigen Design heben Sie sich auf der Tatami von der Masse ab.<\/p>\n<h2>Personalisieren Sie Ihren braunen G\u00fcrtel von jjb.<\/h2>\n<p>Bei Fighting Films k\u00f6nnen Sie Ihren braunen G\u00fcrtel im brasilianischen Jiu-Jitsu ganz individuell gestalten. W\u00e4hlen Sie einen Namen, eine Schriftart und eine Farbe, um Ihren G\u00fcrtel mit dem gew\u00fcnschten Namen zu versehen.<\/p>\n<p>Es ist keine zus\u00e4tzliche Zeit erforderlich, um Ihren G\u00fcrtel zu erhalten, da wir die Stickerei vor Ort in unserem Gesch\u00e4ft durchf\u00fchren.<\/p>\n<h2>Produktdetails<\/h2>\n<p>W\u00e4hlen Sie die Gr\u00f6\u00dfe des braunen Brazilian Jiu-Jitsu-G\u00fcrtels, die am besten zu Ihnen passt, von A0 bis A5.<\/p>\n<p>A0=240cm<\/p>\n<p>A1=260cm<\/p>\n<p>A2=280cm<\/p>\n<p>A3=300cm<\/p>\n<p>A4=320cm<\/p>\n<p>A5=340cm<\/p>\n<p>Unser G\u00fcrtel ist aus 100% Baumwolle hergestellt und bietet eine au\u00dfergew\u00f6hnliche Haltbarkeit, w\u00e4hrend er gleichzeitig optimalen Komfort und Leichtigkeit w\u00e4hrend des Trainings und des Wettkampfes gew\u00e4hrleistet.<\/p>\n","protected":false},"excerpt":{"rendered":"<p>Der letzte Schritt vor dem schwarzen G\u00fcrtel, der braune G\u00fcrtel von jjb von Fighting Films!<\/p>\n<p>Perfektionieren Sie Ihre Techniken auf h\u00f6chstem Niveau und werden Sie der ultimative Jiujitsuka mit dem braunen G\u00fcrtel des JJB! Dieser steife und sehr leichte G\u00fcrtel ist ideal f\u00fcr das Training und f\u00fcr Wettk\u00e4mpfe.<\/p>\n","protected":false},"featured_media":14425,"comment_status":"","ping_status":"closed","template":"","meta":[],"product_brand":[],"product_cat":[912],"product_tag":[],"giftcard-category":[],"class_list":{"0":"post-23886","1":"product","2":"type-product","3":"status-publish","4":"has-post-thumbnail","6":"product_cat-jjb-gurtel","7":"product_shipping_class-zubehor","9":"first","10":"instock","11":"taxable","12":"shipping-taxable","13":"purchasable","14":"product-type-variable"},"exclude_global_add_ons":[],"addons":[],"_links":{"self":[{"href":"https:\/\/fightingfilms.shop\/de\/wp-json\/wp\/v2\/product\/23886","targetHints":{"allow":["GET"]}}],"collection":[{"href":"https:\/\/fightingfilms.shop\/de\/wp-json\/wp\/v2\/product"}],"about":[{"href":"https:\/\/fightingfilms.shop\/de\/wp-json\/wp\/v2\/types\/product"}],"replies":[{"embeddable":true,"href":"https:\/\/fightingfilms.shop\/de\/wp-json\/wp\/v2\/comments?post=23886"}],"wp:featuredmedia":[{"embeddable":true,"href":"https:\/\/fightingfilms.shop\/de\/wp-json\/wp\/v2\/media\/14425"}],"wp:attachment":[{"href":"https:\/\/fightingfilms.shop\/de\/wp-json\/wp\/v2\/media?parent=23886"}],"wp:term":[{"taxonomy":"product_brand","embeddable":true,"href":"https:\/\/fightingfilms.shop\/de\/wp-json\/wp\/v2\/product_brand?post=23886"},{"taxonomy":"product_cat","embeddable":true,"href":"https:\/\/fightingfilms.shop\/de\/wp-json\/wp\/v2\/product_cat?post=23886"},{"taxonomy":"product_tag","embeddable":true,"href":"https:\/\/fightingfilms.shop\/de\/wp-json\/wp\/v2\/product_tag?post=23886"},{"taxonomy":"giftcard-category","embeddable":true,"href":"https:\/\/fightingfilms.shop\/de\/wp-json\/wp\/v2\/giftcard-category?post=23886"}],"curies":[{"name":"wp","href":"https:\/\/api.w.org\/{rel}","templated":true}]}}