{"id":23915,"date":"2024-06-07T12:16:53","date_gmt":"2024-06-07T10:16:53","guid":{"rendered":"https:\/\/www.fightingfilms.shop\/produit\/schwarzer-guertel-von-jjb\/"},"modified":"2024-06-07T12:16:53","modified_gmt":"2024-06-07T10:16:53","slug":"schwarzer-guertel-von-jjb","status":"publish","type":"product","link":"https:\/\/fightingfilms.shop\/de\/produit\/schwarzer-guertel-von-jjb\/","title":{"rendered":"Schwarzer G\u00fcrtel von jjb"},"content":{"rendered":"<div class=\"flex flex-grow flex-col max-w-full\">\n<div class=\"min-h-[20px] text-message flex flex-col items-start whitespace-pre-wrap break-words [.text-message+&amp;]:mt-5 juice:w-full juice:items-end overflow-x-auto gap-2\" dir=\"auto\" data-message-author-role=\"assistant\" data-message-id=\"ea18aec2-e1cc-4540-8304-4b4b7a356d84\">\n<div class=\"flex w-full flex-col gap-1 juice:empty:hidden juice:first:pt-[3px]\">\n<div class=\"markdown prose w-full break-words dark:prose-invert dark\">\n<p>Der schwarze G\u00fcrtel des jjb verk\u00f6rpert ein hohes Ma\u00df an technischer Kompetenz, eine tiefe Hingabe an die Kunst und eine Verantwortung gegen\u00fcber der Gemeinschaft und der Tradition des brasilianischen Jiu-Jitsu.<\/p>\n<\/div>\n<\/div>\n<\/div>\n<\/div>\n<p>Vervollst\u00e4ndigen Sie Ihr JJB-Outfit mit Ihrem schwarzen G\u00fcrtel von jjb Fighting Films.<\/p>\n<p>Die <a href=\"https:\/\/www.fightingfilms.shop\/categorie\/jiu-jitsu\/ceintures-de-jjb\/\"><strong>JJB-G\u00fcrtel<\/strong><\/a> sind zusammen mit dem Kimono die grundlegenden Elemente der Jiu Jitsuka-Kleidung.<\/p>\n<p>Der schwarze G\u00fcrtel im brasilianischen Jiu-Jitsu (JJB) ist ein Symbol f\u00fcr au\u00dfergew\u00f6hnliche Meisterschaft und Hingabe an diese Kampfkunst. Sie zeigt an, dass der Praktizierende eine breite Palette von Techniken, Strategien und Grundprinzipien des JJB gemeistert hat.<\/p>\n<p>Der schwarze G\u00fcrtel des JJB symbolisiert ein tiefes Verst\u00e4ndnis nicht nur der Techniken, sondern auch der praktischen und strategischen Anwendung in Kampfsituationen.<\/p>\n<p>Der schwarze G\u00fcrtel ist nur ein Schritt auf der Reise des JJB, lernen Sie noch mehr \u00fcber sich selbst, die Techniken und Werte und trainieren Sie, um die h\u00f6heren Grade zu erreichen!<\/p>\n<h2>Das Design des schwarzen G\u00fcrtels von jjb Fighting Films<\/h2>\n<p>Das Design des brasilianischen Jiu-Jitsu-G\u00fcrtels wurde ma\u00dfgefertigt, um die Verbindung zwischen Japan und Brasilien, dem Land des Jiu-Jitsu, aufrechtzuerhalten. Der schwarze JJB-G\u00fcrtel hat an einem Ende einen roten Aufn\u00e4her, auf den Sie Ihre verschiedenen Grade aufsticken lassen k\u00f6nnen. Um Ihren G\u00fcrtel zu besticken, besuchen Sie bitte unser <a href=\"https:\/\/www.fightingfilms.shop\/la-meilleure-boutique-darts-martiaux-a-paris\/\">Pariser Kampfsportgesch\u00e4ft<\/a>.<\/p>\n<p>Auf der anderen Seite des G\u00fcrtels finden Sie einen Aufn\u00e4her in den Farben der Marke. Eine brasilianische Flagge mit der Aufschrift &#8222;Brasilianisches Jiu-Jitsu&#8220; in japanischer Sprache. In dieser neu gestalteten Flagge Brasiliens finden Sie das Logo von <a href=\"https:\/\/fightingfilms.com\/\" target=\"_blank\" rel=\"nofollow noopener\">Fighting Films<\/a> sowie das Datum der Gr\u00fcndung der Marke und den Schriftzug &#8222;Brazilian jiu-jitsu&#8220;.<\/p>\n<p>Mit diesem schlichten und einzigartigen Design heben Sie sich auf der Tatami von der Masse ab.<\/p>\n<h2>Personalisieren Sie Ihren schwarzen JJB-G\u00fcrtel.<\/h2>\n<p>Bei Fighting Films k\u00f6nnen Sie Ihren schwarzen G\u00fcrtel im brasilianischen Jiu-Jitsu ganz individuell gestalten. W\u00e4hlen Sie einen Namen, eine Schriftart und eine Farbe, um Ihren G\u00fcrtel mit dem gew\u00fcnschten Namen zu versehen.<\/p>\n<p>Es ist keine zus\u00e4tzliche Zeit erforderlich, um Ihren G\u00fcrtel zu erhalten, da wir die Stickerei vor Ort in unserem Gesch\u00e4ft durchf\u00fchren.<\/p>\n<h2>Produktdetails<\/h2>\n<p>W\u00e4hlen Sie die Gr\u00f6\u00dfe des schwarzen G\u00fcrtels f\u00fcr brasilianisches Jiu-Jitsu, die am besten zu Ihnen passt, von A0 bis A5.<\/p>\n<p>A0=240cm<\/p>\n<p>A1=260cm<\/p>\n<p>A2=280cm<\/p>\n<p>A3=300cm<\/p>\n<p>A4=320cm<\/p>\n<p>A5=340cm<\/p>\n<p>Unser G\u00fcrtel ist aus 100% Baumwolle hergestellt und bietet eine au\u00dfergew\u00f6hnliche Haltbarkeit, w\u00e4hrend er gleichzeitig optimalen Komfort und Leichtigkeit w\u00e4hrend des Trainings und des Wettkampfes gew\u00e4hrleistet.<\/p>\n","protected":false},"excerpt":{"rendered":"<p>Der schwarze G\u00fcrtel von jjb, der ultimative G\u00fcrtel von Fighting Films!<\/p>\n<p>Werden Sie ein Meister des brasilianischen Jiu-Jitsu mit Fighting Films! Teilen Sie Ihr Wissen mit den Jiujitsukas in Ihrem Dojo! Dieser steife und sehr leichte G\u00fcrtel ist ideal f\u00fcr das Training und f\u00fcr Wettk\u00e4mpfe.<\/p>\n","protected":false},"featured_media":14424,"comment_status":"","ping_status":"closed","template":"","meta":[],"product_brand":[],"product_cat":[912],"product_tag":[],"giftcard-category":[],"class_list":{"0":"post-23915","1":"product","2":"type-product","3":"status-publish","4":"has-post-thumbnail","6":"product_cat-jjb-gurtel","7":"product_shipping_class-zubehor","9":"first","10":"instock","11":"taxable","12":"shipping-taxable","13":"purchasable","14":"product-type-variable"},"exclude_global_add_ons":[],"addons":[],"_links":{"self":[{"href":"https:\/\/fightingfilms.shop\/de\/wp-json\/wp\/v2\/product\/23915","targetHints":{"allow":["GET"]}}],"collection":[{"href":"https:\/\/fightingfilms.shop\/de\/wp-json\/wp\/v2\/product"}],"about":[{"href":"https:\/\/fightingfilms.shop\/de\/wp-json\/wp\/v2\/types\/product"}],"replies":[{"embeddable":true,"href":"https:\/\/fightingfilms.shop\/de\/wp-json\/wp\/v2\/comments?post=23915"}],"wp:featuredmedia":[{"embeddable":true,"href":"https:\/\/fightingfilms.shop\/de\/wp-json\/wp\/v2\/media\/14424"}],"wp:attachment":[{"href":"https:\/\/fightingfilms.shop\/de\/wp-json\/wp\/v2\/media?parent=23915"}],"wp:term":[{"taxonomy":"product_brand","embeddable":true,"href":"https:\/\/fightingfilms.shop\/de\/wp-json\/wp\/v2\/product_brand?post=23915"},{"taxonomy":"product_cat","embeddable":true,"href":"https:\/\/fightingfilms.shop\/de\/wp-json\/wp\/v2\/product_cat?post=23915"},{"taxonomy":"product_tag","embeddable":true,"href":"https:\/\/fightingfilms.shop\/de\/wp-json\/wp\/v2\/product_tag?post=23915"},{"taxonomy":"giftcard-category","embeddable":true,"href":"https:\/\/fightingfilms.shop\/de\/wp-json\/wp\/v2\/giftcard-category?post=23915"}],"curies":[{"name":"wp","href":"https:\/\/api.w.org\/{rel}","templated":true}]}}