{"id":24057,"date":"2024-06-19T11:05:05","date_gmt":"2024-06-19T09:05:05","guid":{"rendered":"https:\/\/www.fightingfilms.shop\/produit\/kimono-leinwand-overall\/"},"modified":"2024-06-19T11:05:05","modified_gmt":"2024-06-19T09:05:05","slug":"kimono-leinwand-overall","status":"publish","type":"product","link":"https:\/\/fightingfilms.shop\/de\/produit\/kimono-leinwand-overall\/","title":{"rendered":"Kimono-Leinwand-Overall"},"content":{"rendered":"<p>Unser Kimonoanzug Respect von <a href=\"https:\/\/www.keiko-gi.com\/\" rel=\"nofollow noopener\" target=\"_blank\">Keiko-Gi<\/a> ist nach einem der sieben Grundwerte des Judo benannt. Mit dieser Kollektion wollen wir <strong>Judo<\/strong>, eine jahrhundertealte Kampfkunst, und <strong>Mode<\/strong> verbinden, indem wir echte Kimono-Canvas-Kleidung kreieren.<\/p>\n<p>Die Einfachheit und Eleganz des Anzugs ist von der zeitgen\u00f6ssischen <strong>japanischen Mode<\/strong> inspiriert. Die japanische Mode boomt mit renommierten Designern, die die Kultur und die Traditionen des Landes der aufgehenden Sonne hervorheben.<\/p>\n<p>Der Kimonoanzug Respect ist ein Anzug f\u00fcr Frauen aus 100% Baumwolle, der auf die gleiche Weise wie Judo-Kimonos hergestellt wird. Die verwendete Webtechnik ist die <a href=\"https:\/\/www.keiko-gi.com\/blogs\/infos\/nos-vetements-keiko-gi-en-tissu-de-sashiko\" rel=\"nofollow noopener\" target=\"_blank\"><em>Sashiko<\/em><\/a>Diese Technik ist typisch f\u00fcr Asien und erm\u00f6glicht es dem Stoff, sehr widerstandsf\u00e4hig zu sein, w\u00e4hrend er gleichzeitig angenehm zu tragen und leicht ist.<\/p>\n<p>Ein eleganter goldener Rei\u00dfverschluss befindet sich auf Brusth\u00f6he und reicht bis zum unteren Teil des Bauches. Der Anzug aus Kimonostoff hat auch zwei kleine Taschen auf der Brust und in der Taille.<\/p>\n<p>Er ist in der Taille eng anliegend und an den Beinen ausgestellt. Die gro\u00dfe \u00d6ffnung an der Seite des Anzugs verleiht dem Anzug einen Street- und Lifestyle-Stil, der sich sowohl f\u00fcr einen Abend mit Freunden als auch f\u00fcr ein schickes Abendessen eignet.<\/p>\n<p>Der Anzug wird mit einem G\u00fcrtel geliefert, der den traditionellen Judog\u00fcrteln \u00e4hnelt und an die Verbindung zwischen den beiden Welten erinnert, w\u00e4hrend er gleichzeitig eine einzigartige \u00e4sthetische Wirkung hat.<\/p>\n<h2><strong>Eigenschaften des Kimono-Leinwand-Anzugs : <\/strong><\/h2>\n<ul>\n<li>Material: 100% Baumwolle<\/li>\n<li>Erh\u00e4ltlich in Schwarz<\/li>\n<li>Gr\u00f6\u00dfe S bis L<\/li>\n<li>Bequem und strapazierf\u00e4hig<\/li>\n<li>Pflege: 30\u00b0.<\/li>\n<li>Respekt ist einer der 7 Grundwerte des Judo.<\/li>\n<\/ul>\n","protected":false},"excerpt":{"rendered":"<p>Der Kimonoanzug von Keiko-GI. Aus dem gleichen Stoff wie die traditionellen <a href=\"https:\/\/www.fightingfilms.shop\/categorie\/kimonos\/kimonos-de-judo\/\">Judo-Kimonos<\/a> hergestellt, ist sein Design einzigartig, da er in der Taille eng anliegt und an den Beinen ausgestellt ist.<\/p>\n<p>Dieser schwarze Anzug ist sehr strapazierf\u00e4hig und bequem, \u00e4hnlich wie ein Judogi.<\/p>\n<p>Der G\u00fcrtel im Stil eines <a href=\"https:\/\/www.fightingfilms.shop\/categorie\/ceintures-de-judo\/\">Judog\u00fcrtels<\/a> verleiht ihm einen modernen Streetwear-Stil.<\/p>\n","protected":false},"featured_media":24030,"comment_status":"","ping_status":"closed","template":"","meta":[],"product_brand":[],"product_cat":[354,997],"product_tag":[],"giftcard-category":[],"class_list":{"0":"post-24057","1":"product","2":"type-product","3":"status-publish","4":"has-post-thumbnail","6":"product_cat-judo-textilien","7":"product_cat-kimonostoff","8":"product_shipping_class-kimono-black-label-superstar-de","10":"first","11":"instock","12":"taxable","13":"shipping-taxable","14":"purchasable","15":"product-type-variable"},"exclude_global_add_ons":[],"addons":[],"_links":{"self":[{"href":"https:\/\/fightingfilms.shop\/de\/wp-json\/wp\/v2\/product\/24057","targetHints":{"allow":["GET"]}}],"collection":[{"href":"https:\/\/fightingfilms.shop\/de\/wp-json\/wp\/v2\/product"}],"about":[{"href":"https:\/\/fightingfilms.shop\/de\/wp-json\/wp\/v2\/types\/product"}],"replies":[{"embeddable":true,"href":"https:\/\/fightingfilms.shop\/de\/wp-json\/wp\/v2\/comments?post=24057"}],"wp:featuredmedia":[{"embeddable":true,"href":"https:\/\/fightingfilms.shop\/de\/wp-json\/wp\/v2\/media\/24030"}],"wp:attachment":[{"href":"https:\/\/fightingfilms.shop\/de\/wp-json\/wp\/v2\/media?parent=24057"}],"wp:term":[{"taxonomy":"product_brand","embeddable":true,"href":"https:\/\/fightingfilms.shop\/de\/wp-json\/wp\/v2\/product_brand?post=24057"},{"taxonomy":"product_cat","embeddable":true,"href":"https:\/\/fightingfilms.shop\/de\/wp-json\/wp\/v2\/product_cat?post=24057"},{"taxonomy":"product_tag","embeddable":true,"href":"https:\/\/fightingfilms.shop\/de\/wp-json\/wp\/v2\/product_tag?post=24057"},{"taxonomy":"giftcard-category","embeddable":true,"href":"https:\/\/fightingfilms.shop\/de\/wp-json\/wp\/v2\/giftcard-category?post=24057"}],"curies":[{"name":"wp","href":"https:\/\/api.w.org\/{rel}","templated":true}]}}