{"id":24131,"date":"2024-06-19T16:12:11","date_gmt":"2024-06-19T14:12:11","guid":{"rendered":"https:\/\/www.fightingfilms.shop\/produit\/kimono-leinwand-shorts-fuer-frauen\/"},"modified":"2024-06-19T16:12:11","modified_gmt":"2024-06-19T14:12:11","slug":"kimono-leinwand-shorts-fuer-frauen","status":"publish","type":"product","link":"https:\/\/fightingfilms.shop\/de\/produit\/kimono-leinwand-shorts-fuer-frauen\/","title":{"rendered":"Kimono-Leinwand-Shorts f\u00fcr Frauen"},"content":{"rendered":"<p>Unsere Kimono-Leinwand-Shorts f\u00fcr Damen H\u00f6flichkeit von Keiko-Gi ist nach einem der sieben Hauptwerte des Judo, der H\u00f6flichkeit, benannt. Keiko-Gi verbindet die japanische Kampfkunst Judo mit der Mode, zwei Welten, die weit voneinander entfernt zu sein scheinen, aber viele Gemeinsamkeiten haben.<\/p>\n<p>Die Leichtigkeit und Einfachheit unserer Kimono-Leinwandshorts f\u00fcr Damen \u00e4hnelt den Merkmalen von Judo-Kimonos. Diese Shorts aus Kimonostoff sind von der japanischen Lebensweise inspiriert und passen zu jeder Frau.<\/p>\n<p>Die Shorts sind aus <a href=\"https:\/\/www.keiko-gi.com\/blogs\/infos\/nos-vetements-keiko-gi-en-tissu-de-sashiko\" rel=\"nofollow noopener\" target=\"_blank\">Sashiko<\/a> gewebt, einer typisch asiatischen Webtechnik, die f\u00fcr die St\u00e4rke und Geschmeidigkeit dieses Stoffes bekannt ist. Dieser leichte Rock wurde aus 100% Baumwolle hergestellt und garantiert Ihnen absoluten Komfort.<\/p>\n<h2>Eigenschaften der Shorts aus Kimonostoff:<\/h2>\n<ul>\n<li>Material: 100% Reiskornbaumwolle<\/li>\n<li>Pflegehinweise: 30\u00b0 Maximum \/ Waschbest\u00e4ndig<\/li>\n<li>Erh\u00e4ltlich in Blau und Schwarz von Gr\u00f6\u00dfe S bis L<\/li>\n<\/ul>\n","protected":false},"excerpt":{"rendered":"<p>Genie\u00dfen Sie einen Sommer voller Komfort mit den Keiko-Gi Damen Shorts aus Kimonostoff! Hergestellt aus Kimonostoff, der dem Stoff der traditionellen <a href=\"https:\/\/www.fightingfilms.shop\/categorie\/kimonos\/kimonos-de-judo\/\">Judogis<\/a> \u00e4hnelt.<\/p>\n<p>Die Shorts sitzen gut, ohne an der Taille zu dr\u00fccken. Er ist in Blau und Schwarz erh\u00e4ltlich und durch die Reiskornbindung sehr strapazierf\u00e4hig und geschmeidig.<\/p>\n<p>&nbsp;<\/p>\n","protected":false},"featured_media":24068,"comment_status":"","ping_status":"closed","template":"","meta":[],"product_brand":[],"product_cat":[354,997],"product_tag":[],"giftcard-category":[],"class_list":{"0":"post-24131","1":"product","2":"type-product","3":"status-publish","4":"has-post-thumbnail","6":"product_cat-judo-textilien","7":"product_cat-kimonostoff","8":"product_shipping_class-kimono-black-label-superstar-de","10":"first","11":"instock","12":"taxable","13":"shipping-taxable","14":"purchasable","15":"product-type-variable"},"exclude_global_add_ons":[],"addons":[],"_links":{"self":[{"href":"https:\/\/fightingfilms.shop\/de\/wp-json\/wp\/v2\/product\/24131","targetHints":{"allow":["GET"]}}],"collection":[{"href":"https:\/\/fightingfilms.shop\/de\/wp-json\/wp\/v2\/product"}],"about":[{"href":"https:\/\/fightingfilms.shop\/de\/wp-json\/wp\/v2\/types\/product"}],"replies":[{"embeddable":true,"href":"https:\/\/fightingfilms.shop\/de\/wp-json\/wp\/v2\/comments?post=24131"}],"wp:featuredmedia":[{"embeddable":true,"href":"https:\/\/fightingfilms.shop\/de\/wp-json\/wp\/v2\/media\/24068"}],"wp:attachment":[{"href":"https:\/\/fightingfilms.shop\/de\/wp-json\/wp\/v2\/media?parent=24131"}],"wp:term":[{"taxonomy":"product_brand","embeddable":true,"href":"https:\/\/fightingfilms.shop\/de\/wp-json\/wp\/v2\/product_brand?post=24131"},{"taxonomy":"product_cat","embeddable":true,"href":"https:\/\/fightingfilms.shop\/de\/wp-json\/wp\/v2\/product_cat?post=24131"},{"taxonomy":"product_tag","embeddable":true,"href":"https:\/\/fightingfilms.shop\/de\/wp-json\/wp\/v2\/product_tag?post=24131"},{"taxonomy":"giftcard-category","embeddable":true,"href":"https:\/\/fightingfilms.shop\/de\/wp-json\/wp\/v2\/giftcard-category?post=24131"}],"curies":[{"name":"wp","href":"https:\/\/api.w.org\/{rel}","templated":true}]}}