{"id":24182,"date":"2024-06-21T11:23:53","date_gmt":"2024-06-21T09:23:53","guid":{"rendered":"https:\/\/www.fightingfilms.shop\/produit\/damenjacke-aus-kimonostoff\/"},"modified":"2024-06-21T11:23:53","modified_gmt":"2024-06-21T09:23:53","slug":"damenjacke-aus-kimonostoff","status":"publish","type":"product","link":"https:\/\/fightingfilms.shop\/de\/produit\/damenjacke-aus-kimonostoff\/","title":{"rendered":"Damenjacke aus Kimonostoff"},"content":{"rendered":"<p>Unsere Kimonojacke f\u00fcr Damen &#8222;Freundschaft&#8220; von Keiko-Gi ist nach einem der sieben Hauptwerte des Judo benannt. Freundschaft ist einer der zentralen Werte der jahrhundertealten Kampfkunst Judo, ein wesentlicher Wert auf und neben der Tatami.<\/p>\n<p>Mit unserer Keiko-Gi-Kollektion m\u00f6chten wir Mode im japanischen Stil und Kleidung aus Kimonostoff zu einer einzigartigen Kleidungskollektion verbinden.<\/p>\n<p>Die Kimonojacke f\u00fcr Damen besteht zu 100% aus Baumwolle und wird mit einer uralten japanischen Technik, der <a href=\"https:\/\/www.keiko-gi.com\/blogs\/infos\/nos-vetements-keiko-gi-en-tissu-de-sashiko\" rel=\"nofollow noopener\" target=\"_blank\">Sashiko-Technik<\/a>, gewebt. Eine Technik, die der von Judo-Kimonos \u00e4hnelt, wodurch unsere Jacke extrem strapazierf\u00e4hig und gleichzeitig weich und bequem ist.<\/p>\n<p>Unsere Damenjacke aus Kimonostoff hat einen eleganten goldenen Rei\u00dfverschluss und zwei Taschen auf jeder Seite machen sie zu einer sehr praktischen Jacke. Sein Design ist vom unteren Teil des Kimonos inspiriert, mit Mustern, die denen des unteren Teils des Judokimonos \u00e4hnlich sind, in Rautenform.<\/p>\n<p>Der ausgestellte Schnitt und die gro\u00dfen Arml\u00f6cher machen diese Jacke zu einem Muss f\u00fcr einen chilligen Ausflug im Freien in diesem Sommer!<\/p>\n<p>Sein tiefes, intensives Blau, das vom Blau der Judo-Kimonos inspiriert ist, wird auf der Stra\u00dfe die Blicke auf sich ziehen und Sie werden nicht mehr unbemerkt bleiben.<\/p>\n<h2>Eigenschaften der Damenjacke aus Kimonostoff :<\/h2>\n<ul>\n<li>Material: 100%.<\/li>\n<li>Pflege: maximal 30\u00b0.<\/li>\n<li>Erh\u00e4ltlich in Blau<\/li>\n<li>Erh\u00e4ltlich in M und L<\/li>\n<li>Bequem und strapazierf\u00e4hig<\/li>\n<li>Freundschaft ist einer der 7 Grundwerte des Judo. Diese Jacke wird Ihr Verb\u00fcndeter und Freund bei jeder Gelegenheit sein.<\/li>\n<\/ul>\n","protected":false},"excerpt":{"rendered":"<p>Die Damenjacke aus <a href=\"https:\/\/www.fightingfilms.shop\/categorie\/kimonos\/kimonos-de-judo\/\">Judo-Kimono-Leinen<\/a> von Keiko-Gi. Das einzigartige Design und der kimono\u00e4hnliche Stoff machen diese Jacke zu einem unverzichtbaren Kleidungsst\u00fcck f\u00fcr diesen Sommer.<\/p>\n<p>Seine wundersch\u00f6ne blaue Farbe strahlt in der Sonne, niemand wird mit dieser Jacke unbemerkt bleiben.<\/p>\n<p>Die Jacke wird mit einem G\u00fcrtel im Stil eines traditionellen <a href=\"https:\/\/www.fightingfilms.shop\/categorie\/ceintures-de-judo\/\">Judog\u00fcrtels<\/a> geliefert, der dem Outfit einen neuen japanischen Touch verleiht.<\/p>\n<p>&nbsp;<\/p>\n","protected":false},"featured_media":24159,"comment_status":"","ping_status":"closed","template":"","meta":[],"product_brand":[],"product_cat":[354,997],"product_tag":[],"giftcard-category":[],"class_list":{"0":"post-24182","1":"product","2":"type-product","3":"status-publish","4":"has-post-thumbnail","6":"product_cat-judo-textilien","7":"product_cat-kimonostoff","8":"product_shipping_class-kimono-black-label-superstar-de","10":"first","11":"instock","12":"taxable","13":"shipping-taxable","14":"purchasable","15":"product-type-variable"},"exclude_global_add_ons":[],"addons":[],"_links":{"self":[{"href":"https:\/\/fightingfilms.shop\/de\/wp-json\/wp\/v2\/product\/24182","targetHints":{"allow":["GET"]}}],"collection":[{"href":"https:\/\/fightingfilms.shop\/de\/wp-json\/wp\/v2\/product"}],"about":[{"href":"https:\/\/fightingfilms.shop\/de\/wp-json\/wp\/v2\/types\/product"}],"replies":[{"embeddable":true,"href":"https:\/\/fightingfilms.shop\/de\/wp-json\/wp\/v2\/comments?post=24182"}],"wp:featuredmedia":[{"embeddable":true,"href":"https:\/\/fightingfilms.shop\/de\/wp-json\/wp\/v2\/media\/24159"}],"wp:attachment":[{"href":"https:\/\/fightingfilms.shop\/de\/wp-json\/wp\/v2\/media?parent=24182"}],"wp:term":[{"taxonomy":"product_brand","embeddable":true,"href":"https:\/\/fightingfilms.shop\/de\/wp-json\/wp\/v2\/product_brand?post=24182"},{"taxonomy":"product_cat","embeddable":true,"href":"https:\/\/fightingfilms.shop\/de\/wp-json\/wp\/v2\/product_cat?post=24182"},{"taxonomy":"product_tag","embeddable":true,"href":"https:\/\/fightingfilms.shop\/de\/wp-json\/wp\/v2\/product_tag?post=24182"},{"taxonomy":"giftcard-category","embeddable":true,"href":"https:\/\/fightingfilms.shop\/de\/wp-json\/wp\/v2\/giftcard-category?post=24182"}],"curies":[{"name":"wp","href":"https:\/\/api.w.org\/{rel}","templated":true}]}}