{"id":24395,"date":"2024-07-23T16:20:46","date_gmt":"2024-07-23T14:20:46","guid":{"rendered":"https:\/\/www.fightingfilms.shop\/?post_type=product&#038;p=24395"},"modified":"2025-06-30T21:21:44","modified_gmt":"2025-06-30T19:21:44","slug":"judo-steppschuhe","status":"publish","type":"product","link":"https:\/\/fightingfilms.shop\/de\/produit\/judo-steppschuhe\/","title":{"rendered":"Judo Steppschuhe"},"content":{"rendered":"<p>Die Judo-Steppschuhe von Fighting Films sind der Gipfel des Komforts und der Praktikabilit\u00e4t f\u00fcr Judokas und Kampfsportfans. Sie sind ideal vor und nach dem Training, Wettk\u00e4mpfen oder sogar f\u00fcr den t\u00e4glichen Gebrauch. Diese Steppschuhe sind aus hochwertigen Materialien gefertigt und haben eine rutschfeste Gummisohle, die auf nassen und rutschigen Oberfl\u00e4chen wie Umkleider\u00e4umen oder Duschen f\u00fcr einen perfekten Halt sorgt. Der Schaft aus synthetischem Material ist langlebig, wasserfest und leicht zu reinigen. Die ergonomische Sohle mit optimaler Unterst\u00fctzung des Fu\u00dfgew\u00f6lbes sorgt f\u00fcr ein angenehmes Gef\u00fchl bei jedem Schritt, selbst nach intensiven Judo-Sitzungen. Au\u00dferdem sorgt der weiche Riemen f\u00fcr einen sicheren und bequemen Sitz. Das elegante und moderne Design der Steppschuhe von Fighting Films, die in Schwarz mit dem markanten Markenlogo in Rot erh\u00e4ltlich sind, eignet sich perfekt f\u00fcr Kinder, Frauen und M\u00e4nner. Das offene Design erleichtert das schnelle An- und Ausziehen und macht sie noch praktischer. Das ewige Logo der Marke, die Tore eines Torii mit der Inschrift EST.1988, dem Jahr der Gr\u00fcndung der Marke. Au\u00dferdem finden Sie auf der Seite der Judo Steppschuhe den subtilen Schriftzug FIGHTING FILMS in Rot. Die Judo-Steppschuhe von Fighting Films sind in einer gro\u00dfen Auswahl an Gr\u00f6\u00dfen von 34 bis 48 erh\u00e4ltlich und passen sich jedem Fu\u00df an. Ihre Vielseitigkeit macht sie nicht nur f\u00fcr Judokas, sondern auch f\u00fcr andere Kampfsportler und Sportler im Allgemeinen unentbehrlich. Sie sind auch ideal f\u00fcr den t\u00e4glichen Gebrauch in Umgebungen, in denen ein hygienischer Fu\u00dfschutz erforderlich ist, wie z.B. in Schwimmb\u00e4dern oder Whirlpools. Mit den Judo-Steppschuhen von Fighting Films entscheiden Sie sich f\u00fcr eine L\u00f6sung, die Komfort und Leistung vereint und auf die Anforderungen von Sportlern aller Niveaus zugeschnitten ist. Genie\u00dfen Sie ein Produkt, das Stil, Haltbarkeit und Wohlbefinden vereint und das ab sofort in unseren Verkaufsstellen und auf unserer offiziellen Website erh\u00e4ltlich ist.<\/p>\n<h2><strong>MERKMALE VON JUDO-STEPPSCHUHEN<\/strong><\/h2>\n<ul>\n<li>Erh\u00e4ltlich in den Gr\u00f6\u00dfen 34 bis 48<\/li>\n<li>Schwarze Farbe und rote Fighting Films-Logos<\/li>\n<li>Rutschfeste Sohle<\/li>\n<\/ul>\n<div id=\"kurato_extension_modal\"><\/div>\n","protected":false},"excerpt":{"rendered":"<p>Entdecken Sie die Judo-Steppschuhe von Fighting Films, die speziell f\u00fcr Judokas und Kampfsportfans entworfen wurden. Ob vor oder nach dem Training, diese Steppschuhe bieten un\u00fcbertroffenen Komfort und Praktikabilit\u00e4t. Sie sind ideal, um Sie auf Ihrem Weg von der Umkleidekabine zur Tatami zu begleiten..<\/p>\n<div id=\"kurato_extension_modal\"><\/div>\n","protected":false},"featured_media":24509,"comment_status":"closed","ping_status":"closed","template":"","meta":[],"product_brand":[],"product_cat":[340],"product_tag":[],"giftcard-category":[],"class_list":{"0":"post-24395","1":"product","2":"type-product","3":"status-publish","4":"has-post-thumbnail","6":"product_cat-judo-zubehor","7":"product_shipping_class-zubehor","9":"first","10":"instock","11":"taxable","12":"shipping-taxable","13":"purchasable","14":"product-type-variable"},"exclude_global_add_ons":[],"addons":[],"_links":{"self":[{"href":"https:\/\/fightingfilms.shop\/de\/wp-json\/wp\/v2\/product\/24395","targetHints":{"allow":["GET"]}}],"collection":[{"href":"https:\/\/fightingfilms.shop\/de\/wp-json\/wp\/v2\/product"}],"about":[{"href":"https:\/\/fightingfilms.shop\/de\/wp-json\/wp\/v2\/types\/product"}],"replies":[{"embeddable":true,"href":"https:\/\/fightingfilms.shop\/de\/wp-json\/wp\/v2\/comments?post=24395"}],"wp:featuredmedia":[{"embeddable":true,"href":"https:\/\/fightingfilms.shop\/de\/wp-json\/wp\/v2\/media\/24509"}],"wp:attachment":[{"href":"https:\/\/fightingfilms.shop\/de\/wp-json\/wp\/v2\/media?parent=24395"}],"wp:term":[{"taxonomy":"product_brand","embeddable":true,"href":"https:\/\/fightingfilms.shop\/de\/wp-json\/wp\/v2\/product_brand?post=24395"},{"taxonomy":"product_cat","embeddable":true,"href":"https:\/\/fightingfilms.shop\/de\/wp-json\/wp\/v2\/product_cat?post=24395"},{"taxonomy":"product_tag","embeddable":true,"href":"https:\/\/fightingfilms.shop\/de\/wp-json\/wp\/v2\/product_tag?post=24395"},{"taxonomy":"giftcard-category","embeddable":true,"href":"https:\/\/fightingfilms.shop\/de\/wp-json\/wp\/v2\/giftcard-category?post=24395"}],"curies":[{"name":"wp","href":"https:\/\/api.w.org\/{rel}","templated":true}]}}