{"id":24918,"date":"2024-09-05T16:08:26","date_gmt":"2024-09-05T14:08:26","guid":{"rendered":"https:\/\/www.fightingfilms.shop\/?post_type=product&#038;p=24918"},"modified":"2025-12-11T19:20:39","modified_gmt":"2025-12-11T18:20:39","slug":"judo-kimono-kanagawa-edition","status":"publish","type":"product","link":"https:\/\/fightingfilms.shop\/de\/produit\/judo-kimono-kanagawa-edition\/","title":{"rendered":"Judo-Kimono Kanagawa edition"},"content":{"rendered":"<p>Tauchen Sie ein in die einzigartige Welt des Judo mit unserem <a href=\"https:\/\/www.fightingfilms.shop\/categorie\/kimonos\/kimonos-de-judo\/\">Judo-Kimono<\/a> Kangawa in Sonderausgabe, der f\u00fcr die Liebhaber dieser Kampfkunst und die Liebhaber der japanischen Kultur entworfen wurde. Dieser Kimono zeichnet sich durch sein au\u00dfergew\u00f6hnliches Innenfutter aus, das mit dem ikonischen Motiv der <strong>Gro\u00dfen Welle von Kanagawa<\/strong>, einem ber\u00fchmten Werk des Meisters Hokusai, illustriert ist.<\/p>\n<p>Dieses Design, ein <strong>Symbol f\u00fcr Macht und Sch\u00f6nheit<\/strong>, bereichert die Erfahrung des Judoka durch eine raffinierte k\u00fcnstlerische Note.<\/p>\n<p>Dieser Kimono ist aus hochwertiger Baumwolle gefertigt und bietet eine perfekte Kombination aus <strong>Komfort <\/strong>und <strong>Robustheit<\/strong>. Das Reiskorngewebe bietet eine hohe Grifffestigkeit und erm\u00f6glicht dank seines geringen Gewichts ( <strong>650 g<\/strong> ) eine optimale Bewegungsfreiheit. Ob Sie nun auf der Tatami trainieren oder an einem Wettkampf teilnehmen, dieser Kimono wird Sie mit Stil und Effizienz begleiten. Der ergonomische Schnitt ist so konzipiert, dass er sich an alle K\u00f6rperformen anpasst und eine perfekte Passform garantiert, ohne Ihre Bewegungsfreiheit einzuschr\u00e4nken. Der Judokimono Kanagawa edition ist aufgrund seiner F\u00fctterung <strong>nicht nach <a href=\"https:\/\/www.ijf.org\/\" rel=\"nofollow noopener\" target=\"_blank\">IJF-Standards<\/a><\/strong> f\u00fcr internationale und nationale Wettk\u00e4mpfe zugelassen. Erh\u00e4ltlich von Gr\u00f6\u00dfe 145cm bis Gr\u00f6\u00dfe 195cm, ist er sowohl f\u00fcr Anf\u00e4nger als auch f\u00fcr erfahrene Judoka geeignet. Er ist <strong>maschinenwaschbar<\/strong> und leicht zu pflegen, ohne die Qualit\u00e4t des Stoffes oder die Integrit\u00e4t des Innendesigns zu beeintr\u00e4chtigen. Mit dem Kanagawa Judo-Kimono tragen Sie nicht nur eine hochwertige Ausr\u00fcstung, sondern auch ein <strong>Symbol des japanischen Kulturerbes<\/strong>, das die Disziplin des Judo mit der zeitlosen \u00c4sthetik der traditionellen Kunst verbindet.<\/p>\n<h2>Die St\u00e4rken des Judo-Kimonos Kanagawa edition:<\/h2>\n<ul>\n<li>Ein Innenfutter mit einzigartigem Design, die legend\u00e4re gro\u00dfe Kanagawa-Welle<\/li>\n<li>Standardschnitt<\/li>\n<li>650Gr, ein ausgewogenes Gewicht zwischen Leichtigkeit und St\u00e4rke<\/li>\n<li>Erh\u00e4ltlich in den Gr\u00f6\u00dfen 145 cm bis 190 cm.<\/li>\n<li>Geeignet f\u00fcr Frauen und M\u00e4nner<\/li>\n<\/ul>\n<div id=\"kurato_extension_modal\"><\/div>\n<div id=\"kurato_extension_modal\"><\/div>\n<div id=\"kurato_extension_modal\"><\/div>\n<div id=\"kurato_extension_modal\"><\/div>\n<div id=\"kurato_extension_modal\"><\/div>\n<div id=\"kurato_extension_modal\"><\/div>\n<div id=\"kurato_extension_modal\"><\/div>\n<div id=\"kurato_extension_modal\"><\/div>\n<div id=\"kurato_extension_modal\"><\/div>\n<div id=\"kurato_extension_modal\"><\/div>\n<div id=\"kurato_extension_modal\"><\/div>\n<div id=\"kurato_extension_modal\"><\/div>\n<div id=\"kurato_extension_modal\"><\/div>\n<div id=\"kurato_extension_modal\"><\/div>\n<div id=\"kurato_extension_modal\"><\/div>\n","protected":false},"excerpt":{"rendered":"<div id=\"kurato_extension_modal\">Entdecken Sie unseren brandneuen <strong>Judo-Kimono Kanagawa<\/strong> in limitierter Auflage, der Leistung und \u00c4sthetik vereint. Das einzigartige und elegante Innenfutter mit dem ber\u00fchmten Motiv der <strong>Gro\u00dfen Welle von Kanagawa<\/strong> ist eine Hommage an die japanische Kunst und respektiert gleichzeitig die Tradition des Judo.<\/div>\n<div id=\"kurato_extension_modal\"><\/div>\n<div id=\"kurato_extension_modal\"><\/div>\n<div id=\"kurato_extension_modal\"><\/div>\n<div id=\"kurato_extension_modal\"><\/div>\n<div id=\"kurato_extension_modal\"><\/div>\n<div id=\"kurato_extension_modal\"><\/div>\n<div id=\"kurato_extension_modal\"><\/div>\n<div id=\"kurato_extension_modal\"><\/div>\n<div id=\"kurato_extension_modal\"><\/div>\n<div id=\"kurato_extension_modal\"><\/div>\n<div id=\"kurato_extension_modal\"><\/div>\n<div id=\"kurato_extension_modal\"><\/div>\n<div id=\"kurato_extension_modal\"><\/div>\n<div id=\"kurato_extension_modal\"><\/div>\n","protected":false},"featured_media":24872,"comment_status":"closed","ping_status":"closed","template":"","meta":[],"product_brand":[],"product_cat":[365],"product_tag":[],"giftcard-category":[],"class_list":{"0":"post-24918","1":"product","2":"type-product","3":"status-publish","4":"has-post-thumbnail","6":"product_cat-judo-kimonos","7":"product_shipping_class-kimono-black-label-superstar-de","9":"first","10":"instock","11":"taxable","12":"shipping-taxable","13":"purchasable","14":"product-type-variable"},"exclude_global_add_ons":[],"addons":[],"_links":{"self":[{"href":"https:\/\/fightingfilms.shop\/de\/wp-json\/wp\/v2\/product\/24918","targetHints":{"allow":["GET"]}}],"collection":[{"href":"https:\/\/fightingfilms.shop\/de\/wp-json\/wp\/v2\/product"}],"about":[{"href":"https:\/\/fightingfilms.shop\/de\/wp-json\/wp\/v2\/types\/product"}],"replies":[{"embeddable":true,"href":"https:\/\/fightingfilms.shop\/de\/wp-json\/wp\/v2\/comments?post=24918"}],"wp:featuredmedia":[{"embeddable":true,"href":"https:\/\/fightingfilms.shop\/de\/wp-json\/wp\/v2\/media\/24872"}],"wp:attachment":[{"href":"https:\/\/fightingfilms.shop\/de\/wp-json\/wp\/v2\/media?parent=24918"}],"wp:term":[{"taxonomy":"product_brand","embeddable":true,"href":"https:\/\/fightingfilms.shop\/de\/wp-json\/wp\/v2\/product_brand?post=24918"},{"taxonomy":"product_cat","embeddable":true,"href":"https:\/\/fightingfilms.shop\/de\/wp-json\/wp\/v2\/product_cat?post=24918"},{"taxonomy":"product_tag","embeddable":true,"href":"https:\/\/fightingfilms.shop\/de\/wp-json\/wp\/v2\/product_tag?post=24918"},{"taxonomy":"giftcard-category","embeddable":true,"href":"https:\/\/fightingfilms.shop\/de\/wp-json\/wp\/v2\/giftcard-category?post=24918"}],"curies":[{"name":"wp","href":"https:\/\/api.w.org\/{rel}","templated":true}]}}