{"id":25732,"date":"2024-10-14T15:07:41","date_gmt":"2024-10-14T13:07:41","guid":{"rendered":"https:\/\/www.fightingfilms.shop\/produit\/judo-anzug-gold-edition\/"},"modified":"2026-03-04T20:57:05","modified_gmt":"2026-03-04T19:57:05","slug":"judo-anzug-gold-edition","status":"publish","type":"product","link":"https:\/\/fightingfilms.shop\/de\/produit\/judo-anzug-gold-edition\/","title":{"rendered":"Judo-Anzug Gold edition"},"content":{"rendered":"<h2>Der Judo-Kimono Gold Edition von Fighting Films<\/h2>\n<p>Entdecken Sie unser neues Modell, mit dem Sie auf der Tatami noch mehr gl\u00e4nzen k\u00f6nnen! Tragen Sie diesen Judogi mit seinem einzigartigen Design mit Stolz beim Training oder bei Wettk\u00e4mpfen. Mit einem Gewicht von 750 Gramm k\u00f6nnen Sie an allen Wettk\u00e4mpfen teilnehmen, egal auf welchem Niveau. Dieser Judogi ist ein Unisex-Modell und f\u00fcr jeden geeignet. Der Standardschnitt ist k\u00f6rpernah und angenehm f\u00fcr lange Tragezeiten. Das legend\u00e4re japanische Torii, das Logo der Marke Fighting Films, erscheint in neuen Farben! Entscheiden Sie sich f\u00fcr dieses einzigartige Gold Edition Modell, das nur in sehr begrenzter Auflage erh\u00e4ltlich ist! Der Judokimono Gold edition ist mit hochwertigen Stickereien versehen und hat eine goldene Farbe, die im ganzen Dojo strahlen wird!  <\/p>\n<h2>Merkmale:<\/h2>\n<ul>\n<li>750 Gramm<\/li>\n<li> Standardschnitt<\/li>\n<li>IJF-zugelassen f\u00fcr internationale Wettk\u00e4mpfe<\/li>\n<li>Nur in Wei\u00df erh\u00e4ltlich<\/li>\n<\/ul>\n<h2>Wie w\u00e4hle ich meine Judogi-Gr\u00f6\u00dfe bei Fighting Films?<\/h2>\n<p>Wir empfehlen allen unseren Kundinnen und Kunden, einen Kimono <strong>5 cm kleiner als ihre K\u00f6rpergr\u00f6\u00dfe<\/strong> zu w\u00e4hlen. Wenn Sie <strong>1,70 m<\/strong> gro\u00df sind, sollten Sie sich eher f\u00fcr die <strong>165 cm<\/strong> entscheiden. Mit unserer Erfahrung und Kenntnis unserer Kimonos k\u00f6nnen wir Ihnen versichern, dass dies die richtige Methode ist, die Sie anwenden sollten.<\/p>\n<h4 id=\"kurato_extension_modal\">Immer noch unsicher bei der Wahl der Judogi-Gr\u00f6\u00dfe? Entdecken Sie unseren <strong><a href=\"http:\/\/tinyurl.com\/2mjwnc4w\" rel=\"nofollow noopener\" target=\"_blank\">Gr\u00f6\u00dfentabelle .<\/a><\/strong><\/h4>\n<h2>Pflegetipps:<\/h2>\n<p>Unsere Judogis sind sehr strapazierf\u00e4hig und diese Serie l\u00e4uft nur sehr wenig ein, ca. 3% Schrumpfung. Wir empfehlen Ihnen daher, Ihren Judogi in der Waschmaschine bei 30 oder 40\u00b0C zu waschen. Wir raten jedoch vom Trockner ab, da dieser den Stoff besch\u00e4digen kann. Wird Ihr Judogi mit der Zeit und durch Schwei\u00df vergilbt? Entdecken Sie <a href=\"https:\/\/www.fightingfilms.shop\/blanchir-son-kimono-de-judo\/\">, wie Sie Ihren Judogi bleichen<\/a> k\u00f6nnen.  <\/p>\n<div id=\"kurato_extension_modal\"><\/div>\n<div id=\"kurato_extension_modal\"><\/div>\n<div id=\"kurato_extension_modal\"><\/div>\n","protected":false},"excerpt":{"rendered":"<p>Entdecken Sie unseren neuen Judogi in limitierter Auflage! Der Judo-Kimono <strong>Gold Edition<\/strong>! Dieser Judogi <strong>750Gr<\/strong> ist nach <strong>IJF-Standards<\/strong> f\u00fcr Wettk\u00e4mpfe auf allen Ebenen zugelassen und nur im <strong>Standardschnitt<\/strong> erh\u00e4ltlich. Er \u00e4hnelt in jeder Hinsicht unserem Bestseller, dem Superstar 750Gr IJF, mit Ausnahme des Logos, das hier goldfarben ist, auf den \u00c4rmeln und auf der Hose! Warten Sie nicht l\u00e4nger! Werden Sie mit diesem <strong>einzigartigen Modell<\/strong> zum Star auf der Tatami! <\/p>\n<div id=\"kurato_extension_modal\"><\/div>\n<div id=\"kurato_extension_modal\"><\/div>\n","protected":false},"featured_media":25693,"comment_status":"","ping_status":"closed","template":"","meta":[],"product_brand":[],"product_cat":[993,365],"product_tag":[],"giftcard-category":[],"class_list":{"0":"post-25732","1":"product","2":"type-product","3":"status-publish","4":"has-post-thumbnail","6":"product_cat-ijf-judoanzug","7":"product_cat-judo-kimonos","8":"product_shipping_class-kimono-black-label-superstar-de","10":"first","11":"instock","12":"taxable","13":"shipping-taxable","14":"purchasable","15":"product-type-variable"},"exclude_global_add_ons":[],"addons":[],"_links":{"self":[{"href":"https:\/\/fightingfilms.shop\/de\/wp-json\/wp\/v2\/product\/25732","targetHints":{"allow":["GET"]}}],"collection":[{"href":"https:\/\/fightingfilms.shop\/de\/wp-json\/wp\/v2\/product"}],"about":[{"href":"https:\/\/fightingfilms.shop\/de\/wp-json\/wp\/v2\/types\/product"}],"replies":[{"embeddable":true,"href":"https:\/\/fightingfilms.shop\/de\/wp-json\/wp\/v2\/comments?post=25732"}],"wp:featuredmedia":[{"embeddable":true,"href":"https:\/\/fightingfilms.shop\/de\/wp-json\/wp\/v2\/media\/25693"}],"wp:attachment":[{"href":"https:\/\/fightingfilms.shop\/de\/wp-json\/wp\/v2\/media?parent=25732"}],"wp:term":[{"taxonomy":"product_brand","embeddable":true,"href":"https:\/\/fightingfilms.shop\/de\/wp-json\/wp\/v2\/product_brand?post=25732"},{"taxonomy":"product_cat","embeddable":true,"href":"https:\/\/fightingfilms.shop\/de\/wp-json\/wp\/v2\/product_cat?post=25732"},{"taxonomy":"product_tag","embeddable":true,"href":"https:\/\/fightingfilms.shop\/de\/wp-json\/wp\/v2\/product_tag?post=25732"},{"taxonomy":"giftcard-category","embeddable":true,"href":"https:\/\/fightingfilms.shop\/de\/wp-json\/wp\/v2\/giftcard-category?post=25732"}],"curies":[{"name":"wp","href":"https:\/\/api.w.org\/{rel}","templated":true}]}}