{"id":25999,"date":"2024-10-29T12:50:57","date_gmt":"2024-10-29T11:50:57","guid":{"rendered":"https:\/\/www.fightingfilms.shop\/produit\/judo-rashguard\/"},"modified":"2024-10-30T15:32:47","modified_gmt":"2024-10-30T14:32:47","slug":"judo-rashguard","status":"publish","type":"product","link":"https:\/\/fightingfilms.shop\/de\/produit\/judo-rashguard\/","title":{"rendered":"Judo-Rashguard"},"content":{"rendered":"<p>Entdecken Sie unsere wei\u00dfe Judo-Rashguard, die speziell f\u00fcr Judoka entworfen wurde, die beim Training und bei Wettk\u00e4mpfen auf Komfort, Schutz und Stil Wert legen. Dieser Rashguard von Fighting Films verbindet modernes Design mit technischen Eigenschaften, um den hohen Anforderungen des Judosports gerecht zu werden. <\/p>\n<h2>Design und Komfort<\/h2>\n<p>Dieses Judo-Rashguard in elegantem Wei\u00df mit roten Kontrastn\u00e4hten sieht nicht nur gut aus, sondern ist auch leistungsstark. Das Fighting Films Logo, das dezent auf dem Arm und dem Nacken angebracht ist, sorgt f\u00fcr einen Hauch von Stil und Authentizit\u00e4t und erinnert an das Erbe und die Expertise der Marke in der Welt des Kampfsports. Das schlichte und klare Design passt perfekt zum Outfit eines jeden Judoka oder Jiu Jitsuka und erm\u00f6glicht es ihm, selbstbewusst und elegant zu trainieren.  <\/p>\n<h2>Leichter, dehnbarer Stoff<\/h2>\n<p>Dieses Rashguard besteht aus einem dehnbaren, ultraleichten Stoff und bietet optimale Bewegungsfreiheit. Ob Sie sich aufw\u00e4rmen, trainieren oder einen intensiven Kampf bestreiten, das Material folgt Ihren Bewegungen, ohne Sie einzuschr\u00e4nken. Das Material ist au\u00dferdem f\u00fcr ein effektives Feuchtigkeitsmanagement konzipiert, leitet Schwei\u00df ab und h\u00e4lt Sie selbst bei den intensivsten Trainingseinheiten trocken.  <\/p>\n<h3><\/h3>\n<h2>Optimaler Halt<\/h2>\n<p>Eines der wichtigsten Merkmale dieses Rashguards ist das <strong>Taillenband<\/strong>. Dieses wichtige technische Detail verhindert, dass das Rashguard w\u00e4hrend der Bewegung nach oben rutscht und sorgt so f\u00fcr einen konstanten Komfort. Sie m\u00fcssen das Band w\u00e4hrend des Trainings nicht anpassen, so dass Sie sich auf Ihre Techniken und Leistungen konzentrieren k\u00f6nnen.  <\/p>\n<h2>Ein Judo-Rashguard f\u00fcr M\u00e4nner und Frauen.<\/h2>\n<p>Dieses Modell ist f\u00fcr M\u00e4nner und Frauen erh\u00e4ltlich und eignet sich f\u00fcr alle K\u00f6rperformen. Bitte beachten Sie jedoch, dass dieses Rashguard <strong>klein ausf\u00e4llt<\/strong>. Wir empfehlen Ihnen, die Gr\u00f6\u00dfentabelle zu pr\u00fcfen und eine gr\u00f6\u00dfere Gr\u00f6\u00dfe in Betracht zu ziehen, um eine bequemere Passform zu erzielen, insbesondere wenn Sie einen etwas weiteren Schnitt bevorzugen.  <\/p>\n<h2>Haltbarkeit und Schutz<\/h2>\n<p>Die verst\u00e4rkten roten N\u00e4hte sorgen nicht nur f\u00fcr ein stilvolles Aussehen, sondern auch f\u00fcr dauerhafte Festigkeit. Dieser Rashguard bietet einen effektiven Schutz vor Irritationen und Reibung und reduziert das Risiko von Reibungsverbrennungen, die bei Bodenk\u00e4mpfen und intensivem Training auftreten k\u00f6nnen. Zusammenfassend l\u00e4sst sich sagen, dass der Judo Rashguard Fighting Films eine ausgezeichnete Wahl f\u00fcr alle ist, die eine Kombination aus Stil, Komfort und Leistung suchen. Es ist sowohl f\u00fcr das Training als auch f\u00fcr Wettk\u00e4mpfe geeignet, wird Sie effizient begleiten und repr\u00e4sentiert mit Stolz die Marke Fighting Films. Ob Sie ein Amateur oder ein erfahrener Judoka sind, dieses Rashguard wird schnell zu einem wesentlichen Bestandteil Ihrer Ausr\u00fcstung werden. <\/p>\n<div id=\"kurato_extension_modal\"><\/div>\n<div id=\"kurato_extension_modal\"><\/div>\n","protected":false},"excerpt":{"rendered":"<p>Der Judo Rashguard Fighting Films wurde entwickelt, um Ihr Training und Ihre Wettk\u00e4mpfe zu optimieren. Sie besteht aus einem dehnbaren und atmungsaktiven Material, das vor Irritationen sch\u00fctzt und gleichzeitig eine gro\u00dfe Bewegungsfreiheit bietet. Das eng anliegende, strapazierf\u00e4hige Design bietet dauerhaften Komfort und eine perfekte Passform, ideal f\u00fcr alle Judoka. (Gr\u00f6\u00dfe klein)   <\/p>\n<div id=\"kurato_extension_modal\"><\/div>\n<div id=\"kurato_extension_modal\"><\/div>\n<div id=\"kurato_extension_modal\"><\/div>\n","protected":false},"featured_media":30604,"comment_status":"","ping_status":"closed","template":"","meta":[],"product_brand":[],"product_cat":[354,340],"product_tag":[],"giftcard-category":[],"class_list":{"0":"post-25999","1":"product","2":"type-product","3":"status-publish","4":"has-post-thumbnail","6":"product_cat-judo-textilien","7":"product_cat-judo-zubehor","8":"product_shipping_class-zubehor","10":"first","11":"instock","12":"taxable","13":"shipping-taxable","14":"purchasable","15":"product-type-variable"},"exclude_global_add_ons":[],"addons":[],"_links":{"self":[{"href":"https:\/\/fightingfilms.shop\/de\/wp-json\/wp\/v2\/product\/25999","targetHints":{"allow":["GET"]}}],"collection":[{"href":"https:\/\/fightingfilms.shop\/de\/wp-json\/wp\/v2\/product"}],"about":[{"href":"https:\/\/fightingfilms.shop\/de\/wp-json\/wp\/v2\/types\/product"}],"replies":[{"embeddable":true,"href":"https:\/\/fightingfilms.shop\/de\/wp-json\/wp\/v2\/comments?post=25999"}],"wp:featuredmedia":[{"embeddable":true,"href":"https:\/\/fightingfilms.shop\/de\/wp-json\/wp\/v2\/media\/30604"}],"wp:attachment":[{"href":"https:\/\/fightingfilms.shop\/de\/wp-json\/wp\/v2\/media?parent=25999"}],"wp:term":[{"taxonomy":"product_brand","embeddable":true,"href":"https:\/\/fightingfilms.shop\/de\/wp-json\/wp\/v2\/product_brand?post=25999"},{"taxonomy":"product_cat","embeddable":true,"href":"https:\/\/fightingfilms.shop\/de\/wp-json\/wp\/v2\/product_cat?post=25999"},{"taxonomy":"product_tag","embeddable":true,"href":"https:\/\/fightingfilms.shop\/de\/wp-json\/wp\/v2\/product_tag?post=25999"},{"taxonomy":"giftcard-category","embeddable":true,"href":"https:\/\/fightingfilms.shop\/de\/wp-json\/wp\/v2\/giftcard-category?post=25999"}],"curies":[{"name":"wp","href":"https:\/\/api.w.org\/{rel}","templated":true}]}}