{"id":26249,"date":"2024-11-14T12:04:57","date_gmt":"2024-11-14T11:04:57","guid":{"rendered":"https:\/\/www.fightingfilms.shop\/produit\/judo-technik-tasse\/"},"modified":"2024-11-14T14:37:42","modified_gmt":"2024-11-14T13:37:42","slug":"judo-technik-tasse","status":"publish","type":"product","link":"https:\/\/fightingfilms.shop\/de\/produit\/judo-technik-tasse\/","title":{"rendered":"Judo-Technik-Tasse"},"content":{"rendered":"<p>Machen Sie Ihrem jungen Judoka ein einzigartiges und inspirierendes Geschenk mit der <strong>Judo-Technik-Tasse<\/strong>! Dieser exklusive Becher, der von <strong>Fighting Films<\/strong> entworfen wurde, ist mehr als nur ein Beh\u00e4lter f\u00fcr hei\u00dfe Getr\u00e4nke. Er ist ein echtes Lern- und Motivationsobjekt f\u00fcr Judo-begeisterte Kinder. <\/p>\n<h2><strong>Hauptmerkmale der Judo-Tasse :<\/strong><\/h2>\n<ul>\n<li><strong>Fesselnde Manga-Illustrationen :<\/strong> Die Tasse ist mit Zeichnungen im Manga-Stil versehen, die speziell f\u00fcr junge Judoka entworfen wurden. Jede Illustration zeigt beliebte Judotechniken mit dynamischen und ausdrucksstarken Charakteren, die die Fantasie der Kinder anregen! <\/li>\n<li><strong>Detaillierte Judo-Techniken :<\/strong> Entdecken Sie die beliebtesten Judotechniken der Kinder, mit Namen und illustrierten Bewegungen, damit sie ihre Griffe wiederholen k\u00f6nnen, w\u00e4hrend sie ihr Getr\u00e4nk genie\u00dfen.<\/li>\n<li><strong>Ein perfektes Geschenk f\u00fcr kleine Judoka:<\/strong> Ideal zum Geburtstag, zu Weihnachten, als Belohnung nach dem Training oder einfach, um die Leidenschaft f\u00fcr Judo bei jungen Menschen zu f\u00f6rdern. Diese Tasse ist so konzipiert, dass sie sowohl lehrreich als auch unterhaltsam ist. <\/li>\n<li><strong>Qualit\u00e4t und Sicherheit Fighting Films:<\/strong> Dieser Becher wurde sorgf\u00e4ltig hergestellt und besteht aus langlebigen, ungiftigen Materialien, die f\u00fcr Kinder absolut sicher sind. Sie ist auch sp\u00fclmaschinenfest, was die Pflege f\u00fcr die Eltern erleichtert. <\/li>\n<\/ul>\n<h2><strong>Warum sollten Sie die Judo-Technik-Tasse kaufen?<\/strong><\/h2>\n<p>Die <strong>Judo-Technik-Tasse<\/strong> ist mehr als nur ein Accessoire. Mit seinen liebevollen Illustrationen und inspirierenden Details ermutigt er die Kinder, die Welt des Judo zu erforschen und tiefer in sie einzutauchen. Mit jedem Schluck werden sie die Bewegungen, die sie bei jedem Training lernen, neu entdecken und \u00fcberdenken. Dieser Becher ist eine t\u00e4gliche Motivationsquelle, eine st\u00e4ndige Erinnerung an ihre Leidenschaft f\u00fcr Judo und eine sch\u00f6ne Einf\u00fchrung in die Werte des Kampfsports wie Respekt, Disziplin und Ausdauer.   <\/p>\n<p><strong>Technische Merkmale :<\/strong><\/p>\n<ul>\n<li><strong>Abmessungen:<\/strong> Durchmesser 8 cm, H\u00f6he 9,5 cm<\/li>\n<li><strong>Gewicht:<\/strong> 350 g<\/li>\n<li><strong>Material:<\/strong> Widerstandsf\u00e4hige Keramik<\/li>\n<li><strong>Geschirrsp\u00fclergeeignet<\/strong>: Ja<\/li>\n<li><strong>Mikrowellengeeignet<\/strong>: Ja<\/li>\n<li><strong>Marke<\/strong>: Fighting Films<\/li>\n<\/ul>\n<p><strong>Warum Fighting Films?<\/strong><\/p>\n<p>Fighting Films ist eine Referenzmarke in der Welt des Judo, die f\u00fcr ihre qualitativ hochwertigen Produkte bekannt ist, die speziell f\u00fcr die Liebhaber dieses Sports entwickelt wurden. Mit der Wahl dieser technischen Judotasse vertrauen Sie einer Marke, die Exzellenz, Qualit\u00e4t und den Respekt f\u00fcr die Traditionen des Judosports sch\u00e4tzt. <\/p>\n<p><strong>Design: Diese technische Judotasse wurde in Zusammenarbeit mit dem K\u00fcnstler <a href=\"https:\/\/www.stephane-ganneau.com\/boutique\" rel=\"nofollow noopener\" target=\"_blank\">Gano<\/a> entworfen, der unter anderem die<a href=\"https:\/\/www.fightingfilms.shop\/produit\/full-pack-albator\/\"> JJB Albator-Kollektion<\/a> entworfen hat.<\/strong><\/p>\n<p><strong>Zusammenfassung :<\/strong><\/p>\n<p>Die Judo-Technik-Tasse f\u00fcr Kinder von <strong>Fighting Films<\/strong> ist das perfekte Accessoire f\u00fcr junge Judoka, das Lernen und Spa\u00df verbindet! Bieten Sie ihnen mit jedem Getr\u00e4nk einen Moment der Motivation und Inspiration und machen Sie sie zu zuk\u00fcnftigen Champions! <\/p>\n<div id=\"kurato_extension_modal\"><\/div>\n<div id=\"kurato_extension_modal\"><\/div>\n<div id=\"kurato_extension_modal\"><\/div>\n<div id=\"kurato_extension_modal\"><\/div>\n<div id=\"kurato_extension_modal\"><\/div>\n<div id=\"kurato_extension_modal\"><\/div>\n<div id=\"kurato_extension_modal\"><\/div>\n<div id=\"kurato_extension_modal\"><\/div>\n<div id=\"kurato_extension_modal\"><\/div>\n<div id=\"kurato_extension_modal\"><\/div>\n","protected":false},"excerpt":{"rendered":"<p>Eine einzigartige Tasse f\u00fcr Judokas! Diese lustige und lehrreiche Tasse ist mit Judotechniken im Manga-Stil illustriert, so dass alle Judoka ihre Lieblingsbewegungen wiederfinden k\u00f6nnen. Ideal als Inspiration f\u00fcr den Alltag! Haben Sie eine Lieblingsjudotechnik? O-soto ? Ippon ? Tomoe ? Entdecken Sie die Judo-Tasse mit jeder dieser Techniken!  <\/p>\n<div id=\"kurato_extension_modal\"><\/div>\n<div id=\"kurato_extension_modal\"><\/div>\n<div id=\"kurato_extension_modal\"><\/div>\n<div id=\"kurato_extension_modal\"><\/div>\n<div id=\"kurato_extension_modal\"><\/div>\n<div id=\"kurato_extension_modal\"><\/div>\n<div id=\"kurato_extension_modal\"><\/div>\n<div id=\"kurato_extension_modal\"><\/div>\n<div id=\"kurato_extension_modal\"><\/div>\n<div id=\"kurato_extension_modal\"><\/div>\n","protected":false},"featured_media":26264,"comment_status":"closed","ping_status":"closed","template":"","meta":[],"product_brand":[],"product_cat":[340,1145],"product_tag":[],"giftcard-category":[],"class_list":{"0":"post-26249","1":"product","2":"type-product","3":"status-publish","4":"has-post-thumbnail","6":"product_cat-judo-zubehor","7":"product_cat-judo-goodies-kollektion","8":"product_shipping_class-gurtel-oder-tasse","10":"first","11":"instock","12":"sale","13":"taxable","14":"shipping-taxable","15":"purchasable","16":"product-type-variable"},"exclude_global_add_ons":[],"addons":[],"_links":{"self":[{"href":"https:\/\/fightingfilms.shop\/de\/wp-json\/wp\/v2\/product\/26249","targetHints":{"allow":["GET"]}}],"collection":[{"href":"https:\/\/fightingfilms.shop\/de\/wp-json\/wp\/v2\/product"}],"about":[{"href":"https:\/\/fightingfilms.shop\/de\/wp-json\/wp\/v2\/types\/product"}],"replies":[{"embeddable":true,"href":"https:\/\/fightingfilms.shop\/de\/wp-json\/wp\/v2\/comments?post=26249"}],"wp:featuredmedia":[{"embeddable":true,"href":"https:\/\/fightingfilms.shop\/de\/wp-json\/wp\/v2\/media\/26264"}],"wp:attachment":[{"href":"https:\/\/fightingfilms.shop\/de\/wp-json\/wp\/v2\/media?parent=26249"}],"wp:term":[{"taxonomy":"product_brand","embeddable":true,"href":"https:\/\/fightingfilms.shop\/de\/wp-json\/wp\/v2\/product_brand?post=26249"},{"taxonomy":"product_cat","embeddable":true,"href":"https:\/\/fightingfilms.shop\/de\/wp-json\/wp\/v2\/product_cat?post=26249"},{"taxonomy":"product_tag","embeddable":true,"href":"https:\/\/fightingfilms.shop\/de\/wp-json\/wp\/v2\/product_tag?post=26249"},{"taxonomy":"giftcard-category","embeddable":true,"href":"https:\/\/fightingfilms.shop\/de\/wp-json\/wp\/v2\/giftcard-category?post=26249"}],"curies":[{"name":"wp","href":"https:\/\/api.w.org\/{rel}","templated":true}]}}