{"id":26467,"date":"2024-11-26T16:12:56","date_gmt":"2024-11-26T15:12:56","guid":{"rendered":"https:\/\/www.fightingfilms.shop\/produit\/geschenkkarte-fighting-films\/"},"modified":"2024-11-29T12:39:47","modified_gmt":"2024-11-29T11:39:47","slug":"geschenkkarte-fighting-films","status":"publish","type":"product","link":"https:\/\/fightingfilms.shop\/de\/produit\/geschenkkarte-fighting-films\/","title":{"rendered":"Geschenkkarte Fighting Films"},"content":{"rendered":"<p>Suchen Sie eine Geschenkidee f\u00fcr einen Judo-Liebhaber? Dann ist die Fighting Films Geschenkkarte die perfekte Wahl! Sie ist einfach und praktisch und erm\u00f6glicht es dem Beschenkten, aus einer gro\u00dfen Auswahl an Judo-Ausr\u00fcstung, Kleidung, Accessoires und vielem mehr die passenden Produkte auszuw\u00e4hlen. Machen Sie einem Judo- und Fighting Films-Liebhaber ein sch\u00f6nes Geschenk! Diese Geschenkkarte ist in verschiedenen Betr\u00e4gen erh\u00e4ltlich, passt sich jedem Budget an und bietet die Freiheit, aus hochwertigen Artikeln zu w\u00e4hlen, die f\u00fcr Judokas, Anf\u00e4nger und Fortgeschrittene, entwickelt wurden. Perfekt f\u00fcr Geburtstage, Weihnachten, sportliche Erfolge oder einfach nur, um eine Freude zu machen, garantiert sie ein einzigartiges Einkaufserlebnis in unserem Online-Shop. Mit der Geschenkkarte von Fighting Films verschenken Sie mehr als nur ein Geschenk: <strong>Verschenken Sie die Leidenschaft f\u00fcr Judo<\/strong>!<\/p>\n<p><em><strong>Verf\u00fcgbare Pfosten: <\/strong><\/em><\/p>\n<p>Individuell, ab 15\u20ac Vordefinierte Betr\u00e4ge, 30\u20ac \/ 50\u20ac \/ 100\u20ac \/ 200\u20ac \/ 500\u20ac.<\/p>\n<p>&nbsp;<\/p>\n<div id=\"kurato_extension_modal\"><\/div>\n<div id=\"kurato_extension_modal\"><\/div>\n<div id=\"kurato_extension_modal\"><\/div>\n<div id=\"kurato_extension_modal\"><\/div>\n<div id=\"kurato_extension_modal\"><\/div>\n<div id=\"kurato_extension_modal\"><\/div>\n<div id=\"kurato_extension_modal\"><\/div>\n<div id=\"kurato_extension_modal\"><\/div>\n","protected":false},"excerpt":{"rendered":"<p>Machen Sie das perfekte Geschenk f\u00fcr Judo-Liebhaber mit unserer Fighting Films Geschenkkarte! Die Karte ist im gesamten Shop g\u00fcltig und erm\u00f6glicht Ihnen die Auswahl aus hochwertiger Ausr\u00fcstung, Kleidung und Accessoires. Machen Sie einem Ihrer Lieben eine Freude! W\u00e4hlen Sie einen vordefinierten Betrag oder den Betrag, den Sie w\u00fcnschen.<\/p>\n<div id=\"kurato_extension_modal\"><\/div>\n<div id=\"kurato_extension_modal\"><\/div>\n<div id=\"kurato_extension_modal\"><\/div>\n<div id=\"kurato_extension_modal\"><\/div>\n<div id=\"kurato_extension_modal\"><\/div>\n<div id=\"kurato_extension_modal\"><\/div>\n<div id=\"kurato_extension_modal\"><\/div>\n<div id=\"kurato_extension_modal\"><\/div>\n","protected":false},"featured_media":26528,"comment_status":"closed","ping_status":"closed","template":"","meta":[],"product_brand":[],"product_cat":[306,403,354,340,365,386],"product_tag":[],"giftcard-category":[1009],"class_list":{"0":"post-26467","1":"product","2":"type-product","3":"status-publish","4":"has-post-thumbnail","6":"product_cat-pour-les-clubs-de","7":"product_cat-jiu-jitsu-de","8":"product_cat-judo-textilien","9":"product_cat-judo-zubehor","10":"product_cat-judo-kimonos","11":"product_cat-judogurtel","12":"giftcard-category-all","14":"first","15":"instock","16":"virtual","17":"taxable","18":"product-type-gift-card"},"exclude_global_add_ons":[],"addons":[],"_links":{"self":[{"href":"https:\/\/fightingfilms.shop\/de\/wp-json\/wp\/v2\/product\/26467","targetHints":{"allow":["GET"]}}],"collection":[{"href":"https:\/\/fightingfilms.shop\/de\/wp-json\/wp\/v2\/product"}],"about":[{"href":"https:\/\/fightingfilms.shop\/de\/wp-json\/wp\/v2\/types\/product"}],"replies":[{"embeddable":true,"href":"https:\/\/fightingfilms.shop\/de\/wp-json\/wp\/v2\/comments?post=26467"}],"wp:featuredmedia":[{"embeddable":true,"href":"https:\/\/fightingfilms.shop\/de\/wp-json\/wp\/v2\/media\/26528"}],"wp:attachment":[{"href":"https:\/\/fightingfilms.shop\/de\/wp-json\/wp\/v2\/media?parent=26467"}],"wp:term":[{"taxonomy":"product_brand","embeddable":true,"href":"https:\/\/fightingfilms.shop\/de\/wp-json\/wp\/v2\/product_brand?post=26467"},{"taxonomy":"product_cat","embeddable":true,"href":"https:\/\/fightingfilms.shop\/de\/wp-json\/wp\/v2\/product_cat?post=26467"},{"taxonomy":"product_tag","embeddable":true,"href":"https:\/\/fightingfilms.shop\/de\/wp-json\/wp\/v2\/product_tag?post=26467"},{"taxonomy":"giftcard-category","embeddable":true,"href":"https:\/\/fightingfilms.shop\/de\/wp-json\/wp\/v2\/giftcard-category?post=26467"}],"curies":[{"name":"wp","href":"https:\/\/api.w.org\/{rel}","templated":true}]}}