{"id":27444,"date":"2025-02-06T11:49:11","date_gmt":"2025-02-06T10:49:11","guid":{"rendered":"https:\/\/www.fightingfilms.shop\/produit\/judo-kletterseil\/"},"modified":"2025-02-06T11:49:11","modified_gmt":"2025-02-06T10:49:11","slug":"judo-kletterseil","status":"publish","type":"product","link":"https:\/\/fightingfilms.shop\/de\/produit\/judo-kletterseil\/","title":{"rendered":"Judo-Kletterseil"},"content":{"rendered":"<p>Trainieren Sie Ihre Kraft und Ihren Griff mit unserem <strong>Judo-Kletterseil aus Kimono-Tuch<\/strong>, das speziell f\u00fcr Judoka und Kampfsportler entwickelt wurde. Hergestellt aus echtem Judogi-Stoff, simuliert es das Gef\u00fchl eines Griffs im Kampf und hilft Ihnen, Ihre Kumi-Kata, Griffkraft und Ausdauer zu verbessern. <\/p>\n<p>4 m langes Seil!<\/p>\n<p>Das Judo-Aufstiegsseil ist dem \u00c4rmel eines <a href=\"https:\/\/www.fightingfilms.shop\/categorie\/kimonos\/kimonos-de-judo\/\">Judo-Kimonos<\/a> nachempfunden. Sie ist in der Mitte offen wie ein Kimono\u00e4rmel, um das Gef\u00fchl der Kumi-kata auf einem \u00c4rmel zu reproduzieren. <\/p>\n<p>Dieses Seil ist ideal f\u00fcr das Konditionstraining und eignet sich hervorragend f\u00fcr die Entwicklung <strong>der Kraft der Finger, der Unterarme und des Oberk\u00f6rpers<\/strong>, w\u00e4hrend es die realen Bedingungen des Judosports simuliert. Das Seil l\u00e4sst sich leicht an einer Zugvorrichtung, einer Stange oder einer anderen geeigneten Unterlage f\u00fcr verschiedene \u00dcbungen befestigen. <\/p>\n<p>Mit unserem Judo-Aufstiegsseil wird Ihre Kumi-Kata un\u00fcbertroffen sein!<\/p>\n<h2><strong>Eigenschaften des Judo-Kletterseils:<\/strong><\/h2>\n<p>\u2705 <b>Gr\u00f6\u00dfe: <\/b>4 m L\u00e4nge <\/p>\n<p>\u2705 <strong>Material:<\/strong> Robustes Judogi-Gewebe f\u00fcr einen realistischen Griff.<br \/>\n\u2705 <strong>Ideal f\u00fcr :<\/strong> Grifftraining, Klimmz\u00fcge, Seilklettern<br \/>\n\u2705 <strong>Einfache Installation<\/strong>: Kann mit den 4 Metallhaken an jedem geeigneten Untergrund befestigt werden.<br \/>\n\u2705 <strong>St\u00e4rkt den Griff und die Ausdauer<\/strong> von Judokas und Grapplern<\/p>\n<div>Entdecken Sie unser anderes <a href=\"https:\/\/www.fightingfilms.shop\/categorie\/accessoires-de-judo\/\">Judo-Zubeh\u00f6r<\/a>, um verschiedene Aspekte dieser Kampfkunst zu trainieren, Schnelligkeit, Technik, Griffverst\u00e4rkung &#8230; Wir haben alles, was Sie f\u00fcr Judoka aller Niveaus brauchen! <\/div>\n<div id=\"kurato_extension_modal\"><\/div>\n","protected":false},"excerpt":{"rendered":"<p>Entdecken Sie unser Judo-Kletterseil Fighting Films mit einer L\u00e4nge von 4m, das ideal ist, um an seiner Kumi-Kata zu arbeiten!<\/p>\n<p>Er ist aus Judogi-Leinen gefertigt und f\u00fchlt sich wie ein Judo\u00e4rmel an, so dass Sie Ihren Griff und Ihre Kraft in aller Ruhe trainieren k\u00f6nnen.<\/p>\n<p>Befestigen Sie ihn \u00fcberall mit seinen starken Metallringen!<\/p>\n<p>&nbsp;<\/p>\n<div id=\"kurato_extension_modal\"><\/div>\n<div id=\"kurato_extension_modal\"><\/div>\n","protected":false},"featured_media":27441,"comment_status":"","ping_status":"closed","template":"","meta":[],"product_brand":[],"product_cat":[340],"product_tag":[],"giftcard-category":[],"class_list":{"0":"post-27444","1":"product","2":"type-product","3":"status-publish","4":"has-post-thumbnail","6":"product_cat-judo-zubehor","7":"product_shipping_class-zubehor","9":"first","10":"outofstock","11":"taxable","12":"shipping-taxable","13":"purchasable","14":"product-type-simple"},"exclude_global_add_ons":[],"addons":[],"_links":{"self":[{"href":"https:\/\/fightingfilms.shop\/de\/wp-json\/wp\/v2\/product\/27444","targetHints":{"allow":["GET"]}}],"collection":[{"href":"https:\/\/fightingfilms.shop\/de\/wp-json\/wp\/v2\/product"}],"about":[{"href":"https:\/\/fightingfilms.shop\/de\/wp-json\/wp\/v2\/types\/product"}],"replies":[{"embeddable":true,"href":"https:\/\/fightingfilms.shop\/de\/wp-json\/wp\/v2\/comments?post=27444"}],"wp:featuredmedia":[{"embeddable":true,"href":"https:\/\/fightingfilms.shop\/de\/wp-json\/wp\/v2\/media\/27441"}],"wp:attachment":[{"href":"https:\/\/fightingfilms.shop\/de\/wp-json\/wp\/v2\/media?parent=27444"}],"wp:term":[{"taxonomy":"product_brand","embeddable":true,"href":"https:\/\/fightingfilms.shop\/de\/wp-json\/wp\/v2\/product_brand?post=27444"},{"taxonomy":"product_cat","embeddable":true,"href":"https:\/\/fightingfilms.shop\/de\/wp-json\/wp\/v2\/product_cat?post=27444"},{"taxonomy":"product_tag","embeddable":true,"href":"https:\/\/fightingfilms.shop\/de\/wp-json\/wp\/v2\/product_tag?post=27444"},{"taxonomy":"giftcard-category","embeddable":true,"href":"https:\/\/fightingfilms.shop\/de\/wp-json\/wp\/v2\/giftcard-category?post=27444"}],"curies":[{"name":"wp","href":"https:\/\/api.w.org\/{rel}","templated":true}]}}