{"id":28128,"date":"2025-04-07T15:05:58","date_gmt":"2025-04-07T13:05:58","guid":{"rendered":"https:\/\/fightingfilms.shop\/produit\/ippon-schluesselanhaenger\/"},"modified":"2025-04-07T15:13:06","modified_gmt":"2025-04-07T13:13:06","slug":"ippon-schluesselanhaenger","status":"publish","type":"product","link":"https:\/\/fightingfilms.shop\/de\/produit\/ippon-schluesselanhaenger\/","title":{"rendered":"IPPON Schl\u00fcsselanh\u00e4nger"},"content":{"rendered":"<div class=\"flex flex-1 grow basis-auto flex-col overflow-hidden\">\n<div class=\"relative h-full\">\n<div class=\"flex h-full flex-col overflow-y-auto [scrollbar-gutter:stable]\">\n<div class=\"@thread-xl\/thread:pt-header-height mt-1.5 flex flex-col text-sm md:pb-9\">\n<article class=\"text-token-text-primary w-full\" dir=\"auto\" data-testid=\"conversation-turn-2\" data-scroll-anchor=\"true\">\n<div class=\"text-base my-auto mx-auto py-5 px-6\">\n<div class=\"mx-auto flex flex-1 text-base gap-4 md:gap-5 lg:gap-6 md:max-w-3xl lg:max-w-[40rem] xl:max-w-[48rem] group\/turn-messages focus-visible:outline-hidden\" tabindex=\"-1\">\n<div class=\"group\/conversation-turn relative flex w-full min-w-0 flex-col agent-turn @xs\/thread:px-0 @sm\/thread:px-1.5 @md\/thread:px-4\">\n<div class=\"relative flex-col gap-1 md:gap-3\">\n<div class=\"flex max-w-full flex-col grow\">\n<div class=\"min-h-8 text-message relative flex w-full flex-col items-end gap-2 text-start break-words whitespace-normal [.text-message+&amp;]:mt-5\" dir=\"auto\" data-message-author-role=\"assistant\" data-message-id=\"7622b6ab-2ab1-40fd-878f-d2c4dbaf4152\" data-message-model-slug=\"gpt-4o\">\n<div class=\"flex w-full flex-col gap-1 empty:hidden first:pt-[3px]\">\n<div class=\"markdown prose dark:prose-invert w-full break-words dark\">\n<h4 class=\"\" data-start=\"350\" data-end=\"395\">\ud83d\udd25 <strong data-start=\"358\" data-end=\"393\">Dynamisches und kraftvolles Design<\/strong><\/h4>\n<p class=\"\" data-start=\"396\" data-end=\"787\">Dieser IPPON Schl\u00fcsselanh\u00e4nger zeigt eine stilisierte Darstellung eines <strong data-start=\"450\" data-end=\"459\">IPPON<\/strong>, der ultimativen Bewegung, die einen klaren Sieg im Judo besiegelt. Die dynamische Szene zeigt einen Judoka, der einen perfekten Wurf ausf\u00fchrt, begleitet von einem starken grafischen Effekt, der die Intensit\u00e4t der Aktion unterstreicht. Der Schriftzug &#8222;IPPON&#8220; in Gro\u00dfbuchstaben erinnert mit Kraft und Energie an den entscheidenden Moment eines Kampfes.  <\/p>\n<h4 class=\"\" data-start=\"789\" data-end=\"845\">\ud83c\udfc6 <strong data-start=\"797\" data-end=\"843\">Ein Symbol f\u00fcr Entschlossenheit und Erfolg<\/strong><\/h4>\n<p class=\"\" data-start=\"846\" data-end=\"1084\"><a href=\"https:\/\/fr.wikipedia.org\/wiki\/Ippon#:~:text=Un%20ippon%20(japonais%20%3A%20%E4%B8%80%E6%9C%AC,karat%C3%A9%20et%20le%20ju%2Djitsu.\" rel=\"nofollow noopener\" target=\"_blank\">IPPON<\/a> ist das ultimative Ziel eines jeden Judoka: eine perfekt ausgef\u00fchrte Bewegung, die den Kampf sofort beendet. Wenn Sie diesen Schl\u00fcsselanh\u00e4nger tragen, zeigen Sie Ihren Ehrgeiz, Ihre Leidenschaft und Ihr Engagement f\u00fcr diesen anspruchsvollen und edlen Sport. <\/p>\n<h4 class=\"\" data-start=\"1086\" data-end=\"1135\">\ud83d\udd11 <strong data-start=\"1094\" data-end=\"1133\">Ein praktisches und robustes Accessoire<\/strong><\/h4>\n<ul data-start=\"1136\" data-end=\"1559\">\n<li class=\"\" data-start=\"1136\" data-end=\"1265\">\n<p class=\"\" data-start=\"1138\" data-end=\"1265\"><strong data-start=\"1138\" data-end=\"1150\">Material<\/strong>: Dieser Schl\u00fcsselanh\u00e4nger besteht aus weichem, widerstandsf\u00e4higem PVC und ist so konzipiert, dass er lange h\u00e4lt und den Strapazen des Alltags standh\u00e4lt.<\/p>\n<\/li>\n<li class=\"\" data-start=\"1266\" data-end=\"1433\">\n<p class=\"\" data-start=\"1268\" data-end=\"1433\"><strong data-start=\"1268\" data-end=\"1287\">Robuste Befestigung<\/strong>: Ausgestattet mit einem stabilen Metallring und einem schwarzen Karabinerhaken, l\u00e4sst er sich leicht an Ihren Schl\u00fcsseln, Ihrer Sporttasche oder Ihrem Rucksack befestigen.<\/p>\n<\/li>\n<li class=\"\" data-start=\"1434\" data-end=\"1559\">\n<p class=\"\" data-start=\"1436\" data-end=\"1559\"><strong data-start=\"1436\" data-end=\"1458\">Ideale Gr\u00f6\u00dfe<\/strong>: Der IPPON-Schl\u00fcsselanh\u00e4nger ist kompakt und leicht und eignet sich perfekt, um Sie \u00fcberallhin zu begleiten, ohne aufdringlich zu wirken.<\/p>\n<\/li>\n<\/ul>\n<h4 class=\"\" data-start=\"1561\" data-end=\"1614\">\ud83c\udf81 <strong data-start=\"1569\" data-end=\"1612\">Das perfekte Geschenk f\u00fcr alle Judoka<\/strong><\/h4>\n<p class=\"\" data-start=\"1615\" data-end=\"1888\">Ob f\u00fcr einen Judo-Anf\u00e4nger, einen erfahrenen Wettk\u00e4mpfer oder einen Judo-Enthusiasten, dieser Schl\u00fcsselanh\u00e4nger ist das ideale Geschenk. Verschenken Sie ihn an einen Freund, einen Trainer oder sogar an sich selbst, um einen besonderen Moment zu markieren, wie z.B. einen Sieg in einem Wettkampf oder einen Aufstieg in den Graden. <\/p>\n<h4 class=\"\" data-start=\"1890\" data-end=\"1944\">\ud83d\udca1 <strong data-start=\"1898\" data-end=\"1942\">Warum sollten Sie sich f\u00fcr den IPPON-Schl\u00fcsselanh\u00e4nger entscheiden?<\/strong><\/h4>\n<p class=\"\" data-start=\"1945\" data-end=\"2124\">\u2705 Einzigartiges und inspirierendes Design<br data-start=\"1973\" data-end=\"1976\">\u2705 Hochwertige Materialien f\u00fcr eine lange Haltbarkeit<br data-start=\"2025\" data-end=\"2028\">\u2705 Praktisches und \u00e4sthetisches Accessoire<br data-start=\"2063\" data-end=\"2066\">\u2705 Perfekt, um Ihre Liebe zum Judo im Alltag zu zeigen.<\/p>\n<p class=\"\" data-start=\"2126\" data-end=\"2356\">Lassen Sie Ihre Schl\u00fcssel nicht l\u00e4nger ohne Pers\u00f6nlichkeit und entscheiden Sie sich f\u00fcr den <strong data-start=\"2186\" data-end=\"2208\">IPPON-Schl\u00fcsselanh\u00e4nger<\/strong>! Sehen Sie sich unsere anderen <a href=\"https:\/\/fightingfilms.shop\/categorie\/accessoires-de-judo\/?srsltid=AfmBOopeuZU3R1AWKUX1NPLoAUOHmcARt6q21SxxVeOBkdzZeT-3HElq\">Judo-Accessoires<\/a> an und zeigen Sie stolz Ihre Leidenschaft f\u00fcr Judo! \ud83e\udd4b\ud83d\udd25 <\/p>\n<\/div>\n<\/div>\n<\/div>\n<\/div>\n<\/div>\n<\/div>\n<\/div>\n<\/div>\n<\/article>\n<\/div>\n<\/div>\n<\/div>\n<\/div>\n<div id=\"kurato_extension_modal\"><\/div>\n<div id=\"kurato_extension_modal\"><\/div>\n","protected":false},"excerpt":{"rendered":"<p>Zeigen Sie stolz Ihre Leidenschaft f\u00fcr Judo mit diesem einzigartigen Schl\u00fcsselanh\u00e4nger! Der IPPON Schl\u00fcsselanh\u00e4nger wurde speziell f\u00fcr Judokas und Kampfsportfans entworfen und ist mehr als nur ein Accessoire: Er verk\u00f6rpert die Essenz des Sieges auf der Tatami.\ud83e\udd4b <\/p>\n<div id=\"kurato_extension_modal\"><\/div>\n<div id=\"kurato_extension_modal\"><\/div>\n","protected":false},"featured_media":28121,"comment_status":"closed","ping_status":"closed","template":"","meta":[],"product_brand":[],"product_cat":[340],"product_tag":[],"giftcard-category":[],"class_list":{"0":"post-28128","1":"product","2":"type-product","3":"status-publish","4":"has-post-thumbnail","6":"product_cat-judo-zubehor","7":"product_shipping_class-kleines-zubehor","9":"first","10":"outofstock","11":"taxable","12":"shipping-taxable","13":"purchasable","14":"product-type-simple"},"exclude_global_add_ons":[],"addons":[],"_links":{"self":[{"href":"https:\/\/fightingfilms.shop\/de\/wp-json\/wp\/v2\/product\/28128","targetHints":{"allow":["GET"]}}],"collection":[{"href":"https:\/\/fightingfilms.shop\/de\/wp-json\/wp\/v2\/product"}],"about":[{"href":"https:\/\/fightingfilms.shop\/de\/wp-json\/wp\/v2\/types\/product"}],"replies":[{"embeddable":true,"href":"https:\/\/fightingfilms.shop\/de\/wp-json\/wp\/v2\/comments?post=28128"}],"wp:featuredmedia":[{"embeddable":true,"href":"https:\/\/fightingfilms.shop\/de\/wp-json\/wp\/v2\/media\/28121"}],"wp:attachment":[{"href":"https:\/\/fightingfilms.shop\/de\/wp-json\/wp\/v2\/media?parent=28128"}],"wp:term":[{"taxonomy":"product_brand","embeddable":true,"href":"https:\/\/fightingfilms.shop\/de\/wp-json\/wp\/v2\/product_brand?post=28128"},{"taxonomy":"product_cat","embeddable":true,"href":"https:\/\/fightingfilms.shop\/de\/wp-json\/wp\/v2\/product_cat?post=28128"},{"taxonomy":"product_tag","embeddable":true,"href":"https:\/\/fightingfilms.shop\/de\/wp-json\/wp\/v2\/product_tag?post=28128"},{"taxonomy":"giftcard-category","embeddable":true,"href":"https:\/\/fightingfilms.shop\/de\/wp-json\/wp\/v2\/giftcard-category?post=28128"}],"curies":[{"name":"wp","href":"https:\/\/api.w.org\/{rel}","templated":true}]}}