{"id":28139,"date":"2025-04-07T15:58:37","date_gmt":"2025-04-07T13:58:37","guid":{"rendered":"https:\/\/fightingfilms.shop\/produit\/schluesselanhaenger-judo\/"},"modified":"2025-04-07T16:06:36","modified_gmt":"2025-04-07T14:06:36","slug":"schluesselanhaenger-judo","status":"publish","type":"product","link":"https:\/\/fightingfilms.shop\/de\/produit\/schluesselanhaenger-judo\/","title":{"rendered":"Schl\u00fcsselanh\u00e4nger JUDO"},"content":{"rendered":"<h4 class=\"\" data-start=\"323\" data-end=\"371\">\ud83d\udd25 <strong data-start=\"331\" data-end=\"369\">Authentisches und inspirierendes Design<\/strong><\/h4>\n<p class=\"\" data-start=\"372\" data-end=\"613\">Dieser JUDO Schl\u00fcsselanh\u00e4nger hebt die japanischen Schriftzeichen des Wortes <strong data-start=\"430\" data-end=\"445\">&#8222;Judo&#8220; (\u67d4\u9053)<\/strong> in wei\u00dfer Pr\u00e4gung auf schwarzem Hintergrund hervor. Dieser starke Kontrast spiegelt die Eleganz und Tiefe der Werte des Judo wider: Flexibilit\u00e4t, Ausdauer und Selbstbeherrschung. <\/p>\n<h4 class=\"\" data-start=\"615\" data-end=\"661\">\ud83c\udfc6 <strong data-start=\"623\" data-end=\"659\">Ein starkes Symbol f\u00fcr die Judoka<\/strong><\/h4>\n<p class=\"\" data-start=\"662\" data-end=\"874\">Judo ist mehr als nur ein Sport, es ist eine Lebensphilosophie, die auf gegenseitiger Hilfe und pers\u00f6nlichem Fortschritt basiert. Mit dem JUDO-Schl\u00fcsselanh\u00e4nger bekr\u00e4ftigen Sie Ihre Verbundenheit mit dieser Kampfkunst und ihrem japanischen Erbe. <\/p>\n<h4 class=\"\" data-start=\"876\" data-end=\"923\">\ud83d\udd11 <strong data-start=\"884\" data-end=\"921\">Ein praktisches und langlebiges Accessoire<\/strong><\/h4>\n<ul data-start=\"924\" data-end=\"1268\">\n<li class=\"\" data-start=\"924\" data-end=\"1017\">\n<p class=\"\" data-start=\"926\" data-end=\"1017\"><strong data-start=\"926\" data-end=\"948\">Widerstandsf\u00e4higes Material<\/strong>: Aus weichem PVC hergestellt, ist es f\u00fcr eine lange Haltbarkeit konzipiert.<\/p>\n<\/li>\n<li class=\"\" data-start=\"1018\" data-end=\"1179\">\n<p class=\"\" data-start=\"1020\" data-end=\"1179\"><strong data-start=\"1020\" data-end=\"1039\">Robuste Befestigung<\/strong>: Der Metallring und der schwarze Karabinerhaken machen es einfach, den Anh\u00e4nger an Ihren Schl\u00fcsseln, Ihrer Sporttasche oder Ihrem G\u00fcrtel zu befestigen.<\/p>\n<\/li>\n<li class=\"\" data-start=\"1180\" data-end=\"1268\">\n<p class=\"\" data-start=\"1182\" data-end=\"1268\"><strong data-start=\"1182\" data-end=\"1200\">Kompaktes Format<\/strong>: Leicht und platzsparend, begleitet Sie \u00fcberall hin, ohne zu st\u00f6ren.<\/p>\n<\/li>\n<\/ul>\n<h4 class=\"\" data-start=\"1270\" data-end=\"1316\">\ud83c\udf81 <strong data-start=\"1278\" data-end=\"1314\">Das ideale Geschenk f\u00fcr jeden Judoka<\/strong><\/h4>\n<p class=\"\" data-start=\"1317\" data-end=\"1537\">Ob f\u00fcr einen Anf\u00e4nger, einen erfahrenen Wettk\u00e4mpfer oder einen Liebhaber der japanischen Kultur, dieser Schl\u00fcsselanh\u00e4nger ist ein perfektes Geschenk f\u00fcr jeden Anlass: Geburtstage, Wettk\u00e4mpfe oder Graduierungen.<\/p>\n<h4 class=\"\" data-start=\"1539\" data-end=\"1592\">\ud83d\udca1 <strong data-start=\"1547\" data-end=\"1590\">Warum sollten Sie diesen JUDO-Schl\u00fcsselanh\u00e4nger w\u00e4hlen?<\/strong><\/h4>\n<p class=\"\" data-start=\"1593\" data-end=\"1757\">\u2705 Minimalistisches und elegantes Design<br data-start=\"1624\" data-end=\"1627\">\u2705 Hochwertige Materialien und hohe Widerstandsf\u00e4higkeit<br data-start=\"1670\" data-end=\"1673\">\u2705 Praktisch und einfach zu befestigen<br data-start=\"1704\" data-end=\"1707\">\u2705 Ideal, um Ihre Leidenschaft im Alltag zu zeigen<\/p>\n<p class=\"\" data-start=\"1759\" data-end=\"1945\">Nehmen Sie ein St\u00fcck <strong data-start=\"1782\" data-end=\"1790\">Judo<\/strong> \u00fcberall mit hin und zeigen Sie Ihren Stolz, ein Judoka zu sein! Erh\u00e4ltlich ab sofort unter <strong data-start=\"1880\" data-end=\"1940\"><a class=\"\" href=\"https:\/\/www.fightingfilms.shop\" target=\"_new\" rel=\"noopener\" data-start=\"1882\" data-end=\"1938\">www.fightingfilms.shop<\/a><\/strong> \ud83e\udd4b\ud83d\udd25 <\/p>\n","protected":false},"excerpt":{"rendered":"<p>Zeigen Sie Ihre Leidenschaft f\u00fcr Judo mit diesem Schl\u00fcsselanh\u00e4nger JUDO mit seinem klaren und kraftvollen Design! Mit den japanischen Kanji &#8222;\u67d4\u9053&#8220; (Judo) ist dieser Schl\u00fcsselanh\u00e4nger ein echtes Symbol der Hingabe und des Respekts f\u00fcr diese ikonische Kampfsportart. Begleiten Sie immer ein Symbol Ihrer Lieblingskampfkunst!  <\/p>\n<div id=\"kurato_extension_modal\"><\/div>\n","protected":false},"featured_media":28135,"comment_status":"closed","ping_status":"closed","template":"","meta":[],"product_brand":[],"product_cat":[340],"product_tag":[],"giftcard-category":[],"class_list":{"0":"post-28139","1":"product","2":"type-product","3":"status-publish","4":"has-post-thumbnail","6":"product_cat-judo-zubehor","7":"product_shipping_class-kleines-zubehor","9":"first","10":"instock","11":"taxable","12":"shipping-taxable","13":"purchasable","14":"product-type-simple"},"exclude_global_add_ons":[],"addons":[],"_links":{"self":[{"href":"https:\/\/fightingfilms.shop\/de\/wp-json\/wp\/v2\/product\/28139","targetHints":{"allow":["GET"]}}],"collection":[{"href":"https:\/\/fightingfilms.shop\/de\/wp-json\/wp\/v2\/product"}],"about":[{"href":"https:\/\/fightingfilms.shop\/de\/wp-json\/wp\/v2\/types\/product"}],"replies":[{"embeddable":true,"href":"https:\/\/fightingfilms.shop\/de\/wp-json\/wp\/v2\/comments?post=28139"}],"wp:featuredmedia":[{"embeddable":true,"href":"https:\/\/fightingfilms.shop\/de\/wp-json\/wp\/v2\/media\/28135"}],"wp:attachment":[{"href":"https:\/\/fightingfilms.shop\/de\/wp-json\/wp\/v2\/media?parent=28139"}],"wp:term":[{"taxonomy":"product_brand","embeddable":true,"href":"https:\/\/fightingfilms.shop\/de\/wp-json\/wp\/v2\/product_brand?post=28139"},{"taxonomy":"product_cat","embeddable":true,"href":"https:\/\/fightingfilms.shop\/de\/wp-json\/wp\/v2\/product_cat?post=28139"},{"taxonomy":"product_tag","embeddable":true,"href":"https:\/\/fightingfilms.shop\/de\/wp-json\/wp\/v2\/product_tag?post=28139"},{"taxonomy":"giftcard-category","embeddable":true,"href":"https:\/\/fightingfilms.shop\/de\/wp-json\/wp\/v2\/giftcard-category?post=28139"}],"curies":[{"name":"wp","href":"https:\/\/api.w.org\/{rel}","templated":true}]}}