{"id":28402,"date":"2025-04-25T16:11:11","date_gmt":"2025-04-25T14:11:11","guid":{"rendered":"https:\/\/fightingfilms.shop\/produit\/rucksack-yujin\/"},"modified":"2025-10-16T13:33:58","modified_gmt":"2025-10-16T11:33:58","slug":"rucksack-yujin","status":"publish","type":"product","link":"https:\/\/fightingfilms.shop\/de\/produit\/rucksack-yujin\/","title":{"rendered":"Rucksack Y\u016bjin"},"content":{"rendered":"<p class=\"\" data-start=\"1431\" data-end=\"1830\">Im Japanischen bedeutet <strong data-start=\"1444\" data-end=\"1458\">Y\u016bjin (\u53cb\u4eba)<\/strong> &#8222;Freund&#8220;. Ein starkes Wort, voller Bedeutung f\u00fcr diejenigen, die Judo praktizieren, eine Kunst, in der Kameradschaft, Loyalit\u00e4t und Respekt jede Bewegung leiten. Der Y\u016bjin-Rucksack verk\u00f6rpert diese Philosophie: Er ist <strong data-start=\"1677\" data-end=\"1709\">ein diskreter, aber essentieller Freund<\/strong>, der immer da ist, um Ihren <a href=\"https:\/\/fightingfilms.shop\/categorie\/kimonos\/kimonos-de-judo\/?srsltid=AfmBOoogOFgoimtuAfeOmuGSfMB0xz3umvaY62no6qURaJ7UxaecR7P2\">Judokimono<\/a> zu tragen, Ihre Ausr\u00fcstung trocken zu halten und Sie auf jedem Schritt Ihres Weges zu begleiten.<\/p>\n<p class=\"\" data-start=\"1832\" data-end=\"2147\">Inspiriert vom japanischen Minimalismus, ist das Design schlicht und elegant und eignet sich sowohl f\u00fcr das t\u00e4gliche Training als auch f\u00fcr Wettk\u00e4mpfe im Ausland. Das <strong data-start=\"1978\" data-end=\"2018\">wei\u00dfe, konturierte Fighting Films Logo<\/strong>, das auf den Stoff geflockt ist, spiegelt die Bescheidenheit der Kampfk\u00fcnste wider: Man muss nicht stark gl\u00e4nzen, um stark zu sein.<\/p>\n<p class=\"\" data-start=\"2149\" data-end=\"2291\">Die Y\u016bjin wurde von Judokas f\u00fcr Judokas entworfen und ist <strong data-start=\"2203\" data-end=\"2265\">die ideale Tasche f\u00fcr alle, die Judo<\/strong> von der Umkleidekabine bis zum Podium <strong data-start=\"2203\" data-end=\"2265\">leben<\/strong>.<\/p>\n<p data-start=\"2149\" data-end=\"2291\">Er hat eine gro\u00dfe Innentasche, in der Sie Ihre gesamte Ausr\u00fcstung f\u00fcr das Training oder den Wettkampf verstauen k\u00f6nnen! Die Tasche bietet Platz f\u00fcr einen Judogi, den G\u00fcrtel und andere Accessoires.<\/p>\n<p data-start=\"2149\" data-end=\"2291\">Dar\u00fcber hinaus hat er eine kleinere, unauff\u00e4llige Tasche auf der Vorderseite. Au\u00dferdem gibt es zwei Innentaschen, eine Netztasche auf dem zu \u00f6ffnenden Teil des Y\u016bjin Rucksacks und eine weitere, unauff\u00e4lligere Innentasche, in der Sie einen Computer verstauen k\u00f6nnen, wenn Sie auf Reisen gehen oder ihn f\u00fcr die Arbeit und den Unterricht nutzen!<\/p>\n<p data-start=\"2149\" data-end=\"2291\">Der Y\u016bjin Rucksack hat auch die Funktionalit\u00e4t, die beiden Schultergurte in einer kleinen, daf\u00fcr vorgesehenen Tasche auf der R\u00fcckseite zu verstauen, was weniger Platz beansprucht, wenn Sie reisen.<\/p>\n<h2 data-start=\"2149\" data-end=\"2291\">Technische Daten des Y\u016bjin-Rucksacks:<\/h2>\n<p class=\"\" data-start=\"719\" data-end=\"1022\">Kapazit\u00e4t: 45 Liter \ud83c\udf92<br data-start=\"771\" data-end=\"774\" \/><br data-start=\"838\" data-end=\"841\" \/>Farbe: Mattschwarz mit konturiertem Fighting Films Logo in Wei\u00df<br data-start=\"888\" data-end=\"891\" \/><br data-start=\"960\" data-end=\"963\" \/>Ma\u00dfe: 50 x 30 x 20 cm<br data-start=\"1005\" data-end=\"1008\" \/><br \/>\nMaterial: Verst\u00e4rktes Polyester, feuchtigkeits- und verschlei\u00dfbest\u00e4ndig<\/p>\n<p>Verschl\u00fcsse: Robuste Zweiwege-Rei\u00dfverschl\u00fcsse<\/p>\n<p>Taschen :<\/p>\n<ul data-start=\"1023\" data-end=\"1360\">\n<li class=\"\" data-start=\"1023\" data-end=\"1087\">\n<p class=\"\" data-start=\"1025\" data-end=\"1087\">1 gro\u00dfes Hauptfach (Judogi, G\u00fcrtel, Handtuch)<\/p>\n<\/li>\n<li class=\"\" data-start=\"1088\" data-end=\"1164\">\n<p class=\"\" data-start=\"1090\" data-end=\"1164\">1 Vordertasche mit Rei\u00dfverschluss f\u00fcr Zubeh\u00f6r (Telefon, Schl\u00fcssel, Brieftasche)<\/p>\n<\/li>\n<li class=\"\" data-start=\"1088\" data-end=\"1164\">\n<p class=\"\" data-start=\"1090\" data-end=\"1164\">1 kleine Innentasche aus Netzgewebe<br data-start=\"1224\" data-end=\"1227\" \/><br \/>\nKomfort :<\/p>\n<\/li>\n<li class=\"\" data-start=\"1243\" data-end=\"1279\">\n<p class=\"\" data-start=\"1245\" data-end=\"1279\">Gepolsterte, verstellbare Schultergurte<\/p>\n<\/li>\n<li class=\"\" data-start=\"1280\" data-end=\"1307\">\n<p class=\"\" data-start=\"1282\" data-end=\"1307\">Atmungsaktiver, gepolsterter R\u00fccken<\/p>\n<\/li>\n<li class=\"\" data-start=\"1308\" data-end=\"1360\">\n<p class=\"\" data-start=\"1310\" data-end=\"1360\">Oberer und seitlicher Griff f\u00fcr schnelles Tragen in der Hand<\/p>\n<\/li>\n<\/ul>\n<div id=\"kurato_extension_modal\"><\/div>\n<div id=\"kurato_extension_modal\"><\/div>\n<div id=\"kurato_extension_modal\"><\/div>\n<div id=\"kurato_extension_modal\"><\/div>\n<div id=\"kurato_extension_modal\"><\/div>\n","protected":false},"excerpt":{"rendered":"<p>Entdecken Sie den <strong data-start=\"347\" data-end=\"366\">Y\u016bjin-Rucksack<\/strong>, den Freund des Judoka. Mit einem Fassungsverm\u00f6gen von 45 l transportiert er Ihren Judogi und Ihre gesamte Ausr\u00fcstung, ohne Kompromisse beim Stil einzugehen. Er ist elegant, praktisch und vom Geist des Judo inspiriert und tr\u00e4gt stolz ein dezentes, aber symbolisches Fighting Films-Logo. Sie gehen nicht mehr allein ins Dojo, der <strong>Y\u016bjin-Rucksack <\/strong>begleitet Sie.<\/p>\n<h2 id=\"kurato_extension_modal\"><\/h2>\n<div id=\"kurato_extension_modal\"><\/div>\n<div id=\"kurato_extension_modal\"><\/div>\n<div id=\"kurato_extension_modal\"><\/div>\n","protected":false},"featured_media":28373,"comment_status":"closed","ping_status":"closed","template":"","meta":[],"product_brand":[],"product_cat":[340,1052],"product_tag":[],"giftcard-category":[],"class_list":{"0":"post-28402","1":"product","2":"type-product","3":"status-publish","4":"has-post-thumbnail","6":"product_cat-judo-zubehor","7":"product_cat-judotasche","8":"product_shipping_class-zubehor","10":"first","11":"instock","12":"taxable","13":"shipping-taxable","14":"purchasable","15":"product-type-variable"},"exclude_global_add_ons":[],"addons":[],"_links":{"self":[{"href":"https:\/\/fightingfilms.shop\/de\/wp-json\/wp\/v2\/product\/28402","targetHints":{"allow":["GET"]}}],"collection":[{"href":"https:\/\/fightingfilms.shop\/de\/wp-json\/wp\/v2\/product"}],"about":[{"href":"https:\/\/fightingfilms.shop\/de\/wp-json\/wp\/v2\/types\/product"}],"replies":[{"embeddable":true,"href":"https:\/\/fightingfilms.shop\/de\/wp-json\/wp\/v2\/comments?post=28402"}],"wp:featuredmedia":[{"embeddable":true,"href":"https:\/\/fightingfilms.shop\/de\/wp-json\/wp\/v2\/media\/28373"}],"wp:attachment":[{"href":"https:\/\/fightingfilms.shop\/de\/wp-json\/wp\/v2\/media?parent=28402"}],"wp:term":[{"taxonomy":"product_brand","embeddable":true,"href":"https:\/\/fightingfilms.shop\/de\/wp-json\/wp\/v2\/product_brand?post=28402"},{"taxonomy":"product_cat","embeddable":true,"href":"https:\/\/fightingfilms.shop\/de\/wp-json\/wp\/v2\/product_cat?post=28402"},{"taxonomy":"product_tag","embeddable":true,"href":"https:\/\/fightingfilms.shop\/de\/wp-json\/wp\/v2\/product_tag?post=28402"},{"taxonomy":"giftcard-category","embeddable":true,"href":"https:\/\/fightingfilms.shop\/de\/wp-json\/wp\/v2\/giftcard-category?post=28402"}],"curies":[{"name":"wp","href":"https:\/\/api.w.org\/{rel}","templated":true}]}}