{"id":28897,"date":"2025-06-13T12:24:21","date_gmt":"2025-06-13T10:24:21","guid":{"rendered":"https:\/\/fightingfilms.shop\/produit\/starrer-gruen-blauer-judoguertel\/"},"modified":"2025-06-13T12:24:21","modified_gmt":"2025-06-13T10:24:21","slug":"starrer-gruen-blauer-judoguertel","status":"publish","type":"product","link":"https:\/\/fightingfilms.shop\/de\/produit\/starrer-gruen-blauer-judoguertel\/","title":{"rendered":"Starrer gr\u00fcn-blauer Judog\u00fcrtel"},"content":{"rendered":"<p data-start=\"302\" data-end=\"681\">Der <strong data-start=\"314\" data-end=\"336\">starre gr\u00fcn-blaue<\/strong> Judog\u00fcrtel von <strong data-start=\"340\" data-end=\"358\">Fighting Films<\/strong> ist ideal f\u00fcr junge Judokas, die mittlere Grade erreichen. Mit seinem <strong data-start=\"441\" data-end=\"468\">abwechselnden zweifarbigen Design<\/strong>, das von den <strong data-start=\"482\" data-end=\"538\">professionellen G\u00fcrtelrollen inspiriert ist, die in Clubs verwendet werden<\/strong>, erm\u00f6glicht er eine klare und aufwertende Identifizierung des Trainingsgrades und verleiht der Ausr\u00fcstung einen dynamischen und gepflegten Touch. <\/p>\n<p data-start=\"683\" data-end=\"976\">Die <strong data-start=\"686\" data-end=\"708\">kontrollierte Steifigkeit<\/strong> sorgt f\u00fcr einen zuverl\u00e4ssigen Sitz w\u00e4hrend des gesamten Trainings und verringert die Gefahr, dass sich der G\u00fcrtel lockert. Der G\u00fcrtel ist aus <strong data-start=\"829\" data-end=\"855\">strapazierf\u00e4higen und langlebigen<\/strong> Materialien gefertigt und h\u00e4lt intensivem Gebrauch und h\u00e4ufigem Waschen problemlos stand, wobei er seine leuchtenden Farben beh\u00e4lt. <\/p>\n<p data-start=\"978\" data-end=\"1278\">Der gr\u00fcn-blaue, starre Judog\u00fcrtel ist in den Gr\u00f6\u00dfen <strong data-start=\"992\" data-end=\"1012\">240 cm und 260 cm<\/strong> erh\u00e4ltlich und eignet sich f\u00fcr Kinder unterschiedlicher Gr\u00f6\u00dfen und ist f\u00fcr alle K\u00f6rperformen bequem zu tragen. Das dezente und elegante <strong data-start=\"1129\" data-end=\"1152\">Fighting Films Logo<\/strong> unterstreicht die Qualit\u00e4t dieses Modells, das <strong data-start=\"1240\" data-end=\"1277\">sowohl bei Lehrern als auch bei Sportlern<\/strong> sehr beliebt ist. <\/p>\n<p data-start=\"1280\" data-end=\"1393\">Eine vertrauensvolle Wahl, um junge Judokas bei ihrem technischen Aufstieg mit Stil und Zuverl\u00e4ssigkeit zu begleiten.<\/p>\n<div id=\"kurato_extension_modal\"><\/div>\n","protected":false},"excerpt":{"rendered":"<p>Schenken Sie Ihrem Kind einen gr\u00fcn-blauen, starren Judog\u00fcrtel von Fighting Films mit Profi-Look und perfektem Sitz.<br data-start=\"171\" data-end=\"174\">Alternierendes Muster in Rollenform, erh\u00e4ltlich in 240 cm und 260 cm &#8211; robust, stilvoll, bereit f\u00fcr den Fortschritt!<\/p>\n<div id=\"kurato_extension_modal\"><\/div>\n","protected":false},"featured_media":29089,"comment_status":"","ping_status":"closed","template":"","meta":[],"product_brand":[],"product_cat":[386],"product_tag":[],"giftcard-category":[],"class_list":{"0":"post-28897","1":"product","2":"type-product","3":"status-publish","4":"has-post-thumbnail","6":"product_cat-judogurtel","7":"product_shipping_class-gurtel-oder-tasse","9":"first","10":"instock","11":"taxable","12":"shipping-taxable","13":"purchasable","14":"product-type-variable"},"exclude_global_add_ons":[],"addons":[],"_links":{"self":[{"href":"https:\/\/fightingfilms.shop\/de\/wp-json\/wp\/v2\/product\/28897","targetHints":{"allow":["GET"]}}],"collection":[{"href":"https:\/\/fightingfilms.shop\/de\/wp-json\/wp\/v2\/product"}],"about":[{"href":"https:\/\/fightingfilms.shop\/de\/wp-json\/wp\/v2\/types\/product"}],"replies":[{"embeddable":true,"href":"https:\/\/fightingfilms.shop\/de\/wp-json\/wp\/v2\/comments?post=28897"}],"wp:featuredmedia":[{"embeddable":true,"href":"https:\/\/fightingfilms.shop\/de\/wp-json\/wp\/v2\/media\/29089"}],"wp:attachment":[{"href":"https:\/\/fightingfilms.shop\/de\/wp-json\/wp\/v2\/media?parent=28897"}],"wp:term":[{"taxonomy":"product_brand","embeddable":true,"href":"https:\/\/fightingfilms.shop\/de\/wp-json\/wp\/v2\/product_brand?post=28897"},{"taxonomy":"product_cat","embeddable":true,"href":"https:\/\/fightingfilms.shop\/de\/wp-json\/wp\/v2\/product_cat?post=28897"},{"taxonomy":"product_tag","embeddable":true,"href":"https:\/\/fightingfilms.shop\/de\/wp-json\/wp\/v2\/product_tag?post=28897"},{"taxonomy":"giftcard-category","embeddable":true,"href":"https:\/\/fightingfilms.shop\/de\/wp-json\/wp\/v2\/giftcard-category?post=28897"}],"curies":[{"name":"wp","href":"https:\/\/api.w.org\/{rel}","templated":true}]}}