{"id":28907,"date":"2025-06-12T14:48:18","date_gmt":"2025-06-12T12:48:18","guid":{"rendered":"https:\/\/fightingfilms.shop\/produit\/starrer-weiss-gelber-judoguertel\/"},"modified":"2025-06-12T14:48:18","modified_gmt":"2025-06-12T12:48:18","slug":"starrer-weiss-gelber-judoguertel","status":"publish","type":"product","link":"https:\/\/fightingfilms.shop\/de\/produit\/starrer-weiss-gelber-judoguertel\/","title":{"rendered":"Starrer wei\u00df-gelber Judog\u00fcrtel"},"content":{"rendered":"<p data-start=\"247\" data-end=\"722\">Schenken Sie Ihrem jungen Judoka einen hochwertigen G\u00fcrtel mit diesem<strong data-start=\"319\" data-end=\"343\">steifen wei\u00df-gelben<\/strong> <strong data-start=\"319\" data-end=\"343\">Judog\u00fcrtel <\/strong> von <strong data-start=\"357\" data-end=\"375\">Fighting Films <\/strong>. Er wurde speziell f\u00fcr Kinder in der Lernphase entwickelt. Der G\u00fcrtel ist in einem <strong data-start=\"456\" data-end=\"482\">alternierenden zweifarbigen Muster<\/strong> gestaltet &#8211; und nicht einfach in zwei H\u00e4lften geteilt &#8211; und spiegelt den Stil der <strong data-start=\"576\" data-end=\"615\">traditionellen G\u00fcrtelrollen<\/strong>, die in Vereinen verwendet werden, genau wider. <\/p>\n<p data-start=\"724\" data-end=\"1098\">Dieser G\u00fcrtel ist in den Gr\u00f6\u00dfen <strong data-start=\"738\" data-end=\"758\">240 cm und 260 cm<\/strong> erh\u00e4ltlich und passt sich perfekt an die Gr\u00f6\u00dfe junger Sportler an. Seine <strong data-start=\"836\" data-end=\"856\">feste Struktur<\/strong> sorgt daf\u00fcr, dass der Knoten w\u00e4hrend des gesamten Trainings oder Wettkampfes fest sitzt und sich nicht l\u00f6st. Er ist aus <strong data-start=\"990\" data-end=\"1012\">langlebigen Materialien<\/strong> hergestellt und so konzipiert, dass er h\u00e4ufigem Waschen und der Intensit\u00e4t des Judotrainings standh\u00e4lt.  <\/p>\n<p data-start=\"1102\" data-end=\"1382\">Dieser wei\u00df-gelbe Judog\u00fcrtel wird von vielen Judokas und Lehrern <strong data-start=\"1155\" data-end=\"1168\">wegen seines \u00e4sthetischen Aussehens<\/strong> und seiner besseren Passform bevorzugt. Dieser G\u00fcrtel ist ideal, um die Entwicklung Ihres Kindes als Judoka zu begleiten. Der G\u00fcrtel ist mit dem <strong data-start=\"1313\" data-end=\"1336\">Fighting Films Logo<\/strong> versehen und vereint <strong data-start=\"1349\" data-end=\"1381\">Stil, Qualit\u00e4t und Robustheit<\/strong>. <\/p>\n<div id=\"kurato_extension_modal\"><\/div>\n","protected":false},"excerpt":{"rendered":"<p data-start=\"1421\" data-end=\"1660\">Entdecken Sie unseren <strong data-start=\"1438\" data-end=\"1462\">steifen, wei\u00df-gelben<\/strong> Judog\u00fcrtel f\u00fcr Kinder von <strong data-start=\"1479\" data-end=\"1497\">Fighting Films<\/strong> mit einem <strong data-start=\"1508\" data-end=\"1528\">zweifarbigen, abwechselnden<\/strong> Muster im Stil einer Rolle. Der G\u00fcrtel ist in den Gr\u00f6\u00dfen <strong data-start=\"1557\" data-end=\"1577\">240 cm und 260 cm<\/strong> erh\u00e4ltlich und bietet eine hervorragende Passform, perfekt f\u00fcr junge Judoka, die sich weiterentwickeln. <\/p>\n<div id=\"kurato_extension_modal\"><\/div>\n","protected":false},"featured_media":29107,"comment_status":"","ping_status":"closed","template":"","meta":[],"product_brand":[],"product_cat":[386],"product_tag":[],"giftcard-category":[],"class_list":{"0":"post-28907","1":"product","2":"type-product","3":"status-publish","4":"has-post-thumbnail","6":"product_cat-judogurtel","7":"product_shipping_class-gurtel-oder-tasse","9":"first","10":"instock","11":"taxable","12":"shipping-taxable","13":"purchasable","14":"product-type-variable"},"exclude_global_add_ons":[],"addons":[],"_links":{"self":[{"href":"https:\/\/fightingfilms.shop\/de\/wp-json\/wp\/v2\/product\/28907","targetHints":{"allow":["GET"]}}],"collection":[{"href":"https:\/\/fightingfilms.shop\/de\/wp-json\/wp\/v2\/product"}],"about":[{"href":"https:\/\/fightingfilms.shop\/de\/wp-json\/wp\/v2\/types\/product"}],"replies":[{"embeddable":true,"href":"https:\/\/fightingfilms.shop\/de\/wp-json\/wp\/v2\/comments?post=28907"}],"wp:featuredmedia":[{"embeddable":true,"href":"https:\/\/fightingfilms.shop\/de\/wp-json\/wp\/v2\/media\/29107"}],"wp:attachment":[{"href":"https:\/\/fightingfilms.shop\/de\/wp-json\/wp\/v2\/media?parent=28907"}],"wp:term":[{"taxonomy":"product_brand","embeddable":true,"href":"https:\/\/fightingfilms.shop\/de\/wp-json\/wp\/v2\/product_brand?post=28907"},{"taxonomy":"product_cat","embeddable":true,"href":"https:\/\/fightingfilms.shop\/de\/wp-json\/wp\/v2\/product_cat?post=28907"},{"taxonomy":"product_tag","embeddable":true,"href":"https:\/\/fightingfilms.shop\/de\/wp-json\/wp\/v2\/product_tag?post=28907"},{"taxonomy":"giftcard-category","embeddable":true,"href":"https:\/\/fightingfilms.shop\/de\/wp-json\/wp\/v2\/giftcard-category?post=28907"}],"curies":[{"name":"wp","href":"https:\/\/api.w.org\/{rel}","templated":true}]}}