{"id":29006,"date":"2025-06-13T12:12:49","date_gmt":"2025-06-13T10:12:49","guid":{"rendered":"https:\/\/fightingfilms.shop\/produit\/starrer-gelb-orangefarbener-judoguertel\/"},"modified":"2025-06-13T12:12:49","modified_gmt":"2025-06-13T10:12:49","slug":"starrer-gelb-orangefarbener-judoguertel","status":"publish","type":"product","link":"https:\/\/fightingfilms.shop\/de\/produit\/starrer-gelb-orangefarbener-judoguertel\/","title":{"rendered":"Starrer gelb-orangefarbener Judog\u00fcrtel"},"content":{"rendered":"<p data-start=\"320\" data-end=\"829\">Dieser <strong data-start=\"389\" data-end=\"412\">gelb-orangefarbene<\/strong> Judog\u00fcrtel von <strong data-start=\"420\" data-end=\"438\">Fighting Films<\/strong> ist ideal f\u00fcr junge, aufstrebende Judoka. Er ist so konzipiert, dass er den Rang im Verein genau widerspiegelt und gleichzeitig einen hohen Tragekomfort und eine perfekte Passform bietet. Im Gegensatz zu Modellen mit einer einfachen Zwei-Farben-Teilung hat dieser G\u00fcrtel ein <strong data-start=\"635\" data-end=\"669\">abwechselndes gelb-oranges Design<\/strong>, das von den <strong data-start=\"683\" data-end=\"723\">Judog\u00fcrtelrollen <\/strong>in den Dojos inspiriert wurde. Diese sorgf\u00e4ltige Verarbeitung erm\u00f6glicht eine <strong data-start=\"783\" data-end=\"828\">schnelle und klare Erkennung der Stufe<\/strong>.  <\/p>\n<p data-start=\"831\" data-end=\"1181\">Der gelb-orangefarbene starre Judog\u00fcrtel ist in den Gr\u00f6\u00dfen <strong data-start=\"845\" data-end=\"865\">240 cm und 260 cm<\/strong> erh\u00e4ltlich und eignet sich perfekt f\u00fcr Kinder mit jeder K\u00f6rpergr\u00f6\u00dfe. Die <strong data-start=\"944\" data-end=\"965\">feste Konstruktion<\/strong> sorgt daf\u00fcr, dass der Knoten w\u00e4hrend des gesamten Unterrichts an Ort und Stelle bleibt, auch nach wiederholten Bewegungen. Der G\u00fcrtel ist aus <strong data-start=\"1082\" data-end=\"1106\">strapazierf\u00e4higem Material<\/strong> gefertigt und h\u00e4lt h\u00e4ufiges Waschen und intensives Training problemlos aus.  <\/p>\n<p data-start=\"1183\" data-end=\"1423\">Dieser G\u00fcrtel wird von vielen Clubs empfohlen und kombiniert <strong data-start=\"1241\" data-end=\"1300\">Haltbarkeit, \u00c4sthetik und die Einhaltung der Judo-Standards<\/strong>. Das dezente, aber markante <strong data-start=\"1305\" data-end=\"1328\">Fighting Films Logo<\/strong> steht f\u00fcr ein Qualit\u00e4tsprodukt, das in der Welt des Kampfsports anerkannt ist. <\/p>\n<div id=\"kurato_extension_modal\"><\/div>\n<div id=\"kurato_extension_modal\"><\/div>\n<div id=\"kurato_extension_modal\"><\/div>\n","protected":false},"excerpt":{"rendered":"<p>Entdecken Sie unseren starren <strong data-start=\"1499\" data-end=\"1515\">gelb-orangen<\/strong> Judog\u00fcrtel f\u00fcr Kinder von <strong data-start=\"1532\" data-end=\"1550\">Fighting Films<\/strong>, mit <strong data-start=\"1557\" data-end=\"1594\">zweifarbiger Abwechslung im Stil einer Rolle<\/strong>. Stark, bequem und erh\u00e4ltlich in <strong data-start=\"1634\" data-end=\"1654\">240 cm und 260 cm<\/strong>, perfekt f\u00fcr Judoka, die in den Rang aufsteigen. <\/p>\n<div id=\"kurato_extension_modal\"><\/div>\n<div id=\"kurato_extension_modal\"><\/div>\n<div id=\"kurato_extension_modal\"><\/div>\n","protected":false},"featured_media":29114,"comment_status":"","ping_status":"closed","template":"","meta":[],"product_brand":[],"product_cat":[386],"product_tag":[],"giftcard-category":[],"class_list":{"0":"post-29006","1":"product","2":"type-product","3":"status-publish","4":"has-post-thumbnail","6":"product_cat-judogurtel","7":"product_shipping_class-gurtel-oder-tasse","9":"first","10":"outofstock","11":"taxable","12":"shipping-taxable","13":"purchasable","14":"product-type-variable"},"exclude_global_add_ons":[],"addons":[],"_links":{"self":[{"href":"https:\/\/fightingfilms.shop\/de\/wp-json\/wp\/v2\/product\/29006","targetHints":{"allow":["GET"]}}],"collection":[{"href":"https:\/\/fightingfilms.shop\/de\/wp-json\/wp\/v2\/product"}],"about":[{"href":"https:\/\/fightingfilms.shop\/de\/wp-json\/wp\/v2\/types\/product"}],"replies":[{"embeddable":true,"href":"https:\/\/fightingfilms.shop\/de\/wp-json\/wp\/v2\/comments?post=29006"}],"wp:featuredmedia":[{"embeddable":true,"href":"https:\/\/fightingfilms.shop\/de\/wp-json\/wp\/v2\/media\/29114"}],"wp:attachment":[{"href":"https:\/\/fightingfilms.shop\/de\/wp-json\/wp\/v2\/media?parent=29006"}],"wp:term":[{"taxonomy":"product_brand","embeddable":true,"href":"https:\/\/fightingfilms.shop\/de\/wp-json\/wp\/v2\/product_brand?post=29006"},{"taxonomy":"product_cat","embeddable":true,"href":"https:\/\/fightingfilms.shop\/de\/wp-json\/wp\/v2\/product_cat?post=29006"},{"taxonomy":"product_tag","embeddable":true,"href":"https:\/\/fightingfilms.shop\/de\/wp-json\/wp\/v2\/product_tag?post=29006"},{"taxonomy":"giftcard-category","embeddable":true,"href":"https:\/\/fightingfilms.shop\/de\/wp-json\/wp\/v2\/giftcard-category?post=29006"}],"curies":[{"name":"wp","href":"https:\/\/api.w.org\/{rel}","templated":true}]}}