{"id":29858,"date":"2025-09-15T12:33:25","date_gmt":"2025-09-15T10:33:25","guid":{"rendered":"https:\/\/fightingfilms.shop\/produit\/oberteil-fuer-schwitzkleidung\/"},"modified":"2025-09-15T12:33:25","modified_gmt":"2025-09-15T10:33:25","slug":"oberteil-fuer-schwitzkleidung","status":"publish","type":"product","link":"https:\/\/fightingfilms.shop\/de\/produit\/oberteil-fuer-schwitzkleidung\/","title":{"rendered":"Oberteil f\u00fcr Schwitzkleidung"},"content":{"rendered":"<p data-start=\"716\" data-end=\"1134\">Unser Fighting FIlms <strong data-start=\"719\" data-end=\"752\">Schwitzoberteil <\/strong>ist der perfekte Verb\u00fcndete f\u00fcr Ihr intensives Training. Es wurde speziell entwickelt, um das Schwitzen zu stimulieren und hilft dabei, \u00fcbersch\u00fcssiges Wasser zu entfernen, die Drainage zu f\u00f6rdern und die Effizienz Ihres Trainings zu steigern. Egal ob Sie Judoka, Kampfsportler oder Fitnesssportler sind, dieser Anzug ist ideal, um Ihre Leistung zu verbessern und Ihre Ziele zu erreichen.  <\/p>\n<p data-start=\"1136\" data-end=\"1470\">Das Kleidungsst\u00fcck aus weichem, strapazierf\u00e4higem Material bietet <strong data-start=\"1204\" data-end=\"1235\">volle Bewegungsfreiheit<\/strong> und erzeugt gleichzeitig einen nat\u00fcrlichen Saunaeffekt. Das Oberteil mit langen \u00c4rmeln sch\u00fctzt den Oberk\u00f6rper und h\u00e4lt die K\u00f6rperw\u00e4rme. <\/p>\n<p data-start=\"1472\" data-end=\"1750\">Sie wurde f\u00fcr eine lange Lebensdauer entwickelt und ist <strong data-start=\"1500\" data-end=\"1553\">widerstandsf\u00e4hig gegen Reibung und wiederholtes Waschen<\/strong>, dabei aber leicht und einfach in Ihrer Sporttasche zu transportieren. Durch sein schlichtes und effizientes Design eignet er sich sowohl f\u00fcr das Training als auch f\u00fcr die spezielle k\u00f6rperliche Vorbereitung. <\/p>\n<p data-start=\"1472\" data-end=\"1750\">W\u00e4hlen Sie zwischen dem kompletten Anzug f\u00fcr effektives Schwitzen oder entscheiden Sie sich je nach Bedarf nur f\u00fcr den unteren oder <strong>oberen<\/strong> Teil des Anzugs!<\/p>\n<h3 data-start=\"1752\" data-end=\"1791\"><strong data-start=\"1756\" data-end=\"1789\">Technische Merkmale :<\/strong><\/h3>\n<ul data-start=\"1792\" data-end=\"2092\">\n<li data-start=\"1792\" data-end=\"1825\">\n<p data-start=\"1794\" data-end=\"1825\">\u2705 Komplettes Outfit: Oberteil + Unterteil vorhanden<\/p>\n<\/li>\n<li data-start=\"1826\" data-end=\"1874\">\n<p data-start=\"1828\" data-end=\"1874\">\u2705 Unisex-Schnitt, f\u00fcr alle Sportler geeignet<\/p>\n<\/li>\n<li data-start=\"1875\" data-end=\"1917\">\n<p data-start=\"1877\" data-end=\"1917\">\u2705 Strapazierf\u00e4higes, weiches und leichtes Material<\/p>\n<\/li>\n<li data-start=\"1918\" data-end=\"1972\">\n<p data-start=\"1920\" data-end=\"1972\">\u2705 F\u00f6rdert die Transpiration und die Wasserausscheidung<\/p>\n<\/li>\n<li data-start=\"1973\" data-end=\"2025\">\n<p data-start=\"1975\" data-end=\"2025\">\u2705 Bequem durch elastische Halteb\u00e4nder<\/p>\n<\/li>\n<li data-start=\"2026\" data-end=\"2092\">\n<p data-start=\"2028\" data-end=\"2092\">\u2705 Ideal f\u00fcr die k\u00f6rperliche Vorbereitung und den schnellen Wasserverlust f\u00fcr Hochleistungssportler.<\/p>\n<\/li>\n<\/ul>\n<p>&nbsp;<\/p>\n<h2 data-start=\"321\" data-end=\"384\">\u26a0\ufe0f Gebrauchsanweisung und Vorsichtsma\u00dfnahmen &#8211; Schwitzkleidung<\/h2>\n<p data-start=\"386\" data-end=\"600\">Das <strong data-start=\"389\" data-end=\"422\">Fighting Films<\/strong> Sweat Top ist so konzipiert, dass es die Transpiration erh\u00f6ht und die Wasserausscheidung w\u00e4hrend des Trainings f\u00f6rdert.<br data-start=\"522\" data-end=\"525\">Allerdings sollte seine Verwendung mit <strong data-start=\"571\" data-end=\"597\">Vorsicht und M\u00e4\u00dfigung<\/strong> erfolgen.<\/p>\n<h3 data-start=\"602\" data-end=\"632\">\u2705 Hinweise zur Verwendung<\/h3>\n<ul data-start=\"633\" data-end=\"989\">\n<li data-start=\"633\" data-end=\"712\">\n<p data-start=\"635\" data-end=\"712\">Tragen Sie die Kleidung nur w\u00e4hrend des Sports oder Aufw\u00e4rmens.<\/p>\n<\/li>\n<li data-start=\"713\" data-end=\"783\">\n<p data-start=\"715\" data-end=\"783\">Trinken Sie regelm\u00e4\u00dfig vor, w\u00e4hrend und nach der Anwendung.<\/p>\n<\/li>\n<li data-start=\"784\" data-end=\"848\">\n<p data-start=\"786\" data-end=\"848\">Verwenden Sie ihn f\u00fcr kurze Zeitr\u00e4ume (30 bis maximal 60 Minuten).<\/p>\n<\/li>\n<li data-start=\"849\" data-end=\"915\">\n<p data-start=\"851\" data-end=\"915\">Bevorzugen Sie ein progressives Training, um Ihren K\u00f6rper daran zu gew\u00f6hnen.<\/p>\n<\/li>\n<li data-start=\"916\" data-end=\"989\">\n<p data-start=\"918\" data-end=\"989\">Waschen und trocknen Sie die Kleidung nach jedem Gebrauch, um die Hygiene aufrechtzuerhalten.<\/p>\n<\/li>\n<\/ul>\n<h3 data-start=\"991\" data-end=\"1029\">\u26a0\ufe0f Risiken und Kontraindikationen<\/h3>\n<ul data-start=\"1030\" data-end=\"1524\">\n<li data-start=\"1030\" data-end=\"1101\">\n<p data-start=\"1032\" data-end=\"1101\">Risiko der <strong data-start=\"1042\" data-end=\"1060\">Dehydrierung<\/strong>, wenn die Hydrierung nicht ausreichend ist.<\/p>\n<\/li>\n<li data-start=\"1102\" data-end=\"1217\">\n<p data-start=\"1104\" data-end=\"1217\">Risiko eines <strong data-start=\"1114\" data-end=\"1144\">Hitzschlags oder Unwohlseins<\/strong> bei zu langer Anstrengung oder in einer hei\u00dfen Umgebung.<\/p>\n<\/li>\n<li data-start=\"1218\" data-end=\"1336\">\n<p data-start=\"1220\" data-end=\"1336\">Verwenden Sie den Anzug nicht, wenn Sie an <strong data-start=\"1265\" data-end=\"1314\">Herz-, Atem- oder Nierenproblemen<\/strong> leiden, es sei denn, Sie werden von einem Arzt dazu aufgefordert.<\/p>\n<\/li>\n<li data-start=\"1337\" data-end=\"1398\">\n<p data-start=\"1339\" data-end=\"1398\">Nicht empfohlen f\u00fcr <strong data-start=\"1356\" data-end=\"1367\">Minderj\u00e4hrige<\/strong> und <strong data-start=\"1375\" data-end=\"1395\">schwangere Frauen<\/strong>.<\/p>\n<\/li>\n<li data-start=\"1399\" data-end=\"1524\">\n<p data-start=\"1401\" data-end=\"1524\">Wenn Sie <strong data-start=\"1411\" data-end=\"1484\">Schwindel, ungew\u00f6hnliche M\u00fcdigkeit, Herzklopfen oder abnormale Kurzatmigkeit<\/strong> bemerken, beenden Sie sofort die Anwendung.<\/p>\n<\/li>\n<li data-start=\"1399\" data-end=\"1524\">Verwenden Sie die begleitete Schwitzkleidung, um jedes Risiko zu vermeiden.<\/li>\n<\/ul>\n<h3 data-start=\"1526\" data-end=\"1549\">\u2139\ufe0f Empfehlung<\/h3>\n<p data-start=\"1550\" data-end=\"1761\">Der Schwei\u00dfanzug ist ein zus\u00e4tzliches Trainingsinstrument.  <strong>Sie darf nicht als einzige Methode zur Gewichtsabnahme verwendet werden und ist kein Ersatz f\u00fcr eine ausgewogene Ern\u00e4hrung und eine angemessene medizinische Betreuung.<\/strong><\/p>\n<div id=\"kurato_extension_modal\"><\/div>\n","protected":false},"excerpt":{"rendered":"<p>Entdecken Sie das Oberteil von Fighting Films, das entwickelt wurde, um die Transpiration zu f\u00f6rdern, den Wasserverlust zu verbessern und Ihre sportlichen Aktivit\u00e4ten zu optimieren. Leicht, strapazierf\u00e4hig und f\u00fcr intensives Training geeignet. <\/p>\n<div id=\"kurato_extension_modal\"><\/div>\n","protected":false},"featured_media":30699,"comment_status":"","ping_status":"closed","template":"","meta":[],"product_brand":[],"product_cat":[340,354],"product_tag":[],"giftcard-category":[],"class_list":{"0":"post-29858","1":"product","2":"type-product","3":"status-publish","4":"has-post-thumbnail","6":"product_cat-judo-zubehor","7":"product_cat-judo-textilien","8":"product_shipping_class-zubehor","10":"first","11":"instock","12":"taxable","13":"shipping-taxable","14":"purchasable","15":"product-type-variable"},"exclude_global_add_ons":[],"addons":[],"_links":{"self":[{"href":"https:\/\/fightingfilms.shop\/de\/wp-json\/wp\/v2\/product\/29858","targetHints":{"allow":["GET"]}}],"collection":[{"href":"https:\/\/fightingfilms.shop\/de\/wp-json\/wp\/v2\/product"}],"about":[{"href":"https:\/\/fightingfilms.shop\/de\/wp-json\/wp\/v2\/types\/product"}],"replies":[{"embeddable":true,"href":"https:\/\/fightingfilms.shop\/de\/wp-json\/wp\/v2\/comments?post=29858"}],"wp:featuredmedia":[{"embeddable":true,"href":"https:\/\/fightingfilms.shop\/de\/wp-json\/wp\/v2\/media\/30699"}],"wp:attachment":[{"href":"https:\/\/fightingfilms.shop\/de\/wp-json\/wp\/v2\/media?parent=29858"}],"wp:term":[{"taxonomy":"product_brand","embeddable":true,"href":"https:\/\/fightingfilms.shop\/de\/wp-json\/wp\/v2\/product_brand?post=29858"},{"taxonomy":"product_cat","embeddable":true,"href":"https:\/\/fightingfilms.shop\/de\/wp-json\/wp\/v2\/product_cat?post=29858"},{"taxonomy":"product_tag","embeddable":true,"href":"https:\/\/fightingfilms.shop\/de\/wp-json\/wp\/v2\/product_tag?post=29858"},{"taxonomy":"giftcard-category","embeddable":true,"href":"https:\/\/fightingfilms.shop\/de\/wp-json\/wp\/v2\/giftcard-category?post=29858"}],"curies":[{"name":"wp","href":"https:\/\/api.w.org\/{rel}","templated":true}]}}