{"id":29986,"date":"2025-09-15T14:40:14","date_gmt":"2025-09-15T12:40:14","guid":{"rendered":"https:\/\/fightingfilms.shop\/produit\/schwarzes-judo-sweatshirt\/"},"modified":"2025-09-15T14:40:14","modified_gmt":"2025-09-15T12:40:14","slug":"schwarzes-judo-sweatshirt","status":"publish","type":"product","link":"https:\/\/fightingfilms.shop\/de\/produit\/schwarzes-judo-sweatshirt\/","title":{"rendered":"Schwarzes Judo-Sweatshirt"},"content":{"rendered":"<p data-start=\"643\" data-end=\"920\">Das <strong data-start=\"646\" data-end=\"692\">schwarze Judo-Sweatshirt Fighting Films<\/strong> kombiniert Komfort, Schlichtheit und eine starke Identit\u00e4t. Es wurde f\u00fcr Judokas und Sportbegeisterte entworfen und ist ideal f\u00fcr Aufw\u00e4rm\u00fcbungen, Training, Reisen oder einfach f\u00fcr einen sportlichen Look im Alltag. <\/p>\n<p data-start=\"922\" data-end=\"1209\">Aus <strong data-start=\"939\" data-end=\"966\">weicher, strapazierf\u00e4higer Baumwolle<\/strong> gefertigt, bietet es optimalen Tragekomfort und h\u00e4lt auch wiederholtem Tragen und h\u00e4ufigem Waschen stand. Der sportliche Schnitt sorgt f\u00fcr <strong data-start=\"1092\" data-end=\"1123\">absolute Bewegungsfreiheit<\/strong>, die sowohl beim Aufw\u00e4rmen als auch im Alltag unerl\u00e4sslich ist. <\/p>\n<p data-start=\"1211\" data-end=\"1285\">Das Design dieses Sweatshirts spiegelt perfekt den Geist von <strong data-start=\"1263\" data-end=\"1281\">Fighting Films<\/strong> wider:<\/p>\n<ul data-start=\"1286\" data-end=\"1526\">\n<li data-start=\"1286\" data-end=\"1366\">\n<p data-start=\"1288\" data-end=\"1366\">Auf der Vorderseite befindet sich ein <strong data-start=\"1302\" data-end=\"1343\">rotes FF-Logo, das auf Herzh\u00f6he gestickt<\/strong> ist, diskret und elegant.<\/p>\n<\/li>\n<li data-start=\"1367\" data-end=\"1526\">\n<p data-start=\"1369\" data-end=\"1526\">Auf dem R\u00fccken befindet sich ein <strong data-start=\"1385\" data-end=\"1408\">gro\u00dfes &#8222;F&#8220; als Signatur<\/strong>, das in zwei Versionen erh\u00e4ltlich ist: Rot f\u00fcr einen starken Stil oder Ton-in-Ton Schwarz f\u00fcr diejenigen, die Diskretion bevorzugen.<\/p>\n<\/li>\n<\/ul>\n<p data-start=\"1528\" data-end=\"1676\">Dieses schlichte und raffinierte Sweatshirt verk\u00f6rpert das Gleichgewicht zwischen martialischer Tradition und Modernit\u00e4t, getreu der Welt des Judo und den Werten von Fighting Films.<\/p>\n<h3 data-start=\"1678\" data-end=\"1706\"><strong data-start=\"1682\" data-end=\"1704\">Eigenschaften :<\/strong><\/h3>\n<ul data-start=\"1707\" data-end=\"1964\">\n<li data-start=\"1707\" data-end=\"1727\">\n<p data-start=\"1709\" data-end=\"1727\">\u2705 Farbe: Schwarz<\/p>\n<\/li>\n<li data-start=\"1728\" data-end=\"1763\">\n<p data-start=\"1730\" data-end=\"1763\">\u2705 Gesticktes rotes FF-Logo auf der Herzseite<\/p>\n<\/li>\n<li data-start=\"1764\" data-end=\"1819\">\n<p data-start=\"1766\" data-end=\"1819\">\u2705 Gro\u00dfes beflocktes &#8222;F&#8220; auf dem R\u00fccken (rot oder schwarz Ton in Ton)<\/p>\n<\/li>\n<li data-start=\"1820\" data-end=\"1866\">\n<p data-start=\"1822\" data-end=\"1866\">\u2705 Material: weiche, dicke und strapazierf\u00e4hige Baumwolle<\/p>\n<\/li>\n<li data-start=\"1867\" data-end=\"1902\">\n<p data-start=\"1869\" data-end=\"1902\">\u2705 Sportlicher und komfortabler Schnitt<\/p>\n<\/li>\n<li data-start=\"1903\" data-end=\"1964\">\n<p data-start=\"1905\" data-end=\"1964\">\u2705 Geeignet f\u00fcr Aufw\u00e4rmen, Training und Alltag<\/p>\n<\/li>\n<\/ul>\n<h3 data-start=\"1966\" data-end=\"1987\"><strong data-start=\"1970\" data-end=\"1985\">Vorteile :<\/strong><\/h3>\n<ul data-start=\"1988\" data-end=\"2254\">\n<li data-start=\"1988\" data-end=\"2047\">\n<p data-start=\"1990\" data-end=\"2047\">Bequem und warm, ideal vor oder nach dem Training<\/p>\n<\/li>\n<li data-start=\"2048\" data-end=\"2113\">\n<p data-start=\"2050\" data-end=\"2113\">Schlichter, martialischer Stil, leicht au\u00dferhalb des Dojos tragbar<\/p>\n<\/li>\n<li data-start=\"2114\" data-end=\"2165\">\n<p data-start=\"2116\" data-end=\"2165\">Widerstandsf\u00e4higkeit und Nachhaltigkeit von Fighting Films<\/p>\n<\/li>\n<li data-start=\"2166\" data-end=\"2254\">\n<p data-start=\"2168\" data-end=\"2254\">Wahl zwischen einer <strong data-start=\"2192\" data-end=\"2209\">auff\u00e4lligen<\/strong> (rot) oder <strong data-start=\"2221\" data-end=\"2233\">diskreten<\/strong> (schwarz Ton in Ton) Version<\/p>\n<\/li>\n<\/ul>\n<h3 data-start=\"2261\" data-end=\"2283\">Entdecken Sie auch&#8230;<\/h3>\n<p data-start=\"2284\" data-end=\"2478\">Vervollst\u00e4ndigen Sie Ihren Look mit der <strong data-start=\"2313\" data-end=\"2351\">Fighting Films Jogginghose<\/strong> f\u00fcr ein einheitliches und praktisches Outfit f\u00fcr Wettk\u00e4mpfe, zum Aufw\u00e4rmen und f\u00fcr die Freizeit.<\/p>\n<div id=\"kurato_extension_modal\"><\/div>\n<div id=\"kurato_extension_modal\"><\/div>\n","protected":false},"excerpt":{"rendered":"<p>Entdecken Sie das schwarze Judo-Sweatshirt von <strong data-start=\"442\" data-end=\"460\">Fighting Films<\/strong>, mit rotem FF-Logo auf der Brust und einem gro\u00dfen &#8222;F&#8220; auf dem R\u00fccken. Bequem, strapazierf\u00e4hig und stilvoll, perfekt f\u00fcr Judokas und Sportler, f\u00fcr das Training oder den Alltag! <\/p>\n<div id=\"kurato_extension_modal\"><\/div>\n<div id=\"kurato_extension_modal\"><\/div>\n","protected":false},"featured_media":30664,"comment_status":"","ping_status":"closed","template":"","meta":[],"product_brand":[],"product_cat":[340,354],"product_tag":[],"giftcard-category":[],"class_list":{"0":"post-29986","1":"product","2":"type-product","3":"status-publish","4":"has-post-thumbnail","6":"product_cat-judo-zubehor","7":"product_cat-judo-textilien","8":"product_shipping_class-zubehor","10":"first","11":"instock","12":"taxable","13":"shipping-taxable","14":"purchasable","15":"product-type-variable"},"exclude_global_add_ons":[],"addons":[],"_links":{"self":[{"href":"https:\/\/fightingfilms.shop\/de\/wp-json\/wp\/v2\/product\/29986","targetHints":{"allow":["GET"]}}],"collection":[{"href":"https:\/\/fightingfilms.shop\/de\/wp-json\/wp\/v2\/product"}],"about":[{"href":"https:\/\/fightingfilms.shop\/de\/wp-json\/wp\/v2\/types\/product"}],"replies":[{"embeddable":true,"href":"https:\/\/fightingfilms.shop\/de\/wp-json\/wp\/v2\/comments?post=29986"}],"wp:featuredmedia":[{"embeddable":true,"href":"https:\/\/fightingfilms.shop\/de\/wp-json\/wp\/v2\/media\/30664"}],"wp:attachment":[{"href":"https:\/\/fightingfilms.shop\/de\/wp-json\/wp\/v2\/media?parent=29986"}],"wp:term":[{"taxonomy":"product_brand","embeddable":true,"href":"https:\/\/fightingfilms.shop\/de\/wp-json\/wp\/v2\/product_brand?post=29986"},{"taxonomy":"product_cat","embeddable":true,"href":"https:\/\/fightingfilms.shop\/de\/wp-json\/wp\/v2\/product_cat?post=29986"},{"taxonomy":"product_tag","embeddable":true,"href":"https:\/\/fightingfilms.shop\/de\/wp-json\/wp\/v2\/product_tag?post=29986"},{"taxonomy":"giftcard-category","embeddable":true,"href":"https:\/\/fightingfilms.shop\/de\/wp-json\/wp\/v2\/giftcard-category?post=29986"}],"curies":[{"name":"wp","href":"https:\/\/api.w.org\/{rel}","templated":true}]}}