{"id":30269,"date":"2025-09-18T15:04:12","date_gmt":"2025-09-18T13:04:12","guid":{"rendered":"https:\/\/fightingfilms.shop\/produit\/rashguard-mit-langen-aermeln\/"},"modified":"2025-09-18T15:04:12","modified_gmt":"2025-09-18T13:04:12","slug":"rashguard-mit-langen-aermeln","status":"publish","type":"product","link":"https:\/\/fightingfilms.shop\/de\/produit\/rashguard-mit-langen-aermeln\/","title":{"rendered":"Rashguard mit langen \u00c4rmeln"},"content":{"rendered":"<p data-start=\"680\" data-end=\"1009\">Das <strong data-start=\"683\" data-end=\"727\">Fighting Films Langarm-Rashguard<\/strong> wurde entwickelt, um die Bed\u00fcrfnisse von Judokas, Brazilian Jiu-Jitsu und No-Gi-Liebhabern zu erf\u00fcllen. Es wurde entwickelt, um <strong data-start=\"855\" data-end=\"934\">maximalen Komfort, optimalen Schutz und Bewegungsfreiheit<\/strong> zu bieten. Es kombiniert Technik und martialisches Design, getreu der DNA von Fighting Films. <\/p>\n<p data-start=\"1011\" data-end=\"1350\">Aus hochwertigem, <strong data-start=\"1023\" data-end=\"1062\">dehnbarem Spandex<\/strong> gefertigt, passt es sich perfekt an die K\u00f6rperform an und macht jede Bewegung uneingeschr\u00e4nkt mit. Dank des <strong data-start=\"1167\" data-end=\"1209\">integrierten Taillenbandes<\/strong> bleibt das Rashguard w\u00e4hrend des Trainings und des Kampfes an Ort und Stelle und verhindert, dass es bei intensiven Phasen am Boden oder im Stehen hochrutscht. <\/p>\n<p data-start=\"1352\" data-end=\"1429\">Er ist in <strong data-start=\"1366\" data-end=\"1386\">Schwarz oder Wei\u00df<\/strong> erh\u00e4ltlich und hat ein schlichtes und kraftvolles Design:<\/p>\n<ul data-start=\"1430\" data-end=\"1644\">\n<li data-start=\"1430\" data-end=\"1530\">\n<p data-start=\"1432\" data-end=\"1530\">Ein <strong data-start=\"1435\" data-end=\"1464\">gro\u00dfes schwarzes &#8222;F&#8220; auf dem R\u00fccken f\u00fcr die schwarze Version und ein rotes &#8222;F&#8220; f\u00fcr die wei\u00dfe Version,<\/strong> inspiriert vom Fighting Films Logo, f\u00fcr einen ausgepr\u00e4gten Kampfstil.<\/p>\n<\/li>\n<li data-start=\"1531\" data-end=\"1644\">\n<p data-start=\"1533\" data-end=\"1644\">Ein <strong data-start=\"1536\" data-end=\"1568\">kleines rotes Logo auf dem Herzen<\/strong> und ein weiteres auf dem \u00c4rmel sorgen f\u00fcr einen Hauch von Eleganz und Identit\u00e4t.<\/p>\n<\/li>\n<\/ul>\n<p data-start=\"1646\" data-end=\"1916\">Dieses Rashguard wurde entwickelt, um den Belastungen des Kampfsports standzuhalten. Es reduziert Reibungen, sch\u00fctzt die Haut und erleichtert den Schwei\u00dftransport. Es ist ein wesentlicher Vorteil f\u00fcr Ihr t\u00e4gliches Training und Ihre Wettk\u00e4mpfe im <strong data-start=\"1891\" data-end=\"1913\">Judo, JJB oder No-Gi<\/strong>. <\/p>\n<h3 data-start=\"1918\" data-end=\"1946\"><strong data-start=\"1922\" data-end=\"1944\">Eigenschaften :<\/strong><\/h3>\n<ul data-start=\"1947\" data-end=\"2285\">\n<li data-start=\"1947\" data-end=\"1986\">\n<p data-start=\"1949\" data-end=\"1986\">\u2705 Unisex Langarm-Rashguard<\/p>\n<\/li>\n<li data-start=\"1987\" data-end=\"2034\">\n<p data-start=\"1989\" data-end=\"2034\">\u2705 Material: dehnbarer und atmungsaktiver Spandex<\/p>\n<\/li>\n<li data-start=\"2035\" data-end=\"2097\">\n<p data-start=\"2037\" data-end=\"2097\">\u2705 Taillenband f\u00fcr eine perfekte Passform<\/p>\n<\/li>\n<li data-start=\"2098\" data-end=\"2162\">\n<p data-start=\"2100\" data-end=\"2162\">\u2705 Gro\u00dfes schwarzes &#8222;F&#8220; auf dem R\u00fccken (H\u00e4lfte des Fighting Films-Logos)<\/p>\n<\/li>\n<li data-start=\"2163\" data-end=\"2217\">\n<p data-start=\"2165\" data-end=\"2217\">\u2705 Kleines rotes FF-Logo auf dem Herzen und auf dem \u00c4rmel<\/p>\n<\/li>\n<li data-start=\"2218\" data-end=\"2255\">\n<p data-start=\"2220\" data-end=\"2255\">\u2705 Erh\u00e4ltlich in <strong data-start=\"2236\" data-end=\"2253\">Schwarz oder Wei\u00df<\/strong><\/p>\n<\/li>\n<li data-start=\"2256\" data-end=\"2285\">\n<p data-start=\"2258\" data-end=\"2285\">\u2705 Gr\u00f6\u00dfen: <strong data-start=\"2270\" data-end=\"2283\">XXS bis XXL<\/strong><\/p>\n<\/li>\n<\/ul>\n<h3 data-start=\"2287\" data-end=\"2308\"><strong data-start=\"2291\" data-end=\"2306\">Vorteile :<\/strong><\/h3>\n<ul data-start=\"2309\" data-end=\"2598\">\n<li data-start=\"2309\" data-end=\"2372\">\n<p data-start=\"2311\" data-end=\"2372\">Optimale Bewegungsfreiheit dank des dehnbaren Materials<\/p>\n<\/li>\n<li data-start=\"2373\" data-end=\"2425\">\n<p data-start=\"2375\" data-end=\"2425\">Bleibt dank des Haltebandes an Ort und Stelle<\/p>\n<\/li>\n<li data-start=\"2426\" data-end=\"2487\">\n<p data-start=\"2428\" data-end=\"2487\">Sch\u00fctzt die Haut vor Reibung und Verbrennungen auf der Tatami.<\/p>\n<\/li>\n<li data-start=\"2488\" data-end=\"2546\">\n<p data-start=\"2490\" data-end=\"2546\">Diskretes und elegantes martialisches Design von Fighting Films<\/p>\n<\/li>\n<li data-start=\"2547\" data-end=\"2598\">\n<p data-start=\"2549\" data-end=\"2598\">Geeignet f\u00fcr Judo, JJB und No-Gi<\/p>\n<\/li>\n<\/ul>\n<div id=\"kurato_extension_modal\"><\/div>\n","protected":false},"excerpt":{"rendered":"<p data-start=\"114\" data-end=\"509\">Das <strong data-start=\"117\" data-end=\"161\">Fighting Films Langarm-Rashguard<\/strong> vereint Komfort, Technik und Kampfdesign.<br data-start=\"206\" data-end=\"209\">Aus dehnbarem Elasthan gefertigt, bietet es volle Bewegungsfreiheit und ausgezeichnete Strapazierf\u00e4higkeit.<br data-start=\"308\" data-end=\"311\">Das Taillenband verhindert, dass es w\u00e4hrend des Trainings oder Kampfes hochrutscht.<br data-start=\"403\" data-end=\"406\">Unisex, erh\u00e4ltlich von XXS bis XXL, in schwarz oder wei\u00df, ist es perfekt f\u00fcr Judo, JJB und No-gi.<\/p>\n<div id=\"kurato_extension_modal\"><\/div>\n","protected":false},"featured_media":30430,"comment_status":"","ping_status":"closed","template":"","meta":[],"product_brand":[],"product_cat":[340,354],"product_tag":[],"giftcard-category":[],"class_list":{"0":"post-30269","1":"product","2":"type-product","3":"status-publish","4":"has-post-thumbnail","6":"product_cat-judo-zubehor","7":"product_cat-judo-textilien","8":"product_shipping_class-zubehor","10":"first","11":"instock","12":"taxable","13":"shipping-taxable","14":"purchasable","15":"product-type-variable"},"exclude_global_add_ons":[],"addons":[],"_links":{"self":[{"href":"https:\/\/fightingfilms.shop\/de\/wp-json\/wp\/v2\/product\/30269","targetHints":{"allow":["GET"]}}],"collection":[{"href":"https:\/\/fightingfilms.shop\/de\/wp-json\/wp\/v2\/product"}],"about":[{"href":"https:\/\/fightingfilms.shop\/de\/wp-json\/wp\/v2\/types\/product"}],"replies":[{"embeddable":true,"href":"https:\/\/fightingfilms.shop\/de\/wp-json\/wp\/v2\/comments?post=30269"}],"wp:featuredmedia":[{"embeddable":true,"href":"https:\/\/fightingfilms.shop\/de\/wp-json\/wp\/v2\/media\/30430"}],"wp:attachment":[{"href":"https:\/\/fightingfilms.shop\/de\/wp-json\/wp\/v2\/media?parent=30269"}],"wp:term":[{"taxonomy":"product_brand","embeddable":true,"href":"https:\/\/fightingfilms.shop\/de\/wp-json\/wp\/v2\/product_brand?post=30269"},{"taxonomy":"product_cat","embeddable":true,"href":"https:\/\/fightingfilms.shop\/de\/wp-json\/wp\/v2\/product_cat?post=30269"},{"taxonomy":"product_tag","embeddable":true,"href":"https:\/\/fightingfilms.shop\/de\/wp-json\/wp\/v2\/product_tag?post=30269"},{"taxonomy":"giftcard-category","embeddable":true,"href":"https:\/\/fightingfilms.shop\/de\/wp-json\/wp\/v2\/giftcard-category?post=30269"}],"curies":[{"name":"wp","href":"https:\/\/api.w.org\/{rel}","templated":true}]}}