{"id":33310,"date":"2026-02-19T11:41:08","date_gmt":"2026-02-19T10:41:08","guid":{"rendered":"https:\/\/fightingfilms.shop\/produit\/porte-cles-jigoro-kano\/"},"modified":"2026-02-19T11:45:36","modified_gmt":"2026-02-19T10:45:36","slug":"porte-cles-jigoro-kano","status":"publish","type":"product","link":"https:\/\/fightingfilms.shop\/de\/produit\/porte-cles-jigoro-kano\/","title":{"rendered":"Jigoro Kano Schl\u00fcsselanh\u00e4nger"},"content":{"rendered":"<p data-start=\"183\" data-end=\"476\">Huldigen Sie dem Gr\u00fcnder des Judo mit diesem <strong data-start=\"227\" data-end=\"253\">Jigoro Kano Schl\u00fcsselanh\u00e4nger<\/strong> mit einem originellen und symbolischen Design. Dieser Schl\u00fcsselanh\u00e4nger ist in einem traditionellen Anzug mit gekreuzten Armen und der Aufschrift &#8222;Judo&#8220; abgebildet und verk\u00f6rpert die Grundwerte dieser Kampfkunst: Respekt, Disziplin und Hilfsbereitschaft. <\/p>\n<p data-start=\"478\" data-end=\"568\">Ein unverzichtbares Accessoire f\u00fcr alle Liebhaber von Judo und japanischen Kampfsportarten.<\/p>\n<h2 data-start=\"575\" data-end=\"612\">\ud83e\udd4b Eine Hommage an den Gr\u00fcnder des Judo<\/h2>\n<p data-start=\"614\" data-end=\"824\">Dieser Schl\u00fcsselanh\u00e4nger ehrt <strong data-start=\"644\" data-end=\"659\">Jigoro Kano<\/strong>, den Erfinder des modernen Judos. Die stilisierte Abbildung eines wei\u00dfen Judogis und der von Japan inspirierte Hintergrund machen diesen Schl\u00fcsselanh\u00e4nger zu einem symbolischen und modernen Gegenstand. <\/p>\n<p data-start=\"826\" data-end=\"838\">Ideal f\u00fcr :<\/p>\n<ul data-start=\"839\" data-end=\"975\">\n<li data-start=\"839\" data-end=\"877\">\n<p data-start=\"841\" data-end=\"877\">Judoka f\u00fcr Anf\u00e4nger und Fortgeschrittene<\/p>\n<\/li>\n<li data-start=\"878\" data-end=\"914\">\n<p data-start=\"880\" data-end=\"914\">Judolehrer und Judoclubs<\/p>\n<\/li>\n<li data-start=\"915\" data-end=\"935\">\n<p data-start=\"917\" data-end=\"935\">Die Wettk\u00e4mpfer<\/p>\n<\/li>\n<li data-start=\"936\" data-end=\"975\">\n<p data-start=\"938\" data-end=\"975\">Liebhaber der japanischen Kultur<\/p>\n<\/li>\n<\/ul>\n<h2 data-start=\"982\" data-end=\"1018\">\ud83d\udd11 Merkmale des Schl\u00fcsselanh\u00e4ngers<\/h2>\n<ul data-start=\"1020\" data-end=\"1274\">\n<li data-start=\"1020\" data-end=\"1061\">\n<p data-start=\"1022\" data-end=\"1061\"><strong data-start=\"1022\" data-end=\"1035\">Material:<\/strong> Weiches und widerstandsf\u00e4higes PVC<\/p>\n<\/li>\n<li data-start=\"1062\" data-end=\"1107\">\n<p data-start=\"1064\" data-end=\"1107\"><strong data-start=\"1064\" data-end=\"1075\">Form:<\/strong> Rundes Medaillon mit 3D-Relief<\/p>\n<\/li>\n<li data-start=\"1108\" data-end=\"1145\">\n<p data-start=\"1110\" data-end=\"1145\"><strong data-start=\"1110\" data-end=\"1124\">Farben:<\/strong> Schwarz, Wei\u00df, Rot<\/p>\n<\/li>\n<li data-start=\"1146\" data-end=\"1189\">\n<p data-start=\"1148\" data-end=\"1189\"><strong data-start=\"1148\" data-end=\"1161\">Attach\u00e9:<\/strong> Robuster Metallring<\/p>\n<\/li>\n<li data-start=\"1190\" data-end=\"1274\">\n<p data-start=\"1192\" data-end=\"1274\"><strong data-start=\"1192\" data-end=\"1204\">Design:<\/strong> Illustration von Jigoro Kano mit dem Schriftzug &#8222;Judo&#8220; im Hintergrund<\/p>\n<\/li>\n<\/ul>\n<p data-start=\"1276\" data-end=\"1367\">Es ist stark und langlebig, h\u00e4lt der t\u00e4glichen Abnutzung stand und beh\u00e4lt seine Farben \u00fcber die Zeit.<\/p>\n<h2 data-start=\"1374\" data-end=\"1416\">\ud83c\udf81 Eine perfekte Geschenkidee f\u00fcr Judoka<\/h2>\n<p data-start=\"1418\" data-end=\"1474\">Dieser Judo-Schl\u00fcsselanh\u00e4nger ist eine ausgezeichnete Geschenkidee f\u00fcr :<\/p>\n<ul data-start=\"1476\" data-end=\"1613\">\n<li data-start=\"1476\" data-end=\"1502\">\n<p data-start=\"1478\" data-end=\"1502\">Eine G\u00fcrtelverleihung<\/p>\n<\/li>\n<li data-start=\"1503\" data-end=\"1538\">\n<p data-start=\"1505\" data-end=\"1538\">Eine Belohnung am Ende der Saison<\/p>\n<\/li>\n<li data-start=\"1539\" data-end=\"1570\">\n<p data-start=\"1541\" data-end=\"1570\">Ein Praktikum oder ein Wettbewerb<\/p>\n<\/li>\n<li data-start=\"1571\" data-end=\"1613\">\n<p data-start=\"1573\" data-end=\"1613\">Ein Geburtstag eines Judo-Liebhabers<\/p>\n<\/li>\n<\/ul>\n<p data-start=\"1615\" data-end=\"1660\">Klein in der Gr\u00f6\u00dfe, gro\u00df in der Symbolik.<\/p>\n","protected":false},"excerpt":{"rendered":"<p>Entdecken Sie den Schl\u00fcsselanh\u00e4nger Jigoro Kano, Gr\u00fcnder des Judo, in traditioneller Kleidung vor dem Schriftzug &#8222;Judo&#8220;.<br data-start=\"2318\" data-end=\"2321\">Ideal f\u00fcr alle Judoka, vom j\u00fcngsten bis zum erfahrensten, sowie f\u00fcr Vereine als Geschenk f\u00fcr ihre Mitglieder!<br data-start=\"2381\" data-end=\"2384\">Eine symbolische und originelle Geschenkidee f\u00fcr jeden Judoliebhaber.<\/p>\n","protected":false},"featured_media":33982,"comment_status":"closed","ping_status":"closed","template":"","meta":[],"product_brand":[],"product_cat":[340,1145],"product_tag":[],"giftcard-category":[],"class_list":{"0":"post-33310","1":"product","2":"type-product","3":"status-publish","4":"has-post-thumbnail","6":"product_cat-judo-zubehor","7":"product_cat-judo-goodies-kollektion","8":"product_shipping_class-zubehor","10":"first","11":"instock","12":"taxable","13":"shipping-taxable","14":"purchasable","15":"product-type-simple"},"exclude_global_add_ons":[],"addons":[],"_links":{"self":[{"href":"https:\/\/fightingfilms.shop\/de\/wp-json\/wp\/v2\/product\/33310","targetHints":{"allow":["GET"]}}],"collection":[{"href":"https:\/\/fightingfilms.shop\/de\/wp-json\/wp\/v2\/product"}],"about":[{"href":"https:\/\/fightingfilms.shop\/de\/wp-json\/wp\/v2\/types\/product"}],"replies":[{"embeddable":true,"href":"https:\/\/fightingfilms.shop\/de\/wp-json\/wp\/v2\/comments?post=33310"}],"wp:featuredmedia":[{"embeddable":true,"href":"https:\/\/fightingfilms.shop\/de\/wp-json\/wp\/v2\/media\/33982"}],"wp:attachment":[{"href":"https:\/\/fightingfilms.shop\/de\/wp-json\/wp\/v2\/media?parent=33310"}],"wp:term":[{"taxonomy":"product_brand","embeddable":true,"href":"https:\/\/fightingfilms.shop\/de\/wp-json\/wp\/v2\/product_brand?post=33310"},{"taxonomy":"product_cat","embeddable":true,"href":"https:\/\/fightingfilms.shop\/de\/wp-json\/wp\/v2\/product_cat?post=33310"},{"taxonomy":"product_tag","embeddable":true,"href":"https:\/\/fightingfilms.shop\/de\/wp-json\/wp\/v2\/product_tag?post=33310"},{"taxonomy":"giftcard-category","embeddable":true,"href":"https:\/\/fightingfilms.shop\/de\/wp-json\/wp\/v2\/giftcard-category?post=33310"}],"curies":[{"name":"wp","href":"https:\/\/api.w.org\/{rel}","templated":true}]}}