{"id":33315,"date":"2026-02-19T11:34:53","date_gmt":"2026-02-19T10:34:53","guid":{"rendered":"https:\/\/fightingfilms.shop\/produit\/judogi-schluesselanhaenger\/"},"modified":"2026-02-19T11:34:53","modified_gmt":"2026-02-19T10:34:53","slug":"judogi-schluesselanhaenger","status":"publish","type":"product","link":"https:\/\/fightingfilms.shop\/de\/produit\/judogi-schluesselanhaenger\/","title":{"rendered":"Judogi-Schl\u00fcsselanh\u00e4nger"},"content":{"rendered":"<p data-start=\"164\" data-end=\"411\">Zeigen Sie Ihre Leidenschaft f\u00fcr den Kampfsport mit diesem <strong data-start=\"218\" data-end=\"252\">Judogi Schl\u00fcsselanh\u00e4nger aus Kunststoff<\/strong>, der eine Miniaturreproduktion eines traditionellen Judokimonos ist. Er ist elegant, leicht und robust und passt stilvoll zu Ihren Schl\u00fcsseln, Taschen oder Sportausr\u00fcstungen. <\/p>\n<h2 data-start=\"413\" data-end=\"456\">\ud83e\udd4b Authentisches, vom Judo inspiriertes Design<\/h2>\n<p data-start=\"458\" data-end=\"533\">Dieser Schl\u00fcsselanh\u00e4nger stellt einen <strong data-start=\"486\" data-end=\"502\">wei\u00dfen Judogi<\/strong> dar, der sorgf\u00e4ltig detailliert ist, mit :<\/p>\n<ul data-start=\"535\" data-end=\"721\">\n<li data-start=\"535\" data-end=\"579\">\n<p data-start=\"537\" data-end=\"579\">Ein <strong data-start=\"541\" data-end=\"559\">schwarzer G\u00fcrtel,<\/strong> der in der Taille gebunden ist<\/p>\n<\/li>\n<li data-start=\"580\" data-end=\"616\">\n<p data-start=\"582\" data-end=\"616\">Ein traditioneller Kreuzschnitt<\/p>\n<\/li>\n<li data-start=\"617\" data-end=\"691\">\n<p data-start=\"619\" data-end=\"691\">Eine diskrete rote Markierung auf der Brust, die an die japanische Welt erinnert.<\/p>\n<\/li>\n<li data-start=\"692\" data-end=\"721\">\n<p data-start=\"694\" data-end=\"721\">Ein modernes mattes Finish<\/p>\n<\/li>\n<\/ul>\n<p data-start=\"723\" data-end=\"804\">Das perfekte Goodie f\u00fcr alle, die sich f\u00fcr <strong data-start=\"754\" data-end=\"762\">Judo<\/strong>, Kampfsport oder die japanische Kultur begeistern.<\/p>\n<h2 data-start=\"811\" data-end=\"844\">Technische Spezifikationen des Judogi-Schl\u00fcsselanh\u00e4ngers<\/h2>\n<ul data-start=\"846\" data-end=\"1078\">\n<li data-start=\"846\" data-end=\"887\">\n<p data-start=\"848\" data-end=\"887\"><strong data-start=\"848\" data-end=\"861\">Material:<\/strong> Widerstandsf\u00e4higer PVC-Kunststoff<\/p>\n<\/li>\n<li data-start=\"888\" data-end=\"931\">\n<p data-start=\"890\" data-end=\"931\"><strong data-start=\"890\" data-end=\"903\">Farbe:<\/strong> Wei\u00df mit schwarzem G\u00fcrtel<\/p>\n<\/li>\n<li data-start=\"932\" data-end=\"986\">\n<p data-start=\"934\" data-end=\"986\"><strong data-start=\"934\" data-end=\"947\">Befestigung:<\/strong> Starker Metallring + Kette<\/p>\n<\/li>\n<li data-start=\"987\" data-end=\"1039\">\n<p data-start=\"989\" data-end=\"1039\"><strong data-start=\"989\" data-end=\"1000\">Gewicht:<\/strong> Leicht, ideal f\u00fcr den t\u00e4glichen Gebrauch<\/p>\n<\/li>\n<li data-start=\"1040\" data-end=\"1078\">\n<p data-start=\"1042\" data-end=\"1078\"><strong data-start=\"1042\" data-end=\"1054\">Format:<\/strong> Realistische 3D-Miniatur<\/p>\n<\/li>\n<\/ul>\n<p data-start=\"1080\" data-end=\"1145\">Er ist stark und langlebig, sto\u00dffest und widerstandsf\u00e4hig gegen den t\u00e4glichen Verschlei\u00df.<\/p>\n<h2 data-start=\"1152\" data-end=\"1195\">\ud83c\udf81 Eine originelle Geschenkidee f\u00fcr Judoka<\/h2>\n<p data-start=\"1197\" data-end=\"1255\">Dieser Judogi-Schl\u00fcsselanh\u00e4nger ist eine ausgezeichnete Geschenkidee f\u00fcr :<\/p>\n<ul data-start=\"1257\" data-end=\"1418\">\n<li data-start=\"1257\" data-end=\"1295\">\n<p data-start=\"1259\" data-end=\"1295\">Ein <strong data-start=\"1262\" data-end=\"1293\">Judoka, der Anf\u00e4nger oder Fortgeschrittener ist<\/strong><\/p>\n<\/li>\n<li data-start=\"1296\" data-end=\"1329\">\n<p data-start=\"1298\" data-end=\"1329\">Ein Kind, das mit Judo beginnt<\/p>\n<\/li>\n<li data-start=\"1330\" data-end=\"1363\">\n<p data-start=\"1332\" data-end=\"1363\">Ein Kampfsportlehrer<\/p>\n<\/li>\n<li data-start=\"1364\" data-end=\"1418\">\n<p data-start=\"1366\" data-end=\"1418\">Ein Judoclub (Auszeichnungen, Goodies, Veranstaltungen)<\/p>\n<\/li>\n<\/ul>\n<p data-start=\"1420\" data-end=\"1512\">Es ist ein kleines symbolisches Accessoire, das f\u00fcr <strong data-start=\"1472\" data-end=\"1511\">Disziplin, Respekt und Beharrlichkeit<\/strong> steht.<\/p>\n","protected":false},"excerpt":{"rendered":"<p>Zeigen Sie Ihre Leidenschaft f\u00fcr Judo mit diesem Judogi-Schl\u00fcsselanh\u00e4nger aus Kunststoff, der einen wei\u00dfen Kimono mit schwarzem G\u00fcrtel darstellt. Er ist leicht, robust und detailliert und l\u00e4sst sich leicht an Ihren Schl\u00fcsseln oder Ihrer Sporttasche befestigen. <\/p>\n<p>Ein unverzichtbares Judo-Goodies f\u00fcr jeden Judoka und eine perfekte Geschenkidee f\u00fcr Kampfsportfans.<\/p>\n","protected":false},"featured_media":33987,"comment_status":"","ping_status":"closed","template":"","meta":[],"product_brand":[],"product_cat":[340,1145],"product_tag":[],"giftcard-category":[],"class_list":{"0":"post-33315","1":"product","2":"type-product","3":"status-publish","4":"has-post-thumbnail","6":"product_cat-judo-zubehor","7":"product_cat-judo-goodies-kollektion","8":"product_shipping_class-zubehor","10":"first","11":"instock","12":"taxable","13":"shipping-taxable","14":"purchasable","15":"product-type-simple"},"exclude_global_add_ons":[],"addons":[],"_links":{"self":[{"href":"https:\/\/fightingfilms.shop\/de\/wp-json\/wp\/v2\/product\/33315","targetHints":{"allow":["GET"]}}],"collection":[{"href":"https:\/\/fightingfilms.shop\/de\/wp-json\/wp\/v2\/product"}],"about":[{"href":"https:\/\/fightingfilms.shop\/de\/wp-json\/wp\/v2\/types\/product"}],"replies":[{"embeddable":true,"href":"https:\/\/fightingfilms.shop\/de\/wp-json\/wp\/v2\/comments?post=33315"}],"wp:featuredmedia":[{"embeddable":true,"href":"https:\/\/fightingfilms.shop\/de\/wp-json\/wp\/v2\/media\/33987"}],"wp:attachment":[{"href":"https:\/\/fightingfilms.shop\/de\/wp-json\/wp\/v2\/media?parent=33315"}],"wp:term":[{"taxonomy":"product_brand","embeddable":true,"href":"https:\/\/fightingfilms.shop\/de\/wp-json\/wp\/v2\/product_brand?post=33315"},{"taxonomy":"product_cat","embeddable":true,"href":"https:\/\/fightingfilms.shop\/de\/wp-json\/wp\/v2\/product_cat?post=33315"},{"taxonomy":"product_tag","embeddable":true,"href":"https:\/\/fightingfilms.shop\/de\/wp-json\/wp\/v2\/product_tag?post=33315"},{"taxonomy":"giftcard-category","embeddable":true,"href":"https:\/\/fightingfilms.shop\/de\/wp-json\/wp\/v2\/giftcard-category?post=33315"}],"curies":[{"name":"wp","href":"https:\/\/api.w.org\/{rel}","templated":true}]}}