{"id":33323,"date":"2026-02-16T12:06:09","date_gmt":"2026-02-16T11:06:09","guid":{"rendered":"https:\/\/fightingfilms.shop\/produit\/schluesselanhaenger-mit-flammbarem-tag-judoka\/"},"modified":"2026-04-09T14:46:23","modified_gmt":"2026-04-09T12:46:23","slug":"schluesselanhaenger-mit-flammbarem-tag-judoka","status":"publish","type":"product","link":"https:\/\/fightingfilms.shop\/de\/produit\/schluesselanhaenger-mit-flammbarem-tag-judoka\/","title":{"rendered":"Schl\u00fcsselanh\u00e4nger mit flammbarem Tag Judoka"},"content":{"rendered":"<p data-start=\"122\" data-end=\"336\">Das Feuer des Judo brennt in Ihnen dank des Schl\u00fcsselanh\u00e4ngers Flammable judoka! \ud83d\udd25<\/p>\n<p data-start=\"122\" data-end=\"336\">Zeigen Sie Ihren Kampfgeist bis ins kleinste Detail.<br data-start=\"179\" data-end=\"182\">Der tag <strong data-start=\"196\" data-end=\"218\">Flammable Judoka<\/strong> Schl\u00fcsselanh\u00e4nger ist ein originelles und gewagtes Accessoire f\u00fcr Judo-Fans, die ihren Sport intensiv betreiben.<\/p>\n<h3 data-start=\"338\" data-end=\"382\">\ud83d\udd25 Ein Design, das nicht unbemerkt bleibt<\/h3>\n<p data-start=\"383\" data-end=\"605\">Auf der Vorderseite befindet sich der Schriftzug <strong data-start=\"416\" data-end=\"436\">FLAMMABLE JUDOKA<\/strong> in gro\u00dfen schwarzen Buchstaben auf einem leuchtend gelben Hintergrund, inspiriert von den ber\u00fchmten Aeronautical Tags. Ein starker Wink mit dem Zaunpfahl: Achtung, Judoka bereit f\u00fcr die Tatami! <\/p>\n<p data-start=\"607\" data-end=\"732\">Auf der R\u00fcckseite steht das Wort <strong data-start=\"622\" data-end=\"635\">Judo (\u67d4\u9053)<\/strong> in japanischer Sprache, um an das Wesen und die Wurzeln dieser emblematischen Kampfkunst zu erinnern.<\/p>\n<h3 data-start=\"734\" data-end=\"782\">\ud83e\udd4b Der flammbare Judoka-Tag-Schl\u00fcsselanh\u00e4nger, f\u00fcr echte Enthusiasten<\/h3>\n<p data-start=\"783\" data-end=\"940\">Ob Sie nun Wettk\u00e4mpfer, Freizeitsportler oder Trainer sind, dieses Tag ist das Detail, das den Unterschied ausmacht. Es spiegelt Entschlossenheit, Leidenschaft und die Mentalit\u00e4t eines Kriegers wider. <\/p>\n<h3 data-start=\"942\" data-end=\"973\">\ud83c\udf92 Ein vielseitiges und praktisches Goodie<\/h3>\n<ul data-start=\"974\" data-end=\"1114\">\n<li data-start=\"974\" data-end=\"1002\">\n<p data-start=\"976\" data-end=\"1002\">Zum Aufh\u00e4ngen an Ihren <strong data-start=\"994\" data-end=\"1002\">Schl\u00fcsseln<\/strong><\/p>\n<\/li>\n<li data-start=\"1003\" data-end=\"1037\">\n<p data-start=\"1005\" data-end=\"1037\">Zur Befestigung an Ihrer <strong data-start=\"1021\" data-end=\"1037\">Sporttasche<\/strong><\/p>\n<\/li>\n<li data-start=\"1038\" data-end=\"1072\">\n<p data-start=\"1040\" data-end=\"1072\">Perfekt f\u00fcr Ihren <a href=\"https:\/\/fightingfilms.shop\/de\/kategorie\/judo-zubehor\/judotasche\/\"><strong data-start=\"1057\" data-end=\"1072\">Judotasche<\/strong><\/a><\/p>\n<\/li>\n<li data-start=\"1073\" data-end=\"1114\">\n<p data-start=\"1075\" data-end=\"1114\">Ideal als kleines Geschenk f\u00fcr einen Judoka.<\/p>\n<\/li>\n<\/ul>\n<p data-start=\"1116\" data-end=\"1247\">Mit seinem robusten Metallring und der Herstellung aus strapazierf\u00e4higem, besticktem Stoff ist er so konzipiert, dass er lange h\u00e4lt und Sie \u00fcberall hin begleitet.<\/p>\n<h3 data-start=\"1249\" data-end=\"1273\">\u26a1 Merkmale<\/h3>\n<ul data-start=\"1274\" data-end=\"1494\">\n<li data-start=\"1274\" data-end=\"1318\">\n<p data-start=\"1276\" data-end=\"1318\">Farbe: Gelb und Schwarz mit hoher Sichtbarkeit<\/p>\n<\/li>\n<li data-start=\"1319\" data-end=\"1353\">\n<p data-start=\"1321\" data-end=\"1353\">Strapazierf\u00e4hige und langlebige Stickerei<\/p>\n<\/li>\n<li data-start=\"1354\" data-end=\"1382\">\n<p data-start=\"1356\" data-end=\"1382\">Starker Metallring<\/p>\n<\/li>\n<li data-start=\"1383\" data-end=\"1471\">\n<p data-start=\"1385\" data-end=\"1400\">Doppelseite :<\/p>\n<ul data-start=\"1403\" data-end=\"1471\">\n<li data-start=\"1403\" data-end=\"1434\">\n<p data-start=\"1405\" data-end=\"1434\">Seite 1: &#8222;Flammable Judoka&#8220;.<\/p>\n<\/li>\n<li data-start=\"1437\" data-end=\"1471\">\n<p data-start=\"1439\" data-end=\"1471\">Seite 2: Judo auf Japanisch (\u67d4\u9053)<\/p>\n<\/li>\n<\/ul>\n<\/li>\n<li data-start=\"1472\" data-end=\"1494\">\n<p data-start=\"1474\" data-end=\"1494\">Leicht und stark<\/p>\n<\/li>\n<\/ul>\n","protected":false},"excerpt":{"rendered":"<p>Das Feuer des Judos brennt in Ihnen! Der Schl\u00fcsselanh\u00e4nger tag Flammable judoka wird Sie \u00fcberall hin begleiten! <\/p>\n<p>Achtung! Judoka im Anmarsch! Befestigen Sie ihn an Ihren Schl\u00fcsseln, Ihrer Judotasche oder verschenken Sie ihn an die Judokas Ihres Clubs!  <\/p>\n","protected":false},"featured_media":34383,"comment_status":"closed","ping_status":"closed","template":"","meta":[],"product_brand":[],"product_cat":[340,1145],"product_tag":[],"giftcard-category":[],"class_list":{"0":"post-33323","1":"product","2":"type-product","3":"status-publish","4":"has-post-thumbnail","6":"product_cat-judo-zubehor","7":"product_cat-judo-goodies-kollektion","8":"product_shipping_class-zubehor","10":"first","11":"instock","12":"taxable","13":"shipping-taxable","14":"purchasable","15":"product-type-simple"},"exclude_global_add_ons":[],"addons":[],"_links":{"self":[{"href":"https:\/\/fightingfilms.shop\/de\/wp-json\/wp\/v2\/product\/33323","targetHints":{"allow":["GET"]}}],"collection":[{"href":"https:\/\/fightingfilms.shop\/de\/wp-json\/wp\/v2\/product"}],"about":[{"href":"https:\/\/fightingfilms.shop\/de\/wp-json\/wp\/v2\/types\/product"}],"replies":[{"embeddable":true,"href":"https:\/\/fightingfilms.shop\/de\/wp-json\/wp\/v2\/comments?post=33323"}],"wp:featuredmedia":[{"embeddable":true,"href":"https:\/\/fightingfilms.shop\/de\/wp-json\/wp\/v2\/media\/34383"}],"wp:attachment":[{"href":"https:\/\/fightingfilms.shop\/de\/wp-json\/wp\/v2\/media?parent=33323"}],"wp:term":[{"taxonomy":"product_brand","embeddable":true,"href":"https:\/\/fightingfilms.shop\/de\/wp-json\/wp\/v2\/product_brand?post=33323"},{"taxonomy":"product_cat","embeddable":true,"href":"https:\/\/fightingfilms.shop\/de\/wp-json\/wp\/v2\/product_cat?post=33323"},{"taxonomy":"product_tag","embeddable":true,"href":"https:\/\/fightingfilms.shop\/de\/wp-json\/wp\/v2\/product_tag?post=33323"},{"taxonomy":"giftcard-category","embeddable":true,"href":"https:\/\/fightingfilms.shop\/de\/wp-json\/wp\/v2\/giftcard-category?post=33323"}],"curies":[{"name":"wp","href":"https:\/\/api.w.org\/{rel}","templated":true}]}}