{"id":33329,"date":"2026-02-03T15:35:26","date_gmt":"2026-02-03T14:35:26","guid":{"rendered":"https:\/\/fightingfilms.shop\/produit\/i-love-judo-schluesselanhaenger\/"},"modified":"2026-02-03T15:35:26","modified_gmt":"2026-02-03T14:35:26","slug":"i-love-judo-schluesselanhaenger","status":"publish","type":"product","link":"https:\/\/fightingfilms.shop\/de\/produit\/i-love-judo-schluesselanhaenger\/","title":{"rendered":"I Love Judo Schl\u00fcsselanh\u00e4nger"},"content":{"rendered":"<p data-start=\"694\" data-end=\"840\">Zeigen Sie Ihre Verbundenheit mit Judo bis ins kleinste Detail mit diesem <strong data-start=\"767\" data-end=\"795\">Schl\u00fcsselanh\u00e4nger &#8222;I Love Judo&#8220;,<\/strong> der elegant, symbolisch und widerstandsf\u00e4hig ist.<\/p>\n<p data-start=\"842\" data-end=\"1129\">Der Schl\u00fcsselanh\u00e4nger zeigt die <strong data-start=\"867\" data-end=\"889\">japanischen Kanji \u67d4\u9053,<\/strong> was w\u00f6rtlich \u00fcbersetzt <em data-start=\"920\" data-end=\"949\">&#8222;der Weg der Geschmeidigkeit&#8220;<\/em> bedeutet <em data-start=\"920\" data-end=\"949\">, eine<\/em> Disziplin, die auf Respekt, Selbstbeherrschung und Ausdauer basiert.<br data-start=\"1023\" data-end=\"1026\">Neben den Schriftzeichen unterstreicht ein <strong data-start=\"1052\" data-end=\"1067\">buntes Herz<\/strong> die tiefe Liebe zu diesem Sport und seinen Werten.<\/p>\n<p data-start=\"1131\" data-end=\"1442\">Der I love judo Schl\u00fcsselanh\u00e4nger ist aus hochwertigem Metall gefertigt und sorgf\u00e4ltig verarbeitet. Er ist langlebig und ein treuer Begleiter f\u00fcr Ihren Alltag: Schl\u00fcssel, Sporttasche, Rucksack oder Kimono\u00fcberzug.<br data-start=\"1303\" data-end=\"1306\">Sein kompaktes, aber dennoch markantes Design macht ihn auch zu einem <strong data-start=\"1355\" data-end=\"1387\">ausgezeichneten Geschenk f\u00fcr Judoka<\/strong>, Judolehrer oder Liebhaber der japanischen Kultur.<\/p>\n<h3 data-start=\"1444\" data-end=\"1471\">Zwei Farben zur Auswahl:<\/h3>\n<ul data-start=\"1472\" data-end=\"1614\">\n<li data-start=\"1472\" data-end=\"1539\">\n<p data-start=\"1474\" data-end=\"1539\">\u26ab S <strong data-start=\"1476\" data-end=\"1500\">chwarz mit rotem Herz<\/strong>: n\u00fcchterner, kontrastreicher und kraftvoller Stil<\/p>\n<\/li>\n<li data-start=\"1540\" data-end=\"1614\">\n<p data-start=\"1542\" data-end=\"1614\">\ud83d\udfe1 <strong data-start=\"1545\" data-end=\"1568\">Gold mit rosa Herz<\/strong>: elegantes, originelles und leuchtendes Finish<\/p>\n<\/li>\n<\/ul>\n<p data-start=\"1616\" data-end=\"1757\">Ob Sie Anf\u00e4nger, Wettk\u00e4mpfer oder schon immer ein Judo-Liebhaber sind, dieser Schl\u00fcsselanh\u00e4nger ist ein <strong data-start=\"1708\" data-end=\"1756\">starkes Symbol f\u00fcr Ihr Engagement auf der Tatami<\/strong>.<\/p>\n<h2 data-start=\"1764\" data-end=\"1781\">\u2728 St\u00e4rken des I love judo Schl\u00fcsselanh\u00e4ngers<\/h2>\n<ul data-start=\"1783\" data-end=\"2006\">\n<li data-start=\"1783\" data-end=\"1830\">\n<p data-start=\"1785\" data-end=\"1830\">\u2714\ufe0f Authentische japanische Kanjis <strong data-start=\"1817\" data-end=\"1823\">\u67d4\u9053<\/strong> (Judo)<\/p>\n<\/li>\n<li data-start=\"1831\" data-end=\"1875\">\n<p data-start=\"1833\" data-end=\"1875\">\u2714\ufe0f Design &#8222;I Love Judo&#8220; mit farbigem Herz<\/p>\n<\/li>\n<li data-start=\"1876\" data-end=\"1905\">\n<p data-start=\"1878\" data-end=\"1905\">\u2714\ufe0f Robustes und langlebiges Metall<\/p>\n<\/li>\n<li data-start=\"1906\" data-end=\"1929\">\n<p data-start=\"1908\" data-end=\"1929\">\u2714\ufe0f Sorgf\u00e4ltige Verarbeitung<\/p>\n<\/li>\n<li data-start=\"1930\" data-end=\"1965\">\n<p data-start=\"1932\" data-end=\"1965\">\u2714\ufe0f Leicht und praktisch f\u00fcr den Alltag<\/p>\n<\/li>\n<li data-start=\"1966\" data-end=\"2006\">\n<p data-start=\"1968\" data-end=\"2006\">\u2714\ufe0f Perfekte Geschenkidee f\u00fcr Judoka \ud83c\udf81.<\/p>\n<\/li>\n<\/ul>\n<h2 data-start=\"2013\" data-end=\"2046\">Technische Eigenschaften des I love judo Schl\u00fcsselanh\u00e4ngers<\/h2>\n<ul data-start=\"2048\" data-end=\"2343\">\n<li data-start=\"2080\" data-end=\"2122\">\n<p data-start=\"2082\" data-end=\"2122\"><strong data-start=\"2082\" data-end=\"2091\">Motiv<\/strong>: Japanisches Kanji &#8222;\u67d4\u9053&#8220; + Herz<\/p>\n<\/li>\n<li data-start=\"2123\" data-end=\"2144\">\n<p data-start=\"2125\" data-end=\"2144\"><strong data-start=\"2125\" data-end=\"2136\">Material<\/strong>: Metall<\/p>\n<\/li>\n<li data-start=\"2145\" data-end=\"2221\">\n<p data-start=\"2147\" data-end=\"2172\"><strong data-start=\"2147\" data-end=\"2170\">Verf\u00fcgbare Farben<\/strong>:<\/p>\n<ul data-start=\"2175\" data-end=\"2221\">\n<li data-start=\"2175\" data-end=\"2197\">\n<p data-start=\"2177\" data-end=\"2197\">Schwarz mit rotem Herz<\/p>\n<\/li>\n<li data-start=\"2200\" data-end=\"2221\">\n<p data-start=\"2202\" data-end=\"2221\">Gold mit rosa Herz<\/p>\n<\/li>\n<\/ul>\n<\/li>\n<li data-start=\"2222\" data-end=\"2278\">\n<p data-start=\"2224\" data-end=\"2278\"><strong data-start=\"2224\" data-end=\"2239\">Verwendung<\/strong>: Schl\u00fcssel, Tasche, Sporttasche, Zubeh\u00f6r<\/p>\n<\/li>\n<\/ul>\n","protected":false},"excerpt":{"rendered":"<p>Zeigen Sie Ihre Leidenschaft f\u00fcr Judo mit diesem <strong data-start=\"432\" data-end=\"451\">&#8222;I Love Judo&#8220;<\/strong> Schl\u00fcsselanh\u00e4nger <strong data-start=\"432\" data-end=\"451\">,<\/strong> verziert mit den japanischen Kanji <strong data-start=\"478\" data-end=\"484\">\u67d4\u9053<\/strong> und einem Herz, das die Liebe zur Tatami symbolisiert.<br data-start=\"528\" data-end=\"531\">Erh\u00e4ltlich in <strong data-start=\"545\" data-end=\"569\">schwarz mit rotem<\/strong> Herz oder <strong data-start=\"573\" data-end=\"596\">gold mit rosa<\/strong> Herz, ist dies das perfekte Accessoire f\u00fcr Judokas und Japanliebhaber.<\/p>\n","protected":false},"featured_media":32950,"comment_status":"","ping_status":"closed","template":"","meta":[],"product_brand":[],"product_cat":[340],"product_tag":[],"giftcard-category":[],"class_list":{"0":"post-33329","1":"product","2":"type-product","3":"status-publish","4":"has-post-thumbnail","6":"product_cat-judo-zubehor","7":"product_shipping_class-zubehor","9":"first","10":"instock","11":"taxable","12":"shipping-taxable","13":"purchasable","14":"product-type-variable"},"exclude_global_add_ons":[],"addons":[],"_links":{"self":[{"href":"https:\/\/fightingfilms.shop\/de\/wp-json\/wp\/v2\/product\/33329","targetHints":{"allow":["GET"]}}],"collection":[{"href":"https:\/\/fightingfilms.shop\/de\/wp-json\/wp\/v2\/product"}],"about":[{"href":"https:\/\/fightingfilms.shop\/de\/wp-json\/wp\/v2\/types\/product"}],"replies":[{"embeddable":true,"href":"https:\/\/fightingfilms.shop\/de\/wp-json\/wp\/v2\/comments?post=33329"}],"wp:featuredmedia":[{"embeddable":true,"href":"https:\/\/fightingfilms.shop\/de\/wp-json\/wp\/v2\/media\/32950"}],"wp:attachment":[{"href":"https:\/\/fightingfilms.shop\/de\/wp-json\/wp\/v2\/media?parent=33329"}],"wp:term":[{"taxonomy":"product_brand","embeddable":true,"href":"https:\/\/fightingfilms.shop\/de\/wp-json\/wp\/v2\/product_brand?post=33329"},{"taxonomy":"product_cat","embeddable":true,"href":"https:\/\/fightingfilms.shop\/de\/wp-json\/wp\/v2\/product_cat?post=33329"},{"taxonomy":"product_tag","embeddable":true,"href":"https:\/\/fightingfilms.shop\/de\/wp-json\/wp\/v2\/product_tag?post=33329"},{"taxonomy":"giftcard-category","embeddable":true,"href":"https:\/\/fightingfilms.shop\/de\/wp-json\/wp\/v2\/giftcard-category?post=33329"}],"curies":[{"name":"wp","href":"https:\/\/api.w.org\/{rel}","templated":true}]}}