{"id":33342,"date":"2026-02-02T17:50:58","date_gmt":"2026-02-02T16:50:58","guid":{"rendered":"https:\/\/fightingfilms.shop\/produit\/sportparka-toshu\/"},"modified":"2026-02-02T17:50:58","modified_gmt":"2026-02-02T16:50:58","slug":"sportparka-toshu","status":"publish","type":"product","link":"https:\/\/fightingfilms.shop\/de\/produit\/sportparka-toshu\/","title":{"rendered":"Sportparka T\u014dshu"},"content":{"rendered":"<p data-start=\"550\" data-end=\"818\">Der Sportparka <strong data-start=\"617\" data-end=\"631\">T\u014dshu (\u95d8\u5b88)<\/strong> wurde speziell f\u00fcr die Aus\u00fcbung von <strong data-start=\"592\" data-end=\"615\">Judo<\/strong> im Wettkampf entwickelt und bedeutet <em data-start=\"641\" data-end=\"674\">&#8222;derjenige, der den Kampf sch\u00fctzt&#8220;.<\/em><br data-start=\"675\" data-end=\"678\">Er begleitet den Judoka in den entscheidenden Momenten: beim Warten am Rand der Tatami, bei der Erholung zwischen den K\u00e4mpfen, bei der R\u00fcckkehr zur Ruhe nach der Anstrengung.<\/p>\n<p data-start=\"820\" data-end=\"1120\">Der <strong data-start=\"823\" data-end=\"861\">lange, knielange Schnitt<\/strong> sch\u00fctzt die Beine und den unteren R\u00fccken, die in Sporthallen besonders der K\u00e4lte ausgesetzt sind. Die Innenisolierung speichert die K\u00f6rperw\u00e4rme, ohne den K\u00f6rper zu versteifen, so dass der Parka schnell an- und ausgezogen werden kann, sogar im Judogi. <\/p>\n<p data-start=\"820\" data-end=\"1120\">Entdecken Sie das goldgestickte Fighting Films Logo auf dem Herzen, das an Feinheit nicht zu \u00fcberbieten ist.<\/p>\n<p data-start=\"1122\" data-end=\"1400\">Die integrierte Kapuze sch\u00fctzt vor kalter Luft, wenn Sie unterwegs sind, w\u00e4hrend der doppelte Rei\u00dfverschluss oben und unten daf\u00fcr sorgt, dass Sie den Anzug sofort anziehen k\u00f6nnen, wenn Sie auf die Tatami gehen. Die Bewegungsfreiheit wurde so konzipiert, dass die Bewegungen eines Judoka respektiert werden: Gehen, Aufw\u00e4rmen, Konzentrieren. <\/p>\n<p data-start=\"1402\" data-end=\"1501\">Schlicht, strapazierf\u00e4hig und <strong data-start=\"1423\" data-end=\"1432\">wasserabweisendT\u014dshu<\/strong> entspricht dem Geist des Judo:<br data-start=\"1466\" data-end=\"1469\">Disziplin, Effizienz, Respekt.<\/p>\n<p data-start=\"1503\" data-end=\"1565\">Eine wichtige Ausr\u00fcstung, um f\u00fcr jeden Kampf bereit zu sein.<\/p>\n","protected":false},"excerpt":{"rendered":"<p><strong data-start=\"287\" data-end=\"301\">Der T\u014dshu-Sportparka (\u95d8\u5b88)<\/strong> ist der lange Judo-Parka, der entwickelt wurde, um den Judoka vor, zwischen und nach den K\u00e4mpfen zu sch\u00fctzen.<\/p>\n<p>Bequem dank seines wattierten Innenfutters, regenfest dank seines wasserdichten Au\u00dfenmaterials. Dieser Parka ist ideal, um sich auf den Kampf vorzubereiten! <\/p>\n","protected":false},"featured_media":33134,"comment_status":"","ping_status":"closed","template":"","meta":[],"product_brand":[],"product_cat":[354],"product_tag":[],"giftcard-category":[],"class_list":{"0":"post-33342","1":"product","2":"type-product","3":"status-publish","4":"has-post-thumbnail","6":"product_cat-judo-textilien","7":"product_shipping_class-zubehor","9":"first","10":"instock","11":"taxable","12":"shipping-taxable","13":"purchasable","14":"product-type-variable"},"exclude_global_add_ons":[],"addons":[],"_links":{"self":[{"href":"https:\/\/fightingfilms.shop\/de\/wp-json\/wp\/v2\/product\/33342","targetHints":{"allow":["GET"]}}],"collection":[{"href":"https:\/\/fightingfilms.shop\/de\/wp-json\/wp\/v2\/product"}],"about":[{"href":"https:\/\/fightingfilms.shop\/de\/wp-json\/wp\/v2\/types\/product"}],"replies":[{"embeddable":true,"href":"https:\/\/fightingfilms.shop\/de\/wp-json\/wp\/v2\/comments?post=33342"}],"wp:featuredmedia":[{"embeddable":true,"href":"https:\/\/fightingfilms.shop\/de\/wp-json\/wp\/v2\/media\/33134"}],"wp:attachment":[{"href":"https:\/\/fightingfilms.shop\/de\/wp-json\/wp\/v2\/media?parent=33342"}],"wp:term":[{"taxonomy":"product_brand","embeddable":true,"href":"https:\/\/fightingfilms.shop\/de\/wp-json\/wp\/v2\/product_brand?post=33342"},{"taxonomy":"product_cat","embeddable":true,"href":"https:\/\/fightingfilms.shop\/de\/wp-json\/wp\/v2\/product_cat?post=33342"},{"taxonomy":"product_tag","embeddable":true,"href":"https:\/\/fightingfilms.shop\/de\/wp-json\/wp\/v2\/product_tag?post=33342"},{"taxonomy":"giftcard-category","embeddable":true,"href":"https:\/\/fightingfilms.shop\/de\/wp-json\/wp\/v2\/giftcard-category?post=33342"}],"curies":[{"name":"wp","href":"https:\/\/api.w.org\/{rel}","templated":true}]}}