{"id":33355,"date":"2026-01-08T12:02:56","date_gmt":"2026-01-08T11:02:56","guid":{"rendered":"https:\/\/fightingfilms.shop\/produit\/kordelzugtasche-kanagawa\/"},"modified":"2026-01-08T12:02:56","modified_gmt":"2026-01-08T11:02:56","slug":"kordelzugtasche-kanagawa","status":"publish","type":"product","link":"https:\/\/fightingfilms.shop\/de\/produit\/kordelzugtasche-kanagawa\/","title":{"rendered":"Kordelzugtasche Kanagawa"},"content":{"rendered":"<p data-start=\"243\" data-end=\"469\">Die Kanagawa Kordeltasche aus d\u00fcnnem, aber strapazierf\u00e4higem Nylon zeigt die ber\u00fchmte <strong data-start=\"470\" data-end=\"491\">Kanagawa-Welle<\/strong>, ein ikonisches Motiv der japanischen Kunst, und verleiht Ihrer Ausr\u00fcstung einen ebenso kraftvollen wie raffinierten Look. Die minimalistische Silhouette hebt die bewegungsreiche Illustration hervor, w\u00e4hrend das satinierte schwarze Gewebe einen eleganten Kontrast zu den blauen und wei\u00dfen T\u00f6nen der Welle bildet. Die Tasche ist ideal f\u00fcr Kampfsportler und bietet Platz f\u00fcr <strong data-start=\"838\" data-end=\"866\">einen Kimono und seinen G\u00fcrtel<\/strong>, mit gen\u00fcgend Platz f\u00fcr einige zus\u00e4tzliche Sportsachen.  <\/p>\n<p data-start=\"471\" data-end=\"755\">Dieses legend\u00e4re Muster ist zu einer Referenz f\u00fcr Fighting Films Produkte geworden, sei es f\u00fcr unseren <a href=\"https:\/\/fightingfilms.shop\/de\/produit\/judo-kimono-kanagawa-edition\/\">Judo-Kimono Kanagawa edition<\/a> oder sogar f\u00fcr <a href=\"https:\/\/fightingfilms.shop\/de\/kategorie\/judo-textilien\/kimonostoff\/\">Kimono-Leinwandbekleidung<\/a>, die diese legend\u00e4re Welle zeigt.<\/p>\n<h2 data-start=\"757\" data-end=\"790\">Eine leichte, praktische und robuste Sporttasche<\/h2>\n<p data-start=\"791\" data-end=\"936\">Diese Tasche aus <strong data-start=\"800\" data-end=\"826\">leichtem und robustem Nylon<\/strong> ist ideal, um Ihre Ausr\u00fcstung zu transportieren, ohne Sie zu belasten. Sie bietet Platz f\u00fcr : <\/p>\n<ul data-start=\"937\" data-end=\"1047\">\n<li data-start=\"937\" data-end=\"959\">\n<p data-start=\"939\" data-end=\"959\">ein <strong data-start=\"942\" data-end=\"957\">Kimono (gi)<\/strong><\/p>\n<\/li>\n<li data-start=\"960\" data-end=\"980\">\n<p data-start=\"962\" data-end=\"980\">einen <strong data-start=\"966\" data-end=\"978\">G\u00fcrtel<\/strong><\/p>\n<\/li>\n<li data-start=\"981\" data-end=\"1047\">\n<p data-start=\"983\" data-end=\"1047\">oder Ihre wichtigsten Sportutensilien (Handtuch, Kleidung, Wasserflasche)<\/p>\n<\/li>\n<\/ul>\n<p data-start=\"1049\" data-end=\"1202\">Der <strong data-start=\"1064\" data-end=\"1090\">Kordelzugverschluss<\/strong> sorgt f\u00fcr ein schnelles \u00d6ffnen und Schlie\u00dfen und erm\u00f6glicht ein bequemes Tragen auf dem R\u00fccken oder \u00fcber der Schulter.<\/p>\n<h2 data-start=\"1204\" data-end=\"1242\">Eine Tasche f\u00fcr Sportler<\/h2>\n<ul data-start=\"1243\" data-end=\"1476\">\n<li data-start=\"1243\" data-end=\"1305\">\n<p data-start=\"1245\" data-end=\"1305\"><strong data-start=\"1245\" data-end=\"1260\">Ultraleicht<\/strong>: perfekt f\u00fcr den t\u00e4glichen Gebrauch<\/p>\n<\/li>\n<li data-start=\"1306\" data-end=\"1370\">\n<p data-start=\"1308\" data-end=\"1370\"><strong data-start=\"1308\" data-end=\"1331\">Verschlei\u00dffest<\/strong>: geeignet f\u00fcr regelm\u00e4\u00dfigen Gebrauch<\/p>\n<\/li>\n<li data-start=\"1371\" data-end=\"1409\">\n<p data-start=\"1373\" data-end=\"1409\"><strong data-start=\"1373\" data-end=\"1407\">Exklusives Design Fighting Films<\/strong><\/p>\n<\/li>\n<li data-start=\"1410\" data-end=\"1476\">\n<p data-start=\"1412\" data-end=\"1476\"><strong data-start=\"1412\" data-end=\"1426\">Vielseitig<\/strong> einsetzbar: Sport, Training, Wettkampf oder Lifestyle<\/p>\n<\/li>\n<\/ul>\n<p data-start=\"1478\" data-end=\"1696\">Ob Sie zum Training oder zu einem Wettkampf gehen oder einfach nur Ihre Leidenschaft f\u00fcr die japanische Kultur zeigen wollen, diese Fighting Films Kordeltasche ist eine <strong data-start=\"1662\" data-end=\"1695\">praktische, stilvolle und symbolische<\/strong> Wahl.<\/p>\n<h2 data-start=\"1698\" data-end=\"1719\">Eigenschaften der Kanagawa-Sporttasche mit Kordelzug<\/h2>\n<ul data-start=\"1720\" data-end=\"1888\">\n<li data-start=\"1720\" data-end=\"1741\">\n<p data-start=\"1722\" data-end=\"1741\">Material: <strong data-start=\"1732\" data-end=\"1741\">Nylon<\/strong><\/p>\n<\/li>\n<li data-start=\"1742\" data-end=\"1770\">\n<p data-start=\"1744\" data-end=\"1770\">Verschluss: <strong data-start=\"1756\" data-end=\"1770\">Kordel<\/strong><\/p>\n<\/li>\n<li data-start=\"1771\" data-end=\"1803\">\n<p data-start=\"1773\" data-end=\"1803\">Design: <strong data-start=\"1782\" data-end=\"1803\">Kanagawa-Welle<\/strong><\/p>\n<\/li>\n<li data-start=\"1804\" data-end=\"1851\">\n<p data-start=\"1806\" data-end=\"1851\">Verwendung: Sport, Kampfsport, Alltag<\/p>\n<\/li>\n<li data-start=\"1852\" data-end=\"1888\">\n<p data-start=\"1854\" data-end=\"1888\">Kapazit\u00e4t: <strong data-start=\"1865\" data-end=\"1888\">1 Kimono + G\u00fcrtel<\/strong><\/p>\n<\/li>\n<\/ul>\n<p data-start=\"1890\" data-end=\"2000\">Zeigen Sie Ihre Identit\u00e4t als K\u00e4mpfer mit einer Tasche, die <strong data-start=\"1950\" data-end=\"1999\">japanische Tradition, Modernit\u00e4t und Leistung<\/strong> vereint.<\/p>\n<div id=\"kurato_extension_modal\"><\/div>\n<div id=\"kurato_extension_modal\"><\/div>\n<div id=\"kurato_extension_modal\"><\/div>\n","protected":false},"excerpt":{"rendered":"<p>Kanagawa Kordelzugtasche, leichte Sporttasche aus Nylon f\u00fcr Judo, Jiu-Jitsu und Kampfsportarten. Design der Kanagawa-Welle. Ideal f\u00fcr den Sport und zum Transport von Sachen.  <\/p>\n<div id=\"kurato_extension_modal\"><\/div>\n<div id=\"kurato_extension_modal\"><\/div>\n<div id=\"kurato_extension_modal\"><\/div>\n","protected":false},"featured_media":32713,"comment_status":"","ping_status":"closed","template":"","meta":[],"product_brand":[],"product_cat":[340,1052],"product_tag":[],"giftcard-category":[],"class_list":{"0":"post-33355","1":"product","2":"type-product","3":"status-publish","4":"has-post-thumbnail","6":"product_cat-judo-zubehor","7":"product_cat-judotasche","8":"product_shipping_class-zubehor","10":"first","11":"outofstock","12":"taxable","13":"shipping-taxable","14":"purchasable","15":"product-type-simple"},"exclude_global_add_ons":[],"addons":[],"_links":{"self":[{"href":"https:\/\/fightingfilms.shop\/de\/wp-json\/wp\/v2\/product\/33355","targetHints":{"allow":["GET"]}}],"collection":[{"href":"https:\/\/fightingfilms.shop\/de\/wp-json\/wp\/v2\/product"}],"about":[{"href":"https:\/\/fightingfilms.shop\/de\/wp-json\/wp\/v2\/types\/product"}],"replies":[{"embeddable":true,"href":"https:\/\/fightingfilms.shop\/de\/wp-json\/wp\/v2\/comments?post=33355"}],"wp:featuredmedia":[{"embeddable":true,"href":"https:\/\/fightingfilms.shop\/de\/wp-json\/wp\/v2\/media\/32713"}],"wp:attachment":[{"href":"https:\/\/fightingfilms.shop\/de\/wp-json\/wp\/v2\/media?parent=33355"}],"wp:term":[{"taxonomy":"product_brand","embeddable":true,"href":"https:\/\/fightingfilms.shop\/de\/wp-json\/wp\/v2\/product_brand?post=33355"},{"taxonomy":"product_cat","embeddable":true,"href":"https:\/\/fightingfilms.shop\/de\/wp-json\/wp\/v2\/product_cat?post=33355"},{"taxonomy":"product_tag","embeddable":true,"href":"https:\/\/fightingfilms.shop\/de\/wp-json\/wp\/v2\/product_tag?post=33355"},{"taxonomy":"giftcard-category","embeddable":true,"href":"https:\/\/fightingfilms.shop\/de\/wp-json\/wp\/v2\/giftcard-category?post=33355"}],"curies":[{"name":"wp","href":"https:\/\/api.w.org\/{rel}","templated":true}]}}