{"id":33382,"date":"2025-11-27T14:22:05","date_gmt":"2025-11-27T13:22:05","guid":{"rendered":"https:\/\/fightingfilms.shop\/produit\/kimono-von-jjb-gold-edition-superlight\/"},"modified":"2025-11-27T14:22:05","modified_gmt":"2025-11-27T13:22:05","slug":"kimono-von-jjb-gold-edition-superlight","status":"publish","type":"product","link":"https:\/\/fightingfilms.shop\/de\/produit\/kimono-von-jjb-gold-edition-superlight\/","title":{"rendered":"Kimono von JJB Gold edition superlight"},"content":{"rendered":"<p data-start=\"273\" data-end=\"687\">Entdecken Sie den <strong data-start=\"286\" data-end=\"327\"><a href=\"https:\/\/fightingfilms.shop\/categorie\/jiu-jitsu\/kimonos-jujitsu\/?_gl=1*gtlhwb*_gcl_au*NDIyOTI2MDkwLjE3NjE1NTk5MTU.*_ga*MTk1MzMxMTYxMi4xNzYxNTU5OTE1*_ga_62W3D3ZZCG*czE3NjQyNDk0NTgkbzQ2JGcwJHQxNzY0MjQ5NDU4JGo2MCRsMCRoNDgwMjQ5NDE1\">JJB-Kimono<\/a> Gold Edition Superlight<\/strong> von <strong data-start=\"341\" data-end=\"359\">Fighting Films<\/strong>, ein hochwertiger Gi, der speziell f\u00fcr anspruchsvolle Brazilian Jiu-Jitsu-Praktizierende entwickelt wurde. Dieser <strong data-start=\"458\" data-end=\"475\">JJB-Kimono<\/strong> zeichnet sich durch sein <strong data-start=\"507\" data-end=\"521\">Superlight-Design<\/strong> (380 g\/m\u00b2) aus, was ihn zu einem der leichtesten Modelle auf dem Markt macht. Ideal f\u00fcr Wettk\u00e4mpfer, die auf Leistung, schnelle Bewegungen und optimalen Komfort Wert legen.  <\/p>\n<h3 data-start=\"689\" data-end=\"728\">\u2728 <strong data-start=\"695\" data-end=\"728\">Elegantes Design &amp; tiefes Schwarz<\/strong><\/h3>\n<p data-start=\"729\" data-end=\"1118\">Der Kimono der JJB Gold Edition ist in einem <strong data-start=\"765\" data-end=\"781\">intensiven Schwarz<\/strong> gehalten, das durch ein <strong data-start=\"798\" data-end=\"814\">goldenes FF-Logo<\/strong> auf jeder Schulter hervorgehoben wird, was einen eleganten und hochwertigen Kontrast bildet. Ein japanisches <strong data-start=\"908\" data-end=\"942\">Kanji &#8222;Kin&#8220; f\u00fcr &#8222;Gold&#8220;<\/strong> im Nackenbereich unterstreicht die Authentizit\u00e4t und japanische Inspiration dieses einzigartigen Gis, der schlicht und doch bemerkenswert ist und Minimalismus und Raffinesse f\u00fcr einen modernen Auftritt auf dem Tatami kombiniert. <\/p>\n<h3 data-start=\"1120\" data-end=\"1170\">\ud83e\udd4b <strong data-start=\"1127\" data-end=\"1170\">Ultraleicht &amp; f\u00fcr den Wettkampf gedacht<\/strong><\/h3>\n<p data-start=\"1171\" data-end=\"1488\">Mit einem Fl\u00e4chengewicht von <strong data-start=\"1191\" data-end=\"1203\">380 g\/m\u00b2<\/strong> bietet dieser <strong data-start=\"1208\" data-end=\"1237\">superleichte JJB-Kimono<\/strong> eine au\u00dfergew\u00f6hnliche Bewegungsfreiheit und ist perfekt f\u00fcr Athleten, die Erm\u00fcdungserscheinungen w\u00e4hrend des Kampfes und des Trainings reduzieren m\u00f6chten.<\/p>\n<p data-start=\"1171\" data-end=\"1488\">Das leichte Gewicht ist ein gro\u00dfer Vorteil f\u00fcr die Wettk\u00e4mpfer beim Wiegen f\u00fcr Wettk\u00e4mpfe, die mit dem Gi durchgef\u00fchrt werden. Es ist <strong data-start=\"1390\" data-end=\"1420\">vollst\u00e4ndig <a href=\"https:\/\/ibjjf.com\/\" rel=\"nofollow noopener\" target=\"_blank\">IBJJF-gepr\u00fcft<\/a><\/strong> und garantiert die volle Konformit\u00e4t f\u00fcr offizielle Wettk\u00e4mpfe. <\/p>\n<h3 data-start=\"1490\" data-end=\"1546\">\ud83d\udc68\u200d\ud83d\udcbc <strong data-start=\"1502\" data-end=\"1546\">Verf\u00fcgbar in Erwachsenengr\u00f6\u00dfen<\/strong><\/h3>\n<p data-start=\"1547\" data-end=\"1615\">Der JJB Gold Edition Superlight Kimono ist in den Gr\u00f6\u00dfen :<\/p>\n<ul data-start=\"1616\" data-end=\"1811\">\n<li data-start=\"1641\" data-end=\"1811\">\n<p data-start=\"1643\" data-end=\"1811\"><strong data-start=\"1643\" data-end=\"1685\">Erwachsene: A0 bis A5<\/strong><br data-start=\"1685\" data-end=\"1688\">F\u00fcr erwachsene Gi sind die halben Gr\u00f6\u00dfen erh\u00e4ltlich ( A0L, A1L, A2L, A3L, A4L). Eine ideale Wahl sowohl f\u00fcr junge Sportler als auch f\u00fcr erfahrene K\u00e4mpfer, die einen leistungsstarken und langlebigen Gi suchen.<\/p>\n<\/li>\n<\/ul>\n<h3 data-start=\"1813\" data-end=\"1883\">\ud83d\udcaa <strong data-start=\"1820\" data-end=\"1883\">Warum sollten Sie sich f\u00fcr den Kimono de JJB Gold Edition Superlight entscheiden?<\/strong><\/h3>\n<ul data-start=\"1884\" data-end=\"2136\">\n<li data-start=\"1884\" data-end=\"1929\">\n<p data-start=\"1886\" data-end=\"1929\">Ultraleicht: perfekt f\u00fcr den Wettbewerb<\/p>\n<\/li>\n<li data-start=\"1930\" data-end=\"1948\">\n<p data-start=\"1932\" data-end=\"1948\">IBJJF zertifiziert<\/p>\n<\/li>\n<li data-start=\"1949\" data-end=\"1995\">\n<p data-start=\"1951\" data-end=\"1995\">Tiefschwarzes Design &amp; elegante goldene Logos<\/p>\n<\/li>\n<li data-start=\"1996\" data-end=\"2061\">\n<p data-start=\"1998\" data-end=\"2061\">\u00dcberragender Komfort durch ergonomischen Schnitt Fighting Films<\/p>\n<\/li>\n<li data-start=\"2101\" data-end=\"2136\">\n<p data-start=\"2103\" data-end=\"2136\">Robustheit und hochwertiger Stil<\/p>\n<\/li>\n<\/ul>\n<div id=\"kurato_extension_modal\"><\/div>\n<div id=\"kurato_extension_modal\"><\/div>\n<div id=\"kurato_extension_modal\"><\/div>\n<div id=\"kurato_extension_modal\"><\/div>\n","protected":false},"excerpt":{"rendered":"<p>Sind Sie bereit, auf die Tatami zu gehen? Mit dem Kimono von JJB Gold edition superlight (380gr\/m2) wird die Tatami kein Geheimnis mehr f\u00fcr Sie sein. <\/p>\n<p>Ideal f\u00fcr Wettk\u00e4mpfer, dieser Gi ist sehr leicht, die Mindestanforderung der IBJJF, und wird wie eine zweite Haut f\u00fcr Sie sein!<\/p>\n<p>Das schlichte und elegante Design mit den goldenen Logos l\u00e4sst Sie auf der Tatami gl\u00e4nzen.<\/p>\n<div id=\"kurato_extension_modal\"><\/div>\n<div id=\"kurato_extension_modal\"><\/div>\n<div id=\"kurato_extension_modal\"><\/div>\n","protected":false},"featured_media":32109,"comment_status":"","ping_status":"closed","template":"","meta":[],"product_brand":[],"product_cat":[347,403],"product_tag":[],"giftcard-category":[],"class_list":{"0":"post-33382","1":"product","2":"type-product","3":"status-publish","4":"has-post-thumbnail","6":"product_cat-kimonos-jiu-jitsu","7":"product_cat-jiu-jitsu-de","8":"product_shipping_class-kimono-black-label-superstar-de","10":"first","11":"instock","12":"taxable","13":"shipping-taxable","14":"purchasable","15":"product-type-variable"},"exclude_global_add_ons":[],"addons":[],"_links":{"self":[{"href":"https:\/\/fightingfilms.shop\/de\/wp-json\/wp\/v2\/product\/33382","targetHints":{"allow":["GET"]}}],"collection":[{"href":"https:\/\/fightingfilms.shop\/de\/wp-json\/wp\/v2\/product"}],"about":[{"href":"https:\/\/fightingfilms.shop\/de\/wp-json\/wp\/v2\/types\/product"}],"replies":[{"embeddable":true,"href":"https:\/\/fightingfilms.shop\/de\/wp-json\/wp\/v2\/comments?post=33382"}],"wp:featuredmedia":[{"embeddable":true,"href":"https:\/\/fightingfilms.shop\/de\/wp-json\/wp\/v2\/media\/32109"}],"wp:attachment":[{"href":"https:\/\/fightingfilms.shop\/de\/wp-json\/wp\/v2\/media?parent=33382"}],"wp:term":[{"taxonomy":"product_brand","embeddable":true,"href":"https:\/\/fightingfilms.shop\/de\/wp-json\/wp\/v2\/product_brand?post=33382"},{"taxonomy":"product_cat","embeddable":true,"href":"https:\/\/fightingfilms.shop\/de\/wp-json\/wp\/v2\/product_cat?post=33382"},{"taxonomy":"product_tag","embeddable":true,"href":"https:\/\/fightingfilms.shop\/de\/wp-json\/wp\/v2\/product_tag?post=33382"},{"taxonomy":"giftcard-category","embeddable":true,"href":"https:\/\/fightingfilms.shop\/de\/wp-json\/wp\/v2\/giftcard-category?post=33382"}],"curies":[{"name":"wp","href":"https:\/\/api.w.org\/{rel}","templated":true}]}}