{"id":33453,"date":"2025-11-26T13:04:18","date_gmt":"2025-11-26T12:04:18","guid":{"rendered":"https:\/\/fightingfilms.shop\/produit\/violetter-guertel-aus-jjb-gi-material\/"},"modified":"2025-11-26T13:04:18","modified_gmt":"2025-11-26T12:04:18","slug":"violetter-guertel-aus-jjb-gi-material","status":"publish","type":"product","link":"https:\/\/fightingfilms.shop\/de\/produit\/violetter-guertel-aus-jjb-gi-material\/","title":{"rendered":"Violetter G\u00fcrtel aus JJB Gi Material"},"content":{"rendered":"<p data-start=\"338\" data-end=\"797\">Der violette G\u00fcrtel symbolisiert den \u00dcbergang zu einer <strong data-start=\"388\" data-end=\"423\">mittleren\/fortgeschrittenen Stufe<\/strong> im brasilianischen Jiu-Jitsu. Er markiert einen bedeutenden Fortschritt: die technische Beherrschung wird verfeinert, das strategische Verst\u00e4ndnis erweitert und die Reife des Spiels wird best\u00e4tigt. Um diesen wichtigen Schritt zu begleiten, bietet Fighting Films einen <strong data-start=\"662\" data-end=\"695\">violetten JJB Gi Materialg\u00fcrtel<\/strong> aus <strong data-start=\"707\" data-end=\"739\">Reiskorn-Kimonostoff<\/strong> an, der <strong data-start=\"751\" data-end=\"796\">St\u00e4rke, Komfort und hochwertiges Design<\/strong> vereint.  <\/p>\n<h3 data-start=\"804\" data-end=\"840\"><strong data-start=\"808\" data-end=\"840\">Hauptmerkmale des violetten G\u00fcrtels von jjb Gi material<\/strong><\/h3>\n<ul>\n<li>\n<h4 data-start=\"860\" data-end=\"921\"><strong data-start=\"865\" data-end=\"921\">Violetter G\u00fcrtel von jjb Gi material genehmigt IBJJF<\/strong><\/h4>\n<p>Der violette G\u00fcrtel von jjb Gi Material Fighting Films ist f\u00fcr alle internationalen Wettk\u00e4mpfe der IBJJF, der International Brazilian Jiu-Jitsu Federation, zugelassen.<\/li>\n<li data-start=\"842\" data-end=\"902\"><strong data-start=\"847\" data-end=\"902\">Reiskorn-Kimono-Leinwand &#8211; Premium-Festigkeit<\/strong><\/li>\n<\/ul>\n<p data-start=\"903\" data-end=\"1178\">Dieser violette G\u00fcrtel ist aus dem gleichen Stoff wie die professionellen Kimonos gefertigt und verf\u00fcgt \u00fcber eine dichte und robuste Reiskornwebung. Er bietet eine hochwertige Textur, die sowohl stark als auch angenehm anzufassen ist und sich perfekt f\u00fcr engagierte Sportler eignet. <\/p>\n<ul>\n<li data-start=\"1180\" data-end=\"1234\"><strong data-start=\"1185\" data-end=\"1234\">Verbesserte Haltbarkeit f\u00fcr h\u00e4ufigen Gebrauch<\/strong><\/li>\n<\/ul>\n<p data-start=\"1235\" data-end=\"1491\">Er wurde entwickelt, um der Intensit\u00e4t eines regelm\u00e4\u00dfigen Trainings standzuhalten und bietet einen au\u00dfergew\u00f6hnlichen Widerstand gegen Rollen, Ziehen und wiederholte Manipulationen. Dank der dicken Struktur bleibt die urspr\u00fcngliche Form erhalten, <strong data-start=\"1456\" data-end=\"1490\">ohne flach zu werden oder auszufransen<\/strong>. <\/p>\n<ul>\n<li data-start=\"1493\" data-end=\"1525\"><strong data-start=\"1498\" data-end=\"1525\">Stabiler und zuverl\u00e4ssiger Knoten<\/strong><\/li>\n<\/ul>\n<p data-start=\"1526\" data-end=\"1749\">Durch die kontrollierte Dicke des G\u00fcrtels wird <strong data-start=\"1581\" data-end=\"1609\">ein perfekter Sitz des Knotens<\/strong> gew\u00e4hrleistet, der auch bei dynamischen Sequenzen an Ort und Stelle bleibt. Ein wichtiger Vorteil f\u00fcr alle, die ihre Technik verbessern wollen. <\/p>\n<ul>\n<li data-start=\"1751\" data-end=\"1777\"><strong data-start=\"1756\" data-end=\"1777\">Optimaler Komfort<\/strong><\/li>\n<\/ul>\n<p data-start=\"1778\" data-end=\"1993\">Dieser G\u00fcrtel bietet ein ideales Gleichgewicht zwischen Steifigkeit und Flexibilit\u00e4t:<br data-start=\"1847\" data-end=\"1850\">&#8211; fest genug, um einen ausgezeichneten Halt zu gew\u00e4hrleisten,<br data-start=\"1907\" data-end=\"1910\">&#8211; flexibel genug, um w\u00e4hrend des gesamten Trainings bequem getragen zu werden.<\/p>\n<ul>\n<li data-start=\"1995\" data-end=\"2046\"><strong data-start=\"2000\" data-end=\"2046\">Elegantes Design und hochwertige Verarbeitung<\/strong><\/li>\n<\/ul>\n<p data-start=\"2047\" data-end=\"2303\">Mit seinem intensiven und tiefen Violett spiegelt es perfekt den mittleren bis fortgeschrittenen Status des Praktizierenden wider. Die verst\u00e4rkten N\u00e4hte, die klare \u00c4sthetik und das gewebte Fighting Films Etikett verleihen ihm einen <strong data-start=\"2250\" data-end=\"2267\">Premium-Stil<\/strong>, der sowohl traditionell als auch modern ist. <\/p>\n<hr data-start=\"2305\" data-end=\"2308\">\n<h3 data-start=\"2310\" data-end=\"2351\"><strong data-start=\"2314\" data-end=\"2351\">Warum sollten Sie diesen G\u00fcrtel w\u00e4hlen?<\/strong><\/h3>\n<ul data-start=\"2353\" data-end=\"2621\">\n<li data-start=\"2353\" data-end=\"2434\">\n<p data-start=\"2355\" data-end=\"2434\">F\u00fcr eine <strong data-start=\"2364\" data-end=\"2383\">Premium-Qualit\u00e4t<\/strong>, ideal f\u00fcr Mittelstufe bis Fortgeschrittene.<\/p>\n<\/li>\n<li data-start=\"2435\" data-end=\"2502\">\n<p data-start=\"2437\" data-end=\"2502\">F\u00fcr eine <strong data-start=\"2446\" data-end=\"2468\">dauerhafte Widerstandsf\u00e4higkeit<\/strong> bei intensivem Training.<\/p>\n<\/li>\n<li data-start=\"2503\" data-end=\"2568\">\n<p data-start=\"2505\" data-end=\"2568\">F\u00fcr einen <strong data-start=\"2513\" data-end=\"2528\">festen<\/strong> und stabilen <strong data-start=\"2513\" data-end=\"2528\">Knoten<\/strong> in jeder Situation.<\/p>\n<\/li>\n<li data-start=\"2569\" data-end=\"2621\">\n<p data-start=\"2571\" data-end=\"2621\">F\u00fcr ein <strong data-start=\"2579\" data-end=\"2618\">authentisches und professionelles Design<\/strong>.<\/p>\n<\/li>\n<\/ul>\n<hr data-start=\"2623\" data-end=\"2626\">\n<h3 data-start=\"2628\" data-end=\"2689\"><strong data-start=\"2632\" data-end=\"2689\">Der perfekte G\u00fcrtel, um Ihre Fortschritte zu unterstreichen.<\/strong><\/h3>\n<p data-start=\"2691\" data-end=\"2947\">Der violette G\u00fcrtel von jjb Gi material Fighting Films aus Reiskorn-Kimonostoff ist der ideale Begleiter f\u00fcr alle, die ihre F\u00e4higkeiten verbessern wollen. Der G\u00fcrtel ist robust, elegant und langlebig und eignet sich perfekt f\u00fcr den \u00dcbergang zu einem fortgeschrittenen technischen Niveau. <\/p>\n<div id=\"kurato_extension_modal\"><\/div>\n<div id=\"kurato_extension_modal\"><\/div>\n<div id=\"kurato_extension_modal\"><\/div>\n<div id=\"kurato_extension_modal\"><\/div>\n","protected":false},"excerpt":{"rendered":"<p>Der violette G\u00fcrtel des JJB Gi Materials ist aus <strong data-start=\"3057\" data-end=\"3089\">Reiskorn-Kimono-Stoff<\/strong> gefertigt und bietet <strong data-start=\"3125\" data-end=\"3144\">h\u00f6chste Qualit\u00e4t<\/strong>, <strong data-start=\"3150\" data-end=\"3175\">ausgezeichnete Festigkeit<\/strong> und <strong data-start=\"3183\" data-end=\"3207\">zuverl\u00e4ssigen Knotenhalt<\/strong>. Robust, raffiniert und langlebig, repr\u00e4sentiert er perfekt die <strong data-start=\"3270\" data-end=\"3305\">mittlere\/fortgeschrittene Stufe<\/strong> des JJB. Ideal, um sich mit Stil und Leistung weiterzuentwickeln.  <\/p>\n<div id=\"kurato_extension_modal\"><\/div>\n<div id=\"kurato_extension_modal\"><\/div>\n<div id=\"kurato_extension_modal\"><\/div>\n<div id=\"kurato_extension_modal\"><\/div>\n<div id=\"kurato_extension_modal\"><\/div>\n<div id=\"kurato_extension_modal\"><\/div>\n<div id=\"kurato_extension_modal\"><\/div>\n","protected":false},"featured_media":32047,"comment_status":"","ping_status":"closed","template":"","meta":[],"product_brand":[],"product_cat":[912,403],"product_tag":[],"giftcard-category":[],"class_list":{"0":"post-33453","1":"product","2":"type-product","3":"status-publish","4":"has-post-thumbnail","6":"product_cat-jjb-gurtel","7":"product_cat-jiu-jitsu-de","8":"product_shipping_class-zubehor","10":"first","11":"instock","12":"taxable","13":"shipping-taxable","14":"purchasable","15":"product-type-variable"},"exclude_global_add_ons":[],"addons":[],"_links":{"self":[{"href":"https:\/\/fightingfilms.shop\/de\/wp-json\/wp\/v2\/product\/33453","targetHints":{"allow":["GET"]}}],"collection":[{"href":"https:\/\/fightingfilms.shop\/de\/wp-json\/wp\/v2\/product"}],"about":[{"href":"https:\/\/fightingfilms.shop\/de\/wp-json\/wp\/v2\/types\/product"}],"replies":[{"embeddable":true,"href":"https:\/\/fightingfilms.shop\/de\/wp-json\/wp\/v2\/comments?post=33453"}],"wp:featuredmedia":[{"embeddable":true,"href":"https:\/\/fightingfilms.shop\/de\/wp-json\/wp\/v2\/media\/32047"}],"wp:attachment":[{"href":"https:\/\/fightingfilms.shop\/de\/wp-json\/wp\/v2\/media?parent=33453"}],"wp:term":[{"taxonomy":"product_brand","embeddable":true,"href":"https:\/\/fightingfilms.shop\/de\/wp-json\/wp\/v2\/product_brand?post=33453"},{"taxonomy":"product_cat","embeddable":true,"href":"https:\/\/fightingfilms.shop\/de\/wp-json\/wp\/v2\/product_cat?post=33453"},{"taxonomy":"product_tag","embeddable":true,"href":"https:\/\/fightingfilms.shop\/de\/wp-json\/wp\/v2\/product_tag?post=33453"},{"taxonomy":"giftcard-category","embeddable":true,"href":"https:\/\/fightingfilms.shop\/de\/wp-json\/wp\/v2\/giftcard-category?post=33453"}],"curies":[{"name":"wp","href":"https:\/\/api.w.org\/{rel}","templated":true}]}}