{"id":33481,"date":"2025-11-26T12:49:04","date_gmt":"2025-11-26T11:49:04","guid":{"rendered":"https:\/\/fightingfilms.shop\/produit\/brauner-guertel-aus-jjb-gi-material\/"},"modified":"2025-11-26T12:49:04","modified_gmt":"2025-11-26T11:49:04","slug":"brauner-guertel-aus-jjb-gi-material","status":"publish","type":"product","link":"https:\/\/fightingfilms.shop\/de\/produit\/brauner-guertel-aus-jjb-gi-material\/","title":{"rendered":"Brauner G\u00fcrtel aus JJB Gi Material"},"content":{"rendered":"<p data-start=\"259\" data-end=\"697\">Als Symbol f\u00fcr ein <strong data-start=\"272\" data-end=\"315\">hohes Ma\u00df an Meisterschaft und Erfahrung<\/strong> im brasilianischen Jiu-Jitsu ist der braune G\u00fcrtel von jjb premium mehr als nur ein Grad: Er verk\u00f6rpert jahrelange \u00dcbung, Ausdauer und technisches Verst\u00e4ndnis. Fighting Films begleitet diesen entscheidenden Schritt mit einem <strong data-start=\"532\" data-end=\"563\">braunen JJB Gi Material G\u00fcrtel<\/strong>, der aus <strong data-start=\"575\" data-end=\"607\">Reiskorn-Kimono-Leinen<\/strong> gefertigt ist und eine au\u00dfergew\u00f6hnliche Qualit\u00e4t und einen authentischen Stil bietet, der Ihrem Niveau entspricht. <\/p>\n<div id=\"kurato_extension_modal\">\n<h3 data-start=\"704\" data-end=\"740\"><strong data-start=\"708\" data-end=\"740\">Hauptmerkmale des braunen G\u00fcrtels von JJB Gi material<\/strong><\/h3>\n<ul>\n<li><strong>F\u00fcr internationale IBJJF-Wettbewerbe zugelassener G\u00fcrtel<\/strong><\/li>\n<\/ul>\n<p>Der braune G\u00fcrtel von JJB Gi material Fighting Films ist f\u00fcr die Wettk\u00e4mpfe von JJB IBJJF, dem internationalen Verband f\u00fcr brasilianisches Jiu-Jitsu, zugelassen.<\/p>\n<ul>\n<li data-start=\"742\" data-end=\"805\"><strong data-start=\"747\" data-end=\"805\">  Reiskorn-Kimonostoff &#8211; hochwertiges Material<\/strong><\/li>\n<\/ul>\n<p data-start=\"806\" data-end=\"1052\">Dieser G\u00fcrtel ist aus dem gleichen Material wie die Premium-Kimonos gefertigt und bietet eine dichte, starke und elegante Textur. Das Reiskorngewebe sorgt f\u00fcr eine <strong data-start=\"956\" data-end=\"975\">dauerhafte Webart<\/strong>, einen professionellen Griff und eine Widerstandsf\u00e4higkeit, die auch f\u00fcr Fortgeschrittene geeignet ist. <\/p>\n<ul>\n<li data-start=\"1054\" data-end=\"1118\"><strong data-start=\"1059\" data-end=\"1118\">Verst\u00e4rkte Haltbarkeit f\u00fcr intensives Training<\/strong><\/li>\n<\/ul>\n<p data-start=\"1119\" data-end=\"1390\">Dieser G\u00fcrtel wurde f\u00fcr erfahrene Sportler entwickelt und ist besonders robust: Er h\u00e4ngt nicht durch, verformt sich nicht und h\u00e4lt auch Rollen, Ziehen und intensiven Trainingseinheiten stand. Dieses Modell wurde entwickelt, um auch die eifrigsten Sportler zu unterst\u00fctzen. <\/p>\n<ul>\n<li data-start=\"1392\" data-end=\"1425\"><strong data-start=\"1397\" data-end=\"1425\">Optimaler Knotenhalt<\/strong><\/li>\n<\/ul>\n<p data-start=\"1426\" data-end=\"1672\">Die dicke und stabile Struktur erm\u00f6glicht einen <strong data-start=\"1467\" data-end=\"1501\">festen Knoten, der<\/strong> auch bei h\u00e4rtesten K\u00e4mpfen <strong data-start=\"1467\" data-end=\"1501\">an Ort und Stelle bleibt<\/strong>. Ein zuverl\u00e4ssiger Halt, der f\u00fcr Fortgeschrittene unerl\u00e4sslich ist, die einen G\u00fcrtel ben\u00f6tigen, der ihrem technischen Niveau entspricht. <\/p>\n<ul>\n<li data-start=\"1674\" data-end=\"1715\"><strong data-start=\"1679\" data-end=\"1715\">Ausgewogener Komfort und Halt<\/strong><\/li>\n<\/ul>\n<p data-start=\"1716\" data-end=\"1903\">Der G\u00fcrtel umschlie\u00dft die Taille mit festem Halt und bleibt auch bei langen Sitzungen angenehm zu tragen.<\/p>\n<ul>\n<li data-start=\"1905\" data-end=\"1959\"><strong data-start=\"1910\" data-end=\"1959\">Premium-Design und professionelle Verarbeitung<\/strong><\/li>\n<\/ul>\n<p data-start=\"1960\" data-end=\"2229\">Dieser G\u00fcrtel ist ein eleganter und traditioneller G\u00fcrtel in tiefem Braun mit einem <strong data-start=\"2031\" data-end=\"2058\">schlichten und raffinierten Design<\/strong>, das den Werten von Fighting Films entspricht. Verst\u00e4rkte N\u00e4hte, ein hochwertiges gewebtes Etikett und eine durchdachte \u00c4sthetik: Jedes Detail spiegelt die Premium-Qualit\u00e4t des Produkts wider. <\/p>\n<hr data-start=\"2231\" data-end=\"2234\">\n<h3 data-start=\"2236\" data-end=\"2277\"><strong data-start=\"2240\" data-end=\"2277\">Warum sollten Sie diesen G\u00fcrtel w\u00e4hlen?<\/strong><\/h3>\n<ul data-start=\"2279\" data-end=\"2585\">\n<li data-start=\"2279\" data-end=\"2349\">\n<p data-start=\"2281\" data-end=\"2349\">F\u00fcr ein <strong data-start=\"2296\" data-end=\"2307\">Premium-Modell<\/strong>, das f\u00fcr hochrangige Sportler geeignet ist.<\/p>\n<\/li>\n<li data-start=\"2350\" data-end=\"2424\">\n<p data-start=\"2352\" data-end=\"2424\">F\u00fcr eine <strong data-start=\"2361\" data-end=\"2390\">au\u00dfergew\u00f6hnliche St\u00e4rke<\/strong>, ideal f\u00fcr eine intensive Nutzung.<\/p>\n<\/li>\n<li data-start=\"2425\" data-end=\"2503\">\n<p data-start=\"2427\" data-end=\"2503\">F\u00fcr einen <strong data-start=\"2435\" data-end=\"2450\">festen<\/strong> und dauerhaften <strong data-start=\"2435\" data-end=\"2450\">Knoten<\/strong> beim Training und bei Wettk\u00e4mpfen.<\/p>\n<\/li>\n<li data-start=\"2504\" data-end=\"2585\">\n<p data-start=\"2506\" data-end=\"2585\">F\u00fcr ein <strong data-start=\"2514\" data-end=\"2547\">elegantes und authentisches Design<\/strong>, das Ihrem Fortschritt gerecht wird.<\/p>\n<\/li>\n<\/ul>\n<hr data-start=\"2587\" data-end=\"2590\">\n<h3 data-start=\"2592\" data-end=\"2651\"><strong data-start=\"2596\" data-end=\"2651\">Der braune G\u00fcrtel von jjb Gi material ist perfekt, um Ihr Fachwissen zu unterstreichen.<\/strong><\/h3>\n<p data-start=\"2653\" data-end=\"2919\">Der braune Fighting Films G\u00fcrtel aus Reiskorn-Kimonostoff wurde entworfen, um ein fortgeschrittenes Niveau im JJB mit einem <strong data-start=\"2783\" data-end=\"2834\">starken, langlebigen und \u00e4sthetisch einwandfreien<\/strong> Produkt zu ehren. Ein Muss, um die letzten Schritte zum schwarzen G\u00fcrtel zu machen. <\/p>\n<\/div>\n<div id=\"kurato_extension_modal\"><\/div>\n<div id=\"kurato_extension_modal\"><\/div>\n<div id=\"kurato_extension_modal\"><\/div>\n<div id=\"kurato_extension_modal\"><\/div>\n","protected":false},"excerpt":{"rendered":"<p>Der braune G\u00fcrtel von JJB Gi material ist aus <strong data-start=\"165\" data-end=\"197\" data-is-only-node=\"\">Reiskorn-Kimono-Stoff<\/strong> gefertigt und bietet eine <strong data-start=\"230\" data-end=\"249\">hohe Qualit\u00e4t<\/strong>, <strong data-start=\"255\" data-end=\"284\">au\u00dfergew\u00f6hnliche St\u00e4rke<\/strong> und einen <strong data-start=\"292\" data-end=\"320\">ausgezeichneten Sitz des Knotens<\/strong>. Der G\u00fcrtel ist robust, langlebig und elegant und zeichnet sich durch sein <strong data-start=\"377\" data-end=\"394\">einzigartiges Design<\/strong> und seine hochwertige Verarbeitung aus. Ein au\u00dfergew\u00f6hnliches Produkt f\u00fcr Fortgeschrittene.  <\/p>\n<div id=\"kurato_extension_modal\"><\/div>\n<div id=\"kurato_extension_modal\"><\/div>\n<div id=\"kurato_extension_modal\"><\/div>\n<div id=\"kurato_extension_modal\"><\/div>\n<div id=\"kurato_extension_modal\"><\/div>\n<div id=\"kurato_extension_modal\"><\/div>\n","protected":false},"featured_media":32041,"comment_status":"","ping_status":"closed","template":"","meta":[],"product_brand":[],"product_cat":[912,403],"product_tag":[],"giftcard-category":[],"class_list":{"0":"post-33481","1":"product","2":"type-product","3":"status-publish","4":"has-post-thumbnail","6":"product_cat-jjb-gurtel","7":"product_cat-jiu-jitsu-de","8":"product_shipping_class-zubehor","10":"first","11":"instock","12":"taxable","13":"shipping-taxable","14":"purchasable","15":"product-type-variable"},"exclude_global_add_ons":[],"addons":[],"_links":{"self":[{"href":"https:\/\/fightingfilms.shop\/de\/wp-json\/wp\/v2\/product\/33481","targetHints":{"allow":["GET"]}}],"collection":[{"href":"https:\/\/fightingfilms.shop\/de\/wp-json\/wp\/v2\/product"}],"about":[{"href":"https:\/\/fightingfilms.shop\/de\/wp-json\/wp\/v2\/types\/product"}],"replies":[{"embeddable":true,"href":"https:\/\/fightingfilms.shop\/de\/wp-json\/wp\/v2\/comments?post=33481"}],"wp:featuredmedia":[{"embeddable":true,"href":"https:\/\/fightingfilms.shop\/de\/wp-json\/wp\/v2\/media\/32041"}],"wp:attachment":[{"href":"https:\/\/fightingfilms.shop\/de\/wp-json\/wp\/v2\/media?parent=33481"}],"wp:term":[{"taxonomy":"product_brand","embeddable":true,"href":"https:\/\/fightingfilms.shop\/de\/wp-json\/wp\/v2\/product_brand?post=33481"},{"taxonomy":"product_cat","embeddable":true,"href":"https:\/\/fightingfilms.shop\/de\/wp-json\/wp\/v2\/product_cat?post=33481"},{"taxonomy":"product_tag","embeddable":true,"href":"https:\/\/fightingfilms.shop\/de\/wp-json\/wp\/v2\/product_tag?post=33481"},{"taxonomy":"giftcard-category","embeddable":true,"href":"https:\/\/fightingfilms.shop\/de\/wp-json\/wp\/v2\/giftcard-category?post=33481"}],"curies":[{"name":"wp","href":"https:\/\/api.w.org\/{rel}","templated":true}]}}