{"id":33516,"date":"2025-11-26T12:43:50","date_gmt":"2025-11-26T11:43:50","guid":{"rendered":"https:\/\/fightingfilms.shop\/produit\/blauer-guertel-des-jjb-gi-materials\/"},"modified":"2025-11-26T12:43:50","modified_gmt":"2025-11-26T11:43:50","slug":"blauer-guertel-des-jjb-gi-materials","status":"publish","type":"product","link":"https:\/\/fightingfilms.shop\/de\/produit\/blauer-guertel-des-jjb-gi-materials\/","title":{"rendered":"Blauer G\u00fcrtel des JJB Gi Materials"},"content":{"rendered":"<p data-start=\"200\" data-end=\"589\">Bringen Sie Ihren <strong data-start=\"234\" data-end=\"280\">G\u00fcrtel<\/strong> auf die n\u00e4chste Stufe mit dem <strong data-start=\"234\" data-end=\"280\">blauen Jjb Gi Material G\u00fcrtel<\/strong> von Fighting Films, einem Modell, das f\u00fcr anspruchsvolle Praktizierende entworfen wurde, die Wert <strong data-start=\"373\" data-end=\"425\">auf hervorragende Qualit\u00e4t, Haltbarkeit und authentische \u00c4sthetik<\/strong> legen. Der G\u00fcrtel ist aus <strong data-start=\"444\" data-end=\"476\">Reiskorn-Kimono-Canvas<\/strong> gefertigt und bietet unvergleichliche Festigkeit und optimalen Halt, getreu der ikonischen Handwerkskunst der Marke. <\/p>\n<h3 data-start=\"597\" data-end=\"633\"><strong data-start=\"601\" data-end=\"633\">Hauptmerkmale des blauen G\u00fcrtels von jjb Gi material<\/strong><\/h3>\n<h4 data-start=\"860\" data-end=\"921\"><strong data-start=\"865\" data-end=\"921\">\u2714Blauer G\u00fcrtel von jjb Gi material genehmigt IBJJF<\/strong><\/h4>\n<p>Der blaue G\u00fcrtel von jjb premium Fighting Films ist f\u00fcr alle internationalen Wettk\u00e4mpfe der IBJJF, der International Federation of Brazilian Jiu-Jitsu, zugelassen.<\/p>\n<ul>\n<li data-start=\"635\" data-end=\"685\"><strong data-start=\"640\" data-end=\"685\">Kimono-Leinwand &#8222;Reiskorn&#8220;.<\/strong><\/li>\n<\/ul>\n<p data-start=\"686\" data-end=\"944\">Dieser G\u00fcrtel wird aus dem gleichen Material wie die hochwertigen <a href=\"https:\/\/fightingfilms.shop\/de\/produit\/kimono-de-jiu-jitsu-bresilien\/\">Kimonos von Jjb<\/a> gefertigt. Er besteht aus einem dichten, festen und strukturierten Reiskorngewebe. Ein Premium-Finish, das eine <strong data-start=\"859\" data-end=\"887\">au\u00dfergew\u00f6hnliche Langlebigkeit<\/strong> und ein professionelles Gef\u00fchl vom ersten Tag an garantiert. <\/p>\n<ul>\n<li data-start=\"946\" data-end=\"995\"><strong data-start=\"951\" data-end=\"995\">H\u00f6here Qualit\u00e4t &amp; h\u00f6here Festigkeit<\/strong><\/li>\n<\/ul>\n<p data-start=\"996\" data-end=\"1289\">Dieser G\u00fcrtel ist ideal, um den \u00dcbenden bei seinen Fortschritten zu begleiten. Er h\u00e4lt intensivem Training, wiederholten Rollen und harten Griffen problemlos stand. Seine dicke, robuste Struktur verringert die Abnutzung, <strong data-start=\"1220\" data-end=\"1241\">verformt sich nicht<\/strong> und beh\u00e4lt auch im Laufe der Zeit sein gepflegtes Aussehen. <\/p>\n<ul>\n<li data-start=\"1291\" data-end=\"1331\"><strong data-start=\"1296\" data-end=\"1331\">Ein stabilerer und zuverl\u00e4ssigerer Knoten<\/strong><\/li>\n<\/ul>\n<p data-start=\"1332\" data-end=\"1571\">Dank seiner kontrollierten Dicke und seiner ausgewogenen Steifigkeit garantiert der G\u00fcrtel einen <strong data-start=\"1418\" data-end=\"1446\">ausgezeichneten Halt des Knotens<\/strong> und vermeidet so die h\u00e4ufig vorkommenden Aufl\u00f6sungserscheinungen w\u00e4hrend eines Kampfes. Der G\u00fcrtel bleibt auch in den dynamischsten Situationen an Ort und Stelle. <\/p>\n<ul>\n<li data-start=\"1573\" data-end=\"1612\"><strong data-start=\"1578\" data-end=\"1612\">Premium-Komfort im Alltag<\/strong><\/li>\n<\/ul>\n<p data-start=\"1613\" data-end=\"1875\">Dieser G\u00fcrtel ist fest genug, um einen perfekten Halt zu bieten, aber flexibel genug, um einen optimalen Komfort um die Taille herum zu gew\u00e4hrleisten, und ist so konzipiert, dass er jede Bewegung mitmacht. Er eignet sich sowohl f\u00fcr regelm\u00e4\u00dfiges Training als auch f\u00fcr Wettk\u00e4mpfe. <\/p>\n<ul>\n<li data-start=\"1877\" data-end=\"1927\"><strong data-start=\"1882\" data-end=\"1927\">Einzigartiges Design und hochwertige Verarbeitung<\/strong><\/li>\n<\/ul>\n<p data-start=\"1928\" data-end=\"2198\">Die Signatur von Fighting Films zeigt sich in den verst\u00e4rkten N\u00e4hten, der Webdichte und dem klaren Look. Dieser tiefblaue, elegante G\u00fcrtel hat ein <strong data-start=\"2094\" data-end=\"2111\">einzigartiges<\/strong>, authentisches und sorgf\u00e4ltiges <strong data-start=\"2094\" data-end=\"2111\">Design<\/strong> und ein gewebtes Etikett, das seinen Premium-Status unterstreicht. <\/p>\n<h3 data-start=\"2205\" data-end=\"2246\"><strong data-start=\"2209\" data-end=\"2246\">Warum sollten Sie diesen G\u00fcrtel w\u00e4hlen?<\/strong><\/h3>\n<ul data-start=\"2248\" data-end=\"2527\">\n<li data-start=\"2248\" data-end=\"2323\">\n<p data-start=\"2250\" data-end=\"2323\">F\u00fcr einen <strong data-start=\"2268\" data-end=\"2279\">Premium-G\u00fcrtel<\/strong>, der aus einem hochwertigen Material gefertigt ist.<\/p>\n<\/li>\n<li data-start=\"2324\" data-end=\"2400\">\n<p data-start=\"2326\" data-end=\"2400\">F\u00fcr eine <strong data-start=\"2335\" data-end=\"2364\">au\u00dfergew\u00f6hnliche Widerstandsf\u00e4higkeit<\/strong> bei intensivem Training.<\/p>\n<\/li>\n<li data-start=\"2401\" data-end=\"2467\">\n<p data-start=\"2403\" data-end=\"2467\">F\u00fcr einen <strong data-start=\"2412\" data-end=\"2438\">perfekten Sitz des Knotens<\/strong> w\u00e4hrend der gesamten Sitzung.<\/p>\n<\/li>\n<li data-start=\"2468\" data-end=\"2527\">\n<p data-start=\"2470\" data-end=\"2527\">F\u00fcr ein <strong data-start=\"2478\" data-end=\"2502\">hochwertiges<\/strong>, schlichtes und authentisches <strong data-start=\"2478\" data-end=\"2502\">Design<\/strong>.<\/p>\n<\/li>\n<\/ul>\n<hr data-start=\"2529\" data-end=\"2532\">\n<h3 data-start=\"2534\" data-end=\"2605\"><strong data-start=\"2538\" data-end=\"2605\">Der blaue G\u00fcrtel von jjb Gi material ist ideal, um einen Schritt weiter zu kommen.<\/strong><\/h3>\n<p data-start=\"2607\" data-end=\"2873\">Dieser blaue JJB Gi Material Fighting Films G\u00fcrtel ist die perfekte Wahl f\u00fcr alle, die ihren Aufstieg auf ein h\u00f6heres Niveau mit einem hochwertigen <strong data-start=\"2762\" data-end=\"2799\">, langlebigen und makellosen<\/strong> Produkt markieren m\u00f6chten. Eine perfekte Kombination aus JJB-Tradition, St\u00e4rke und Premium-Stil. <\/p>\n<div id=\"kurato_extension_modal\"><\/div>\n<div id=\"kurato_extension_modal\"><\/div>\n<div id=\"kurato_extension_modal\"><\/div>\n<div id=\"kurato_extension_modal\"><\/div>\n<div id=\"kurato_extension_modal\"><\/div>\n","protected":false},"excerpt":{"rendered":"<p>Der blaue Jjb-G\u00fcrtel Gi material aus <strong data-start=\"165\" data-end=\"197\" data-is-only-node=\"\">Reiskorn-Kimono-Stoff<\/strong> ist von <strong data-start=\"230\" data-end=\"249\">h\u00f6chster Qualit\u00e4t<\/strong>, <strong data-start=\"255\" data-end=\"284\">au\u00dfergew\u00f6hnlicher Festigkeit<\/strong> und <strong data-start=\"292\" data-end=\"320\">ausgezeichnetem Knotenhalt<\/strong>. Der G\u00fcrtel ist stark, haltbar und elegant und zeichnet sich durch sein <strong data-start=\"377\" data-end=\"394\">einzigartiges Design<\/strong> und seine hochwertige Verarbeitung aus. Die ideale Wahl, um sich mit Stil und Zuverl\u00e4ssigkeit im JJB weiterzuentwickeln.  <\/p>\n<div id=\"kurato_extension_modal\"><\/div>\n<div id=\"kurato_extension_modal\"><\/div>\n<div id=\"kurato_extension_modal\"><\/div>\n<div id=\"kurato_extension_modal\"><\/div>\n<div id=\"kurato_extension_modal\"><\/div>\n","protected":false},"featured_media":32035,"comment_status":"","ping_status":"closed","template":"","meta":[],"product_brand":[],"product_cat":[912,403],"product_tag":[],"giftcard-category":[],"class_list":{"0":"post-33516","1":"product","2":"type-product","3":"status-publish","4":"has-post-thumbnail","6":"product_cat-jjb-gurtel","7":"product_cat-jiu-jitsu-de","8":"product_shipping_class-zubehor","10":"first","11":"instock","12":"taxable","13":"shipping-taxable","14":"purchasable","15":"product-type-variable"},"exclude_global_add_ons":[],"addons":[],"_links":{"self":[{"href":"https:\/\/fightingfilms.shop\/de\/wp-json\/wp\/v2\/product\/33516","targetHints":{"allow":["GET"]}}],"collection":[{"href":"https:\/\/fightingfilms.shop\/de\/wp-json\/wp\/v2\/product"}],"about":[{"href":"https:\/\/fightingfilms.shop\/de\/wp-json\/wp\/v2\/types\/product"}],"replies":[{"embeddable":true,"href":"https:\/\/fightingfilms.shop\/de\/wp-json\/wp\/v2\/comments?post=33516"}],"wp:featuredmedia":[{"embeddable":true,"href":"https:\/\/fightingfilms.shop\/de\/wp-json\/wp\/v2\/media\/32035"}],"wp:attachment":[{"href":"https:\/\/fightingfilms.shop\/de\/wp-json\/wp\/v2\/media?parent=33516"}],"wp:term":[{"taxonomy":"product_brand","embeddable":true,"href":"https:\/\/fightingfilms.shop\/de\/wp-json\/wp\/v2\/product_brand?post=33516"},{"taxonomy":"product_cat","embeddable":true,"href":"https:\/\/fightingfilms.shop\/de\/wp-json\/wp\/v2\/product_cat?post=33516"},{"taxonomy":"product_tag","embeddable":true,"href":"https:\/\/fightingfilms.shop\/de\/wp-json\/wp\/v2\/product_tag?post=33516"},{"taxonomy":"giftcard-category","embeddable":true,"href":"https:\/\/fightingfilms.shop\/de\/wp-json\/wp\/v2\/giftcard-category?post=33516"}],"curies":[{"name":"wp","href":"https:\/\/api.w.org\/{rel}","templated":true}]}}