{"id":33537,"date":"2025-11-26T12:40:34","date_gmt":"2025-11-26T11:40:34","guid":{"rendered":"https:\/\/fightingfilms.shop\/produit\/weisser-guertel-von-jjb-gi-material\/"},"modified":"2025-11-26T12:40:34","modified_gmt":"2025-11-26T11:40:34","slug":"weisser-guertel-von-jjb-gi-material","status":"publish","type":"product","link":"https:\/\/fightingfilms.shop\/de\/produit\/weisser-guertel-von-jjb-gi-material\/","title":{"rendered":"Wei\u00dfer G\u00fcrtel von JJB Gi Material"},"content":{"rendered":"<p data-start=\"200\" data-end=\"589\">Entdecken Sie den <strong data-start=\"265\" data-end=\"313\">wei\u00dfen JJB Gi Material G\u00fcrtel<\/strong>, der f\u00fcr diejenigen entwickelt wurde, die ein Produkt suchen, das <strong data-start=\"378\" data-end=\"422\">Qualit\u00e4t, Haltbarkeit und authentischen Stil<\/strong> vereint. Dieser G\u00fcrtel ist direkt von den hochwertigen JJB-Kimonos inspiriert und besteht aus <strong data-start=\"504\" data-end=\"526\">Reiskorngewebe<\/strong>, einem Stoff, der f\u00fcr seine Robustheit und nat\u00fcrliche Eleganz bekannt ist. <\/p>\n<h3 data-start=\"596\" data-end=\"632\"><strong data-start=\"600\" data-end=\"632\">Hauptmerkmale des wei\u00dfen JJB Gi Materialg\u00fcrtels<\/strong><\/h3>\n<ul>\n<li data-start=\"634\" data-end=\"686\"><strong data-start=\"639\" data-end=\"686\">  Material aus Kimono-Leinwand &#8222;Reiskorn&#8220;.<\/strong><\/li>\n<\/ul>\n<p data-start=\"687\" data-end=\"960\">Dieser G\u00fcrtel wird aus dem gleichen Material wie die Premium-Kimonos hergestellt und bietet eine <strong data-start=\"768\" data-end=\"807\">starke, dichte und widerstandsf\u00e4hige Textur<\/strong>, die eine au\u00dfergew\u00f6hnliche Langlebigkeit garantiert. Das Reiskorngewebe verleiht dem G\u00fcrtel ein Relief und einen besseren Halt, w\u00e4hrend es sich gleichzeitig professionell anf\u00fchlt. <\/p>\n<ul>\n<li data-start=\"962\" data-end=\"1014\"><strong data-start=\"967\" data-end=\"1014\">  H\u00f6here Qualit\u00e4t und l\u00e4ngere Haltbarkeit<\/strong><\/li>\n<\/ul>\n<p data-start=\"1015\" data-end=\"1276\">Dank des dicken Gewebes und der hochwertigen Verarbeitung h\u00e4lt dieser G\u00fcrtel intensiven Trainingseinheiten, Wiederholungen von \u00dcbungen und dem Ziehen beim Greifen stand. Er bleibt l\u00e4nger in Form, <strong data-start=\"1239\" data-end=\"1275\">ohne auszufransen oder sich zu verformen<\/strong>. <\/p>\n<ul>\n<li data-start=\"1278\" data-end=\"1312\"><strong data-start=\"1283\" data-end=\"1312\">Optimierter Knotenhalt<\/strong><\/li>\n<\/ul>\n<p data-start=\"1313\" data-end=\"1541\">Die robuste Konstruktion sorgt f\u00fcr einen <strong data-start=\"1348\" data-end=\"1398\">besseren Halt, wenn der Knoten gebunden wird<\/strong>, und verhindert so ungewolltes L\u00f6sen w\u00e4hrend des Kampfes oder der Drills. Der Knoten bleibt auch w\u00e4hrend der dynamischsten Sitzungen an Ort und Stelle. <\/p>\n<ul>\n<li data-start=\"1543\" data-end=\"1580\"><strong data-start=\"1548\" data-end=\"1580\">Premium-Komfort &amp; Passform<\/strong><\/li>\n<\/ul>\n<p data-start=\"1581\" data-end=\"1867\">Perfektes Gleichgewicht zwischen Steifigkeit und Flexibilit\u00e4t: fest genug, um einen festen Knoten zu erhalten, aber flexibel genug, um einen <strong data-start=\"1711\" data-end=\"1730\">optimalen Komfort<\/strong> um die Taille herum zu bieten. Ideal f\u00fcr Anf\u00e4nger und Fortgeschrittene, die ein Produkt auf h\u00f6herem Niveau suchen. <\/p>\n<ul>\n<li data-start=\"1869\" data-end=\"1921\"><strong data-start=\"1874\" data-end=\"1921\">Einzigartiges Design und die Signatur von Fighting Films<\/strong><\/li>\n<\/ul>\n<p data-start=\"1922\" data-end=\"2197\">Mit seiner makellosen Verarbeitung, den verst\u00e4rkten N\u00e4hten und der eleganten \u00c4sthetik bietet dieser G\u00fcrtel ein <strong data-start=\"2028\" data-end=\"2047\">exklusives Design<\/strong>, das der Identit\u00e4t von Fighting Films entspricht: Schlichtheit, Tradition und Leistung. Das gewebte Etikett verleiht dem G\u00fcrtel einen Premium-Touch, der sofort erkennbar ist. <\/p>\n<h3 data-start=\"2204\" data-end=\"2245\"><strong data-start=\"2208\" data-end=\"2245\">Warum sollten Sie diesen G\u00fcrtel w\u00e4hlen?<\/strong><\/h3>\n<ul data-start=\"2247\" data-end=\"2495\">\n<li data-start=\"2247\" data-end=\"2313\">\n<p data-start=\"2249\" data-end=\"2313\">F\u00fcr einen <strong data-start=\"2258\" data-end=\"2278\">Premium-G\u00fcrtel<\/strong>, der von den besten Kimonos inspiriert wurde.<\/p>\n<\/li>\n<li data-start=\"2314\" data-end=\"2386\">\n<p data-start=\"2316\" data-end=\"2386\">F\u00fcr eine <strong data-start=\"2325\" data-end=\"2346\">erh\u00f6hte Widerstandsf\u00e4higkeit<\/strong> bei den anspruchsvollsten Trainingseinheiten.<\/p>\n<\/li>\n<li data-start=\"2387\" data-end=\"2442\">\n<p data-start=\"2389\" data-end=\"2442\">F\u00fcr einen <strong data-start=\"2397\" data-end=\"2417\">perfekten Halt<\/strong>, der nicht nachl\u00e4sst.<\/p>\n<\/li>\n<li data-start=\"2443\" data-end=\"2495\">\n<p data-start=\"2445\" data-end=\"2495\">F\u00fcr einen <strong data-start=\"2453\" data-end=\"2468\">einzigartigen<\/strong>, raffinierten und authentischen <strong data-start=\"2453\" data-end=\"2468\">Look<\/strong>.<\/p>\n<\/li>\n<\/ul>\n<hr data-start=\"2497\" data-end=\"2500\">\n<h3 data-start=\"2502\" data-end=\"2566\"><strong data-start=\"2506\" data-end=\"2566\">Der wei\u00dfe G\u00fcrtel von jjb Gi material ist perfekt f\u00fcr Anf\u00e4nger&#8230; oder um sich von der Masse abzuheben.<\/strong><\/h3>\n<p data-start=\"2568\" data-end=\"2875\">Ob Sie mit dem JJB beginnen oder einen wei\u00dfen G\u00fcrtel von deutlich h\u00f6herer Qualit\u00e4t suchen, der Reiskorng\u00fcrtel Fighting Films ist die erste <strong data-start=\"2740\" data-end=\"2764\">Wahl<\/strong>. Er vereint Tradition, Leistung und Haltbarkeit, um Sie auf Ihrem Weg nach oben zu begleiten. <\/p>\n<div id=\"kurato_extension_modal\"><\/div>\n<div id=\"kurato_extension_modal\"><\/div>\n<div id=\"kurato_extension_modal\"><\/div>\n","protected":false},"excerpt":{"rendered":"<p>Der wei\u00dfe G\u00fcrtel von jjb Gi material ist aus <strong data-start=\"144\" data-end=\"176\" data-is-only-node=\"\">Reiskorn-Kimonostoff<\/strong> gefertigt und bietet <strong data-start=\"211\" data-end=\"233\">h\u00f6chste Qualit\u00e4t<\/strong>, <strong data-start=\"239\" data-end=\"268\">au\u00dfergew\u00f6hnliche St\u00e4rke<\/strong> und <strong data-start=\"276\" data-end=\"302\">optimale Knotenfestigkeit<\/strong>. Er ist st\u00e4rker und haltbarer als herk\u00f6mmliche G\u00fcrtel und verf\u00fcgt \u00fcber ein <strong data-start=\"374\" data-end=\"391\">einzigartiges Design<\/strong> mit hochwertiger Verarbeitung. Die ideale Wahl f\u00fcr den Einstieg in den JJB mit Stil und Leistung.  <\/p>\n<div id=\"kurato_extension_modal\"><\/div>\n<div id=\"kurato_extension_modal\"><\/div>\n<div id=\"kurato_extension_modal\"><\/div>\n","protected":false},"featured_media":32024,"comment_status":"","ping_status":"closed","template":"","meta":[],"product_brand":[],"product_cat":[912,403],"product_tag":[],"giftcard-category":[],"class_list":{"0":"post-33537","1":"product","2":"type-product","3":"status-publish","4":"has-post-thumbnail","6":"product_cat-jjb-gurtel","7":"product_cat-jiu-jitsu-de","8":"product_shipping_class-zubehor","10":"first","11":"instock","12":"taxable","13":"shipping-taxable","14":"purchasable","15":"product-type-variable"},"exclude_global_add_ons":[],"addons":[],"_links":{"self":[{"href":"https:\/\/fightingfilms.shop\/de\/wp-json\/wp\/v2\/product\/33537","targetHints":{"allow":["GET"]}}],"collection":[{"href":"https:\/\/fightingfilms.shop\/de\/wp-json\/wp\/v2\/product"}],"about":[{"href":"https:\/\/fightingfilms.shop\/de\/wp-json\/wp\/v2\/types\/product"}],"replies":[{"embeddable":true,"href":"https:\/\/fightingfilms.shop\/de\/wp-json\/wp\/v2\/comments?post=33537"}],"wp:featuredmedia":[{"embeddable":true,"href":"https:\/\/fightingfilms.shop\/de\/wp-json\/wp\/v2\/media\/32024"}],"wp:attachment":[{"href":"https:\/\/fightingfilms.shop\/de\/wp-json\/wp\/v2\/media?parent=33537"}],"wp:term":[{"taxonomy":"product_brand","embeddable":true,"href":"https:\/\/fightingfilms.shop\/de\/wp-json\/wp\/v2\/product_brand?post=33537"},{"taxonomy":"product_cat","embeddable":true,"href":"https:\/\/fightingfilms.shop\/de\/wp-json\/wp\/v2\/product_cat?post=33537"},{"taxonomy":"product_tag","embeddable":true,"href":"https:\/\/fightingfilms.shop\/de\/wp-json\/wp\/v2\/product_tag?post=33537"},{"taxonomy":"giftcard-category","embeddable":true,"href":"https:\/\/fightingfilms.shop\/de\/wp-json\/wp\/v2\/giftcard-category?post=33537"}],"curies":[{"name":"wp","href":"https:\/\/api.w.org\/{rel}","templated":true}]}}