{"id":33576,"date":"2025-11-14T13:39:49","date_gmt":"2025-11-14T12:39:49","guid":{"rendered":"https:\/\/fightingfilms.shop\/produit\/khaki-treue-judogi-jacke-aus-canvas\/"},"modified":"2025-11-14T13:39:49","modified_gmt":"2025-11-14T12:39:49","slug":"khaki-treue-judogi-jacke-aus-canvas","status":"publish","type":"product","link":"https:\/\/fightingfilms.shop\/de\/produit\/khaki-treue-judogi-jacke-aus-canvas\/","title":{"rendered":"Khaki-Treue Judogi-Jacke aus Canvas"},"content":{"rendered":"<h3 data-end=\"486\" data-start=\"209\"><strong>Neue Kollektion 2025  <\/strong><\/h3>\n<p data-end=\"486\" data-start=\"209\"><strong>Entdecken Sie den Bestseller der Kollektion 2021 Keiko-Gi in einer \u00fcberarbeiteten und verbesserten Version. Die Khaki-Treue-Jacke mit ihrer einzigartigen Farbgebung im Streetwear-Stil.   <\/strong><\/p>\n<p data-end=\"486\" data-start=\"209\">Die <strong data-end=\"230\" data-start=\"212\">khakifarbene Treuejacke<\/strong> von <strong data-end=\"250\" data-start=\"238\">Keiko-Gi<\/strong> ist eine elegante Neuinterpretation des <strong data-end=\"296\" data-start=\"286\">Judogi<\/strong> und wird zu einem unverzichtbaren Teil Ihrer Garderobe. Inspiriert vom <strong data-end=\"387\" data-start=\"368\">japanischen Kimono<\/strong>, vereint die Jacke <strong data-end=\"432\" data-start=\"400\">Chic, Komfort und Originalit\u00e4t<\/strong> f\u00fcr einen einzigartigen Stil zwischen Tradition und Moderne. <\/p>\n<p data-end=\"817\" data-start=\"488\">Die khakifarbene Jacke aus <strong data-end=\"533\" data-start=\"505\">100% Reiskornbaumwolle<\/strong> bietet eine <strong data-end=\"586\" data-start=\"563\">authentische Textur<\/strong> und <strong data-end=\"623\" data-start=\"594\">au\u00dfergew\u00f6hnliche Strapazierf\u00e4higkeit<\/strong>. Der <strong data-end=\"644\" data-start=\"628\">gerade Schnitt<\/strong> sorgt f\u00fcr einen gepflegten und l\u00e4ssigen Look, w\u00e4hrend der <strong data-end=\"716\" data-start=\"702\">Doppelkragen<\/strong>, der <strong data-end=\"747\" data-start=\"721\">silberne Rei\u00dfverschluss<\/strong> und die <strong data-end=\"785\" data-start=\"755\">Kimono-inspirierten Taschen<\/strong> einen raffinierten Touch verleihen. <\/p>\n<p data-end=\"1043\" data-start=\"819\">Die <strong data-end=\"841\" data-start=\"823\">weiten \u00c4rmel<\/strong> sorgen f\u00fcr eine optimale Bewegungsfreiheit und erinnern an den Geist des Judo. Diese leichte und robuste Jacke ist ideal f\u00fcr die <strong data-end=\"946\" data-start=\"933\">\u00dcbergangszeit<\/strong> und passt zu jedem Anlass, ob im Alltag oder am Abend. <\/p>\n<p data-end=\"1162\" data-start=\"1045\">Kombinieren Sie es mit <strong data-end=\"1086\" data-start=\"1065\">Jeans<\/strong>, <strong data-end=\"1100\" data-start=\"1091\">Shorts<\/strong> oder <strong data-end=\"1125\" data-start=\"1108\">R\u00f6cken<\/strong> f\u00fcr einen kompletten und ausgewogenen Look.<\/p>\n<hr data-end=\"1167\" data-start=\"1164\">\n<h3 data-end=\"1195\" data-start=\"1169\"><strong data-end=\"1195\" data-start=\"1173\">Eigenschaften :<\/strong><\/h3>\n<ul data-end=\"1516\" data-start=\"1196\">\n<li data-end=\"1245\" data-start=\"1196\">\n<p data-end=\"1245\" data-start=\"1198\"><b>Erh\u00e4ltlich in Khaki<\/b><b><\/b><\/p>\n<\/li>\n<li data-end=\"1288\" data-start=\"1246\">\n<p data-end=\"1288\" data-start=\"1248\"><strong data-end=\"1261\" data-start=\"1248\">Material:<\/strong> 100 % Reiskornbaumwolle<\/p>\n<\/li>\n<li data-end=\"1327\" data-start=\"1289\">\n<p data-end=\"1327\" data-start=\"1291\"><b>Mit oder ohne &#8222;Seigaiha&#8220;-Futter<\/b><\/p>\n<\/li>\n<li data-end=\"1356\" data-start=\"1328\">\n<p data-end=\"1356\" data-start=\"1330\"><strong data-end=\"1345\" data-start=\"1330\">Verschluss:<\/strong> Silberner Rei\u00dfverschluss<\/p>\n<\/li>\n<li data-end=\"1397\" data-start=\"1357\">\n<p data-end=\"1397\" data-start=\"1359\"><strong data-end=\"1374\" data-start=\"1359\">Pflege:<\/strong> Bei maximal 30\u00b0 waschen<\/p>\n<\/li>\n<li data-end=\"1435\" data-start=\"1398\">\n<p data-end=\"1435\" data-start=\"1400\"><strong data-end=\"1417\" data-start=\"1400\">Inspiration:<\/strong> Kimono &amp; Judogi<\/p>\n<\/li>\n<li data-end=\"1516\" data-start=\"1436\">\n<p data-end=\"1516\" data-start=\"1438\"><strong data-end=\"1459\" data-start=\"1438\">Zugeh\u00f6riger Wert:<\/strong> <em data-end=\"1470\" data-start=\"1460\">Loyalit\u00e4t<\/em> &#8211; einer der 7 Grundwerte des Judo<\/p>\n<\/li>\n<li data-end=\"1516\" data-start=\"1436\"><b>Gerader Schnitt, weite \u00c4rmel<\/b><\/li>\n<\/ul>\n<div id=\"kurato_extension_modal\"><\/div>\n<div id=\"kurato_extension_modal\"><\/div>\n","protected":false},"excerpt":{"rendered":"<p>Die unumg\u00e4ngliche Keiko-Gi-Jacke ist zur\u00fcck! Einige Jahre nach dem Erscheinen der Treuejacke, entdecken Sie ein neues Modell, leicht \u00fcberarbeitet, mit neuen Details und einer neuen Farbe, Khaki! <\/p>\n<p>Die khakifarbene Judogi-Jacke ist ab sofort erh\u00e4ltlich!<\/p>\n<div id=\"kurato_extension_modal\"><\/div>\n<div id=\"kurato_extension_modal\"><\/div>\n<div id=\"kurato_extension_modal\"><\/div>\n","protected":false},"featured_media":31673,"comment_status":"","ping_status":"closed","template":"","meta":[],"product_brand":[],"product_cat":[997,354],"product_tag":[],"giftcard-category":[],"class_list":{"0":"post-33576","1":"product","2":"type-product","3":"status-publish","4":"has-post-thumbnail","6":"product_cat-kimonostoff","7":"product_cat-judo-textilien","8":"product_shipping_class-zubehor","10":"first","11":"instock","12":"taxable","13":"shipping-taxable","14":"purchasable","15":"product-type-variable"},"exclude_global_add_ons":[],"addons":[],"_links":{"self":[{"href":"https:\/\/fightingfilms.shop\/de\/wp-json\/wp\/v2\/product\/33576","targetHints":{"allow":["GET"]}}],"collection":[{"href":"https:\/\/fightingfilms.shop\/de\/wp-json\/wp\/v2\/product"}],"about":[{"href":"https:\/\/fightingfilms.shop\/de\/wp-json\/wp\/v2\/types\/product"}],"replies":[{"embeddable":true,"href":"https:\/\/fightingfilms.shop\/de\/wp-json\/wp\/v2\/comments?post=33576"}],"wp:featuredmedia":[{"embeddable":true,"href":"https:\/\/fightingfilms.shop\/de\/wp-json\/wp\/v2\/media\/31673"}],"wp:attachment":[{"href":"https:\/\/fightingfilms.shop\/de\/wp-json\/wp\/v2\/media?parent=33576"}],"wp:term":[{"taxonomy":"product_brand","embeddable":true,"href":"https:\/\/fightingfilms.shop\/de\/wp-json\/wp\/v2\/product_brand?post=33576"},{"taxonomy":"product_cat","embeddable":true,"href":"https:\/\/fightingfilms.shop\/de\/wp-json\/wp\/v2\/product_cat?post=33576"},{"taxonomy":"product_tag","embeddable":true,"href":"https:\/\/fightingfilms.shop\/de\/wp-json\/wp\/v2\/product_tag?post=33576"},{"taxonomy":"giftcard-category","embeddable":true,"href":"https:\/\/fightingfilms.shop\/de\/wp-json\/wp\/v2\/giftcard-category?post=33576"}],"curies":[{"name":"wp","href":"https:\/\/api.w.org\/{rel}","templated":true}]}}