{"id":33628,"date":"2025-11-14T13:05:07","date_gmt":"2025-11-14T12:05:07","guid":{"rendered":"https:\/\/fightingfilms.shop\/produit\/schwarze-judogi-leinwand-treuejacke\/"},"modified":"2025-11-14T13:05:07","modified_gmt":"2025-11-14T12:05:07","slug":"schwarze-judogi-leinwand-treuejacke","status":"publish","type":"product","link":"https:\/\/fightingfilms.shop\/de\/produit\/schwarze-judogi-leinwand-treuejacke\/","title":{"rendered":"Schwarze Judogi-Leinwand-Treuejacke"},"content":{"rendered":"<h3 data-start=\"209\" data-end=\"486\"><strong>Neue Kollektion 2025  <\/strong><\/h3>\n<p data-start=\"209\" data-end=\"486\"><strong>Entdecken Sie den Bestseller der Kollektion 2021 Keiko-Gi in einer \u00fcberarbeiteten und verbesserten Version. Die schwarze Treuejacke mit ihrer tiefen Farbgebung im Streetwear-Stil.   <\/strong><\/p>\n<p data-start=\"209\" data-end=\"486\">Die <strong data-start=\"212\" data-end=\"230\">schwarze Treuejacke<\/strong> von <strong data-start=\"238\" data-end=\"250\">Keiko-Gi<\/strong> ist eine elegante Neuinterpretation des <strong data-start=\"286\" data-end=\"296\">Judogi<\/strong> und wird zu einem unverzichtbaren Teil Ihrer Garderobe. Inspiriert vom <strong data-start=\"368\" data-end=\"387\">japanischen Kimono<\/strong>, vereint die Jacke <strong data-start=\"400\" data-end=\"432\">Chic, Komfort und Originalit\u00e4t<\/strong> f\u00fcr einen einzigartigen Stil zwischen Tradition und Moderne. <\/p>\n<p data-start=\"488\" data-end=\"817\">Die khakifarbene Jacke aus <strong data-start=\"505\" data-end=\"533\">100% Reiskornbaumwolle<\/strong> bietet eine <strong data-start=\"563\" data-end=\"586\">authentische Textur<\/strong> und <strong data-start=\"594\" data-end=\"623\">au\u00dfergew\u00f6hnliche Strapazierf\u00e4higkeit<\/strong>. Der <strong data-start=\"628\" data-end=\"644\">gerade Schnitt<\/strong> sorgt f\u00fcr einen gepflegten und l\u00e4ssigen Look, w\u00e4hrend der <strong data-start=\"702\" data-end=\"716\">Doppelkragen<\/strong>, der <strong data-start=\"721\" data-end=\"747\">silberne Rei\u00dfverschluss<\/strong> und die <strong data-start=\"755\" data-end=\"785\">Kimono-inspirierten Taschen<\/strong> einen raffinierten Touch verleihen. <\/p>\n<p data-start=\"819\" data-end=\"1043\">Die <strong data-start=\"823\" data-end=\"841\">weiten \u00c4rmel<\/strong> sorgen f\u00fcr eine optimale Bewegungsfreiheit und erinnern an den Geist des Judo. Diese leichte und robuste Jacke ist ideal f\u00fcr die <strong data-start=\"933\" data-end=\"946\">\u00dcbergangszeit<\/strong> und passt zu jedem Anlass, ob im Alltag oder am Abend. <\/p>\n<p data-start=\"1045\" data-end=\"1162\">Kombinieren Sie es mit <strong data-start=\"1065\" data-end=\"1086\">Jeans<\/strong>, <strong data-start=\"1091\" data-end=\"1100\">Shorts<\/strong> oder <strong data-start=\"1108\" data-end=\"1125\">R\u00f6cken<\/strong> f\u00fcr einen kompletten und ausgewogenen Look.<\/p>\n<hr data-start=\"1164\" data-end=\"1167\">\n<h3 data-start=\"1169\" data-end=\"1195\"><strong data-start=\"1173\" data-end=\"1195\">Eigenschaften :<\/strong><\/h3>\n<ul data-start=\"1196\" data-end=\"1516\">\n<li data-start=\"1196\" data-end=\"1245\">\n<p data-start=\"1198\" data-end=\"1245\"><b>Erh\u00e4ltlich in Schwarz<\/b><b> <\/b><b><\/b><\/p>\n<\/li>\n<li data-start=\"1246\" data-end=\"1288\">\n<p data-start=\"1248\" data-end=\"1288\"><strong data-start=\"1248\" data-end=\"1261\">Material:<\/strong> 100 % Reiskornbaumwolle<\/p>\n<\/li>\n<li data-start=\"1289\" data-end=\"1327\">\n<p data-start=\"1291\" data-end=\"1327\"><b>Mit oder ohne &#8222;Seigaiha&#8220;-Futter<\/b><\/p>\n<\/li>\n<li data-start=\"1328\" data-end=\"1356\">\n<p data-start=\"1330\" data-end=\"1356\"><strong data-start=\"1330\" data-end=\"1345\">Verschluss:<\/strong> Silberner Rei\u00dfverschluss<\/p>\n<\/li>\n<li data-start=\"1357\" data-end=\"1397\">\n<p data-start=\"1359\" data-end=\"1397\"><strong data-start=\"1359\" data-end=\"1374\">Pflege:<\/strong> Bei maximal 30\u00b0 waschen<\/p>\n<\/li>\n<li data-start=\"1398\" data-end=\"1435\">\n<p data-start=\"1400\" data-end=\"1435\"><strong data-start=\"1400\" data-end=\"1417\">Inspiration:<\/strong> Kimono &amp; Judogi<\/p>\n<\/li>\n<li data-start=\"1436\" data-end=\"1516\">\n<p data-start=\"1438\" data-end=\"1516\"><strong data-start=\"1438\" data-end=\"1459\">Zugeh\u00f6riger Wert:<\/strong> <em data-start=\"1460\" data-end=\"1470\">Loyalit\u00e4t<\/em> &#8211; einer der 7 Grundwerte des Judo<\/p>\n<\/li>\n<li data-start=\"1436\" data-end=\"1516\"><b>Gerader Schnitt, weite \u00c4rmel<\/b><\/li>\n<\/ul>\n<div id=\"kurato_extension_modal\"><\/div>\n","protected":false},"excerpt":{"rendered":"<p>Der unumg\u00e4ngliche Keiko-Gi ist wieder da! Einige Jahre nach dem Erscheinen der Treuejacke, entdecken Sie ein neues Modell, leicht \u00fcberarbeitet und mit neuen Details! <\/p>\n<p>Die schwarze Judogi-Leinwand-Treuejacke ist ab sofort erh\u00e4ltlich!<\/p>\n<div id=\"kurato_extension_modal\"><\/div>\n","protected":false},"featured_media":31566,"comment_status":"","ping_status":"closed","template":"","meta":[],"product_brand":[],"product_cat":[997,354],"product_tag":[],"giftcard-category":[],"class_list":{"0":"post-33628","1":"product","2":"type-product","3":"status-publish","4":"has-post-thumbnail","6":"product_cat-kimonostoff","7":"product_cat-judo-textilien","8":"product_shipping_class-zubehor","10":"first","11":"instock","12":"taxable","13":"shipping-taxable","14":"purchasable","15":"product-type-variable"},"exclude_global_add_ons":[],"addons":[],"_links":{"self":[{"href":"https:\/\/fightingfilms.shop\/de\/wp-json\/wp\/v2\/product\/33628","targetHints":{"allow":["GET"]}}],"collection":[{"href":"https:\/\/fightingfilms.shop\/de\/wp-json\/wp\/v2\/product"}],"about":[{"href":"https:\/\/fightingfilms.shop\/de\/wp-json\/wp\/v2\/types\/product"}],"replies":[{"embeddable":true,"href":"https:\/\/fightingfilms.shop\/de\/wp-json\/wp\/v2\/comments?post=33628"}],"wp:featuredmedia":[{"embeddable":true,"href":"https:\/\/fightingfilms.shop\/de\/wp-json\/wp\/v2\/media\/31566"}],"wp:attachment":[{"href":"https:\/\/fightingfilms.shop\/de\/wp-json\/wp\/v2\/media?parent=33628"}],"wp:term":[{"taxonomy":"product_brand","embeddable":true,"href":"https:\/\/fightingfilms.shop\/de\/wp-json\/wp\/v2\/product_brand?post=33628"},{"taxonomy":"product_cat","embeddable":true,"href":"https:\/\/fightingfilms.shop\/de\/wp-json\/wp\/v2\/product_cat?post=33628"},{"taxonomy":"product_tag","embeddable":true,"href":"https:\/\/fightingfilms.shop\/de\/wp-json\/wp\/v2\/product_tag?post=33628"},{"taxonomy":"giftcard-category","embeddable":true,"href":"https:\/\/fightingfilms.shop\/de\/wp-json\/wp\/v2\/giftcard-category?post=33628"}],"curies":[{"name":"wp","href":"https:\/\/api.w.org\/{rel}","templated":true}]}}