{"id":33680,"date":"2025-11-14T12:48:49","date_gmt":"2025-11-14T11:48:49","guid":{"rendered":"https:\/\/fightingfilms.shop\/produit\/ueberhemd-aufrichtigkeit-schwarz\/"},"modified":"2025-11-14T12:48:49","modified_gmt":"2025-11-14T11:48:49","slug":"ueberhemd-aufrichtigkeit-schwarz","status":"publish","type":"product","link":"https:\/\/fightingfilms.shop\/de\/produit\/ueberhemd-aufrichtigkeit-schwarz\/","title":{"rendered":"\u00dcberhemd Aufrichtigkeit schwarz"},"content":{"rendered":"<p data-start=\"894\" data-end=\"1083\"><strong data-start=\"894\" data-end=\"923\">Das schwarze \u00dcberhemd &#8222;Sinc\u00e9rit\u00e9&#8220;<\/strong> ist mehr als nur ein Kleidungsst\u00fcck: Es ist ein St\u00fcck mit Charakter, geschaffen f\u00fcr Menschen, die Wert auf <strong data-start=\"1022\" data-end=\"1080\">N\u00fcchternheit, ruhige Kraft und ehrliche Gesten<\/strong> legen.<\/p>\n<p data-start=\"1085\" data-end=\"1281\">Inspiriert von <strong data-start=\"1098\" data-end=\"1122\">traditionellen Judogi<\/strong>, \u00fcbernimmt dieses \u00dcberhemd die Codes des Kimonos &#8211; gerade Linien, St\u00e4rke, Bewegungsfreiheit und passt perfekt in eine moderne Garderobe.<\/p>\n<p data-start=\"1283\" data-end=\"1747\">\ud83d\udd39 <strong data-start=\"1286\" data-end=\"1299\">Material:<\/strong> Japanisches Kimono-Canvas, strapazierf\u00e4hig und strukturiert, bietet eine tadellose Passform und einen strukturierten Fall.<br data-start=\"1402\" data-end=\"1405\">\ud83d\udd39 <strong data-start=\"1408\" data-end=\"1419\">Schnitt:<\/strong> Gerade und auf Komfort und \u00c4sthetik ausgelegt.<br data-start=\"1491\" data-end=\"1494\">\ud83d\udd39 <strong data-start=\"1497\" data-end=\"1510\">Details:<\/strong> verst\u00e4rkte N\u00e4hte, Ton-in-Ton-Kn\u00f6pfe, sorgf\u00e4ltige Verarbeitung.<br data-start=\"1574\" data-end=\"1577\">\ud83d\udd39 <strong data-start=\"1580\" data-end=\"1608\">Futter (optional):<\/strong> Die <strong data-start=\"1612\" data-end=\"1640\">Gro\u00dfe Welle von Kanagawa<\/strong>, gedruckt auf der Innenseite des \u00dcberhemdes, eine Hommage an die japanische Kunst und eines ihrer gr\u00f6\u00dften Symbole.<\/p>\n<ul data-start=\"1748\" data-end=\"1926\">\n<li data-start=\"1853\" data-end=\"1926\">\n<p data-start=\"1855\" data-end=\"1926\"><strong data-start=\"1855\" data-end=\"1871\">Schwarz<\/strong> &#8211; elegant und schlicht, zwischen Tradition und Moderne, passt \u00fcberall hin.<\/p>\n<\/li>\n<\/ul>\n<p data-start=\"1928\" data-end=\"2066\">Jedes Modell &#8222;Sinc\u00e9rit\u00e9&#8220; spiegelt die Philosophie von Keiko-Gi wider: <strong data-start=\"1991\" data-end=\"2065\">Respekt f\u00fcr die Geste, Nachhaltigkeit der Materialien und Sch\u00f6nheit in der Einfachheit<\/strong>.<\/p>\n<div id=\"kurato_extension_modal\"><\/div>\n<div id=\"kurato_extension_modal\"><\/div>\n<div id=\"kurato_extension_modal\"><\/div>\n<div id=\"kurato_extension_modal\"><\/div>\n<div id=\"kurato_extension_modal\"><\/div>\n<div id=\"kurato_extension_modal\"><\/div>\n","protected":false},"excerpt":{"rendered":"<p>Entdecken Sie das schwarze Surchemise sinc\u00e9rit\u00e9 von unserem Partner Keiko-Gi. Dieses \u00dcberhemd aus Judogi-Leinwand ist ideal f\u00fcr die \u00dcbergangszeit. Seine Strapazierf\u00e4higkeit und sein schlichtes Design machen es zu einem unverzichtbaren Teil des Judoka-Kleiderschranks!  <\/p>\n<div id=\"kurato_extension_modal\"><\/div>\n<div id=\"kurato_extension_modal\"><\/div>\n<div id=\"kurato_extension_modal\"><\/div>\n<div id=\"kurato_extension_modal\"><\/div>\n<div id=\"kurato_extension_modal\"><\/div>\n<div id=\"kurato_extension_modal\"><\/div>\n<div id=\"kurato_extension_modal\"><\/div>\n","protected":false},"featured_media":31535,"comment_status":"","ping_status":"closed","template":"","meta":[],"product_brand":[],"product_cat":[997,354],"product_tag":[],"giftcard-category":[],"class_list":{"0":"post-33680","1":"product","2":"type-product","3":"status-publish","4":"has-post-thumbnail","6":"product_cat-kimonostoff","7":"product_cat-judo-textilien","8":"product_shipping_class-zubehor","10":"first","11":"instock","12":"taxable","13":"shipping-taxable","14":"purchasable","15":"product-type-variable"},"exclude_global_add_ons":[],"addons":[],"_links":{"self":[{"href":"https:\/\/fightingfilms.shop\/de\/wp-json\/wp\/v2\/product\/33680","targetHints":{"allow":["GET"]}}],"collection":[{"href":"https:\/\/fightingfilms.shop\/de\/wp-json\/wp\/v2\/product"}],"about":[{"href":"https:\/\/fightingfilms.shop\/de\/wp-json\/wp\/v2\/types\/product"}],"replies":[{"embeddable":true,"href":"https:\/\/fightingfilms.shop\/de\/wp-json\/wp\/v2\/comments?post=33680"}],"wp:featuredmedia":[{"embeddable":true,"href":"https:\/\/fightingfilms.shop\/de\/wp-json\/wp\/v2\/media\/31535"}],"wp:attachment":[{"href":"https:\/\/fightingfilms.shop\/de\/wp-json\/wp\/v2\/media?parent=33680"}],"wp:term":[{"taxonomy":"product_brand","embeddable":true,"href":"https:\/\/fightingfilms.shop\/de\/wp-json\/wp\/v2\/product_brand?post=33680"},{"taxonomy":"product_cat","embeddable":true,"href":"https:\/\/fightingfilms.shop\/de\/wp-json\/wp\/v2\/product_cat?post=33680"},{"taxonomy":"product_tag","embeddable":true,"href":"https:\/\/fightingfilms.shop\/de\/wp-json\/wp\/v2\/product_tag?post=33680"},{"taxonomy":"giftcard-category","embeddable":true,"href":"https:\/\/fightingfilms.shop\/de\/wp-json\/wp\/v2\/giftcard-category?post=33680"}],"curies":[{"name":"wp","href":"https:\/\/api.w.org\/{rel}","templated":true}]}}