{"id":33732,"date":"2025-11-14T12:28:28","date_gmt":"2025-11-14T11:28:28","guid":{"rendered":"https:\/\/fightingfilms.shop\/produit\/ueberhemd-aufrichtigkeit-blau\/"},"modified":"2025-11-14T12:28:28","modified_gmt":"2025-11-14T11:28:28","slug":"ueberhemd-aufrichtigkeit-blau","status":"publish","type":"product","link":"https:\/\/fightingfilms.shop\/de\/produit\/ueberhemd-aufrichtigkeit-blau\/","title":{"rendered":"\u00dcberhemd Aufrichtigkeit Blau"},"content":{"rendered":"<p data-end=\"1083\" data-start=\"894\"><strong data-end=\"923\" data-start=\"894\">Das blaue \u00dcberhemd Sinc\u00e9rit\u00e9<\/strong> ist mehr als ein Kleidungsst\u00fcck: Es ist ein St\u00fcck mit Charakter, geschaffen f\u00fcr Menschen, die Wert auf <strong data-end=\"1080\" data-start=\"1022\">N\u00fcchternheit, ruhige Kraft und ehrliche Gesten<\/strong> legen.<\/p>\n<p data-end=\"1281\" data-start=\"1085\">Inspiriert von <strong data-end=\"1122\" data-start=\"1098\">traditionellen Judogi<\/strong>, \u00fcbernimmt dieses \u00dcberhemd die Codes des Kimonos &#8211; gerade Linien, St\u00e4rke, Bewegungsfreiheit und passt perfekt in eine moderne Garderobe.<\/p>\n<p data-end=\"1747\" data-start=\"1283\">\ud83d\udd39 <strong data-end=\"1299\" data-start=\"1286\">Material:<\/strong> Japanisches Kimono-Canvas, strapazierf\u00e4hig und strukturiert, bietet eine tadellose Passform und einen strukturierten Fall.<br data-end=\"1405\" data-start=\"1402\">\ud83d\udd39 <strong data-end=\"1419\" data-start=\"1408\">Schnitt:<\/strong> Gerade und auf Komfort und \u00c4sthetik ausgelegt.<br data-end=\"1494\" data-start=\"1491\">\ud83d\udd39 <strong data-end=\"1510\" data-start=\"1497\">Details:<\/strong> verst\u00e4rkte N\u00e4hte, Ton-in-Ton-Kn\u00f6pfe, sorgf\u00e4ltige Verarbeitung.<br data-end=\"1577\" data-start=\"1574\">\ud83d\udd39 <strong data-end=\"1608\" data-start=\"1580\">Futter (optional):<\/strong> Die <strong data-end=\"1640\" data-start=\"1612\">Gro\u00dfe Welle von Kanagawa<\/strong>, gedruckt auf der Innenseite des \u00dcberhemdes, eine Hommage an die japanische Kunst und eines ihrer gr\u00f6\u00dften Symbole.<\/p>\n<ul data-end=\"1926\" data-start=\"1748\">\n<li data-end=\"1926\" data-start=\"1853\">\n<p data-end=\"1926\" data-start=\"1855\"><strong data-end=\"1871\" data-start=\"1855\">Petrolblau<\/strong> &#8211; elegant und innovativ, zwischen Tradition und Moderne.<\/p>\n<\/li>\n<\/ul>\n<p data-end=\"2066\" data-start=\"1928\">Jedes Modell &#8222;Sinc\u00e9rit\u00e9&#8220; spiegelt die Philosophie von Keiko-Gi wider: <strong data-end=\"2065\" data-start=\"1991\">Respekt f\u00fcr die Geste, Nachhaltigkeit der Materialien und Sch\u00f6nheit in der Einfachheit<\/strong>.<\/p>\n<div id=\"kurato_extension_modal\"><\/div>\n<div id=\"kurato_extension_modal\"><\/div>\n<div id=\"kurato_extension_modal\"><\/div>\n<div id=\"kurato_extension_modal\"><\/div>\n<div id=\"kurato_extension_modal\"><\/div>\n","protected":false},"excerpt":{"rendered":"<p>Entdecken Sie das petrolblaue Surchemise sinc\u00e9rit\u00e9 von unserem Partner Keiko-Gi. Aus Judogi-Leinen gefertigt, ist dieses Hemd ideal f\u00fcr die \u00dcbergangszeit. Seine Strapazierf\u00e4higkeit und sein einzigartiges Design machen es zu einem unverzichtbaren Teil des Judoka-Kleiderschranks!  <\/p>\n<div id=\"kurato_extension_modal\"><\/div>\n<div id=\"kurato_extension_modal\"><\/div>\n<div id=\"kurato_extension_modal\"><\/div>\n<div id=\"kurato_extension_modal\"><\/div>\n<div id=\"kurato_extension_modal\"><\/div>\n","protected":false},"featured_media":31491,"comment_status":"","ping_status":"closed","template":"","meta":[],"product_brand":[],"product_cat":[997,354],"product_tag":[],"giftcard-category":[],"class_list":{"0":"post-33732","1":"product","2":"type-product","3":"status-publish","4":"has-post-thumbnail","6":"product_cat-kimonostoff","7":"product_cat-judo-textilien","8":"product_shipping_class-zubehor","10":"first","11":"instock","12":"taxable","13":"shipping-taxable","14":"purchasable","15":"product-type-variable"},"exclude_global_add_ons":[],"addons":[],"_links":{"self":[{"href":"https:\/\/fightingfilms.shop\/de\/wp-json\/wp\/v2\/product\/33732","targetHints":{"allow":["GET"]}}],"collection":[{"href":"https:\/\/fightingfilms.shop\/de\/wp-json\/wp\/v2\/product"}],"about":[{"href":"https:\/\/fightingfilms.shop\/de\/wp-json\/wp\/v2\/types\/product"}],"replies":[{"embeddable":true,"href":"https:\/\/fightingfilms.shop\/de\/wp-json\/wp\/v2\/comments?post=33732"}],"wp:featuredmedia":[{"embeddable":true,"href":"https:\/\/fightingfilms.shop\/de\/wp-json\/wp\/v2\/media\/31491"}],"wp:attachment":[{"href":"https:\/\/fightingfilms.shop\/de\/wp-json\/wp\/v2\/media?parent=33732"}],"wp:term":[{"taxonomy":"product_brand","embeddable":true,"href":"https:\/\/fightingfilms.shop\/de\/wp-json\/wp\/v2\/product_brand?post=33732"},{"taxonomy":"product_cat","embeddable":true,"href":"https:\/\/fightingfilms.shop\/de\/wp-json\/wp\/v2\/product_cat?post=33732"},{"taxonomy":"product_tag","embeddable":true,"href":"https:\/\/fightingfilms.shop\/de\/wp-json\/wp\/v2\/product_tag?post=33732"},{"taxonomy":"giftcard-category","embeddable":true,"href":"https:\/\/fightingfilms.shop\/de\/wp-json\/wp\/v2\/giftcard-category?post=33732"}],"curies":[{"name":"wp","href":"https:\/\/api.w.org\/{rel}","templated":true}]}}