{"id":33826,"date":"2025-11-14T11:47:21","date_gmt":"2025-11-14T10:47:21","guid":{"rendered":"https:\/\/fightingfilms.shop\/produit\/kimono-leinwand-kontrolltasche\/"},"modified":"2025-11-14T11:47:21","modified_gmt":"2025-11-14T10:47:21","slug":"kimono-leinwand-kontrolltasche","status":"publish","type":"product","link":"https:\/\/fightingfilms.shop\/de\/produit\/kimono-leinwand-kontrolltasche\/","title":{"rendered":"Kimono Leinwand Kontrolltasche"},"content":{"rendered":"<h2>NEUE KOLLEKTION 2025<\/h2>\n<p>Inspiriert von den japanischen Judo-Kimonos, verbindet diese Tote Bag aus Kimono-Canvas Control Tradition und Funktionalit\u00e4t. Sie ist aus robustem Kimono-Stoff gefertigt und hat einen raffinierten, einzigartigen Khaki- oder Petrol-Farbton. <\/p>\n<p>Die schwarzen Henkel sind wie ein Judog\u00fcrtel stilisiert und bieten Komfort und Haltbarkeit.<\/p>\n<p>Entdecken Sie eine subtile Note im Inneren der Tasche mit dem Futter im authentischen japanischen Seigahia-Muster. Diese Tasche kombiniert japanische \u00c4sthetik mit au\u00dfergew\u00f6hnlicher Strapazierf\u00e4higkeit f\u00fcr den anspruchsvollen t\u00e4glichen Gebrauch.<\/p>\n<p>Entdecken Sie unsere neue <a href=\"https:\/\/www.keiko-gi.com\/collections\/collection-2025\" rel=\"nofollow noopener\" target=\"_blank\">Kollektion japanisch inspirierter Kleidung.<\/a><\/p>\n<div id=\"kurato_extension_modal\"><\/div>\n","protected":false},"excerpt":{"rendered":"<p>Entdecken Sie unsere Tote Bag aus Judogi-Leinwand! Ideal f\u00fcr einen Spaziergang durch die Stadt, zum Einkaufen oder f\u00fcr einen Nachmittag am Strand! Die Kontrolltasche aus Kimono-Stoff, inspiriert vom Sashiko-Tuch unseres Partners Keiko-Gi, ist ab sofort erh\u00e4ltlich!  <\/p>\n<div id=\"kurato_extension_modal\"><\/div>\n","protected":false},"featured_media":31424,"comment_status":"","ping_status":"closed","template":"","meta":[],"product_brand":[],"product_cat":[997,354],"product_tag":[],"giftcard-category":[],"class_list":{"0":"post-33826","1":"product","2":"type-product","3":"status-publish","4":"has-post-thumbnail","6":"product_cat-kimonostoff","7":"product_cat-judo-textilien","8":"product_shipping_class-zubehor","10":"first","11":"instock","12":"taxable","13":"shipping-taxable","14":"purchasable","15":"product-type-variable"},"exclude_global_add_ons":[],"addons":[],"_links":{"self":[{"href":"https:\/\/fightingfilms.shop\/de\/wp-json\/wp\/v2\/product\/33826","targetHints":{"allow":["GET"]}}],"collection":[{"href":"https:\/\/fightingfilms.shop\/de\/wp-json\/wp\/v2\/product"}],"about":[{"href":"https:\/\/fightingfilms.shop\/de\/wp-json\/wp\/v2\/types\/product"}],"replies":[{"embeddable":true,"href":"https:\/\/fightingfilms.shop\/de\/wp-json\/wp\/v2\/comments?post=33826"}],"wp:featuredmedia":[{"embeddable":true,"href":"https:\/\/fightingfilms.shop\/de\/wp-json\/wp\/v2\/media\/31424"}],"wp:attachment":[{"href":"https:\/\/fightingfilms.shop\/de\/wp-json\/wp\/v2\/media?parent=33826"}],"wp:term":[{"taxonomy":"product_brand","embeddable":true,"href":"https:\/\/fightingfilms.shop\/de\/wp-json\/wp\/v2\/product_brand?post=33826"},{"taxonomy":"product_cat","embeddable":true,"href":"https:\/\/fightingfilms.shop\/de\/wp-json\/wp\/v2\/product_cat?post=33826"},{"taxonomy":"product_tag","embeddable":true,"href":"https:\/\/fightingfilms.shop\/de\/wp-json\/wp\/v2\/product_tag?post=33826"},{"taxonomy":"giftcard-category","embeddable":true,"href":"https:\/\/fightingfilms.shop\/de\/wp-json\/wp\/v2\/giftcard-category?post=33826"}],"curies":[{"name":"wp","href":"https:\/\/api.w.org\/{rel}","templated":true}]}}