{"id":33848,"date":"2025-10-24T15:54:19","date_gmt":"2025-10-24T13:54:19","guid":{"rendered":"https:\/\/fightingfilms.shop\/produit\/judo-blauguertel-rolle-50m\/"},"modified":"2025-10-24T15:54:19","modified_gmt":"2025-10-24T13:54:19","slug":"judo-blauguertel-rolle-50m","status":"publish","type":"product","link":"https:\/\/fightingfilms.shop\/de\/produit\/judo-blauguertel-rolle-50m\/","title":{"rendered":"Judo-Blaug\u00fcrtel-Rolle 50m"},"content":{"rendered":"<p>Die Rolle des blauen Judog\u00fcrtels 50m ist das ideale Zubeh\u00f6r f\u00fcr alle Judo- und andere Kampfsportvereine. Der blaue G\u00fcrtel ist der vierte Schritt auf einem langen Weg! Nach dem wei\u00dfen, gelben und orangefarbenen G\u00fcrtel. Der blaue G\u00fcrtel ist einer der letzten Schritte vor dem schwarzen G\u00fcrtel! Mit diesem G\u00fcrtel haben die Judoka ein tieferes Verst\u00e4ndnis von Judo und k\u00f6nnen viele Techniken ausf\u00fchren.    <\/p>\n<p>Mit dieser Rolle Judo-Blaug\u00fcrtel 50m, Made in Franc, k\u00f6nnen Sie etwa 20 G\u00fcrtel f\u00fcr die Judokas Ihres Clubs herstellen.<\/p>\n<p>Aus robuster und weicher Baumwolle, die an den Enden nicht ausfranst, bietet sie eine sehr gute Festigkeit und starke Knoten f\u00fcr das gesamte Training.<\/p>\n<h2 data-start=\"492\" data-end=\"516\"><strong data-start=\"492\" data-end=\"514\">Eigenschaften der Judo-Blaug\u00fcrtelrolle 50m:<\/strong><\/h2>\n<ul data-start=\"517\" data-end=\"836\">\n<li data-start=\"517\" data-end=\"545\">\n<p data-start=\"519\" data-end=\"545\"><strong data-start=\"519\" data-end=\"533\">L\u00e4nge:<\/strong> 50 Meter<\/p>\n<\/li>\n<li data-start=\"517\" data-end=\"545\"><strong>MADE IN FRANCE<\/strong><\/li>\n<li data-start=\"546\" data-end=\"586\">\n<p data-start=\"548\" data-end=\"586\"><strong data-start=\"548\" data-end=\"561\">Breite:<\/strong> 4 cm (Judo-Standard)<\/p>\n<\/li>\n<li data-start=\"587\" data-end=\"614\">\n<p data-start=\"589\" data-end=\"614\"><strong data-start=\"589\" data-end=\"602\">Farbe:<\/strong> Blau<\/p>\n<\/li>\n<li data-start=\"615\" data-end=\"650\">\n<p data-start=\"617\" data-end=\"650\"><strong data-start=\"617\" data-end=\"630\">Material:<\/strong> 100 % gewebte Baumwolle<\/p>\n<\/li>\n<li data-start=\"651\" data-end=\"683\">\n<p data-start=\"653\" data-end=\"683\"><strong data-start=\"653\" data-end=\"668\">Dicke:<\/strong> ca. 4 mm<\/p>\n<\/li>\n<li data-start=\"749\" data-end=\"836\">\n<p data-start=\"751\" data-end=\"836\"><strong data-start=\"751\" data-end=\"768\">Verwendung:<\/strong> Ideal zum Zuschneiden von etwa 20 <a href=\"https:\/\/fightingfilms.shop\/de\/kategorie\/judogurtel\/?srsltid=AfmBOoruWC_v42LaFFlg7mr1t_DYHLWzGfIGc7iBSe2bskrCGeHndgyS\">Judog\u00fcrteln<\/a> nach den Bed\u00fcrfnissen des Vereins.<\/p>\n<\/li>\n<\/ul>\n<div id=\"kurato_extension_modal\"><\/div>\n<div id=\"kurato_extension_modal\"><\/div>\n<div id=\"kurato_extension_modal\"><\/div>\n<div id=\"kurato_extension_modal\"><\/div>\n<div id=\"kurato_extension_modal\"><\/div>\n<div id=\"kurato_extension_modal\"><\/div>\n<div id=\"kurato_extension_modal\"><\/div>\n<div id=\"kurato_extension_modal\"><\/div>\n<div id=\"kurato_extension_modal\"><\/div>\n<div id=\"kurato_extension_modal\"><\/div>\n<div id=\"kurato_extension_modal\"><\/div>\n<div id=\"kurato_extension_modal\"><\/div>\n<div id=\"kurato_extension_modal\"><\/div>\n<div id=\"kurato_extension_modal\"><\/div>\n<div id=\"kurato_extension_modal\"><\/div>\n<div id=\"kurato_extension_modal\"><\/div>\n","protected":false},"excerpt":{"rendered":"<p>Die Rolle des blauen Judog\u00fcrtels 50m ist ideal f\u00fcr alle Vereine und Akademien. Sie wird Ihnen dazu dienen, Ihren jungen Judokas, die noch in der Ausbildung sind, orange-gr\u00fcne G\u00fcrtel zu schenken!<\/p>\n<p>MADE IN FRANCE<\/p>\n<div id=\"kurato_extension_modal\"><\/div>\n<div id=\"kurato_extension_modal\"><\/div>\n<div id=\"kurato_extension_modal\"><\/div>\n<div id=\"kurato_extension_modal\"><\/div>\n<div id=\"kurato_extension_modal\"><\/div>\n<div id=\"kurato_extension_modal\"><\/div>\n<div id=\"kurato_extension_modal\"><\/div>\n<div id=\"kurato_extension_modal\"><\/div>\n<div id=\"kurato_extension_modal\"><\/div>\n<div id=\"kurato_extension_modal\"><\/div>\n<div id=\"kurato_extension_modal\"><\/div>\n<div id=\"kurato_extension_modal\"><\/div>\n<div id=\"kurato_extension_modal\"><\/div>\n<div id=\"kurato_extension_modal\"><\/div>\n<div id=\"kurato_extension_modal\"><\/div>\n<div id=\"kurato_extension_modal\"><\/div>\n","protected":false},"featured_media":31904,"comment_status":"","ping_status":"closed","template":"","meta":[],"product_brand":[],"product_cat":[386,1138],"product_tag":[],"giftcard-category":[],"class_list":{"0":"post-33848","1":"product","2":"type-product","3":"status-publish","4":"has-post-thumbnail","6":"product_cat-judogurtel","7":"product_cat-gurtelrollen","8":"product_shipping_class-gurtel-oder-tasse","10":"first","11":"instock","12":"taxable","13":"shipping-taxable","14":"purchasable","15":"product-type-simple"},"exclude_global_add_ons":[],"addons":[],"_links":{"self":[{"href":"https:\/\/fightingfilms.shop\/de\/wp-json\/wp\/v2\/product\/33848","targetHints":{"allow":["GET"]}}],"collection":[{"href":"https:\/\/fightingfilms.shop\/de\/wp-json\/wp\/v2\/product"}],"about":[{"href":"https:\/\/fightingfilms.shop\/de\/wp-json\/wp\/v2\/types\/product"}],"replies":[{"embeddable":true,"href":"https:\/\/fightingfilms.shop\/de\/wp-json\/wp\/v2\/comments?post=33848"}],"wp:featuredmedia":[{"embeddable":true,"href":"https:\/\/fightingfilms.shop\/de\/wp-json\/wp\/v2\/media\/31904"}],"wp:attachment":[{"href":"https:\/\/fightingfilms.shop\/de\/wp-json\/wp\/v2\/media?parent=33848"}],"wp:term":[{"taxonomy":"product_brand","embeddable":true,"href":"https:\/\/fightingfilms.shop\/de\/wp-json\/wp\/v2\/product_brand?post=33848"},{"taxonomy":"product_cat","embeddable":true,"href":"https:\/\/fightingfilms.shop\/de\/wp-json\/wp\/v2\/product_cat?post=33848"},{"taxonomy":"product_tag","embeddable":true,"href":"https:\/\/fightingfilms.shop\/de\/wp-json\/wp\/v2\/product_tag?post=33848"},{"taxonomy":"giftcard-category","embeddable":true,"href":"https:\/\/fightingfilms.shop\/de\/wp-json\/wp\/v2\/giftcard-category?post=33848"}],"curies":[{"name":"wp","href":"https:\/\/api.w.org\/{rel}","templated":true}]}}