{"id":34360,"date":"2026-04-09T11:17:12","date_gmt":"2026-04-09T09:17:12","guid":{"rendered":"https:\/\/fightingfilms.shop\/produit\/kinder-judo-puzzle-jigoro-kano-36-teile\/"},"modified":"2026-04-09T11:17:12","modified_gmt":"2026-04-09T09:17:12","slug":"kinder-judo-puzzle-jigoro-kano-36-teile","status":"publish","type":"product","link":"https:\/\/fightingfilms.shop\/de\/produit\/kinder-judo-puzzle-jigoro-kano-36-teile\/","title":{"rendered":"Kinder Judo Puzzle &#8211; Jigoro Kano 36 Teile"},"content":{"rendered":"<p data-start=\"1017\" data-end=\"1337\">Tauchen Sie mit dem Judo <strong data-start=\"1072\" data-end=\"1111\">Kinderpuzzle &#8211; Jigoro Kano 36 Teile,<\/strong> das von <strong data-start=\"1118\" data-end=\"1136\">Fighting Films<\/strong> entworfen <strong data-start=\"1118\" data-end=\"1136\">und von <a href=\"https:\/\/www.stephane-ganneau.com\/\" rel=\"nofollow noopener\" target=\"_blank\">Gano<\/a><\/strong> gestaltet wurde, in die Welt des Judosports ein. Das Puzzle wurde f\u00fcr Kinder und alle Judo-Fans entworfen und zeigt <strong data-start=\"1221\" data-end=\"1236\">Jigoro Kano<\/strong>, den Gr\u00fcnder des Judo, in einem grafischen Dekor, das von Japan und der visuellen Identit\u00e4t der Marke inspiriert ist. <\/p>\n<p data-start=\"1339\" data-end=\"1615\">Mit seinen <strong data-start=\"1348\" data-end=\"1361\">36 Teilen<\/strong> ist dieses Judo-Puzzle f\u00fcr Kinder ideal, um <strong data-start=\"1415\" data-end=\"1455\">Spiel, Entdeckung und Leidenschaft f\u00fcr die Tatami<\/strong> zu kombinieren. Es ist ein originelles Produkt, das die Welt des Judo auf spielerische Weise einf\u00fchrt und gleichzeitig eine emblematische Figur dieser Disziplin ehrt. <\/p>\n<p data-start=\"1617\" data-end=\"1824\">Ob zum Geburtstag, als Belohnung am Ende der Saison, als Vereinsgeschenk oder einfach, um einem jungen Judoka eine Freude zu machen, dieses <strong data-start=\"1757\" data-end=\"1779\">Judo-Kinderpuzzle<\/strong> ist eine sch\u00f6ne Geschenkidee rund um das Judo.<\/p>\n<hr data-start=\"1826\" data-end=\"1829\">\n<h2 data-section-id=\"ue2y18\" data-start=\"1831\" data-end=\"1873\">Ein Kinderpuzzle in der Welt des Judo<\/h2>\n<p data-start=\"1875\" data-end=\"2174\">Dieses <strong data-start=\"1878\" data-end=\"1900\">Jigoro Kano Puzzle<\/strong> wurde entworfen, um Kindern, die Judo lieben, eine lustige und visuelle Erfahrung zu bieten. Die dynamische Illustration, die markanten Farben und der starke Grafikstil machen es zu mehr als nur einem Spiel &#8211; es ist ein kleines Sammlerst\u00fcck f\u00fcr junge Judo-Fans. <\/p>\n<p data-start=\"2176\" data-end=\"2391\">Mit seinem <strong data-start=\"2192\" data-end=\"2205\">36-teiligen<\/strong> Format ist es perfekt geeignet, um einen leicht zug\u00e4nglichen Spielmoment zu bieten, w\u00e4hrend gleichzeitig Geduld, Beobachtungsgabe und die Freude am Nachstellen einer Szene, die von der japanischen Kampfkunst inspiriert ist, gef\u00f6rdert werden.<\/p>\n<p data-start=\"2393\" data-end=\"2417\">Dieses Puzzle zeigt :<\/p>\n<ul data-start=\"2419\" data-end=\"2649\">\n<li data-section-id=\"9ivrrc\" data-start=\"2419\" data-end=\"2483\"><strong data-start=\"2421\" data-end=\"2436\">Jigoro Kano<\/strong>, eine wichtige Figur in der Geschichte des Judo mit seinem <a href=\"https:\/\/fightingfilms.shop\/de\/kategorie\/judo-kimonos\/\">Judo-Kimono<\/a>.<\/li>\n<li data-section-id=\"9zh119\" data-start=\"2484\" data-end=\"2526\">eine starke und eindringliche <strong data-start=\"2489\" data-end=\"2507\">japanische Kulisse<\/strong> <\/li>\n<li data-section-id=\"1qftvir\" data-start=\"2527\" data-end=\"2590\">eine <strong data-start=\"2533\" data-end=\"2559\">Originalillustration<\/strong> im Stil von Fighting Films<\/li>\n<li data-section-id=\"pce46k\" data-start=\"2591\" data-end=\"2649\">ein Produkt, das f\u00fcr <strong data-start=\"2619\" data-end=\"2649\">judobegeisterte Kinder<\/strong> gedacht ist<\/li>\n<\/ul>\n<hr data-start=\"2651\" data-end=\"2654\">\n<h2 data-section-id=\"at2p0y\" data-start=\"2656\" data-end=\"2707\">Warum sollten Sie dieses Judo-Puzzle f\u00fcr Kinder &#8211; Jigoro Kano 36 Teile w\u00e4hlen?<\/h2>\n<p data-start=\"2709\" data-end=\"2956\">Das <strong data-start=\"2712\" data-end=\"2748\">Judo-Puzzle f\u00fcr Kinder &#8211; Jigoro Kano<\/strong> 36 Teile ist eine ausgezeichnete Idee, um die Welt eines jungen Judoka auch au\u00dferhalb des Trainings zu vervollst\u00e4ndigen. Es erm\u00f6glicht Ihnen, die Leidenschaft f\u00fcr Judo zu Hause mit einem spielerischen, dekorativen und originellen Produkt fortzusetzen. <\/p>\n<h3 data-section-id=\"26m2ut\" data-start=\"2958\" data-end=\"2991\">Die St\u00e4rken des Produkts :<\/h3>\n<ul data-start=\"2992\" data-end=\"3261\">\n<li data-section-id=\"3t3fge\" data-start=\"2992\" data-end=\"3021\"><strong data-start=\"2994\" data-end=\"3021\">Judo-Puzzle f\u00fcr Kinder<\/strong><\/li>\n<li data-section-id=\"1h03wx5\" data-start=\"3022\" data-end=\"3037\"><strong data-start=\"3024\" data-end=\"3037\">36 St\u00fcck<\/strong><\/li>\n<li data-section-id=\"14sxypo\" data-start=\"3038\" data-end=\"3081\">Originalillustration von <strong data-start=\"3066\" data-end=\"3081\">Jigoro Kano<\/strong><\/li>\n<li data-section-id=\"7cks19\" data-start=\"3082\" data-end=\"3110\">Japanische Grafikwelt<\/li>\n<li data-section-id=\"lh8b4z\" data-start=\"3111\" data-end=\"3154\">Originalprodukt von <strong data-start=\"3136\" data-end=\"3154\">Fighting Films<\/strong><\/li>\n<li data-section-id=\"wdgdi5\" data-start=\"3155\" data-end=\"3191\">Ideal als <strong data-start=\"3169\" data-end=\"3191\">Judogeschenk f\u00fcr Kinder<\/strong><\/li>\n<li data-section-id=\"1h6i0ce\" data-start=\"3192\" data-end=\"3261\">Perfekt, um die Geschichte und die Vorstellungswelt des Judo auf andere Weise zu entdecken.<\/li>\n<\/ul>\n<hr data-start=\"3263\" data-end=\"3266\">\n<h2 data-section-id=\"nkmsqk\" data-start=\"3268\" data-end=\"3320\">Eine originelle Geschenkidee f\u00fcr junge Judoka<\/h2>\n<p data-start=\"3322\" data-end=\"3506\">Suchen Sie ein <strong data-start=\"3339\" data-end=\"3381\">Geschenk f\u00fcr ein Kind, das Judo<\/strong> macht? Dieses Puzzle ist eine ideale Option. Es ist eine Abwechslung zu den klassischen Accessoires und bleibt doch ganz in der Welt der Tatami.  <\/p>\n<p data-start=\"3508\" data-end=\"3539\">Dies ist ein perfektes Produkt f\u00fcr :<\/p>\n<ul data-start=\"3540\" data-end=\"3715\">\n<li data-section-id=\"21llhy\" data-start=\"3540\" data-end=\"3557\">ein Geburtstag<\/li>\n<li data-section-id=\"gl68g4\" data-start=\"3558\" data-end=\"3600\">eine Belohnung nach einer Graduierung<\/li>\n<li data-section-id=\"1xcg5lv\" data-start=\"3601\" data-end=\"3620\">ein Weihnachtsgeschenk<\/li>\n<li data-section-id=\"1rnufx\" data-start=\"3621\" data-end=\"3663\">ein Los f\u00fcr ein Turnier oder eine Clubveranstaltung<\/li>\n<li data-section-id=\"djzl8e\" data-start=\"3664\" data-end=\"3715\">den J\u00fcngsten die Welt des Judo n\u00e4her bringen<\/li>\n<li data-section-id=\"djzl8e\" data-start=\"3664\" data-end=\"3715\">Ab 3 Jahren<\/li>\n<\/ul>\n<p data-start=\"3717\" data-end=\"3926\">Dieses <strong data-start=\"3765\" data-end=\"3794\">Kinderpuzzle \u00fcber Judo<\/strong> wird mit seinem sorgf\u00e4ltigen Design und seinem starken Thema sowohl Kinder als auch Eltern und Vereine ansprechen, die originelle Artikel rund um ihre Sportart anbieten m\u00f6chten.<\/p>\n<hr data-start=\"3928\" data-end=\"3931\">\n<h2 data-section-id=\"194z5af\" data-start=\"3933\" data-end=\"3960\">Eine Hommage an Jigoro Kano<\/h2>\n<p data-start=\"3962\" data-end=\"4167\">Mit diesem Puzzle ehrt Fighting Films <strong data-start=\"4009\" data-end=\"4024\">Jigoro Kano<\/strong>, den Gr\u00fcnder des Judosports. Dies ist eine sch\u00f6ne M\u00f6glichkeit, Kindern die Geschichte ihres Sports auf spielerische und visuelle Weise n\u00e4her zu bringen. <\/p>\n<p data-start=\"4169\" data-end=\"4328\">Neben dem Spiel bietet dieses Puzzle auch die M\u00f6glichkeit, eine Verbindung zu den Werten des Judo, seinem japanischen Erbe und den gro\u00dfen Pers\u00f6nlichkeiten, die diese Disziplin gepr\u00e4gt haben, herzustellen.<\/p>\n<hr data-start=\"4330\" data-end=\"4333\">\n<h2 data-section-id=\"77jau5\" data-start=\"4335\" data-end=\"4385\">Entdecken Sie auch unsere anderen Produkte f\u00fcr Kinder<\/h2>\n<p data-start=\"4387\" data-end=\"4711\">Dieses Judo-Puzzle f\u00fcr Kinder &#8211; Jigoro Kano 36 Teile ist Teil einer Kollektion von Produkten, die die Welt des Judo auf andere Weise erlebbar machen sollen. Wenn Ihr Kind diesen Illustrationsstil mag, sollten Sie sich auch unser Judo-Puzzle ansehen. <a href=\"https:\/\/fightingfilms.shop\/produit\/mon-album-judo\/\"><strong data-start=\"4585\" data-end=\"4602\">Judoalbum<\/strong><\/a>Dieses Album ist \u00e4hnlich gestaltet und enth\u00e4lt weitere Zeichnungen, die vom Judo inspiriert sind. <\/p>\n<p data-start=\"4713\" data-end=\"4913\">Weitere Geschenkideen finden Sie auch in unserer Kategorie <strong data-start=\"4785\" data-end=\"4838\"><a class=\"decorated-link cursor-pointer\" href=\"https:\/\/fightingfilms.shop\/de\/kategorie\/judo-goodies-kollektion\/\" rel=\"noopener\" data-start=\"4787\" data-end=\"4836\">Judo Goodies<\/a><\/strong> Sie k\u00f6nnen die Ausr\u00fcstung vervollst\u00e4ndigen und allen begeisterten Jugendlichen eine Freude bereiten.<\/p>\n<hr data-start=\"4915\" data-end=\"4918\">\n<h2 data-section-id=\"jzf6bh\" data-start=\"4920\" data-end=\"4950\">Produktmerkmale<\/h2>\n<p data-start=\"4952\" data-end=\"5221\"><strong data-start=\"4952\" data-end=\"4972\">Produktname:<\/strong> Judo-Puzzle &#8211; Jigoro Kano<br data-start=\"4998\" data-end=\"5001\"><strong data-start=\"5001\" data-end=\"5013\">Marke:<\/strong> Fighting Films<br data-start=\"5028\" data-end=\"5031\"><strong data-start=\"5031\" data-end=\"5053\">Anzahl der Teile:<\/strong> 36<br data-start=\"5056\" data-end=\"5059\"><strong data-start=\"5059\" data-end=\"5072\">Universum:<\/strong> Judo \/ Japan \/ Kind<br data-start=\"5094\" data-end=\"5097\"><strong data-start=\"5097\" data-end=\"5115\">Illustration:<\/strong> Jigoro Kano mit japanischem Dekor<br data-start=\"5147\" data-end=\"5150\"><strong data-start=\"5150\" data-end=\"5171\">Produkttyp:<\/strong> Kinderpuzzle \/ Judo Goodies \/ Judogeschenk f\u00fcr Kinder<\/p>\n<hr data-start=\"5223\" data-end=\"5226\">\n<h2 data-section-id=\"1ytaf8h\" data-start=\"5228\" data-end=\"5276\">Warum sollten Sie ein Judo-Puzzle f\u00fcr Kinder kaufen?<\/h2>\n<p data-start=\"5278\" data-end=\"5494\">Ein <strong data-start=\"5281\" data-end=\"5303\">Judo-Puzzle f\u00fcr Kinder<\/strong> ist eine hervorragende M\u00f6glichkeit, die Leidenschaft f\u00fcr Judo im Alltag zu verankern. Es bietet die M\u00f6glichkeit, die Welt des Clubs, der Werte und der japanischen Vorstellungskraft durch ein einfaches und angenehmes Spiel wiederzufinden. <\/p>\n<p data-start=\"5496\" data-end=\"5694\">F\u00fcr Kinder, die Judo betreiben, ist dies auch eine M\u00f6glichkeit, ihr Interesse an ihrem Lieblingssport au\u00dferhalb des Trainings mit einem originellen Produkt zu verl\u00e4ngern, das nicht \u00fcberall zu finden ist.<\/p>\n<hr data-start=\"5696\" data-end=\"5699\">\n<h2 data-section-id=\"1sghawa\" data-start=\"5701\" data-end=\"5711\">FAQ<\/h2>\n<h3 data-section-id=\"13pv67r\" data-start=\"5713\" data-end=\"5749\">F\u00fcr wen ist das Judo-Puzzle geeignet?<\/h3>\n<p data-start=\"5750\" data-end=\"5905\">Dieses Puzzle ist f\u00fcr judobegeisterte Kinder, junge Judokas, Vereine und alle, die ein originelles Geschenk aus der Welt des Judo suchen, gedacht. Es ist ideal f\u00fcr Kinder ab 3 Jahren und erm\u00f6glicht einen ersten Einblick in die Welt des Judo. <\/p>\n<h3 data-section-id=\"r1m6tz\" data-start=\"5907\" data-end=\"5949\">Wie viele Teile enth\u00e4lt das Judo-Puzzle f\u00fcr Kinder &#8211; Jigoro Kano 36 Teile?<\/h3>\n<p data-start=\"5950\" data-end=\"6017\">Dieses Puzzle besteht aus <strong data-start=\"5969\" data-end=\"5982\">36 Teilen<\/strong> und ist damit ideal f\u00fcr Kinder.<\/p>\n<h3 data-section-id=\"12knavy\" data-start=\"6019\" data-end=\"6057\">Wer ist auf dem Puzzle abgebildet?<\/h3>\n<p data-start=\"6058\" data-end=\"6151\">Das Puzzle zeigt <strong data-start=\"6081\" data-end=\"6096\">Jigoro Kano<\/strong>, den Gr\u00fcnder des Judo, in einer von Japan inspirierten Szenerie. Au\u00dferdem ist ein japanisches Kanji mit der Aufschrift Judo zu sehen. <\/p>\n<h3 data-section-id=\"1msb3dj\" data-start=\"6153\" data-end=\"6219\">Ist dies eine gute Geschenkidee f\u00fcr ein Kind, das Judo betreibt?<\/h3>\n<p data-start=\"6220\" data-end=\"6336\">Ja, das ist eine sehr gute Idee f\u00fcr ein <strong data-start=\"6254\" data-end=\"6276\">Judogeschenk f\u00fcr Kinder<\/strong>, das originell ist und perfekt in die Welt des <strong data-start=\"6254\" data-end=\"6276\">Judosports<\/strong> passt.<\/p>\n<h3 data-section-id=\"1jb7rtz\" data-start=\"6338\" data-end=\"6383\">Wo finde ich andere \u00e4hnliche Produkte?<\/h3>\n<p data-start=\"6384\" data-end=\"6552\">Sie k\u00f6nnen sich auch unsere anderen Artikel in unserer Kategorie <strong data-start=\"6447\" data-end=\"6466\">Judo-Goodies<\/strong> ansehen sowie unser <strong data-start=\"6483\" data-end=\"6500\">Judo-Album<\/strong>, das Illustrationen im gleichen Stil enth\u00e4lt.<\/p>\n","protected":false},"excerpt":{"rendered":"<p>Entdecken Sie die Welt des Judo f\u00fcr die Kleinsten mit unserem Kinderpuzzle Jigoro Kano 36 Teile. Ein sch\u00f6nes Fighting Films Puzzle, illustriert im Manga-Stil, mit japanischem Dekor und einer Hommage an den Gr\u00fcnder des Judo. Eine originelle Geschenkidee f\u00fcr alle Kinder, die sich f\u00fcr Judo begeistern.  <\/p>\n","protected":false},"featured_media":34406,"comment_status":"","ping_status":"closed","template":"","meta":[],"product_brand":[],"product_cat":[1145,340],"product_tag":[],"giftcard-category":[],"class_list":{"0":"post-34360","1":"product","2":"type-product","3":"status-publish","4":"has-post-thumbnail","6":"product_cat-judo-goodies-kollektion","7":"product_cat-judo-zubehor","8":"product_shipping_class-zubehor","10":"first","11":"instock","12":"taxable","13":"shipping-taxable","14":"purchasable","15":"product-type-simple"},"exclude_global_add_ons":[],"addons":[],"_links":{"self":[{"href":"https:\/\/fightingfilms.shop\/de\/wp-json\/wp\/v2\/product\/34360","targetHints":{"allow":["GET"]}}],"collection":[{"href":"https:\/\/fightingfilms.shop\/de\/wp-json\/wp\/v2\/product"}],"about":[{"href":"https:\/\/fightingfilms.shop\/de\/wp-json\/wp\/v2\/types\/product"}],"replies":[{"embeddable":true,"href":"https:\/\/fightingfilms.shop\/de\/wp-json\/wp\/v2\/comments?post=34360"}],"wp:featuredmedia":[{"embeddable":true,"href":"https:\/\/fightingfilms.shop\/de\/wp-json\/wp\/v2\/media\/34406"}],"wp:attachment":[{"href":"https:\/\/fightingfilms.shop\/de\/wp-json\/wp\/v2\/media?parent=34360"}],"wp:term":[{"taxonomy":"product_brand","embeddable":true,"href":"https:\/\/fightingfilms.shop\/de\/wp-json\/wp\/v2\/product_brand?post=34360"},{"taxonomy":"product_cat","embeddable":true,"href":"https:\/\/fightingfilms.shop\/de\/wp-json\/wp\/v2\/product_cat?post=34360"},{"taxonomy":"product_tag","embeddable":true,"href":"https:\/\/fightingfilms.shop\/de\/wp-json\/wp\/v2\/product_tag?post=34360"},{"taxonomy":"giftcard-category","embeddable":true,"href":"https:\/\/fightingfilms.shop\/de\/wp-json\/wp\/v2\/giftcard-category?post=34360"}],"curies":[{"name":"wp","href":"https:\/\/api.w.org\/{rel}","templated":true}]}}