{"id":34372,"date":"2026-04-09T13:22:42","date_gmt":"2026-04-09T11:22:42","guid":{"rendered":"https:\/\/fightingfilms.shop\/produit\/kinder-judo-puzzle-tomoe-nage-36-teile\/"},"modified":"2026-04-09T13:22:42","modified_gmt":"2026-04-09T11:22:42","slug":"kinder-judo-puzzle-tomoe-nage-36-teile","status":"publish","type":"product","link":"https:\/\/fightingfilms.shop\/de\/produit\/kinder-judo-puzzle-tomoe-nage-36-teile\/","title":{"rendered":"Kinder Judo Puzzle &#8211; Tomoe Nage 36 Teile"},"content":{"rendered":"<p data-start=\"1050\" data-end=\"1421\">Das <strong data-start=\"1053\" data-end=\"1091\">Judo-Puzzle &#8211; Tomoe Nage 36 Teile<\/strong>, entworfen und gestaltet von <strong data-start=\"1095\" data-end=\"1113\">Fighting Films<\/strong> und Gano, l\u00e4sst Kinder in die spektakul\u00e4re Welt des Judo eintauchen und eine der bekanntesten Judotechniken kennen lernen. Mit seiner dynamischen Illustration von <strong data-start=\"1267\" data-end=\"1281\">Tomoe Nage<\/strong>, dem <strong data-start=\"1287\" data-end=\"1309\">gr\u00fcnen und roten Hintergrund<\/strong>, der <strong data-start=\"1315\" data-end=\"1325\">Tatami<\/strong> und dem <strong data-start=\"1332\" data-end=\"1367\">japanischen Namen der Technik<\/strong> ist dieses Puzzle spielerisch, visuell und lehrreich zugleich. <\/p>\n<p data-start=\"1423\" data-end=\"1724\">Dieses <strong data-start=\"1468\" data-end=\"1500\">Judo-Puzzle<\/strong> f\u00fcr <strong data-start=\"1468\" data-end=\"1500\">Kinder mit 36 Teilen<\/strong> wurde f\u00fcr junge Judo-Fans entworfen und erm\u00f6glicht es, eine symboltr\u00e4chtige Judo-Technik zu entdecken oder wiederzuentdecken und dabei Spa\u00df zu haben. Es ist ein originelles Produkt, das die Leidenschaft f\u00fcr die Tatami auch zu Hause fortsetzt, mit einer starken und sofort erkennbaren grafischen Welt. <\/p>\n<p data-start=\"1726\" data-end=\"1917\">Ob zum Geburtstag, als Vereinsgeschenk, als Belohnung oder einfach, um einem jungen Judoka eine Freude zu machen, dieses <strong data-start=\"1849\" data-end=\"1870\">Tomoe Nage Puzzle<\/strong> ist eine ausgezeichnete Geschenkidee rund um Judo.<\/p>\n<hr data-start=\"1919\" data-end=\"1922\">\n<h2 data-section-id=\"1evzpli\" data-start=\"1924\" data-end=\"1983\">Ein Kinderpuzzle rund um eine mythische Technik des Judo<\/h2>\n<p data-start=\"1985\" data-end=\"2323\">Mit diesem Puzzle stellt Fighting Films <strong data-start=\"2029\" data-end=\"2043\">Tomoe Nage<\/strong> vor, eine ikonische und spektakul\u00e4re Judotechnik, die f\u00fcr ihre dynamischen Bewegungen und ihre starke visuelle Identit\u00e4t gesch\u00e4tzt wird. Mit seiner energiegeladenen Illustration und dem japanisch inspirierten Design zieht dieses Puzzle die Aufmerksamkeit von Judo-begeisterten Kindern sofort auf sich. <\/p>\n<p data-start=\"2325\" data-end=\"2369\">Die visuelle Darstellung kombiniert mehrere starke Elemente:<\/p>\n<ul data-start=\"2371\" data-end=\"2570\">\n<li data-section-id=\"g0wpbc\" data-start=\"2371\" data-end=\"2400\">die <strong data-start=\"2376\" data-end=\"2400\">Tomoe Nage-Technik<\/strong><\/li>\n<li data-section-id=\"12o6f5j\" data-start=\"2401\" data-end=\"2425\">eine <strong data-start=\"2406\" data-end=\"2425\">illustrierte Tatami<\/strong><\/li>\n<li data-section-id=\"1ajqyt6\" data-start=\"2426\" data-end=\"2468\">ein sehr wirkungsvoller <strong data-start=\"2431\" data-end=\"2453\">gr\u00fcner und roter Hintergrund<\/strong> <\/li>\n<li data-section-id=\"1o80irg\" data-start=\"2469\" data-end=\"2506\">der <strong data-start=\"2474\" data-end=\"2506\">japanische Name der Technik<\/strong><\/li>\n<li data-section-id=\"414ofx\" data-start=\"2507\" data-end=\"2570\">ein origineller Grafikstil in der Welt der <strong data-start=\"2552\" data-end=\"2570\">Fighting Films<\/strong><\/li>\n<\/ul>\n<p data-start=\"2572\" data-end=\"2777\">Mit seinen <strong data-start=\"2581\" data-end=\"2594\">36 Teilen<\/strong> ist dieses Puzzle f\u00fcr Kinder zug\u00e4nglich und es macht trotzdem Spa\u00df, es zusammenzusetzen. Es f\u00f6rdert die Beobachtungsgabe, die Konzentration und den Spa\u00df am Spiel rund um ihren Lieblingssport. <\/p>\n<hr data-start=\"2779\" data-end=\"2782\">\n<h2 data-section-id=\"at2p0y\" data-start=\"2784\" data-end=\"2835\">Warum sollten Sie sich f\u00fcr dieses Judo-Puzzle von Fighting Films entscheiden?<\/h2>\n<p data-start=\"2837\" data-end=\"3142\">Das <strong data-start=\"2840\" data-end=\"2875\">Judo-Puzzle f\u00fcr Kinder &#8211; Tomoe Nage<\/strong> ist ein originelles Produkt, das es jungen Judokas erm\u00f6glicht, die Welt des Judo auch au\u00dferhalb des Trainings zu erleben. Es ist mehr als nur ein Spiel, es ist auch eine spielerische Art, sich mit den Techniken, den japanischen Namen und der visuellen Vorstellungskraft dieses Sports vertraut zu machen. <\/p>\n<h3 data-section-id=\"26m2ut\" data-start=\"3144\" data-end=\"3177\">Die St\u00e4rken des Produkts :<\/h3>\n<ul data-start=\"3178\" data-end=\"3516\">\n<li data-section-id=\"3t3fge\" data-start=\"3178\" data-end=\"3207\"><strong data-start=\"3180\" data-end=\"3207\">Judo-Puzzle f\u00fcr Kinder<\/strong><\/li>\n<li data-section-id=\"1h03wx5\" data-start=\"3208\" data-end=\"3223\"><strong data-start=\"3210\" data-end=\"3223\">36 St\u00fcck<\/strong><\/li>\n<li data-section-id=\"owq022\" data-start=\"3224\" data-end=\"3279\">Dynamische Illustration der <strong data-start=\"3265\" data-end=\"3279\">Tomoe Nage-Technik<\/strong><\/li>\n<li data-section-id=\"vqy441\" data-start=\"3280\" data-end=\"3326\">Vorhandensein des <strong data-start=\"3294\" data-end=\"3326\">japanischen Namens der Technik<\/strong><\/li>\n<li data-section-id=\"898i9e\" data-start=\"3327\" data-end=\"3376\">Dekor mit <strong data-start=\"3340\" data-end=\"3350\">Tatami<\/strong> und <strong data-start=\"3359\" data-end=\"3376\">gr\u00fcn-rotem<\/strong> Hintergrund<\/li>\n<li data-section-id=\"lh8b4z\" data-start=\"3377\" data-end=\"3420\">Originalprodukt von <strong data-start=\"3402\" data-end=\"3420\">Fighting Films<\/strong><\/li>\n<li data-section-id=\"wdgdi5\" data-start=\"3421\" data-end=\"3457\">Ideal als <strong data-start=\"3435\" data-end=\"3457\">Judogeschenk f\u00fcr Kinder<\/strong><\/li>\n<li data-section-id=\"1kl0k9z\" data-start=\"3458\" data-end=\"3516\">Perfekt f\u00fcr junge Menschen, die sich f\u00fcr Judotechniken begeistern.<\/li>\n<\/ul>\n<hr data-start=\"3518\" data-end=\"3521\">\n<h2 data-section-id=\"nkmsqk\" data-start=\"3523\" data-end=\"3575\">Eine originelle Geschenkidee f\u00fcr junge Judoka<\/h2>\n<p data-start=\"3577\" data-end=\"3807\">Suchen Sie ein <strong data-start=\"3596\" data-end=\"3638\">Geschenk f\u00fcr ein Kind, das Judo macht<\/strong>? Dieses Puzzle ist eine ausgezeichnete Alternative zu klassischen Geschenken. Es verbindet die Welt des Judo, das Spiel, das Visuelle und die Entdeckung einer unumg\u00e4nglichen Technik.  <\/p>\n<p data-start=\"3809\" data-end=\"3830\">Er ist perfekt f\u00fcr :<\/p>\n<ul data-start=\"3831\" data-end=\"3985\">\n<li data-section-id=\"21llhy\" data-start=\"3831\" data-end=\"3848\">ein Geburtstag<\/li>\n<li data-section-id=\"1xcg5lv\" data-start=\"3849\" data-end=\"3868\">ein Weihnachtsgeschenk<\/li>\n<li data-section-id=\"7tq1h7\" data-start=\"3869\" data-end=\"3919\">eine Belohnung nach einem Training oder einem Wettbewerb<\/li>\n<li data-section-id=\"1xd1e7x\" data-start=\"3920\" data-end=\"3939\">ein Clubgeschenk<\/li>\n<li data-section-id=\"11oy7c1\" data-start=\"3940\" data-end=\"3985\">eine Animation oder einen Preis f\u00fcr junge Judoka<\/li>\n<\/ul>\n<p data-start=\"3987\" data-end=\"4147\">Dieses <strong data-start=\"3990\" data-end=\"4012\">Judo-Kinderpuzzle<\/strong> wird sowohl Kinder als auch Eltern, Trainer und Vereine ansprechen, die originelle Produkte rund um den Judosport anbieten m\u00f6chten.<\/p>\n<hr data-start=\"4149\" data-end=\"4152\">\n<h2 data-section-id=\"1gifaqe\" data-start=\"4154\" data-end=\"4184\">Judo einmal anders entdecken<\/h2>\n<p data-start=\"4186\" data-end=\"4472\">Das <strong data-start=\"4189\" data-end=\"4220\">36-teilige Tomoe Nage Puzzle<\/strong> erm\u00f6glicht es, Judo auf eine andere Art und Weise zu entdecken: durch Spiel, Visualisierung und Techniken. Es ist eine sch\u00f6ne Art, die Neugier der Kinder zu wecken, ihre Leidenschaft zu n\u00e4hren und sie auch zu Hause wieder mit der Welt der Tatami zu verbinden. <\/p>\n<p data-start=\"4474\" data-end=\"4686\">Mit dem <strong data-start=\"4494\" data-end=\"4510\">japanischen Namen<\/strong>, der technischen Haltung und der Tatami-Dekoration wird dieses Puzzle auch zu einem kleinen spielerischen Medium, um die J\u00fcngsten mit dem Vokabular und der \u00c4sthetik des Judo vertraut zu machen.<\/p>\n<hr data-start=\"4688\" data-end=\"4691\">\n<h2 data-section-id=\"77jau5\" data-start=\"4693\" data-end=\"4743\">Entdecken Sie auch unsere anderen Produkte f\u00fcr Kinder<\/h2>\n<p data-start=\"4745\" data-end=\"5032\">Dieses Puzzle ist eines unserer Produkte, die die Welt des Judo in den Alltag bringen. Wenn Ihr Kind diesen Illustrationsstil mag, schauen Sie sich auch unser Judo-Puzzle an. <a href=\"https:\/\/fightingfilms.shop\/produit\/mon-album-judo\/\"><strong data-start=\"4909\" data-end=\"4926\">Judo-Album<\/strong><\/a>Es enth\u00e4lt eine \u00e4hnliche grafische Welt mit anderen Zeichnungen, die vom Judo und seinen Figuren inspiriert sind. <\/p>\n<p data-start=\"5034\" data-end=\"5251\">Sie k\u00f6nnen auch unsere Kategorie durchsuchen. <strong data-start=\"5078\" data-end=\"5131\"><a class=\"decorated-link cursor-pointer\" href=\"https:\/\/fightingfilms.shop\/de\/kategorie\/judo-goodies-kollektion\/\" rel=\"noopener\" data-start=\"5080\" data-end=\"5129\">Judo-Goodies<\/a><\/strong> um weitere originelle Geschenkideen f\u00fcr junge Judokas und Fans der Marke Fighting Films zu finden.<\/p>\n<h2 data-section-id=\"jzf6bh\" data-start=\"5258\" data-end=\"5288\">Produktmerkmale<\/h2>\n<p data-start=\"5290\" data-end=\"5614\"><strong data-start=\"5290\" data-end=\"5310\">Produktname:<\/strong> Judo-Puzzle &#8211; Tomoe Nage<br data-start=\"5335\" data-end=\"5338\"><strong data-start=\"5338\" data-end=\"5350\">Marke:<\/strong> Fighting Films<br data-start=\"5365\" data-end=\"5368\"><strong data-start=\"5368\" data-end=\"5390\">Anzahl der Teile:<\/strong> 36<br data-start=\"5393\" data-end=\"5396\"><strong data-start=\"5396\" data-end=\"5409\">Universum:<\/strong> Judo \/ Kind \/ Judo-Techniken \/ Japan<br data-start=\"5452\" data-end=\"5455\"><strong data-start=\"5455\" data-end=\"5473\">Illustration:<\/strong> Tomoe Nage-Technik mit Tatami, gr\u00fcn-roter Hintergrund, japanischer Name<br data-start=\"5540\" data-end=\"5543\"><strong data-start=\"5543\" data-end=\"5564\">Produkttyp<\/strong>: Kinderpuzzle \/ Judo Goodies \/ Judogeschenk f\u00fcr Kinder<\/p>\n<hr data-start=\"5616\" data-end=\"5619\">\n<h2 data-section-id=\"1ytaf8h\" data-start=\"5621\" data-end=\"5669\">Warum sollten Sie ein Judo-Puzzle f\u00fcr Kinder kaufen?<\/h2>\n<p data-start=\"5671\" data-end=\"5888\">Ein <strong data-start=\"5674\" data-end=\"5696\">Judo-Puzzle f\u00fcr Kinder<\/strong> ist eine ausgezeichnete M\u00f6glichkeit, die Leidenschaft f\u00fcr Judo au\u00dferhalb des Dojos fortzusetzen. Es erm\u00f6glicht den Kleinen, ihre Lieblingswelt durch eine ruhige, lustige und aufwertende Aktivit\u00e4t wiederzufinden. <\/p>\n<p data-start=\"5890\" data-end=\"6181\">Im Falle dieses <strong data-start=\"5915\" data-end=\"5929\">Tomoe Nage<\/strong> Modells hat das Puzzle auch den Vorteil, dass es eine <strong data-start=\"5983\" data-end=\"6011\">bekannte Judotechnik<\/strong> in einem starken und sofort erkennbaren Bild zeigt. Es ist also ein Produkt, das sowohl wegen seines spielerischen Aspekts als auch wegen seiner direkten Verbindung zur Judopraxis gef\u00e4llt. <\/p>\n<hr data-start=\"6183\" data-end=\"6186\">\n<h2 data-section-id=\"1sghawa\" data-start=\"6188\" data-end=\"6198\">FAQ<\/h2>\n<h3 data-section-id=\"13pv67r\" data-start=\"6200\" data-end=\"6236\">F\u00fcr wen ist das Judo-Puzzle geeignet?<\/h3>\n<p data-start=\"6237\" data-end=\"6399\">Dieses Puzzle ist f\u00fcr judobegeisterte Kinder, junge Judokas, Vereine und alle, die eine originelle Geschenkidee aus der Welt des Judo suchen, gedacht.<\/p>\n<h3 data-section-id=\"r1m6tz\" data-start=\"6401\" data-end=\"6443\">Wie viele Teile enth\u00e4lt dieses Puzzle?<\/h3>\n<p data-start=\"6444\" data-end=\"6511\">Dieses Puzzle besteht aus <strong data-start=\"6463\" data-end=\"6476\">36 Teilen<\/strong> und ist damit ideal f\u00fcr Kinder.<\/p>\n<h3 data-section-id=\"1rhz5yi\" data-start=\"6513\" data-end=\"6559\">Welche Judotechnik wird dargestellt?<\/h3>\n<p data-start=\"6560\" data-end=\"6643\">Dieses Puzzle stellt die <strong data-start=\"6594\" data-end=\"6608\">Tomoe Nage-Technik<\/strong> dar, wobei der Name auf Japanisch angezeigt wird.<\/p>\n<h3 data-section-id=\"1y4zsag\" data-start=\"6645\" data-end=\"6682\">Was ist auf dem Bild zu sehen?<\/h3>\n<p data-start=\"6683\" data-end=\"6839\">Das Bild zeigt die Judotechnik, eine <strong data-start=\"6725\" data-end=\"6735\">Tatami<\/strong>, einen <strong data-start=\"6740\" data-end=\"6762\">gr\u00fcn-roten Hintergrund<\/strong> und den <strong data-start=\"6769\" data-end=\"6785\">japanischen Namen<\/strong> Tomoe Nage in einem grafischen Stil von Fighting Films.<\/p>\n<h3 data-section-id=\"1msb3dj\" data-start=\"6841\" data-end=\"6907\">Ist dies eine gute Geschenkidee f\u00fcr ein Kind, das Judo betreibt?<\/h3>\n<p data-start=\"6908\" data-end=\"7022\">Ja, das ist eine sehr gute Idee f\u00fcr ein <strong data-start=\"6942\" data-end=\"6964\">Judogeschenk f\u00fcr Kinder<\/strong>, originell, spielerisch und ganz im Judouniversum.<\/p>\n<h3 data-section-id=\"1jb7rtz\" data-start=\"7024\" data-end=\"7069\">Wo finde ich andere \u00e4hnliche Produkte?<\/h3>\n<p data-start=\"7070\" data-end=\"7236\">Weitere Artikel finden Sie in unserer Kategorie <strong data-start=\"7131\" data-end=\"7150\">Judo-Goodies<\/strong> sowie in unserem <strong data-start=\"7167\" data-end=\"7184\">Judo-Album<\/strong>, das \u00e4hnliche Illustrationen enth\u00e4lt.<\/p>\n<p>&nbsp;<\/p>\n","protected":false},"excerpt":{"rendered":"<p>Entdecken Sie die Welt der Judotechniken f\u00fcr die Kleinsten mit unserem Kinderpuzzle Tomoe Nage 36 Teile. Ein originelles Fighting Films Puzzle, illustriert mit einer Tatami, einem gr\u00fcnen und roten Hintergrund, dem Namen der Technik auf Japanisch und einer dynamischen Zeichnung, die vom Judo inspiriert ist. <\/p>\n","protected":false},"featured_media":34390,"comment_status":"","ping_status":"closed","template":"","meta":[],"product_brand":[],"product_cat":[340,1145],"product_tag":[],"giftcard-category":[],"class_list":{"0":"post-34372","1":"product","2":"type-product","3":"status-publish","4":"has-post-thumbnail","6":"product_cat-judo-zubehor","7":"product_cat-judo-goodies-kollektion","8":"product_shipping_class-zubehor","10":"first","11":"instock","12":"taxable","13":"shipping-taxable","14":"purchasable","15":"product-type-simple"},"exclude_global_add_ons":[],"addons":[],"_links":{"self":[{"href":"https:\/\/fightingfilms.shop\/de\/wp-json\/wp\/v2\/product\/34372","targetHints":{"allow":["GET"]}}],"collection":[{"href":"https:\/\/fightingfilms.shop\/de\/wp-json\/wp\/v2\/product"}],"about":[{"href":"https:\/\/fightingfilms.shop\/de\/wp-json\/wp\/v2\/types\/product"}],"replies":[{"embeddable":true,"href":"https:\/\/fightingfilms.shop\/de\/wp-json\/wp\/v2\/comments?post=34372"}],"wp:featuredmedia":[{"embeddable":true,"href":"https:\/\/fightingfilms.shop\/de\/wp-json\/wp\/v2\/media\/34390"}],"wp:attachment":[{"href":"https:\/\/fightingfilms.shop\/de\/wp-json\/wp\/v2\/media?parent=34372"}],"wp:term":[{"taxonomy":"product_brand","embeddable":true,"href":"https:\/\/fightingfilms.shop\/de\/wp-json\/wp\/v2\/product_brand?post=34372"},{"taxonomy":"product_cat","embeddable":true,"href":"https:\/\/fightingfilms.shop\/de\/wp-json\/wp\/v2\/product_cat?post=34372"},{"taxonomy":"product_tag","embeddable":true,"href":"https:\/\/fightingfilms.shop\/de\/wp-json\/wp\/v2\/product_tag?post=34372"},{"taxonomy":"giftcard-category","embeddable":true,"href":"https:\/\/fightingfilms.shop\/de\/wp-json\/wp\/v2\/giftcard-category?post=34372"}],"curies":[{"name":"wp","href":"https:\/\/api.w.org\/{rel}","templated":true}]}}