{"id":34401,"date":"2026-04-09T15:22:53","date_gmt":"2026-04-09T13:22:53","guid":{"rendered":"https:\/\/fightingfilms.shop\/produit\/judo-puzzle-kinder-freundschaft-36-teile\/"},"modified":"2026-04-09T15:22:53","modified_gmt":"2026-04-09T13:22:53","slug":"judo-puzzle-kinder-freundschaft-36-teile","status":"publish","type":"product","link":"https:\/\/fightingfilms.shop\/de\/produit\/judo-puzzle-kinder-freundschaft-36-teile\/","title":{"rendered":"Judo Puzzle Kinder &#8211; Freundschaft 36 Teile"},"content":{"rendered":"<p data-start=\"904\" data-end=\"1231\">Das <strong data-start=\"907\" data-end=\"941\">Kinder Judo Puzzle &#8211; Freundschaft 36 Teile<\/strong> von <strong data-start=\"945\" data-end=\"963\">Fighting Films<\/strong> l\u00e4dt Kinder ein, Judo auf eine andere Art und Weise zu entdecken, durch einen seiner wichtigsten Werte: die <strong data-start=\"1068\" data-end=\"1080\">Freundschaft<\/strong>. Dieses Puzzle ist mehr als nur ein Spiel, es bietet die M\u00f6glichkeit, in die Welt des Judo einzutauchen und gleichzeitig den Geist zu betonen, der den Reichtum dieser Disziplin ausmacht. <\/p>\n<p data-start=\"1233\" data-end=\"1633\">Dieses Judo <strong data-start=\"1322\" data-end=\"1349\">Kinderpuzzle &#8211; Freundschaft 36 Teile<\/strong> wurde f\u00fcr junge Judokas und alle Kinder, die sich f\u00fcr die Welt des Judo interessieren, entwickelt und verbindet <strong data-start=\"1356\" data-end=\"1397\">Spiel, Entdeckung und p\u00e4dagogische Werte<\/strong>. Es ist eine sch\u00f6ne Geschenkidee, um die Leidenschaft des Dojos zu Hause fortzusetzen und gleichzeitig daran zu erinnern, dass Judo nicht nur aus Techniken besteht, sondern auch starke Prinzipien wie Respekt, Mut und nat\u00fcrlich Freundschaft vermittelt. <\/p>\n<p data-start=\"1635\" data-end=\"1755\">Mit diesem Puzzle bietet Fighting Films ein originelles Produkt rund um Judo an, das sowohl spielerisch als auch visuell und bedeutungsvoll ist.<\/p>\n<hr data-start=\"1757\" data-end=\"1760\">\n<h2 data-section-id=\"1ngjak3\" data-start=\"1762\" data-end=\"1825\">Ein Kinderpuzzle rund um einen der gro\u00dfen Werte des Judo<\/h2>\n<p data-start=\"1827\" data-end=\"2081\">Judo ist viel mehr als nur ein Kampfsport. Es ist eine erzieherische Disziplin, die auf starken Werten basiert, die von klein auf vermittelt werden. Mit diesem <strong data-start=\"1976\" data-end=\"1998\">Judo-Puzzle f\u00fcr Kinder &#8211; Freundschaft 36 Teile<\/strong> stellt Fighting Films einen der wichtigsten Werte des Judo-Moralkodexes in den Vordergrund.  <\/p>\n<p data-start=\"2083\" data-end=\"2163\">Dieses Puzzle erm\u00f6glicht es den Kindern, sich wieder mit dem zu verbinden, was das Wesen des Judo ausmacht:<\/p>\n<ul data-start=\"2165\" data-end=\"2302\">\n<li data-section-id=\"1m0ld22\" data-start=\"2165\" data-end=\"2189\">die Freude am Teilen<\/li>\n<li data-section-id=\"yts85z\" data-start=\"2190\" data-end=\"2215\">Kameradschaftsgeist<\/li>\n<li data-section-id=\"aq0rn5\" data-start=\"2216\" data-end=\"2258\">die Verbindung zwischen Trainingspartnern<\/li>\n<li data-section-id=\"1l7gah2\" data-start=\"2259\" data-end=\"2302\">die erzieherische und menschliche Dimension des Judo<\/li>\n<\/ul>\n<p data-start=\"2304\" data-end=\"2474\">Mit seinem <strong data-start=\"2323\" data-end=\"2336\">36-teiligen<\/strong> Format ist dieses Puzzle f\u00fcr Kinder zug\u00e4nglich und bietet einen ruhigen, lustigen und wertsch\u00e4tzenden Spielmoment in einer Welt, die vollst\u00e4ndig vom Judo inspiriert ist.<\/p>\n<hr data-start=\"2476\" data-end=\"2479\">\n<h2 data-section-id=\"at2p0y\" data-start=\"2481\" data-end=\"2532\">Warum sollten Sie sich f\u00fcr dieses Judo-Puzzle von Fighting Films entscheiden?<\/h2>\n<p data-start=\"2534\" data-end=\"2797\">Das <strong data-start=\"2537\" data-end=\"2568\">Judo-Puzzle f\u00fcr Kinder &#8211; Freundschaft<\/strong> 36 Teile ist perfekt, um die Welt eines jungen Judoka mit einem anderen, originellen und dem Geist des Judo getreuen Produkt zu vervollst\u00e4ndigen. Es stellt nicht nur die \u00c4sthetik des Judo in den Vordergrund, sondern auch die Werte, die seine Aus\u00fcbung begleiten. <\/p>\n<h3 data-section-id=\"26m2ut\" data-start=\"2799\" data-end=\"2832\">Die St\u00e4rken des Produkts :<\/h3>\n<ul data-start=\"2833\" data-end=\"3109\">\n<li data-section-id=\"3t3fge\" data-start=\"2833\" data-end=\"2862\"><strong data-start=\"2835\" data-end=\"2862\">Judo-Puzzle f\u00fcr Kinder<\/strong><\/li>\n<li data-section-id=\"1h03wx5\" data-start=\"2863\" data-end=\"2878\"><strong data-start=\"2865\" data-end=\"2878\">36 St\u00fcck<\/strong><\/li>\n<li data-section-id=\"12sgi8v\" data-start=\"2879\" data-end=\"2920\">Inspiriert vom Wert des Judo <strong data-start=\"2910\" data-end=\"2920\">Freundschaft<\/strong><\/li>\n<li data-section-id=\"1wqgsz0\" data-start=\"2921\" data-end=\"2950\">Spiel- und Lernprodukt<\/li>\n<li data-section-id=\"xcnqrq\" data-start=\"2951\" data-end=\"3004\">Originelles grafisches Universum von <strong data-start=\"2986\" data-end=\"3004\">Fighting Films<\/strong><\/li>\n<li data-section-id=\"wdgdi5\" data-start=\"3005\" data-end=\"3041\">Ideal als <strong data-start=\"3019\" data-end=\"3041\">Judogeschenk f\u00fcr Kinder<\/strong><\/li>\n<li data-section-id=\"q3fw68\" data-start=\"3042\" data-end=\"3109\">Perfekt, um j\u00fcngeren Kindern die <strong data-start=\"3090\" data-end=\"3109\">Werte des Judo<\/strong> n\u00e4her zu bringen.<\/li>\n<\/ul>\n<hr data-start=\"3111\" data-end=\"3114\">\n<h2 data-section-id=\"aywvsh\" data-start=\"3116\" data-end=\"3162\">Eine originelle und bedeutungsvolle Geschenkidee<\/h2>\n<p data-start=\"3164\" data-end=\"3381\">Suchen Sie ein <strong data-start=\"3181\" data-end=\"3223\">Geschenk f\u00fcr ein Kind, das Judo<\/strong> macht? Dieses Puzzle ist eine ausgezeichnete Idee. Es erm\u00f6glicht Ihnen, ein originelles Produkt aus der Welt des Judo zu verschenken und gleichzeitig eine positive und wichtige Botschaft zu vermitteln.  <\/p>\n<p data-start=\"3383\" data-end=\"3425\">Dieses <strong data-start=\"3386\" data-end=\"3408\">Kinderpuzzle Judo<\/strong> ist ideal f\u00fcr :<\/p>\n<ul data-start=\"3426\" data-end=\"3603\">\n<li data-section-id=\"21llhy\" data-start=\"3426\" data-end=\"3443\">ein Geburtstag<\/li>\n<li data-section-id=\"1xcg5lv\" data-start=\"3444\" data-end=\"3463\">ein Weihnachtsgeschenk<\/li>\n<li data-section-id=\"54ybx4\" data-start=\"3464\" data-end=\"3488\">eine Clubauszeichnung<\/li>\n<li data-section-id=\"15rs839\" data-start=\"3489\" data-end=\"3510\">eine Bef\u00f6rderung in eine andere Besoldungsgruppe<\/li>\n<li data-section-id=\"1sms0ai\" data-start=\"3511\" data-end=\"3549\">eine Animation oder einen Preis f\u00fcr ein Turnier<\/li>\n<li data-section-id=\"3rl4rf\" data-start=\"3550\" data-end=\"3603\">den J\u00fcngsten die Werte des Judo n\u00e4her bringen<\/li>\n<\/ul>\n<p data-start=\"3605\" data-end=\"3740\">Es ist ein sinnvolles Geschenk, da es die Leidenschaft f\u00fcr Judo mit einem grundlegenden Wert verbindet, den die Kinder im Dojo wiederfinden: Freundschaft.<\/p>\n<hr data-start=\"3742\" data-end=\"3745\">\n<h2 data-section-id=\"lrhtvy\" data-start=\"3747\" data-end=\"3778\">Judo, ein Sport der Werte<\/h2>\n<p data-start=\"3780\" data-end=\"4043\">Mit diesem Puzzle erinnert Fighting Films daran, dass Judo auch eine Schule f\u00fcr das Leben ist. Der Wert <strong data-start=\"3870\" data-end=\"3880\">Freundschaft<\/strong> nimmt einen besonderen Platz in der Ausbildung der Kinder ein, da er den Geist des Teilens, der gegenseitigen Hilfe und des Vertrauens widerspiegelt, den man in den Clubs findet. <\/p>\n<p data-start=\"4045\" data-end=\"4197\">Dieses Puzzle erm\u00f6glicht es, Judo aus einem eher p\u00e4dagogischen und menschlichen Blickwinkel zu betrachten, ohne dabei die spielerische und attraktive Seite eines Kinderprodukts zu vernachl\u00e4ssigen.<\/p>\n<p data-start=\"4199\" data-end=\"4404\">Es ist perfekt f\u00fcr junge Judoka, die ihren Sport lieben, aber auch all das, was er bedeutet: die Freunde im Club, das gemeinsame Training, die gemeinsamen Fortschritte und die Momente auf der Tatami.<\/p>\n<hr data-start=\"4406\" data-end=\"4409\">\n<h2 data-section-id=\"77jau5\" data-start=\"4411\" data-end=\"4461\">Entdecken Sie auch unsere anderen Produkte f\u00fcr Kinder<\/h2>\n<p data-start=\"4463\" data-end=\"4730\">Dieses Puzzle ist eines unserer Produkte, die die Welt des Judo auch au\u00dferhalb des Trainings weiterleben lassen. Wenn Ihr Kind diesen visuellen Stil und die Welt der Fighting Films mag, schauen Sie sich auch unser <strong data-start=\"4667\" data-end=\"4684\">Judo-Album<\/strong> an, das Zeichnungen in diesem Stil enth\u00e4lt. <\/p>\n<p data-start=\"4732\" data-end=\"4948\">Sie k\u00f6nnen auch unsere Kategorie durchsuchen. <strong data-start=\"4780\" data-end=\"4833\"><a class=\"decorated-link cursor-pointer\" rel=\"noopener\" data-start=\"4782\" data-end=\"4831\">Judo Goodies<\/a><\/strong> Hier finden Sie weitere originelle Geschenkideen rund um Judo und Produkte f\u00fcr junge Judofans.<\/p>\n<hr data-start=\"4950\" data-end=\"4953\">\n<h2 data-section-id=\"jzf6bh\" data-start=\"4955\" data-end=\"4985\">Produktmerkmale<\/h2>\n<p data-start=\"4987\" data-end=\"5270\"><strong data-start=\"4987\" data-end=\"5007\">Produktname:<\/strong> Judo-Puzzle &#8211; Freundschaft<br data-start=\"5028\" data-end=\"5031\"><strong data-start=\"5031\" data-end=\"5043\">Marke:<\/strong> Fighting Films<br data-start=\"5058\" data-end=\"5061\"><strong data-start=\"5061\" data-end=\"5083\">Anzahl der Teile:<\/strong> 36<br data-start=\"5086\" data-end=\"5089\"><strong data-start=\"5089\" data-end=\"5102\">Universum:<\/strong> Judo \/ Kind \/ Werte des Judo<br data-start=\"5134\" data-end=\"5137\"><strong data-start=\"5137\" data-end=\"5148\">Thema:<\/strong> Freundschaft, einer der Grundwerte des Judo<br data-start=\"5196\" data-end=\"5199\"><strong data-start=\"5199\" data-end=\"5220\">Produkttyp<\/strong>: Kinderpuzzle \/ Judo-Goodies \/ Judo-Geschenk f\u00fcr Kinder<\/p>\n<hr data-start=\"5272\" data-end=\"5275\">\n<h2 data-section-id=\"1ytaf8h\" data-start=\"5277\" data-end=\"5325\">Warum sollten Sie ein Judo-Puzzle f\u00fcr Kinder kaufen?<\/h2>\n<p data-start=\"5327\" data-end=\"5534\">Ein <strong data-start=\"5330\" data-end=\"5352\">Judo-Puzzle f\u00fcr Kinder<\/strong> erm\u00f6glicht es, die Leidenschaft f\u00fcr Judo auf spielerische Weise nach Hause zu bringen. Es ist ein einfaches, zug\u00e4ngliches und beliebtes Spiel, das es Kindern erm\u00f6glicht, mit ihrer Lieblingswelt verbunden zu bleiben. <\/p>\n<p data-start=\"5536\" data-end=\"5809\">In dieser <strong data-start=\"5555\" data-end=\"5565\">Freundschaftsversion<\/strong> bietet das Puzzle zus\u00e4tzlich eine starke erzieherische Dimension, indem es einen wesentlichen Wert des Judo hervorhebt. Es ist also ein interessantes Produkt zum Spielen, zum Verschenken und um den Geist dieser Disziplin an die J\u00fcngsten weiterzugeben. <\/p>\n<hr data-start=\"5811\" data-end=\"5814\">\n<h2 data-section-id=\"1sghawa\" data-start=\"5816\" data-end=\"5826\">FAQ<\/h2>\n<h3 data-section-id=\"13pv67r\" data-start=\"5828\" data-end=\"5864\">F\u00fcr wen ist das Judo-Puzzle geeignet?<\/h3>\n<p data-start=\"5865\" data-end=\"6027\">Dieses Puzzle ist f\u00fcr judobegeisterte Kinder, junge Judokas, Vereine und alle, die eine originelle Geschenkidee aus der Welt des Judo suchen, gedacht.<\/p>\n<h3 data-section-id=\"r1m6tz\" data-start=\"6029\" data-end=\"6071\">Wie viele Teile enth\u00e4lt dieses Puzzle?<\/h3>\n<p data-start=\"6072\" data-end=\"6139\">Dieses Puzzle besteht aus <strong data-start=\"6091\" data-end=\"6104\">36 Teilen<\/strong> und ist ideal f\u00fcr Kinder ab 3 Jahren!<\/p>\n<h3 data-section-id=\"1q85bjc\" data-start=\"6141\" data-end=\"6177\">Was ist das Thema dieses Puzzles?<\/h3>\n<p data-start=\"6178\" data-end=\"6249\">Dieses Puzzle stellt <strong data-start=\"6201\" data-end=\"6213\">die Freundschaft<\/strong> in den Vordergrund, einen der gro\u00dfen Werte des Judo.<\/p>\n<h3 data-section-id=\"1msb3dj\" data-start=\"6251\" data-end=\"6317\">Ist dies eine gute Geschenkidee f\u00fcr ein Kind, das Judo betreibt?<\/h3>\n<p data-start=\"6318\" data-end=\"6434\">Ja, es ist eine ausgezeichnete <strong data-start=\"6352\" data-end=\"6374\">Geschenkidee f\u00fcr Judokinder<\/strong>, die sowohl spielerisch als auch originell ist und dem Geist des Judo treu bleibt.<\/p>\n<h3 data-section-id=\"10113qc\" data-start=\"6436\" data-end=\"6495\">Warum ein Puzzle \u00fcber die Werte des Judo?<\/h3>\n<p data-start=\"6496\" data-end=\"6685\">Weil es Kindern die Welt des Judo in ihrem ganzen Reichtum nahe bringt, indem es nicht nur den Sport, sondern auch die damit verbundenen Erziehungsprinzipien in den Vordergrund stellt.<\/p>\n<h3 data-section-id=\"1jb7rtz\" data-start=\"6687\" data-end=\"6732\">Wo finde ich andere \u00e4hnliche Produkte?<\/h3>\n<p data-start=\"6733\" data-end=\"6899\">Weitere Artikel finden Sie in unserer Kategorie <strong data-start=\"6794\" data-end=\"6813\">Judo-Goodies<\/strong> sowie in unserem <strong data-start=\"6830\" data-end=\"6847\">Judo-Album<\/strong>, das \u00e4hnliche Illustrationen enth\u00e4lt.<\/p>\n","protected":false},"excerpt":{"rendered":"<p>Lassen Sie die Kleinen mit unserem 36-teiligen Kinderpuzzle Freundschaft einen der sch\u00f6nsten Werte des Judo entdecken. Ein originelles und spielerisches Fighting Films Puzzle, das f\u00fcr Kinder gedacht ist, die sich f\u00fcr Judo und seine Welt begeistern. <\/p>\n","protected":false},"featured_media":34396,"comment_status":"","ping_status":"closed","template":"","meta":[],"product_brand":[],"product_cat":[340,1145],"product_tag":[],"giftcard-category":[],"class_list":{"0":"post-34401","1":"product","2":"type-product","3":"status-publish","4":"has-post-thumbnail","6":"product_cat-judo-zubehor","7":"product_cat-judo-goodies-kollektion","8":"product_shipping_class-zubehor","10":"first","11":"instock","12":"taxable","13":"shipping-taxable","14":"purchasable","15":"product-type-simple"},"exclude_global_add_ons":[],"addons":[],"_links":{"self":[{"href":"https:\/\/fightingfilms.shop\/de\/wp-json\/wp\/v2\/product\/34401","targetHints":{"allow":["GET"]}}],"collection":[{"href":"https:\/\/fightingfilms.shop\/de\/wp-json\/wp\/v2\/product"}],"about":[{"href":"https:\/\/fightingfilms.shop\/de\/wp-json\/wp\/v2\/types\/product"}],"replies":[{"embeddable":true,"href":"https:\/\/fightingfilms.shop\/de\/wp-json\/wp\/v2\/comments?post=34401"}],"wp:featuredmedia":[{"embeddable":true,"href":"https:\/\/fightingfilms.shop\/de\/wp-json\/wp\/v2\/media\/34396"}],"wp:attachment":[{"href":"https:\/\/fightingfilms.shop\/de\/wp-json\/wp\/v2\/media?parent=34401"}],"wp:term":[{"taxonomy":"product_brand","embeddable":true,"href":"https:\/\/fightingfilms.shop\/de\/wp-json\/wp\/v2\/product_brand?post=34401"},{"taxonomy":"product_cat","embeddable":true,"href":"https:\/\/fightingfilms.shop\/de\/wp-json\/wp\/v2\/product_cat?post=34401"},{"taxonomy":"product_tag","embeddable":true,"href":"https:\/\/fightingfilms.shop\/de\/wp-json\/wp\/v2\/product_tag?post=34401"},{"taxonomy":"giftcard-category","embeddable":true,"href":"https:\/\/fightingfilms.shop\/de\/wp-json\/wp\/v2\/giftcard-category?post=34401"}],"curies":[{"name":"wp","href":"https:\/\/api.w.org\/{rel}","templated":true}]}}