{"id":34578,"date":"2026-04-20T12:53:44","date_gmt":"2026-04-20T10:53:44","guid":{"rendered":"https:\/\/fightingfilms.shop\/produit\/judo-aktivitaetenheft-fuer-kinder\/"},"modified":"2026-04-20T12:53:44","modified_gmt":"2026-04-20T10:53:44","slug":"judo-aktivitaetenheft-fuer-kinder","status":"publish","type":"product","link":"https:\/\/fightingfilms.shop\/de\/produit\/judo-aktivitaetenheft-fuer-kinder\/","title":{"rendered":"Judo-Aktivit\u00e4tenheft f\u00fcr Kinder"},"content":{"rendered":"<p data-start=\"166\" data-end=\"552\">Bieten Sie Ihren Kindern eine neue Art, Judo zu entdecken, mit diesem <strong data-start=\"233\" data-end=\"267\">Judo-Aktivit\u00e4tenheft f\u00fcr Kinder<\/strong> &#8211; <strong data-start=\"271\" data-end=\"283\">48 Seiten mit Ausmalbildern und Spielen<\/strong>, die speziell f\u00fcr den Spa\u00df an ihrem Lieblingssport entwickelt wurden. F\u00fcr Kinder ab <strong data-start=\"360\" data-end=\"369\">6 Jahren<\/strong> bietet dieses Heft eine gro\u00dfe Vielfalt an spielerischen Inhalten, die von der Welt des Judo inspiriert sind: <strong data-start=\"461\" data-end=\"531\">Spiele, R\u00e4tsel, Ausmalbilder, Labyrinthe, Techniken zum Ausmalen, visuelle Entdeckungen<\/strong> und vieles mehr. <\/p>\n<p data-start=\"554\" data-end=\"890\">Es ist das ideale Medium, um junge Judoka auf intelligente und unterhaltsame Weise zu besch\u00e4ftigen, w\u00e4hrend sie in die Welt der Techniken, Werte und der Vorstellungswelt des Judo eintauchen. Ob in den <strong data-start=\"760\" data-end=\"772\">Ferien<\/strong>, zu <strong data-start=\"779\" data-end=\"789\">Hause<\/strong>, im <strong data-start=\"799\" data-end=\"808\">Zug<\/strong>, im <strong data-start=\"813\" data-end=\"824\">Auto<\/strong> oder sogar am <strong data-start=\"838\" data-end=\"847\">Strand<\/strong>, dieses Heft begleitet die Kinder \u00fcberall hin. <\/p>\n<p data-start=\"892\" data-end=\"1080\">Das Judo-Aktivit\u00e4tenheft f\u00fcr Kinder ist f\u00fcr kleine Judo-Fans und f\u00fcr diejenigen, die Judo auf eine andere Art und Weise entdecken wollen, gedacht. Es erm\u00f6glicht spielerisches Lernen und verl\u00e4ngert den Spa\u00df im Dojo auch au\u00dferhalb des Trainings. Mit oder ohne <a href=\"https:\/\/fightingfilms.shop\/de\/kategorie\/judo-kimonos\/\">Judokimono<\/a> k\u00f6nnen die Kinder weiterhin in die Welt des Judos eintauchen! <\/p>\n<h2 data-section-id=\"yawmmx\" data-start=\"1082\" data-end=\"1119\">Warum Kinder das Judo-Aktivit\u00e4tenheft f\u00fcr Kinder lieben werden<\/h2>\n<p data-start=\"1121\" data-end=\"1396\">Dieses <strong data-start=\"1124\" data-end=\"1170\">Judo-Aktivit\u00e4tsbuch f\u00fcr Kinder<\/strong> wurde entwickelt, um Spa\u00df, Kreativit\u00e4t und das Eintauchen in die Welt des Judo miteinander zu verbinden. Jede Seite l\u00e4dt das Kind zum Spielen, Beobachten, Nachdenken und Malen ein, wobei die Themen vom Dojo, den Techniken und der Kultur des Judo inspiriert sind. <\/p>\n<p data-start=\"1398\" data-end=\"1635\">Das Judo-Aktivit\u00e4tenheft f\u00fcr Kinder mit seinen <strong data-start=\"1407\" data-end=\"1439\">48 Seiten voller abwechslungsreicher Aktivit\u00e4ten<\/strong> regt die Neugier an und erm\u00f6glicht es den Kindern, Judo auf andere Weise als im Training zu erleben. Es ist auch eine gro\u00dfartige Idee, um w\u00e4hrend der unterrichtsfreien Zeit eine Verbindung zu ihrem Sport zu halten. <\/p>\n<h2 data-section-id=\"16uyafc\" data-start=\"1637\" data-end=\"1657\">Inhalt des Heftes<\/h2>\n<p data-start=\"1659\" data-end=\"1769\">Im Inneren finden die Kinder eine 100 %ige Judowelt mit verschiedenen altersgerechten Aktivit\u00e4ten:<\/p>\n<ul data-start=\"1771\" data-end=\"1958\">\n<li data-section-id=\"1w29ym9\" data-start=\"1771\" data-end=\"1800\">Ausmalbilder rund um Judo<\/li>\n<li data-section-id=\"cmup34\" data-start=\"1801\" data-end=\"1836\">Pfeilw\u00f6rter und Buchstabenspiele<\/li>\n<li data-section-id=\"1x613ap\" data-start=\"1837\" data-end=\"1868\">Visuelle Spiele und Labyrinthe<\/li>\n<li data-section-id=\"1kf4thi\" data-start=\"1869\" data-end=\"1920\">spielerische Seiten, die von Judotechniken inspiriert sind<\/li>\n<li data-section-id=\"1g7rub9\" data-start=\"1921\" data-end=\"1958\">Fun-Illustrationen und Manga-Universum<\/li>\n<\/ul>\n<p data-start=\"1960\" data-end=\"2081\">Jede Aktivit\u00e4t wurde so konzipiert, dass sie unterhaltsam ist und gleichzeitig die Welt des Judo auf einfache, unterhaltsame und zug\u00e4ngliche Art und Weise in Erinnerung ruft.<\/p>\n<h2 data-section-id=\"jzf6bh\" data-start=\"2083\" data-end=\"2113\">Eigenschaften des Judo-Aktivit\u00e4tenhefts f\u00fcr Kinder<\/h2>\n<ul data-start=\"2115\" data-end=\"2463\">\n<li data-section-id=\"19c8zna\" data-start=\"2115\" data-end=\"2163\"><strong data-start=\"2117\" data-end=\"2130\">Produkt:<\/strong> Judo-Aktivit\u00e4tenheft f\u00fcr Kinder<\/li>\n<li data-section-id=\"1ve3ls6\" data-start=\"2164\" data-end=\"2198\"><strong data-start=\"2166\" data-end=\"2187\">Anzahl der Seiten:<\/strong> 48 Seiten<\/li>\n<li data-section-id=\"1dt4ayp\" data-start=\"2199\" data-end=\"2240\"><strong data-start=\"2201\" data-end=\"2220\">Altersempfehlung:<\/strong> ab 6 Jahren<\/li>\n<li data-section-id=\"lsgyka\" data-start=\"2241\" data-end=\"2261\"><strong data-start=\"2243\" data-end=\"2254\">Thema:<\/strong> Judo<\/li>\n<li data-section-id=\"kjto3r\" data-start=\"2262\" data-end=\"2331\"><strong data-start=\"2264\" data-end=\"2277\">Inhalt:<\/strong> Spiele, R\u00e4tsel, Ausmalbilder und verschiedene Aktivit\u00e4ten<\/li>\n<li data-section-id=\"3awcih\" data-start=\"2332\" data-end=\"2404\"><strong data-start=\"2334\" data-end=\"2351\">Nutzung:<\/strong> Zuhause, Urlaub, Reisen, Strand, ruhige Zeit<\/li>\n<li data-section-id=\"x38okh\" data-start=\"2405\" data-end=\"2463\"><strong data-start=\"2407\" data-end=\"2419\">Zielgruppe:<\/strong> Kinder, junge Judokas, Judobegeisterte<\/li>\n<\/ul>\n<h2 data-section-id=\"nkmsqk\" data-start=\"2465\" data-end=\"2517\">Eine originelle Geschenkidee f\u00fcr junge Judoka<\/h2>\n<p data-start=\"2519\" data-end=\"2770\">Sie suchen ein n\u00fctzliches, originelles und erschwingliches Geschenk f\u00fcr ein Kind, das Judo betreibt? Dieses<strong data-start=\"2613\" data-end=\"2646\"> Judo-Aktivit\u00e4tenheft<\/strong> f\u00fcr<strong data-start=\"2613\" data-end=\"2646\"> Kinder<\/strong> ist eine ausgezeichnete Idee f\u00fcr einen Geburtstag, eine Belohnung, einen Lehrgang, einen Saisonabschluss oder einfach, um Freude zu bereiten. <\/p>\n<p data-start=\"2772\" data-end=\"2949\">Es eignet sich auch hervorragend f\u00fcr Judoclubs, die ihren Mitgliedern ein spielerisches Produkt anbieten m\u00f6chten oder bei Veranstaltungen, Kursen oder Animationen eine nette Unterst\u00fctzung bieten wollen.<\/p>\n<h2 data-section-id=\"1wp7lj1\" data-start=\"2951\" data-end=\"2971\">Judo einmal anders<\/h2>\n<p data-start=\"2973\" data-end=\"3297\">Dieses Heft erm\u00f6glicht es den Kindern, <strong data-start=\"3005\" data-end=\"3061\">Judo auf eine andere Art und Weise zu entdecken oder wiederzuentdecken<\/strong>. Au\u00dferhalb der Tatami k\u00f6nnen sie diese Welt durch lustige, visuelle und kreative Aktivit\u00e4ten weiter erforschen. Es ist eine sch\u00f6ne Art, die Judoerfahrung zu verl\u00e4ngern und dabei Spa\u00df zu haben &#8211; allein, mit der Familie oder mit Freunden.  <\/p>\n<h2 data-section-id=\"62vota\" data-start=\"3299\" data-end=\"3348\">Ideal f\u00fcr den Urlaub, zu Hause oder am Strand<\/h2>\n<p data-start=\"3350\" data-end=\"3624\">Dieses leicht mitzunehmende Aktivit\u00e4tsheft ist ideal, um Kinder w\u00e4hrend der Ferien, am Wochenende, auf Reisen oder an Nachmittagen zu Hause zu besch\u00e4ftigen. Es passt in jede Tasche und wird schnell zu einem praktischen Spielgef\u00e4hrten f\u00fcr alle kleinen Judofans. <\/p>\n<p data-start=\"3645\" data-end=\"3940\">Das <strong data-start=\"3648\" data-end=\"3682\">Judo-Aktivit\u00e4tenheft f\u00fcr Kinder<\/strong> ist ein <strong data-start=\"3709\" data-end=\"3721\">48-seitiges<\/strong>, spielerisches Medium f\u00fcr Kinder ab <strong data-start=\"3743\" data-end=\"3752\">6 Jahren<\/strong> mit <strong data-start=\"3763\" data-end=\"3825\">Spielen, Ausmalbildern, R\u00e4tseln und Aktivit\u00e4ten rund um das Judo<\/strong>. Eine sch\u00f6ne Idee, um mit der Welt des Judo zu lernen, zu spielen und Spa\u00df zu haben, sowohl zu Hause als auch im Urlaub. <\/p>\n<h3 data-section-id=\"alszrx\" data-start=\"4236\" data-end=\"4256\">Auf der Suche nach Neujahrsgeschenken, Goodies, Lehrmitteln?<\/h3>\n<div class=\"flex flex-col text-sm pb-25\">\n<section class=\"text-token-text-primary w-full focus:outline-none [--shadow-height:45px] has-data-writing-block:pointer-events-none has-data-writing-block:-mt-(--shadow-height) has-data-writing-block:pt-(--shadow-height) [&amp;:has([data-writing-block])&gt;*]:pointer-events-auto scroll-mt-[calc(var(--header-height)+min(200px,max(70px,20svh)))]\" dir=\"auto\" data-turn-id=\"request-WEB:78e4f35d-679f-410b-bd3c-f20e7605c1a6-7\" data-testid=\"conversation-turn-16\" data-scroll-anchor=\"true\" data-turn=\"assistant\">\n<div class=\"text-base my-auto mx-auto pb-10 [--thread-content-margin:var(--thread-content-margin-xs,calc(var(--spacing)*4))] @w-sm\/main:[--thread-content-margin:var(--thread-content-margin-sm,calc(var(--spacing)*6))] @w-lg\/main:[--thread-content-margin:var(--thread-content-margin-lg,calc(var(--spacing)*16))] px-(--thread-content-margin)\">\n<div class=\"[--thread-content-max-width:40rem] @w-lg\/main:[--thread-content-max-width:48rem] mx-auto max-w-(--thread-content-max-width) flex-1 group\/turn-messages focus-visible:outline-hidden relative flex w-full min-w-0 flex-col agent-turn\">\n<div class=\"flex max-w-full flex-col gap-4 grow\">\n<div class=\"min-h-8 text-message relative flex w-full flex-col items-end gap-2 text-start break-words whitespace-normal outline-none keyboard-focused:focus-ring [.text-message+&amp;]:mt-1\" dir=\"auto\" tabindex=\"0\" data-message-author-role=\"assistant\" data-message-id=\"98385ffa-873f-4d31-bd3a-9b302a32d1f0\" data-message-model-slug=\"gpt-5-4-thinking\" data-turn-start-message=\"true\">\n<div class=\"flex w-full flex-col gap-1 empty:hidden\">\n<div class=\"markdown prose dark:prose-invert w-full wrap-break-word dark markdown-new-styling\">\n<div class=\"flex flex-col text-sm pb-25\">\n<section class=\"text-token-text-primary w-full focus:outline-none [--shadow-height:45px] has-data-writing-block:pointer-events-none has-data-writing-block:-mt-(--shadow-height) has-data-writing-block:pt-(--shadow-height) [&amp;:has([data-writing-block])&gt;*]:pointer-events-auto scroll-mt-[calc(var(--header-height)+min(200px,max(70px,20svh)))]\" dir=\"auto\" data-turn-id=\"request-WEB:78e4f35d-679f-410b-bd3c-f20e7605c1a6-8\" data-testid=\"conversation-turn-18\" data-scroll-anchor=\"true\" data-turn=\"assistant\">\n<div class=\"text-base my-auto mx-auto pb-10 [--thread-content-margin:var(--thread-content-margin-xs,calc(var(--spacing)*4))] @w-sm\/main:[--thread-content-margin:var(--thread-content-margin-sm,calc(var(--spacing)*6))] @w-lg\/main:[--thread-content-margin:var(--thread-content-margin-lg,calc(var(--spacing)*16))] px-(--thread-content-margin)\">\n<div class=\"[--thread-content-max-width:40rem] @w-lg\/main:[--thread-content-max-width:48rem] mx-auto max-w-(--thread-content-max-width) flex-1 group\/turn-messages focus-visible:outline-hidden relative flex w-full min-w-0 flex-col agent-turn\">\n<div class=\"flex max-w-full flex-col gap-4 grow\">\n<div class=\"min-h-8 text-message relative flex w-full flex-col items-end gap-2 text-start break-words whitespace-normal outline-none keyboard-focused:focus-ring [.text-message+&amp;]:mt-1\" dir=\"auto\" tabindex=\"0\" data-message-author-role=\"assistant\" data-message-id=\"de36002f-8d89-461d-8c6f-4e1922d686ab\" data-message-model-slug=\"gpt-5-4-thinking\" data-turn-start-message=\"true\">\n<div class=\"flex w-full flex-col gap-1 empty:hidden\">\n<div class=\"markdown prose dark:prose-invert w-full wrap-break-word dark markdown-new-styling\">\n<p data-start=\"0\" data-end=\"433\" data-is-last-node=\"\" data-is-only-node=\"\">Suchen Sie auch nach anderen Ideen f\u00fcr <strong data-start=\"38\" data-end=\"63\">Kinderprodukte<\/strong>, <strong data-start=\"68\" data-end=\"87\">Vereinsgeschenke<\/strong>, <strong data-start=\"92\" data-end=\"120\">Goodies zum Saisonende<\/strong> oder kleine Aufmerksamkeiten rund um Judo? Schauen Sie sich auch unser <a href=\"https:\/\/fightingfilms.shop\/produit\/mon-album-judo\/\"><strong data-start=\"189\" data-end=\"203\">Judo-Album<\/strong><\/a> sowie unsere Judo-Kollektion. <a href=\"https:\/\/fightingfilms.shop\/de\/produit\/kinder-judo-puzzle-jigoro-kano-36-teile\/\"><strong data-start=\"218\" data-end=\"234\">Judo-Puzzles<\/strong><\/a>Die Judo-Puzzles sind ideal, um die Welt der Tatami auf spielerische und originelle Weise weiterzuf\u00fchren. Ideale Ideen, um jungen Judokas eine Freude zu machen, als Belohnung, als Geschenk oder bei Clubveranstaltungen.  <\/p>\n<\/div>\n<\/div>\n<\/div>\n<\/div>\n<div class=\"z-0 flex min-h-[46px] justify-start\"><\/div>\n<div class=\"mt-3 w-full empty:hidden\">\n<div class=\"text-center\"><\/div>\n<\/div>\n<\/div>\n<\/div>\n<\/section>\n<\/div>\n<div class=\"pointer-events-none h-px w-px absolute bottom-0\" aria-hidden=\"true\" data-edge=\"true\"><\/div>\n<\/div>\n<\/div>\n<\/div>\n<\/div>\n<div class=\"z-0 flex min-h-[46px] justify-start\"><\/div>\n<div class=\"mt-3 w-full empty:hidden\">\n<div class=\"text-center\"><\/div>\n<\/div>\n<\/div>\n<\/div>\n<\/section>\n<\/div>\n<div class=\"pointer-events-none h-px w-px absolute bottom-0\" aria-hidden=\"true\" data-edge=\"true\"><\/div>\n","protected":false},"excerpt":{"rendered":"<div class=\"flex flex-col text-sm pb-25\">\n<section class=\"text-token-text-primary w-full focus:outline-none [--shadow-height:45px] has-data-writing-block:pointer-events-none has-data-writing-block:-mt-(--shadow-height) has-data-writing-block:pt-(--shadow-height) [&amp;:has([data-writing-block])&gt;*]:pointer-events-auto scroll-mt-[calc(var(--header-height)+min(200px,max(70px,20svh)))]\" dir=\"auto\" data-turn-id=\"request-WEB:78e4f35d-679f-410b-bd3c-f20e7605c1a6-7\" data-testid=\"conversation-turn-16\" data-scroll-anchor=\"true\" data-turn=\"assistant\">\n<div class=\"text-base my-auto mx-auto pb-10 [--thread-content-margin:var(--thread-content-margin-xs,calc(var(--spacing)*4))] @w-sm\/main:[--thread-content-margin:var(--thread-content-margin-sm,calc(var(--spacing)*6))] @w-lg\/main:[--thread-content-margin:var(--thread-content-margin-lg,calc(var(--spacing)*16))] px-(--thread-content-margin)\">\n<div class=\"[--thread-content-max-width:40rem] @w-lg\/main:[--thread-content-max-width:48rem] mx-auto max-w-(--thread-content-max-width) flex-1 group\/turn-messages focus-visible:outline-hidden relative flex w-full min-w-0 flex-col agent-turn\">\n<div class=\"flex max-w-full flex-col gap-4 grow\">\n<div class=\"min-h-8 text-message relative flex w-full flex-col items-end gap-2 text-start break-words whitespace-normal outline-none keyboard-focused:focus-ring [.text-message+&amp;]:mt-1\" dir=\"auto\" tabindex=\"0\" data-message-author-role=\"assistant\" data-message-id=\"98385ffa-873f-4d31-bd3a-9b302a32d1f0\" data-message-model-slug=\"gpt-5-4-thinking\" data-turn-start-message=\"true\">\n<div class=\"flex w-full flex-col gap-1 empty:hidden\">\n<div class=\"markdown prose dark:prose-invert w-full wrap-break-word dark markdown-new-styling\">\n<p data-start=\"0\" data-end=\"586\" data-is-last-node=\"\" data-is-only-node=\"\">Das <strong data-start=\"3\" data-end=\"37\">Judo-Aktivit\u00e4tenheft<\/strong> f\u00fcr Kinder ist ein spielerisches Heft mit <strong data-start=\"63\" data-end=\"75\">48 Seiten<\/strong>, das f\u00fcr Kinder ab <strong data-start=\"112\" data-end=\"121\">6 Jahren<\/strong> konzipiert wurde.<\/p>\n<p data-start=\"0\" data-end=\"586\" data-is-last-node=\"\" data-is-only-node=\"\"><br data-start=\"122\" data-end=\"125\">Es bietet eine Vielzahl von <strong data-start=\"151\" data-end=\"198\">Spielen, R\u00e4tseln, Ausmalbildern und Aktivit\u00e4ten<\/strong> rund um die Welt des Judo, perfekt um <strong data-start=\"243\" data-end=\"289\">Judo auf eine andere Art und Weise zu entdecken oder wiederzuentdecken<\/strong> und dabei Spa\u00df zu haben.<\/p>\n<p data-start=\"0\" data-end=\"586\" data-is-last-node=\"\" data-is-only-node=\"\"><br data-start=\"309\" data-end=\"312\">Die Kinder k\u00f6nnen ihre Leidenschaft f\u00fcr das Dojo auch zu Hause, im Urlaub oder auf Reisen fortsetzen. Es ist ein ideales Medium, um <strong data-start=\"443\" data-end=\"478\">Spiel, Kreativit\u00e4t und die Welt des Judo<\/strong> zu verbinden.<\/p>\n<p data-start=\"0\" data-end=\"586\" data-is-last-node=\"\" data-is-only-node=\"\"><br data-start=\"479\" data-end=\"482\">Er ist praktisch zum Mitnehmen und ein guter Begleiter in ruhigen Zeiten, im Urlaub oder an Strandtagen.<\/p>\n<\/div>\n<\/div>\n<\/div>\n<\/div>\n<div class=\"z-0 flex min-h-[46px] justify-start\"><\/div>\n<div class=\"mt-3 w-full empty:hidden\">\n<div class=\"text-center\"><\/div>\n<\/div>\n<\/div>\n<\/div>\n<\/section>\n<\/div>\n<div class=\"pointer-events-none h-px w-px absolute bottom-0\" aria-hidden=\"true\" data-edge=\"true\"><\/div>\n<h3 data-section-id=\"t7smuz\" data-start=\"4152\" data-end=\"4166\"><\/h3>\n","protected":false},"featured_media":34574,"comment_status":"","ping_status":"closed","template":"","meta":[],"product_brand":[],"product_cat":[340,1156,1145],"product_tag":[],"giftcard-category":[],"class_list":{"0":"post-34578","1":"product","2":"type-product","3":"status-publish","4":"has-post-thumbnail","6":"product_cat-judo-zubehor","7":"product_cat-bucher-judo-und-kampfkunst","8":"product_cat-judo-goodies-kollektion","9":"product_shipping_class-zubehor","11":"first","12":"instock","13":"taxable","14":"shipping-taxable","15":"purchasable","16":"product-type-simple"},"exclude_global_add_ons":[],"addons":[],"_links":{"self":[{"href":"https:\/\/fightingfilms.shop\/de\/wp-json\/wp\/v2\/product\/34578","targetHints":{"allow":["GET"]}}],"collection":[{"href":"https:\/\/fightingfilms.shop\/de\/wp-json\/wp\/v2\/product"}],"about":[{"href":"https:\/\/fightingfilms.shop\/de\/wp-json\/wp\/v2\/types\/product"}],"replies":[{"embeddable":true,"href":"https:\/\/fightingfilms.shop\/de\/wp-json\/wp\/v2\/comments?post=34578"}],"wp:featuredmedia":[{"embeddable":true,"href":"https:\/\/fightingfilms.shop\/de\/wp-json\/wp\/v2\/media\/34574"}],"wp:attachment":[{"href":"https:\/\/fightingfilms.shop\/de\/wp-json\/wp\/v2\/media?parent=34578"}],"wp:term":[{"taxonomy":"product_brand","embeddable":true,"href":"https:\/\/fightingfilms.shop\/de\/wp-json\/wp\/v2\/product_brand?post=34578"},{"taxonomy":"product_cat","embeddable":true,"href":"https:\/\/fightingfilms.shop\/de\/wp-json\/wp\/v2\/product_cat?post=34578"},{"taxonomy":"product_tag","embeddable":true,"href":"https:\/\/fightingfilms.shop\/de\/wp-json\/wp\/v2\/product_tag?post=34578"},{"taxonomy":"giftcard-category","embeddable":true,"href":"https:\/\/fightingfilms.shop\/de\/wp-json\/wp\/v2\/giftcard-category?post=34578"}],"curies":[{"name":"wp","href":"https:\/\/api.w.org\/{rel}","templated":true}]}}