{"id":34684,"date":"2025-02-21T11:21:52","date_gmt":"2025-02-21T10:21:52","guid":{"rendered":"https:\/\/fightingfilms.shop\/produit\/mein-judoalbum\/"},"modified":"2025-02-21T11:21:52","modified_gmt":"2025-02-21T10:21:52","slug":"mein-judoalbum","status":"publish","type":"product","link":"https:\/\/fightingfilms.shop\/de\/produit\/mein-judoalbum\/","title":{"rendered":"Mein Judoalbum"},"content":{"rendered":"<p>Entdecken Sie <strong>mein Judoalbum<\/strong>, ein Muss f\u00fcr alle jungen Judokas! Mein Judoalbum ist spielerisch, leicht verst\u00e4ndlich und lehrreich und wird Ihr Kind bei seiner Entdeckung des Judo begleiten! <\/p>\n<p>Jede Seite ist sorgf\u00e4ltig illustriert, um Sie in das Judo einzuf\u00fchren, seine <strong>Geschichte<\/strong>, sein <strong>Vokabular<\/strong> und seine <strong>Techniken<\/strong> sind in meinem Judo-Album dargestellt. Vom gelben bis zum blauen G\u00fcrtel, entdecken Sie die wichtigsten Techniken des Judo! <\/p>\n<p>Sammeln Sie die 5 holographischen Karten aus dem Album, die <a href=\"https:\/\/www.fightingfilms.shop\/histoire-du-judo\/\">die Geschichte des Judo<\/a> darstellen: Jigoro Kano, Meister Kawashi, Geschmeidigkeit, Weg und Samurai.<\/p>\n<p>Haben Sie Schwierigkeiten, sich die Namen der einzelnen Techniken zu merken? Mit meinem Judoalbum werden sie kein Geheimnis mehr f\u00fcr Sie sein! <\/p>\n<p>Entdecken Sie die Techniken nach Stil: Schulterbewegungen, H\u00fcftbewegungen &#8230;<\/p>\n<p>Nutzen Sie es, um Ihren Fortschritt auf dem Weg zum schwarzen G\u00fcrtel zu verfolgen! Markieren Sie die kleinen Sterne am oberen Rand der Felder, wenn die Technik von Ihrem Sensei best\u00e4tigt wurde. <\/p>\n<p data-start=\"732\" data-end=\"1042\"><strong>Sammeln Sie <a href=\"https:\/\/www.fightingfilms.shop\/produit\/stickers-mon-album-judo\/\">Sticker <\/a><\/strong>, indem Sie einzelne Pakete kaufen, oder denken Sie gr\u00f6\u00dfer und f\u00fcllen Sie Ihr Album, indem Sie eine Box mit 50 Paketen kaufen! <strong>Tauschen Sie Ihre Duplikate<\/strong> mit Ihren Freunden, vervollst\u00e4ndigen Sie Ihr Album und lernen Sie alles \u00fcber diesen Kampfsport, der Technik, Kraft und Respekt vereint.<\/p>\n<p data-start=\"732\" data-end=\"1042\">W\u00e4hlen Sie entweder das Album allein oder das Starterpaket, das das Album + 3 Packungen mit 8 Stickern (davon 1 holographisch) enth\u00e4lt!<\/p>\n<p data-start=\"1044\" data-end=\"1184\" data-is-last-node=\"\" data-is-only-node=\"\">Sind Sie bereit f\u00fcr die Herausforderung? Beginnen Sie Ihre Sammlung jetzt und tauchen Sie ein in die spannende Geschichte des Judo, eine Vignette nach der anderen! <\/p>\n<h2><em>Merkmale meines Albums Judo:<\/em><\/h2>\n<ul>\n<li>24 Seiten \ud83d\udcd6.<\/li>\n<li>64 Sticker zum Sammeln, darunter 5 holographische Sticker! \ud83d\uddbc\ufe0f <\/li>\n<li>Eine kurze Geschichte des Judo \ud83e\udd4b.<\/li>\n<li>Ein Glossar der wichtigsten Begriffe, die Sie kennen sollten \ud83d\udcc4.<\/li>\n<li>Techniken vom gelben bis zum blauen G\u00fcrtel! \ud83d\udcaa\ud83c\udffc <\/li>\n<\/ul>\n<p>&nbsp;<\/p>\n<h2>Sind Sie f\u00fcr einen Verein zust\u00e4ndig?<\/h2>\n<p>Profitieren Sie von exklusiven Sonderpreisen f\u00fcr Clubs! Kontaktieren Sie uns per E-Mail an contact@fightingfilms.fr, um von Sonderpreisen f\u00fcr Alben, Aufkleber und Sonderpaketen f\u00fcr alle Ihre Mitglieder zu profitieren! <\/p>\n<p>Suchen Sie Judoausr\u00fcstung f\u00fcr Ihre Mitglieder? Kontaktieren Sie uns, um Rabatte auf <a href=\"https:\/\/www.fightingfilms.shop\/categorie\/kimonos\/kimonos-de-judo\/?srsltid=AfmBOoop8KuPRoEFeJGgGIguF5wnfjwY4LsWAulnQvPFOITtEQcFhpui\">Judo-Kimonos<\/a>, G\u00fcrtel und Zubeh\u00f6r zu erhalten. <\/p>\n<div id=\"kurato_extension_modal\"><\/div>\n<div id=\"kurato_extension_modal\"><\/div>\n<div id=\"kurato_extension_modal\"><\/div>\n<div id=\"kurato_extension_modal\"><\/div>\n<div id=\"kurato_extension_modal\"><\/div>\n<div id=\"kurato_extension_modal\"><\/div>\n<div id=\"kurato_extension_modal\"><\/div>\n<div id=\"kurato_extension_modal\"><\/div>\n<div id=\"kurato_extension_modal\"><\/div>\n<div id=\"kurato_extension_modal\"><\/div>\n<div id=\"kurato_extension_modal\"><\/div>\n<div id=\"kurato_extension_modal\"><\/div>\n<div id=\"kurato_extension_modal\"><\/div>\n<div id=\"kurato_extension_modal\"><\/div>\n<div id=\"kurato_extension_modal\"><\/div>\n<div id=\"kurato_extension_modal\"><\/div>\n<div id=\"kurato_extension_modal\"><\/div>\n<div id=\"kurato_extension_modal\"><\/div>\n<div id=\"kurato_extension_modal\"><\/div>\n<div id=\"kurato_extension_modal\"><\/div>\n<div id=\"kurato_extension_modal\"><\/div>\n","protected":false},"excerpt":{"rendered":"<div id=\"kurato_extension_modal\">Tauchen Sie mit meinem Judo-Album von klein auf in die Welt des Judo ein! Sammeln und kleben Sie exklusive Sticker mit den Techniken, die Sie f\u00fcr jeden G\u00fcrtel lernen m\u00fcssen, vom wei\u00dfen bis zum blauen G\u00fcrtel. <\/div>\n<div>Vervollst\u00e4ndigen Sie Ihr Album, indem Sie Sticker kaufen oder mit Ihren Freunden tauschen, und erleben Sie die Geschichte des Judo in einzigartigen Bildern.<\/div>\n<div>W\u00e4hlen Sie entweder <strong>das Album allein<\/strong> oder das <strong>Starterpaket<\/strong>, das das Album + 3 <strong>Stickerpackungen<\/strong> (8 Sticker pro Packung) enth\u00e4lt!<\/div>\n<h3><\/h3>\n<div id=\"kurato_extension_modal\"><\/div>\n<div id=\"kurato_extension_modal\"><\/div>\n<div id=\"kurato_extension_modal\"><\/div>\n<div id=\"kurato_extension_modal\"><\/div>\n<div id=\"kurato_extension_modal\"><\/div>\n<div id=\"kurato_extension_modal\"><\/div>\n<div id=\"kurato_extension_modal\"><\/div>\n<div id=\"kurato_extension_modal\"><\/div>\n<div id=\"kurato_extension_modal\"><\/div>\n<div id=\"kurato_extension_modal\"><\/div>\n<div id=\"kurato_extension_modal\"><\/div>\n<div id=\"kurato_extension_modal\"><\/div>\n<div id=\"kurato_extension_modal\"><\/div>\n<div id=\"kurato_extension_modal\"><\/div>\n<div id=\"kurato_extension_modal\"><\/div>\n<div id=\"kurato_extension_modal\"><\/div>\n<div id=\"kurato_extension_modal\"><\/div>\n<div id=\"kurato_extension_modal\"><\/div>\n<div id=\"kurato_extension_modal\"><\/div>\n","protected":false},"featured_media":27567,"comment_status":"","ping_status":"closed","template":"","meta":[],"product_brand":[],"product_cat":[1156],"product_tag":[],"giftcard-category":[],"class_list":{"0":"post-34684","1":"product","2":"type-product","3":"status-publish","4":"has-post-thumbnail","6":"product_cat-bucher-judo-und-kampfkunst","7":"product_shipping_class-zubehor","9":"first","10":"instock","11":"taxable","12":"shipping-taxable","13":"purchasable","14":"product-type-variable"},"exclude_global_add_ons":[],"addons":[],"_links":{"self":[{"href":"https:\/\/fightingfilms.shop\/de\/wp-json\/wp\/v2\/product\/34684","targetHints":{"allow":["GET"]}}],"collection":[{"href":"https:\/\/fightingfilms.shop\/de\/wp-json\/wp\/v2\/product"}],"about":[{"href":"https:\/\/fightingfilms.shop\/de\/wp-json\/wp\/v2\/types\/product"}],"replies":[{"embeddable":true,"href":"https:\/\/fightingfilms.shop\/de\/wp-json\/wp\/v2\/comments?post=34684"}],"wp:featuredmedia":[{"embeddable":true,"href":"https:\/\/fightingfilms.shop\/de\/wp-json\/wp\/v2\/media\/27567"}],"wp:attachment":[{"href":"https:\/\/fightingfilms.shop\/de\/wp-json\/wp\/v2\/media?parent=34684"}],"wp:term":[{"taxonomy":"product_brand","embeddable":true,"href":"https:\/\/fightingfilms.shop\/de\/wp-json\/wp\/v2\/product_brand?post=34684"},{"taxonomy":"product_cat","embeddable":true,"href":"https:\/\/fightingfilms.shop\/de\/wp-json\/wp\/v2\/product_cat?post=34684"},{"taxonomy":"product_tag","embeddable":true,"href":"https:\/\/fightingfilms.shop\/de\/wp-json\/wp\/v2\/product_tag?post=34684"},{"taxonomy":"giftcard-category","embeddable":true,"href":"https:\/\/fightingfilms.shop\/de\/wp-json\/wp\/v2\/giftcard-category?post=34684"}],"curies":[{"name":"wp","href":"https:\/\/api.w.org\/{rel}","templated":true}]}}