{"id":7194,"date":"2021-06-10T18:53:18","date_gmt":"2021-06-10T16:53:18","guid":{"rendered":"https:\/\/www.fightingfilms.shop\/?post_type=product&#038;p=7194"},"modified":"2026-04-09T18:04:54","modified_gmt":"2026-04-09T16:04:54","slug":"uchi-komi-training-rope-for-judo","status":"publish","type":"product","link":"https:\/\/fightingfilms.shop\/en\/product\/uchi-komi-training-rope-for-judo\/","title":{"rendered":"Corde d\u2019entrainement Uchi-Komi sp\u00e9cial judo"},"content":{"rendered":"<p dir=\"ltr\" data-placeholder=\"Traduction\">Fighting Films lance ses cordes \u00e0 Uchi-Komi ! R\u00e9sistantes et parfaites pour l\u2019entra\u00eenement !<\/p>\n<div>\n<p id=\"tw-target-text\" class=\"tw-data-text tw-ta tw-text-small\" dir=\"ltr\" data-placeholder=\"Traduction\"><span lang=\"fr\">Uchi-Komi ropes are made from<strong> 100% cotton<\/strong>. The aim is to give the athlete the feeling of a real opponent. It helps not only <strong>beginners<\/strong> but also the more <strong>experienced<\/strong>, improving coordination, rhythm, endurance, balance, speed, muscle memory and judo basics.<\/span><\/p>\n<\/div>\n<p><strong>L\u2019Uchi-Komi<\/strong> consiste \u00e0 r\u00e9aliser les <strong>deux premi\u00e8res phases de la technique<\/strong> (d\u00e9s\u00e9quilibre et placement) sans ex\u00e9cuter la projection.C\u2019est un travail en s\u00e9rie qui permet d\u2019am\u00e9liorer la technique et la vitesse d\u2019ex\u00e9cution.<\/p>\n<p>Le fait que les cordes soient de force 1 les rend parfaites pour des judokas de tout niveau.<\/p>\n<p><strong>Caract\u00e9ristiques :<\/strong><\/p>\n<ul>\n<li>100% cotton<\/li>\n<li>Real kimono sleeves<\/li>\n<li>Available in white, black and blue<\/li>\n<li>Fighting Films logo embroidered on sleeves<\/li>\n<li>Club price available for 10+ strings<\/li>\n<li>Protection in the middle for greater durability<\/li>\n<\/ul>\n<p>&nbsp;<\/p>\n<div id=\"kurato_extension_modal\"><\/div>\n","protected":false},"excerpt":{"rendered":"<p>Fighting Films lance ses cordes \u00e0 Uchi-Komi, r\u00e9sistantes et parfaites pour l\u2019entra\u00eenement !<\/p>\n<p>The aim is to give the athlete the feeling of a real adversary. It helps not only <strong>beginners<\/strong> but also the more <strong>experienced<\/strong>, improving coordination, rhythm, endurance, balance, speed, muscle memory and judo basics.<\/p>\n<p><strong>L\u2019Uchi-Komi<\/strong> consiste \u00e0 r\u00e9aliser les <strong>deux premi\u00e8res phases de la technique<\/strong> (d\u00e9s\u00e9quilibre et placement) sans ex\u00e9cuter la projection.C\u2019est un travail en s\u00e9rie qui permet d\u2019am\u00e9liorer la technique et la vitesse d\u2019ex\u00e9cution.<\/p>\n<div id=\"kurato_extension_modal\"><\/div>\n","protected":false},"featured_media":10461,"comment_status":"open","ping_status":"closed","template":"","meta":[],"product_brand":[],"product_cat":[320],"product_tag":[],"giftcard-category":[],"class_list":{"0":"post-7194","1":"product","2":"type-product","3":"status-publish","4":"has-post-thumbnail","6":"product_cat-judo-accessories","8":"first","9":"instock","10":"taxable","11":"shipping-taxable","12":"purchasable","13":"product-type-variable"},"exclude_global_add_ons":[],"addons":[],"_links":{"self":[{"href":"https:\/\/fightingfilms.shop\/en\/wp-json\/wp\/v2\/product\/7194","targetHints":{"allow":["GET"]}}],"collection":[{"href":"https:\/\/fightingfilms.shop\/en\/wp-json\/wp\/v2\/product"}],"about":[{"href":"https:\/\/fightingfilms.shop\/en\/wp-json\/wp\/v2\/types\/product"}],"replies":[{"embeddable":true,"href":"https:\/\/fightingfilms.shop\/en\/wp-json\/wp\/v2\/comments?post=7194"}],"wp:featuredmedia":[{"embeddable":true,"href":"https:\/\/fightingfilms.shop\/en\/wp-json\/wp\/v2\/media\/10461"}],"wp:attachment":[{"href":"https:\/\/fightingfilms.shop\/en\/wp-json\/wp\/v2\/media?parent=7194"}],"wp:term":[{"taxonomy":"product_brand","embeddable":true,"href":"https:\/\/fightingfilms.shop\/en\/wp-json\/wp\/v2\/product_brand?post=7194"},{"taxonomy":"product_cat","embeddable":true,"href":"https:\/\/fightingfilms.shop\/en\/wp-json\/wp\/v2\/product_cat?post=7194"},{"taxonomy":"product_tag","embeddable":true,"href":"https:\/\/fightingfilms.shop\/en\/wp-json\/wp\/v2\/product_tag?post=7194"},{"taxonomy":"giftcard-category","embeddable":true,"href":"https:\/\/fightingfilms.shop\/en\/wp-json\/wp\/v2\/giftcard-category?post=7194"}],"curies":[{"name":"wp","href":"https:\/\/api.w.org\/{rel}","templated":true}]}}